{"id":9437,"date":"2018-12-20T15:56:31","date_gmt":"2018-12-20T13:56:31","guid":{"rendered":"https:\/\/amerplast.com\/privacy-statement\/"},"modified":"2022-01-27T11:51:57","modified_gmt":"2022-01-27T09:51:57","slug":"polityka-prywatnosci","status":"publish","type":"page","link":"https:\/\/amerplast.com\/pl\/polityka-prywatnosci\/","title":{"rendered":"Polityka prywatno\u015bci"},"content":{"rendered":"","protected":false},"excerpt":{"rendered":"","protected":false},"author":7,"featured_media":0,"parent":0,"menu_order":0,"comment_status":"closed","ping_status":"closed","template":"","meta":{"_acf_changed":false,"footnotes":""},"class_list":["post-9437","page","type-page","status-publish","hentry"],"acf":[],"yoast_head":"<!-- This site is optimized with the Yoast SEO plugin v27.4 - https:\/\/yoast.com\/product\/yoast-seo-wordpress\/ -->\n<title>Polityka prywatno\u015bci<\/title>\n<meta name=\"description\" content=\"Twoje dane osobowe s\u0105 wa\u017cne. Dlatego przetwarzamy dane osobowe w spos\u00f3b ostro\u017cny i rozs\u0105dny.\" \/>\n<meta name=\"robots\" content=\"index, follow, max-snippet:-1, max-image-preview:large, max-video-preview:-1\" \/>\n<link rel=\"canonical\" href=\"https:\/\/amerplast.com\/pl\/polityka-prywatnosci\/\" \/>\n<meta property=\"og:locale\" content=\"pl_PL\" \/>\n<meta property=\"og:type\" content=\"article\" \/>\n<meta property=\"og:title\" content=\"Polityka prywatno\u015bci\" \/>\n<meta property=\"og:description\" content=\"Twoje dane osobowe s\u0105 wa\u017cne. Dlatego przetwarzamy dane osobowe w spos\u00f3b ostro\u017cny i rozs\u0105dny.\" \/>\n<meta property=\"og:url\" content=\"https:\/\/amerplast.com\/pl\/polityka-prywatnosci\/\" \/>\n<meta property=\"og:site_name\" content=\"Amerplast\" \/>\n<meta property=\"article:modified_time\" content=\"2022-01-27T09:51:57+00:00\" \/>\n<meta name=\"twitter:card\" content=\"summary_large_image\" \/>\n<meta name=\"twitter:site\" content=\"@amerplast\" \/>\n<script type=\"application\/ld+json\" class=\"yoast-schema-graph\">{\"@context\":\"https:\\\/\\\/schema.org\",\"@graph\":[{\"@type\":\"WebPage\",\"@id\":\"https:\\\/\\\/amerplast.com\\\/pl\\\/polityka-prywatnosci\\\/\",\"url\":\"https:\\\/\\\/amerplast.com\\\/pl\\\/polityka-prywatnosci\\\/\",\"name\":\"Polityka prywatno\u015bci\",\"isPartOf\":{\"@id\":\"https:\\\/\\\/amerplast.com\\\/pl\\\/#website\"},\"datePublished\":\"2018-12-20T13:56:31+00:00\",\"dateModified\":\"2022-01-27T09:51:57+00:00\",\"description\":\"Twoje dane osobowe s\u0105 wa\u017cne. Dlatego przetwarzamy dane osobowe w spos\u00f3b ostro\u017cny i rozs\u0105dny.\",\"breadcrumb\":{\"@id\":\"https:\\\/\\\/amerplast.com\\\/pl\\\/polityka-prywatnosci\\\/#breadcrumb\"},\"inLanguage\":\"pl-PL\",\"potentialAction\":[{\"@type\":\"ReadAction\",\"target\":[\"https:\\\/\\\/amerplast.com\\\/pl\\\/polityka-prywatnosci\\\/\"]}]},{\"@type\":\"BreadcrumbList\",\"@id\":\"https:\\\/\\\/amerplast.com\\\/pl\\\/polityka-prywatnosci\\\/#breadcrumb\",\"itemListElement\":[{\"@type\":\"ListItem\",\"position\":1,\"name\":\"Home\",\"item\":\"https:\\\/\\\/amerplast.com\\\/pl\\\/\"},{\"@type\":\"ListItem\",\"position\":2,\"name\":\"Polityka prywatno\u015bci\"}]},{\"@type\":\"WebSite\",\"@id\":\"https:\\\/\\\/amerplast.com\\\/pl\\\/#website\",\"url\":\"https:\\\/\\\/amerplast.com\\\/pl\\\/\",\"name\":\"Amerplast\",\"description\":\"\",\"potentialAction\":[{\"@type\":\"SearchAction\",\"target\":{\"@type\":\"EntryPoint\",\"urlTemplate\":\"https:\\\/\\\/amerplast.com\\\/pl\\\/?s={search_term_string}\"},\"query-input\":{\"@type\":\"PropertyValueSpecification\",\"valueRequired\":true,\"valueName\":\"search_term_string\"}}],\"inLanguage\":\"pl-PL\"}]}<\/script>\n<!-- \/ Yoast SEO plugin. -->","yoast_head_json":{"title":"Polityka prywatno\u015bci","description":"Twoje dane osobowe s\u0105 wa\u017cne. Dlatego przetwarzamy dane osobowe w spos\u00f3b ostro\u017cny i rozs\u0105dny.","robots":{"index":"index","follow":"follow","max-snippet":"max-snippet:-1","max-image-preview":"max-image-preview:large","max-video-preview":"max-video-preview:-1"},"canonical":"https:\/\/amerplast.com\/pl\/polityka-prywatnosci\/","og_locale":"pl_PL","og_type":"article","og_title":"Polityka prywatno\u015bci","og_description":"Twoje dane osobowe s\u0105 wa\u017cne. Dlatego przetwarzamy dane osobowe w spos\u00f3b ostro\u017cny i rozs\u0105dny.","og_url":"https:\/\/amerplast.com\/pl\/polityka-prywatnosci\/","og_site_name":"Amerplast","article_modified_time":"2022-01-27T09:51:57+00:00","twitter_card":"summary_large_image","twitter_site":"@amerplast","schema":{"@context":"https:\/\/schema.org","@graph":[{"@type":"WebPage","@id":"https:\/\/amerplast.com\/pl\/polityka-prywatnosci\/","url":"https:\/\/amerplast.com\/pl\/polityka-prywatnosci\/","name":"Polityka prywatno\u015bci","isPartOf":{"@id":"https:\/\/amerplast.com\/pl\/#website"},"datePublished":"2018-12-20T13:56:31+00:00","dateModified":"2022-01-27T09:51:57+00:00","description":"Twoje dane osobowe s\u0105 wa\u017cne. Dlatego przetwarzamy dane osobowe w spos\u00f3b ostro\u017cny i rozs\u0105dny.","breadcrumb":{"@id":"https:\/\/amerplast.com\/pl\/polityka-prywatnosci\/#breadcrumb"},"inLanguage":"pl-PL","potentialAction":[{"@type":"ReadAction","target":["https:\/\/amerplast.com\/pl\/polityka-prywatnosci\/"]}]},{"@type":"BreadcrumbList","@id":"https:\/\/amerplast.com\/pl\/polityka-prywatnosci\/#breadcrumb","itemListElement":[{"@type":"ListItem","position":1,"name":"Home","item":"https:\/\/amerplast.com\/pl\/"},{"@type":"ListItem","position":2,"name":"Polityka prywatno\u015bci"}]},{"@type":"WebSite","@id":"https:\/\/amerplast.com\/pl\/#website","url":"https:\/\/amerplast.com\/pl\/","name":"Amerplast","description":"","potentialAction":[{"@type":"SearchAction","target":{"@type":"EntryPoint","urlTemplate":"https:\/\/amerplast.com\/pl\/?s={search_term_string}"},"query-input":{"@type":"PropertyValueSpecification","valueRequired":true,"valueName":"search_term_string"}}],"inLanguage":"pl-PL"}]}},"_links":{"self":[{"href":"https:\/\/amerplast.com\/pl\/wp-json\/wp\/v2\/pages\/9437","targetHints":{"allow":["GET"]}}],"collection":[{"href":"https:\/\/amerplast.com\/pl\/wp-json\/wp\/v2\/pages"}],"about":[{"href":"https:\/\/amerplast.com\/pl\/wp-json\/wp\/v2\/types\/page"}],"author":[{"embeddable":true,"href":"https:\/\/amerplast.com\/pl\/wp-json\/wp\/v2\/users\/7"}],"replies":[{"embeddable":true,"href":"https:\/\/amerplast.com\/pl\/wp-json\/wp\/v2\/comments?post=9437"}],"version-history":[{"count":5,"href":"https:\/\/amerplast.com\/pl\/wp-json\/wp\/v2\/pages\/9437\/revisions"}],"predecessor-version":[{"id":12018,"href":"https:\/\/amerplast.com\/pl\/wp-json\/wp\/v2\/pages\/9437\/revisions\/12018"}],"wp:attachment":[{"href":"https:\/\/amerplast.com\/pl\/wp-json\/wp\/v2\/media?parent=9437"}],"curies":[{"name":"wp","href":"https:\/\/api.w.org\/{rel}","templated":true}]}}