{"id":9379,"date":"2020-04-01T11:56:11","date_gmt":"2020-04-01T08:56:11","guid":{"rendered":"https:\/\/amerplast.com\/coronavirus\/"},"modified":"2020-10-16T13:49:10","modified_gmt":"2020-10-16T10:49:10","slug":"covid-19","status":"publish","type":"page","link":"https:\/\/amerplast.com\/pl\/covid-19\/","title":{"rendered":"Aktualna sytuacja zwi\u0105zana z Covid-19"},"content":{"rendered":"","protected":false},"excerpt":{"rendered":"","protected":false},"author":7,"featured_media":10461,"parent":0,"menu_order":0,"comment_status":"closed","ping_status":"closed","template":"","meta":{"_acf_changed":false,"footnotes":""},"class_list":["post-9379","page","type-page","status-publish","has-post-thumbnail","hentry"],"acf":[],"yoast_head":"<!-- This site is optimized with the Yoast SEO plugin v27.2 - https:\/\/yoast.com\/product\/yoast-seo-wordpress\/ -->\n<title>Aktualna sytuacja zwi\u0105zana z Covid-19 \u2013 o\u015bwiadczenie CEO<\/title>\n<meta name=\"description\" content=\"W zwi\u0105zku z rozprzestrzenianiem si\u0119 wirusa Covid-19, sytuacja rynkowa jest bezprecedensowa. Dlatego te\u017c zwracamy si\u0119 do Pa\u0144stwa, jako naszego warto\u015bciowego Klienta, aby dostarczy\u0107 wiadomo\u015bci na temat naszego bie\u017c\u0105cego funkcjonowania.\" \/>\n<meta name=\"robots\" content=\"index, follow, max-snippet:-1, max-image-preview:large, max-video-preview:-1\" \/>\n<link rel=\"canonical\" href=\"https:\/\/amerplast.com\/pl\/covid-19\/\" \/>\n<meta property=\"og:locale\" content=\"pl_PL\" \/>\n<meta property=\"og:type\" content=\"article\" \/>\n<meta property=\"og:title\" content=\"Aktualna sytuacja zwi\u0105zana z Covid-19 \u2013 o\u015bwiadczenie CEO\" \/>\n<meta property=\"og:description\" content=\"W zwi\u0105zku z rozprzestrzenianiem si\u0119 wirusa Covid-19, sytuacja rynkowa jest bezprecedensowa. Dlatego te\u017c zwracamy si\u0119 do Pa\u0144stwa, jako naszego warto\u015bciowego Klienta, aby dostarczy\u0107 wiadomo\u015bci na temat naszego bie\u017c\u0105cego funkcjonowania.\" \/>\n<meta property=\"og:url\" content=\"https:\/\/amerplast.com\/pl\/covid-19\/\" \/>\n<meta property=\"og:site_name\" content=\"Amerplast\" \/>\n<meta property=\"article:modified_time\" content=\"2020-10-16T10:49:10+00:00\" \/>\n<meta property=\"og:image\" content=\"https:\/\/amerplast.com\/wp-content\/uploads\/2020\/10\/covid_update-01-1-scaled.jpg\" \/>\n\t<meta property=\"og:image:width\" content=\"2560\" \/>\n\t<meta property=\"og:image:height\" content=\"1590\" \/>\n\t<meta property=\"og:image:type\" content=\"image\/jpeg\" \/>\n<meta name=\"twitter:card\" content=\"summary_large_image\" \/>\n<meta name=\"twitter:site\" content=\"@amerplast\" \/>\n<script type=\"application\/ld+json\" class=\"yoast-schema-graph\">{\"@context\":\"https:\/\/schema.org\",\"@graph\":[{\"@type\":\"WebPage\",\"@id\":\"https:\/\/amerplast.com\/pl\/covid-19\/\",\"url\":\"https:\/\/amerplast.com\/pl\/covid-19\/\",\"name\":\"Aktualna sytuacja zwi\u0105zana z Covid-19 \u2013 o\u015bwiadczenie CEO\",\"isPartOf\":{\"@id\":\"https:\/\/amerplast.com\/pl\/#website\"},\"primaryImageOfPage\":{\"@id\":\"https:\/\/amerplast.com\/pl\/covid-19\/#primaryimage\"},\"image\":{\"@id\":\"https:\/\/amerplast.com\/pl\/covid-19\/#primaryimage\"},\"thumbnailUrl\":\"https:\/\/amerplast.com\/wp-content\/uploads\/2020\/10\/covid_update-01-1-scaled.jpg\",\"datePublished\":\"2020-04-01T08:56:11+00:00\",\"dateModified\":\"2020-10-16T10:49:10+00:00\",\"description\":\"W zwi\u0105zku z rozprzestrzenianiem si\u0119 wirusa Covid-19, sytuacja rynkowa jest bezprecedensowa. Dlatego te\u017c zwracamy si\u0119 do Pa\u0144stwa, jako naszego warto\u015bciowego Klienta, aby dostarczy\u0107 wiadomo\u015bci na temat naszego bie\u017c\u0105cego funkcjonowania.\",\"breadcrumb\":{\"@id\":\"https:\/\/amerplast.com\/pl\/covid-19\/#breadcrumb\"},\"inLanguage\":\"pl-PL\",\"potentialAction\":[{\"@type\":\"ReadAction\",\"target\":[\"https:\/\/amerplast.com\/pl\/covid-19\/\"]}]},{\"@type\":\"ImageObject\",\"inLanguage\":\"pl-PL\",\"@id\":\"https:\/\/amerplast.com\/pl\/covid-19\/#primaryimage\",\"url\":\"https:\/\/amerplast.com\/wp-content\/uploads\/2020\/10\/covid_update-01-1-scaled.jpg\",\"contentUrl\":\"https:\/\/amerplast.com\/wp-content\/uploads\/2020\/10\/covid_update-01-1-scaled.jpg\",\"width\":2560,\"height\":1590},{\"@type\":\"BreadcrumbList\",\"@id\":\"https:\/\/amerplast.com\/pl\/covid-19\/#breadcrumb\",\"itemListElement\":[{\"@type\":\"ListItem\",\"position\":1,\"name\":\"Home\",\"item\":\"https:\/\/amerplast.com\/pl\/\"},{\"@type\":\"ListItem\",\"position\":2,\"name\":\"Aktualna sytuacja zwi\u0105zana z Covid-19\"}]},{\"@type\":\"WebSite\",\"@id\":\"https:\/\/amerplast.com\/pl\/#website\",\"url\":\"https:\/\/amerplast.com\/pl\/\",\"name\":\"Amerplast\",\"description\":\"\",\"potentialAction\":[{\"@type\":\"SearchAction\",\"target\":{\"@type\":\"EntryPoint\",\"urlTemplate\":\"https:\/\/amerplast.com\/pl\/?s={search_term_string}\"},\"query-input\":{\"@type\":\"PropertyValueSpecification\",\"valueRequired\":true,\"valueName\":\"search_term_string\"}}],\"inLanguage\":\"pl-PL\"}]}<\/script>\n<!-- \/ Yoast SEO plugin. -->","yoast_head_json":{"title":"Aktualna sytuacja zwi\u0105zana z Covid-19 \u2013 o\u015bwiadczenie CEO","description":"W zwi\u0105zku z rozprzestrzenianiem si\u0119 wirusa Covid-19, sytuacja rynkowa jest bezprecedensowa. Dlatego te\u017c zwracamy si\u0119 do Pa\u0144stwa, jako naszego warto\u015bciowego Klienta, aby dostarczy\u0107 wiadomo\u015bci na temat naszego bie\u017c\u0105cego funkcjonowania.","robots":{"index":"index","follow":"follow","max-snippet":"max-snippet:-1","max-image-preview":"max-image-preview:large","max-video-preview":"max-video-preview:-1"},"canonical":"https:\/\/amerplast.com\/pl\/covid-19\/","og_locale":"pl_PL","og_type":"article","og_title":"Aktualna sytuacja zwi\u0105zana z Covid-19 \u2013 o\u015bwiadczenie CEO","og_description":"W zwi\u0105zku z rozprzestrzenianiem si\u0119 wirusa Covid-19, sytuacja rynkowa jest bezprecedensowa. Dlatego te\u017c zwracamy si\u0119 do Pa\u0144stwa, jako naszego warto\u015bciowego Klienta, aby dostarczy\u0107 wiadomo\u015bci na temat naszego bie\u017c\u0105cego funkcjonowania.","og_url":"https:\/\/amerplast.com\/pl\/covid-19\/","og_site_name":"Amerplast","article_modified_time":"2020-10-16T10:49:10+00:00","og_image":[{"width":2560,"height":1590,"url":"https:\/\/amerplast.com\/wp-content\/uploads\/2020\/10\/covid_update-01-1-scaled.jpg","type":"image\/jpeg"}],"twitter_card":"summary_large_image","twitter_site":"@amerplast","schema":{"@context":"https:\/\/schema.org","@graph":[{"@type":"WebPage","@id":"https:\/\/amerplast.com\/pl\/covid-19\/","url":"https:\/\/amerplast.com\/pl\/covid-19\/","name":"Aktualna sytuacja zwi\u0105zana z Covid-19 \u2013 o\u015bwiadczenie CEO","isPartOf":{"@id":"https:\/\/amerplast.com\/pl\/#website"},"primaryImageOfPage":{"@id":"https:\/\/amerplast.com\/pl\/covid-19\/#primaryimage"},"image":{"@id":"https:\/\/amerplast.com\/pl\/covid-19\/#primaryimage"},"thumbnailUrl":"https:\/\/amerplast.com\/wp-content\/uploads\/2020\/10\/covid_update-01-1-scaled.jpg","datePublished":"2020-04-01T08:56:11+00:00","dateModified":"2020-10-16T10:49:10+00:00","description":"W zwi\u0105zku z rozprzestrzenianiem si\u0119 wirusa Covid-19, sytuacja rynkowa jest bezprecedensowa. Dlatego te\u017c zwracamy si\u0119 do Pa\u0144stwa, jako naszego warto\u015bciowego Klienta, aby dostarczy\u0107 wiadomo\u015bci na temat naszego bie\u017c\u0105cego funkcjonowania.","breadcrumb":{"@id":"https:\/\/amerplast.com\/pl\/covid-19\/#breadcrumb"},"inLanguage":"pl-PL","potentialAction":[{"@type":"ReadAction","target":["https:\/\/amerplast.com\/pl\/covid-19\/"]}]},{"@type":"ImageObject","inLanguage":"pl-PL","@id":"https:\/\/amerplast.com\/pl\/covid-19\/#primaryimage","url":"https:\/\/amerplast.com\/wp-content\/uploads\/2020\/10\/covid_update-01-1-scaled.jpg","contentUrl":"https:\/\/amerplast.com\/wp-content\/uploads\/2020\/10\/covid_update-01-1-scaled.jpg","width":2560,"height":1590},{"@type":"BreadcrumbList","@id":"https:\/\/amerplast.com\/pl\/covid-19\/#breadcrumb","itemListElement":[{"@type":"ListItem","position":1,"name":"Home","item":"https:\/\/amerplast.com\/pl\/"},{"@type":"ListItem","position":2,"name":"Aktualna sytuacja zwi\u0105zana z Covid-19"}]},{"@type":"WebSite","@id":"https:\/\/amerplast.com\/pl\/#website","url":"https:\/\/amerplast.com\/pl\/","name":"Amerplast","description":"","potentialAction":[{"@type":"SearchAction","target":{"@type":"EntryPoint","urlTemplate":"https:\/\/amerplast.com\/pl\/?s={search_term_string}"},"query-input":{"@type":"PropertyValueSpecification","valueRequired":true,"valueName":"search_term_string"}}],"inLanguage":"pl-PL"}]}},"_links":{"self":[{"href":"https:\/\/amerplast.com\/pl\/wp-json\/wp\/v2\/pages\/9379","targetHints":{"allow":["GET"]}}],"collection":[{"href":"https:\/\/amerplast.com\/pl\/wp-json\/wp\/v2\/pages"}],"about":[{"href":"https:\/\/amerplast.com\/pl\/wp-json\/wp\/v2\/types\/page"}],"author":[{"embeddable":true,"href":"https:\/\/amerplast.com\/pl\/wp-json\/wp\/v2\/users\/7"}],"replies":[{"embeddable":true,"href":"https:\/\/amerplast.com\/pl\/wp-json\/wp\/v2\/comments?post=9379"}],"version-history":[{"count":3,"href":"https:\/\/amerplast.com\/pl\/wp-json\/wp\/v2\/pages\/9379\/revisions"}],"predecessor-version":[{"id":10467,"href":"https:\/\/amerplast.com\/pl\/wp-json\/wp\/v2\/pages\/9379\/revisions\/10467"}],"wp:featuredmedia":[{"embeddable":true,"href":"https:\/\/amerplast.com\/pl\/wp-json\/wp\/v2\/media\/10461"}],"wp:attachment":[{"href":"https:\/\/amerplast.com\/pl\/wp-json\/wp\/v2\/media?parent=9379"}],"curies":[{"name":"wp","href":"https:\/\/api.w.org\/{rel}","templated":true}]}}