{"id":9321,"date":"2019-02-07T13:53:42","date_gmt":"2019-02-07T11:53:42","guid":{"rendered":"https:\/\/amerplast.com\/produkty\/rozwiazania-udogodnienia\/films-laminates\/"},"modified":"2020-04-07T11:11:19","modified_gmt":"2020-04-07T08:11:19","slug":"folia-laminaty","status":"publish","type":"page","link":"https:\/\/amerplast.com\/pl\/produkty\/rozwiazania-udogodnienia\/folia-laminaty\/","title":{"rendered":"Folia i laminaty"},"content":{"rendered":"","protected":false},"excerpt":{"rendered":"","protected":false},"author":7,"featured_media":6971,"parent":8679,"menu_order":0,"comment_status":"closed","ping_status":"closed","template":"","meta":{"_acf_changed":false,"footnotes":""},"class_list":["post-9321","page","type-page","status-publish","has-post-thumbnail","hentry"],"acf":[],"yoast_head":"<!-- This site is optimized with the Yoast SEO plugin v27.4 - https:\/\/yoast.com\/product\/yoast-seo-wordpress\/ -->\n<title>Folie i laminaty \u2013 foli jest podstaw\u0105 produkcji wysokiej jako\u015bci opakowa\u0144<\/title>\n<meta name=\"description\" content=\"Jako\u015b\u0107 opakowa\u0144 zale\u017cy od jako\u015bci folii. Folie i laminaty Amerplast s\u0105 zaprojektowane tak aby spe\u0142nia\u0107 jak najwy\u017csze standardy jako\u015bci i chroni\u0107 produkt.\" \/>\n<meta name=\"robots\" content=\"index, follow, max-snippet:-1, max-image-preview:large, max-video-preview:-1\" \/>\n<link rel=\"canonical\" href=\"https:\/\/amerplast.com\/pl\/produkty\/rozwiazania-udogodnienia\/folia-laminaty\/\" \/>\n<meta property=\"og:locale\" content=\"pl_PL\" \/>\n<meta property=\"og:type\" content=\"article\" \/>\n<meta property=\"og:title\" content=\"Folie i laminaty \u2013 foli jest podstaw\u0105 produkcji wysokiej jako\u015bci opakowa\u0144\" \/>\n<meta property=\"og:description\" content=\"Jako\u015b\u0107 opakowa\u0144 zale\u017cy od jako\u015bci folii. Folie i laminaty Amerplast s\u0105 zaprojektowane tak aby spe\u0142nia\u0107 jak najwy\u017csze standardy jako\u015bci i chroni\u0107 produkt.\" \/>\n<meta property=\"og:url\" content=\"https:\/\/amerplast.com\/pl\/produkty\/rozwiazania-udogodnienia\/folia-laminaty\/\" \/>\n<meta property=\"og:site_name\" content=\"Amerplast\" \/>\n<meta property=\"article:modified_time\" content=\"2020-04-07T08:11:19+00:00\" \/>\n<meta property=\"og:image\" content=\"https:\/\/amerplast.com\/wp-content\/uploads\/2019\/02\/films_and_laminates-01-2.jpg\" \/>\n\t<meta property=\"og:image:width\" content=\"4167\" \/>\n\t<meta property=\"og:image:height\" content=\"2588\" \/>\n\t<meta property=\"og:image:type\" content=\"image\/jpeg\" \/>\n<meta name=\"twitter:card\" content=\"summary_large_image\" \/>\n<meta name=\"twitter:site\" content=\"@amerplast\" \/>\n<script type=\"application\/ld+json\" class=\"yoast-schema-graph\">{\"@context\":\"https:\\\/\\\/schema.org\",\"@graph\":[{\"@type\":\"WebPage\",\"@id\":\"https:\\\/\\\/amerplast.com\\\/pl\\\/produkty\\\/rozwiazania-udogodnienia\\\/folia-laminaty\\\/\",\"url\":\"https:\\\/\\\/amerplast.com\\\/pl\\\/produkty\\\/rozwiazania-udogodnienia\\\/folia-laminaty\\\/\",\"name\":\"Folie i laminaty \u2013 foli jest podstaw\u0105 produkcji wysokiej jako\u015bci opakowa\u0144\",\"isPartOf\":{\"@id\":\"https:\\\/\\\/amerplast.com\\\/pl\\\/#website\"},\"primaryImageOfPage\":{\"@id\":\"https:\\\/\\\/amerplast.com\\\/pl\\\/produkty\\\/rozwiazania-udogodnienia\\\/folia-laminaty\\\/#primaryimage\"},\"image\":{\"@id\":\"https:\\\/\\\/amerplast.com\\\/pl\\\/produkty\\\/rozwiazania-udogodnienia\\\/folia-laminaty\\\/#primaryimage\"},\"thumbnailUrl\":\"https:\\\/\\\/amerplast.com\\\/wp-content\\\/uploads\\\/2019\\\/02\\\/films_and_laminates-01-2.jpg\",\"datePublished\":\"2019-02-07T11:53:42+00:00\",\"dateModified\":\"2020-04-07T08:11:19+00:00\",\"description\":\"Jako\u015b\u0107 opakowa\u0144 zale\u017cy od jako\u015bci folii. Folie i laminaty Amerplast s\u0105 zaprojektowane tak aby spe\u0142nia\u0107 jak najwy\u017csze standardy jako\u015bci i chroni\u0107 produkt.\",\"breadcrumb\":{\"@id\":\"https:\\\/\\\/amerplast.com\\\/pl\\\/produkty\\\/rozwiazania-udogodnienia\\\/folia-laminaty\\\/#breadcrumb\"},\"inLanguage\":\"pl-PL\",\"potentialAction\":[{\"@type\":\"ReadAction\",\"target\":[\"https:\\\/\\\/amerplast.com\\\/pl\\\/produkty\\\/rozwiazania-udogodnienia\\\/folia-laminaty\\\/\"]}]},{\"@type\":\"ImageObject\",\"inLanguage\":\"pl-PL\",\"@id\":\"https:\\\/\\\/amerplast.com\\\/pl\\\/produkty\\\/rozwiazania-udogodnienia\\\/folia-laminaty\\\/#primaryimage\",\"url\":\"https:\\\/\\\/amerplast.com\\\/wp-content\\\/uploads\\\/2019\\\/02\\\/films_and_laminates-01-2.jpg\",\"contentUrl\":\"https:\\\/\\\/amerplast.com\\\/wp-content\\\/uploads\\\/2019\\\/02\\\/films_and_laminates-01-2.jpg\",\"width\":4167,\"height\":2588},{\"@type\":\"BreadcrumbList\",\"@id\":\"https:\\\/\\\/amerplast.com\\\/pl\\\/produkty\\\/rozwiazania-udogodnienia\\\/folia-laminaty\\\/#breadcrumb\",\"itemListElement\":[{\"@type\":\"ListItem\",\"position\":1,\"name\":\"Home\",\"item\":\"https:\\\/\\\/amerplast.com\\\/pl\\\/\"},{\"@type\":\"ListItem\",\"position\":2,\"name\":\"Produkty i rodzaje opakowa\u0144\",\"item\":\"https:\\\/\\\/amerplast.com\\\/pl\\\/produkty\\\/\"},{\"@type\":\"ListItem\",\"position\":3,\"name\":\"Rozwi\u0105zania i udogodnienia\",\"item\":\"https:\\\/\\\/amerplast.com\\\/pl\\\/produkty\\\/rozwiazania-udogodnienia\\\/\"},{\"@type\":\"ListItem\",\"position\":4,\"name\":\"Folia i laminaty\"}]},{\"@type\":\"WebSite\",\"@id\":\"https:\\\/\\\/amerplast.com\\\/pl\\\/#website\",\"url\":\"https:\\\/\\\/amerplast.com\\\/pl\\\/\",\"name\":\"Amerplast\",\"description\":\"\",\"potentialAction\":[{\"@type\":\"SearchAction\",\"target\":{\"@type\":\"EntryPoint\",\"urlTemplate\":\"https:\\\/\\\/amerplast.com\\\/pl\\\/?s={search_term_string}\"},\"query-input\":{\"@type\":\"PropertyValueSpecification\",\"valueRequired\":true,\"valueName\":\"search_term_string\"}}],\"inLanguage\":\"pl-PL\"}]}<\/script>\n<!-- \/ Yoast SEO plugin. -->","yoast_head_json":{"title":"Folie i laminaty \u2013 foli jest podstaw\u0105 produkcji wysokiej jako\u015bci opakowa\u0144","description":"Jako\u015b\u0107 opakowa\u0144 zale\u017cy od jako\u015bci folii. Folie i laminaty Amerplast s\u0105 zaprojektowane tak aby spe\u0142nia\u0107 jak najwy\u017csze standardy jako\u015bci i chroni\u0107 produkt.","robots":{"index":"index","follow":"follow","max-snippet":"max-snippet:-1","max-image-preview":"max-image-preview:large","max-video-preview":"max-video-preview:-1"},"canonical":"https:\/\/amerplast.com\/pl\/produkty\/rozwiazania-udogodnienia\/folia-laminaty\/","og_locale":"pl_PL","og_type":"article","og_title":"Folie i laminaty \u2013 foli jest podstaw\u0105 produkcji wysokiej jako\u015bci opakowa\u0144","og_description":"Jako\u015b\u0107 opakowa\u0144 zale\u017cy od jako\u015bci folii. Folie i laminaty Amerplast s\u0105 zaprojektowane tak aby spe\u0142nia\u0107 jak najwy\u017csze standardy jako\u015bci i chroni\u0107 produkt.","og_url":"https:\/\/amerplast.com\/pl\/produkty\/rozwiazania-udogodnienia\/folia-laminaty\/","og_site_name":"Amerplast","article_modified_time":"2020-04-07T08:11:19+00:00","og_image":[{"width":4167,"height":2588,"url":"https:\/\/amerplast.com\/wp-content\/uploads\/2019\/02\/films_and_laminates-01-2.jpg","type":"image\/jpeg"}],"twitter_card":"summary_large_image","twitter_site":"@amerplast","schema":{"@context":"https:\/\/schema.org","@graph":[{"@type":"WebPage","@id":"https:\/\/amerplast.com\/pl\/produkty\/rozwiazania-udogodnienia\/folia-laminaty\/","url":"https:\/\/amerplast.com\/pl\/produkty\/rozwiazania-udogodnienia\/folia-laminaty\/","name":"Folie i laminaty \u2013 foli jest podstaw\u0105 produkcji wysokiej jako\u015bci opakowa\u0144","isPartOf":{"@id":"https:\/\/amerplast.com\/pl\/#website"},"primaryImageOfPage":{"@id":"https:\/\/amerplast.com\/pl\/produkty\/rozwiazania-udogodnienia\/folia-laminaty\/#primaryimage"},"image":{"@id":"https:\/\/amerplast.com\/pl\/produkty\/rozwiazania-udogodnienia\/folia-laminaty\/#primaryimage"},"thumbnailUrl":"https:\/\/amerplast.com\/wp-content\/uploads\/2019\/02\/films_and_laminates-01-2.jpg","datePublished":"2019-02-07T11:53:42+00:00","dateModified":"2020-04-07T08:11:19+00:00","description":"Jako\u015b\u0107 opakowa\u0144 zale\u017cy od jako\u015bci folii. Folie i laminaty Amerplast s\u0105 zaprojektowane tak aby spe\u0142nia\u0107 jak najwy\u017csze standardy jako\u015bci i chroni\u0107 produkt.","breadcrumb":{"@id":"https:\/\/amerplast.com\/pl\/produkty\/rozwiazania-udogodnienia\/folia-laminaty\/#breadcrumb"},"inLanguage":"pl-PL","potentialAction":[{"@type":"ReadAction","target":["https:\/\/amerplast.com\/pl\/produkty\/rozwiazania-udogodnienia\/folia-laminaty\/"]}]},{"@type":"ImageObject","inLanguage":"pl-PL","@id":"https:\/\/amerplast.com\/pl\/produkty\/rozwiazania-udogodnienia\/folia-laminaty\/#primaryimage","url":"https:\/\/amerplast.com\/wp-content\/uploads\/2019\/02\/films_and_laminates-01-2.jpg","contentUrl":"https:\/\/amerplast.com\/wp-content\/uploads\/2019\/02\/films_and_laminates-01-2.jpg","width":4167,"height":2588},{"@type":"BreadcrumbList","@id":"https:\/\/amerplast.com\/pl\/produkty\/rozwiazania-udogodnienia\/folia-laminaty\/#breadcrumb","itemListElement":[{"@type":"ListItem","position":1,"name":"Home","item":"https:\/\/amerplast.com\/pl\/"},{"@type":"ListItem","position":2,"name":"Produkty i rodzaje opakowa\u0144","item":"https:\/\/amerplast.com\/pl\/produkty\/"},{"@type":"ListItem","position":3,"name":"Rozwi\u0105zania i udogodnienia","item":"https:\/\/amerplast.com\/pl\/produkty\/rozwiazania-udogodnienia\/"},{"@type":"ListItem","position":4,"name":"Folia i laminaty"}]},{"@type":"WebSite","@id":"https:\/\/amerplast.com\/pl\/#website","url":"https:\/\/amerplast.com\/pl\/","name":"Amerplast","description":"","potentialAction":[{"@type":"SearchAction","target":{"@type":"EntryPoint","urlTemplate":"https:\/\/amerplast.com\/pl\/?s={search_term_string}"},"query-input":{"@type":"PropertyValueSpecification","valueRequired":true,"valueName":"search_term_string"}}],"inLanguage":"pl-PL"}]}},"_links":{"self":[{"href":"https:\/\/amerplast.com\/pl\/wp-json\/wp\/v2\/pages\/9321","targetHints":{"allow":["GET"]}}],"collection":[{"href":"https:\/\/amerplast.com\/pl\/wp-json\/wp\/v2\/pages"}],"about":[{"href":"https:\/\/amerplast.com\/pl\/wp-json\/wp\/v2\/types\/page"}],"author":[{"embeddable":true,"href":"https:\/\/amerplast.com\/pl\/wp-json\/wp\/v2\/users\/7"}],"replies":[{"embeddable":true,"href":"https:\/\/amerplast.com\/pl\/wp-json\/wp\/v2\/comments?post=9321"}],"version-history":[{"count":3,"href":"https:\/\/amerplast.com\/pl\/wp-json\/wp\/v2\/pages\/9321\/revisions"}],"predecessor-version":[{"id":9543,"href":"https:\/\/amerplast.com\/pl\/wp-json\/wp\/v2\/pages\/9321\/revisions\/9543"}],"up":[{"embeddable":true,"href":"https:\/\/amerplast.com\/pl\/wp-json\/wp\/v2\/pages\/8679"}],"wp:featuredmedia":[{"embeddable":true,"href":"https:\/\/amerplast.com\/pl\/wp-json\/wp\/v2\/media\/6971"}],"wp:attachment":[{"href":"https:\/\/amerplast.com\/pl\/wp-json\/wp\/v2\/media?parent=9321"}],"curies":[{"name":"wp","href":"https:\/\/api.w.org\/{rel}","templated":true}]}}