{"id":9307,"date":"2019-02-06T15:43:57","date_gmt":"2019-02-06T13:43:57","guid":{"rendered":"https:\/\/amerplast.com\/produkty\/rozwiazania-udogodnienia\/bags-pouches\/"},"modified":"2021-11-22T09:58:45","modified_gmt":"2021-11-22T07:58:45","slug":"torebki-woreczki","status":"publish","type":"page","link":"https:\/\/amerplast.com\/pl\/produkty\/rozwiazania-udogodnienia\/torebki-woreczki\/","title":{"rendered":"Torebki i woreczki"},"content":{"rendered":"","protected":false},"excerpt":{"rendered":"","protected":false},"author":7,"featured_media":0,"parent":8679,"menu_order":0,"comment_status":"closed","ping_status":"closed","template":"","meta":{"_acf_changed":false,"footnotes":""},"class_list":["post-9307","page","type-page","status-publish","hentry"],"acf":[],"yoast_head":"<!-- This site is optimized with the Yoast SEO plugin v27.4 - https:\/\/yoast.com\/product\/yoast-seo-wordpress\/ -->\n<title>Torebki i woreczki \u2013 gotowe torebki i woreczki<\/title>\n<meta name=\"description\" content=\"Amerplast jest liderem na rynku torebek na zakupy w Finlandii i jednym z najwi\u0119kszych producent\u00f3w woreczk\u00f3w wicket dla bran\u017cy piekarniczej w Europie.\" \/>\n<meta name=\"robots\" content=\"index, follow, max-snippet:-1, max-image-preview:large, max-video-preview:-1\" \/>\n<link rel=\"canonical\" href=\"https:\/\/amerplast.com\/pl\/produkty\/rozwiazania-udogodnienia\/torebki-woreczki\/\" \/>\n<meta property=\"og:locale\" content=\"pl_PL\" \/>\n<meta property=\"og:type\" content=\"article\" \/>\n<meta property=\"og:title\" content=\"Torebki i woreczki \u2013 gotowe torebki i woreczki\" \/>\n<meta property=\"og:description\" content=\"Amerplast jest liderem na rynku torebek na zakupy w Finlandii i jednym z najwi\u0119kszych producent\u00f3w woreczk\u00f3w wicket dla bran\u017cy piekarniczej w Europie.\" \/>\n<meta property=\"og:url\" content=\"https:\/\/amerplast.com\/pl\/produkty\/rozwiazania-udogodnienia\/torebki-woreczki\/\" \/>\n<meta property=\"og:site_name\" content=\"Amerplast\" \/>\n<meta property=\"article:modified_time\" content=\"2021-11-22T07:58:45+00:00\" \/>\n<meta name=\"twitter:card\" content=\"summary_large_image\" \/>\n<meta name=\"twitter:site\" content=\"@amerplast\" \/>\n<script type=\"application\/ld+json\" class=\"yoast-schema-graph\">{\"@context\":\"https:\\\/\\\/schema.org\",\"@graph\":[{\"@type\":\"WebPage\",\"@id\":\"https:\\\/\\\/amerplast.com\\\/pl\\\/produkty\\\/rozwiazania-udogodnienia\\\/torebki-woreczki\\\/\",\"url\":\"https:\\\/\\\/amerplast.com\\\/pl\\\/produkty\\\/rozwiazania-udogodnienia\\\/torebki-woreczki\\\/\",\"name\":\"Torebki i woreczki \u2013 gotowe torebki i woreczki\",\"isPartOf\":{\"@id\":\"https:\\\/\\\/amerplast.com\\\/pl\\\/#website\"},\"datePublished\":\"2019-02-06T13:43:57+00:00\",\"dateModified\":\"2021-11-22T07:58:45+00:00\",\"description\":\"Amerplast jest liderem na rynku torebek na zakupy w Finlandii i jednym z najwi\u0119kszych producent\u00f3w woreczk\u00f3w wicket dla bran\u017cy piekarniczej w Europie.\",\"breadcrumb\":{\"@id\":\"https:\\\/\\\/amerplast.com\\\/pl\\\/produkty\\\/rozwiazania-udogodnienia\\\/torebki-woreczki\\\/#breadcrumb\"},\"inLanguage\":\"pl-PL\",\"potentialAction\":[{\"@type\":\"ReadAction\",\"target\":[\"https:\\\/\\\/amerplast.com\\\/pl\\\/produkty\\\/rozwiazania-udogodnienia\\\/torebki-woreczki\\\/\"]}]},{\"@type\":\"BreadcrumbList\",\"@id\":\"https:\\\/\\\/amerplast.com\\\/pl\\\/produkty\\\/rozwiazania-udogodnienia\\\/torebki-woreczki\\\/#breadcrumb\",\"itemListElement\":[{\"@type\":\"ListItem\",\"position\":1,\"name\":\"Home\",\"item\":\"https:\\\/\\\/amerplast.com\\\/pl\\\/\"},{\"@type\":\"ListItem\",\"position\":2,\"name\":\"Produkty i rodzaje opakowa\u0144\",\"item\":\"https:\\\/\\\/amerplast.com\\\/pl\\\/produkty\\\/\"},{\"@type\":\"ListItem\",\"position\":3,\"name\":\"Rozwi\u0105zania i udogodnienia\",\"item\":\"https:\\\/\\\/amerplast.com\\\/pl\\\/produkty\\\/rozwiazania-udogodnienia\\\/\"},{\"@type\":\"ListItem\",\"position\":4,\"name\":\"Torebki i woreczki\"}]},{\"@type\":\"WebSite\",\"@id\":\"https:\\\/\\\/amerplast.com\\\/pl\\\/#website\",\"url\":\"https:\\\/\\\/amerplast.com\\\/pl\\\/\",\"name\":\"Amerplast\",\"description\":\"\",\"potentialAction\":[{\"@type\":\"SearchAction\",\"target\":{\"@type\":\"EntryPoint\",\"urlTemplate\":\"https:\\\/\\\/amerplast.com\\\/pl\\\/?s={search_term_string}\"},\"query-input\":{\"@type\":\"PropertyValueSpecification\",\"valueRequired\":true,\"valueName\":\"search_term_string\"}}],\"inLanguage\":\"pl-PL\"}]}<\/script>\n<!-- \/ Yoast SEO plugin. -->","yoast_head_json":{"title":"Torebki i woreczki \u2013 gotowe torebki i woreczki","description":"Amerplast jest liderem na rynku torebek na zakupy w Finlandii i jednym z najwi\u0119kszych producent\u00f3w woreczk\u00f3w wicket dla bran\u017cy piekarniczej w Europie.","robots":{"index":"index","follow":"follow","max-snippet":"max-snippet:-1","max-image-preview":"max-image-preview:large","max-video-preview":"max-video-preview:-1"},"canonical":"https:\/\/amerplast.com\/pl\/produkty\/rozwiazania-udogodnienia\/torebki-woreczki\/","og_locale":"pl_PL","og_type":"article","og_title":"Torebki i woreczki \u2013 gotowe torebki i woreczki","og_description":"Amerplast jest liderem na rynku torebek na zakupy w Finlandii i jednym z najwi\u0119kszych producent\u00f3w woreczk\u00f3w wicket dla bran\u017cy piekarniczej w Europie.","og_url":"https:\/\/amerplast.com\/pl\/produkty\/rozwiazania-udogodnienia\/torebki-woreczki\/","og_site_name":"Amerplast","article_modified_time":"2021-11-22T07:58:45+00:00","twitter_card":"summary_large_image","twitter_site":"@amerplast","schema":{"@context":"https:\/\/schema.org","@graph":[{"@type":"WebPage","@id":"https:\/\/amerplast.com\/pl\/produkty\/rozwiazania-udogodnienia\/torebki-woreczki\/","url":"https:\/\/amerplast.com\/pl\/produkty\/rozwiazania-udogodnienia\/torebki-woreczki\/","name":"Torebki i woreczki \u2013 gotowe torebki i woreczki","isPartOf":{"@id":"https:\/\/amerplast.com\/pl\/#website"},"datePublished":"2019-02-06T13:43:57+00:00","dateModified":"2021-11-22T07:58:45+00:00","description":"Amerplast jest liderem na rynku torebek na zakupy w Finlandii i jednym z najwi\u0119kszych producent\u00f3w woreczk\u00f3w wicket dla bran\u017cy piekarniczej w Europie.","breadcrumb":{"@id":"https:\/\/amerplast.com\/pl\/produkty\/rozwiazania-udogodnienia\/torebki-woreczki\/#breadcrumb"},"inLanguage":"pl-PL","potentialAction":[{"@type":"ReadAction","target":["https:\/\/amerplast.com\/pl\/produkty\/rozwiazania-udogodnienia\/torebki-woreczki\/"]}]},{"@type":"BreadcrumbList","@id":"https:\/\/amerplast.com\/pl\/produkty\/rozwiazania-udogodnienia\/torebki-woreczki\/#breadcrumb","itemListElement":[{"@type":"ListItem","position":1,"name":"Home","item":"https:\/\/amerplast.com\/pl\/"},{"@type":"ListItem","position":2,"name":"Produkty i rodzaje opakowa\u0144","item":"https:\/\/amerplast.com\/pl\/produkty\/"},{"@type":"ListItem","position":3,"name":"Rozwi\u0105zania i udogodnienia","item":"https:\/\/amerplast.com\/pl\/produkty\/rozwiazania-udogodnienia\/"},{"@type":"ListItem","position":4,"name":"Torebki i woreczki"}]},{"@type":"WebSite","@id":"https:\/\/amerplast.com\/pl\/#website","url":"https:\/\/amerplast.com\/pl\/","name":"Amerplast","description":"","potentialAction":[{"@type":"SearchAction","target":{"@type":"EntryPoint","urlTemplate":"https:\/\/amerplast.com\/pl\/?s={search_term_string}"},"query-input":{"@type":"PropertyValueSpecification","valueRequired":true,"valueName":"search_term_string"}}],"inLanguage":"pl-PL"}]}},"_links":{"self":[{"href":"https:\/\/amerplast.com\/pl\/wp-json\/wp\/v2\/pages\/9307","targetHints":{"allow":["GET"]}}],"collection":[{"href":"https:\/\/amerplast.com\/pl\/wp-json\/wp\/v2\/pages"}],"about":[{"href":"https:\/\/amerplast.com\/pl\/wp-json\/wp\/v2\/types\/page"}],"author":[{"embeddable":true,"href":"https:\/\/amerplast.com\/pl\/wp-json\/wp\/v2\/users\/7"}],"replies":[{"embeddable":true,"href":"https:\/\/amerplast.com\/pl\/wp-json\/wp\/v2\/comments?post=9307"}],"version-history":[{"count":5,"href":"https:\/\/amerplast.com\/pl\/wp-json\/wp\/v2\/pages\/9307\/revisions"}],"predecessor-version":[{"id":11946,"href":"https:\/\/amerplast.com\/pl\/wp-json\/wp\/v2\/pages\/9307\/revisions\/11946"}],"up":[{"embeddable":true,"href":"https:\/\/amerplast.com\/pl\/wp-json\/wp\/v2\/pages\/8679"}],"wp:attachment":[{"href":"https:\/\/amerplast.com\/pl\/wp-json\/wp\/v2\/media?parent=9307"}],"curies":[{"name":"wp","href":"https:\/\/api.w.org\/{rel}","templated":true}]}}