{"id":9217,"date":"2019-02-11T14:43:42","date_gmt":"2019-02-11T12:43:42","guid":{"rendered":"https:\/\/amerplast.com\/produkty\/etykiety-opakowan-spozywczych\/convenience-food-packaging\/"},"modified":"2022-05-13T10:12:11","modified_gmt":"2022-05-13T07:12:11","slug":"wygodne-opakowania-spozywcze","status":"publish","type":"page","link":"https:\/\/amerplast.com\/pl\/produkty\/etykiety-opakowan-spozywczych\/wygodne-opakowania-spozywcze\/","title":{"rendered":"Wygodne opakowania spo\u017cywcze"},"content":{"rendered":"","protected":false},"excerpt":{"rendered":"","protected":false},"author":7,"featured_media":6927,"parent":8613,"menu_order":0,"comment_status":"closed","ping_status":"closed","template":"","meta":{"_acf_changed":false,"footnotes":""},"class_list":["post-9217","page","type-page","status-publish","has-post-thumbnail","hentry"],"acf":[],"yoast_head":"<!-- This site is optimized with the Yoast SEO plugin v27.4 - https:\/\/yoast.com\/product\/yoast-seo-wordpress\/ -->\n<title>Opakowania spo\u017cywcze do gotowych posi\u0142k\u00f3w i sch\u0142odzonej \u017cywno\u015bci<\/title>\n<meta name=\"description\" content=\"Opakowania Amerplast idealnie nadaj\u0105 si\u0119 do produkt\u00f3w spo\u017cywczych, takich jak gotowe posi\u0142ki i potrawy sch\u0142odzone.\" \/>\n<meta name=\"robots\" content=\"index, follow, max-snippet:-1, max-image-preview:large, max-video-preview:-1\" \/>\n<link rel=\"canonical\" href=\"https:\/\/amerplast.com\/pl\/produkty\/etykiety-opakowan-spozywczych\/wygodne-opakowania-spozywcze\/\" \/>\n<meta property=\"og:locale\" content=\"pl_PL\" \/>\n<meta property=\"og:type\" content=\"article\" \/>\n<meta property=\"og:title\" content=\"Opakowania spo\u017cywcze do gotowych posi\u0142k\u00f3w i sch\u0142odzonej \u017cywno\u015bci\" \/>\n<meta property=\"og:description\" content=\"Opakowania Amerplast idealnie nadaj\u0105 si\u0119 do produkt\u00f3w spo\u017cywczych, takich jak gotowe posi\u0142ki i potrawy sch\u0142odzone.\" \/>\n<meta property=\"og:url\" content=\"https:\/\/amerplast.com\/pl\/produkty\/etykiety-opakowan-spozywczych\/wygodne-opakowania-spozywcze\/\" \/>\n<meta property=\"og:site_name\" content=\"Amerplast\" \/>\n<meta property=\"article:modified_time\" content=\"2022-05-13T07:12:11+00:00\" \/>\n<meta property=\"og:image\" content=\"https:\/\/amerplast.com\/wp-content\/uploads\/2019\/02\/Convenience-food-01.jpg\" \/>\n\t<meta property=\"og:image:width\" content=\"4167\" \/>\n\t<meta property=\"og:image:height\" content=\"2588\" \/>\n\t<meta property=\"og:image:type\" content=\"image\/jpeg\" \/>\n<meta name=\"twitter:card\" content=\"summary_large_image\" \/>\n<meta name=\"twitter:site\" content=\"@amerplast\" \/>\n<script type=\"application\/ld+json\" class=\"yoast-schema-graph\">{\"@context\":\"https:\\\/\\\/schema.org\",\"@graph\":[{\"@type\":\"WebPage\",\"@id\":\"https:\\\/\\\/amerplast.com\\\/pl\\\/produkty\\\/etykiety-opakowan-spozywczych\\\/wygodne-opakowania-spozywcze\\\/\",\"url\":\"https:\\\/\\\/amerplast.com\\\/pl\\\/produkty\\\/etykiety-opakowan-spozywczych\\\/wygodne-opakowania-spozywcze\\\/\",\"name\":\"Opakowania spo\u017cywcze do gotowych posi\u0142k\u00f3w i sch\u0142odzonej \u017cywno\u015bci\",\"isPartOf\":{\"@id\":\"https:\\\/\\\/amerplast.com\\\/pl\\\/#website\"},\"primaryImageOfPage\":{\"@id\":\"https:\\\/\\\/amerplast.com\\\/pl\\\/produkty\\\/etykiety-opakowan-spozywczych\\\/wygodne-opakowania-spozywcze\\\/#primaryimage\"},\"image\":{\"@id\":\"https:\\\/\\\/amerplast.com\\\/pl\\\/produkty\\\/etykiety-opakowan-spozywczych\\\/wygodne-opakowania-spozywcze\\\/#primaryimage\"},\"thumbnailUrl\":\"https:\\\/\\\/amerplast.com\\\/wp-content\\\/uploads\\\/2019\\\/02\\\/Convenience-food-01.jpg\",\"datePublished\":\"2019-02-11T12:43:42+00:00\",\"dateModified\":\"2022-05-13T07:12:11+00:00\",\"description\":\"Opakowania Amerplast idealnie nadaj\u0105 si\u0119 do produkt\u00f3w spo\u017cywczych, takich jak gotowe posi\u0142ki i potrawy sch\u0142odzone.\",\"breadcrumb\":{\"@id\":\"https:\\\/\\\/amerplast.com\\\/pl\\\/produkty\\\/etykiety-opakowan-spozywczych\\\/wygodne-opakowania-spozywcze\\\/#breadcrumb\"},\"inLanguage\":\"pl-PL\",\"potentialAction\":[{\"@type\":\"ReadAction\",\"target\":[\"https:\\\/\\\/amerplast.com\\\/pl\\\/produkty\\\/etykiety-opakowan-spozywczych\\\/wygodne-opakowania-spozywcze\\\/\"]}]},{\"@type\":\"ImageObject\",\"inLanguage\":\"pl-PL\",\"@id\":\"https:\\\/\\\/amerplast.com\\\/pl\\\/produkty\\\/etykiety-opakowan-spozywczych\\\/wygodne-opakowania-spozywcze\\\/#primaryimage\",\"url\":\"https:\\\/\\\/amerplast.com\\\/wp-content\\\/uploads\\\/2019\\\/02\\\/Convenience-food-01.jpg\",\"contentUrl\":\"https:\\\/\\\/amerplast.com\\\/wp-content\\\/uploads\\\/2019\\\/02\\\/Convenience-food-01.jpg\",\"width\":4167,\"height\":2588},{\"@type\":\"BreadcrumbList\",\"@id\":\"https:\\\/\\\/amerplast.com\\\/pl\\\/produkty\\\/etykiety-opakowan-spozywczych\\\/wygodne-opakowania-spozywcze\\\/#breadcrumb\",\"itemListElement\":[{\"@type\":\"ListItem\",\"position\":1,\"name\":\"Home\",\"item\":\"https:\\\/\\\/amerplast.com\\\/pl\\\/\"},{\"@type\":\"ListItem\",\"position\":2,\"name\":\"Produkty i rodzaje opakowa\u0144\",\"item\":\"https:\\\/\\\/amerplast.com\\\/pl\\\/produkty\\\/\"},{\"@type\":\"ListItem\",\"position\":3,\"name\":\"Opakowania i etykiety spo\u017cywcze\",\"item\":\"https:\\\/\\\/amerplast.com\\\/pl\\\/produkty\\\/etykiety-opakowan-spozywczych\\\/\"},{\"@type\":\"ListItem\",\"position\":4,\"name\":\"Wygodne opakowania spo\u017cywcze\"}]},{\"@type\":\"WebSite\",\"@id\":\"https:\\\/\\\/amerplast.com\\\/pl\\\/#website\",\"url\":\"https:\\\/\\\/amerplast.com\\\/pl\\\/\",\"name\":\"Amerplast\",\"description\":\"\",\"potentialAction\":[{\"@type\":\"SearchAction\",\"target\":{\"@type\":\"EntryPoint\",\"urlTemplate\":\"https:\\\/\\\/amerplast.com\\\/pl\\\/?s={search_term_string}\"},\"query-input\":{\"@type\":\"PropertyValueSpecification\",\"valueRequired\":true,\"valueName\":\"search_term_string\"}}],\"inLanguage\":\"pl-PL\"}]}<\/script>\n<!-- \/ Yoast SEO plugin. -->","yoast_head_json":{"title":"Opakowania spo\u017cywcze do gotowych posi\u0142k\u00f3w i sch\u0142odzonej \u017cywno\u015bci","description":"Opakowania Amerplast idealnie nadaj\u0105 si\u0119 do produkt\u00f3w spo\u017cywczych, takich jak gotowe posi\u0142ki i potrawy sch\u0142odzone.","robots":{"index":"index","follow":"follow","max-snippet":"max-snippet:-1","max-image-preview":"max-image-preview:large","max-video-preview":"max-video-preview:-1"},"canonical":"https:\/\/amerplast.com\/pl\/produkty\/etykiety-opakowan-spozywczych\/wygodne-opakowania-spozywcze\/","og_locale":"pl_PL","og_type":"article","og_title":"Opakowania spo\u017cywcze do gotowych posi\u0142k\u00f3w i sch\u0142odzonej \u017cywno\u015bci","og_description":"Opakowania Amerplast idealnie nadaj\u0105 si\u0119 do produkt\u00f3w spo\u017cywczych, takich jak gotowe posi\u0142ki i potrawy sch\u0142odzone.","og_url":"https:\/\/amerplast.com\/pl\/produkty\/etykiety-opakowan-spozywczych\/wygodne-opakowania-spozywcze\/","og_site_name":"Amerplast","article_modified_time":"2022-05-13T07:12:11+00:00","og_image":[{"width":4167,"height":2588,"url":"https:\/\/amerplast.com\/wp-content\/uploads\/2019\/02\/Convenience-food-01.jpg","type":"image\/jpeg"}],"twitter_card":"summary_large_image","twitter_site":"@amerplast","schema":{"@context":"https:\/\/schema.org","@graph":[{"@type":"WebPage","@id":"https:\/\/amerplast.com\/pl\/produkty\/etykiety-opakowan-spozywczych\/wygodne-opakowania-spozywcze\/","url":"https:\/\/amerplast.com\/pl\/produkty\/etykiety-opakowan-spozywczych\/wygodne-opakowania-spozywcze\/","name":"Opakowania spo\u017cywcze do gotowych posi\u0142k\u00f3w i sch\u0142odzonej \u017cywno\u015bci","isPartOf":{"@id":"https:\/\/amerplast.com\/pl\/#website"},"primaryImageOfPage":{"@id":"https:\/\/amerplast.com\/pl\/produkty\/etykiety-opakowan-spozywczych\/wygodne-opakowania-spozywcze\/#primaryimage"},"image":{"@id":"https:\/\/amerplast.com\/pl\/produkty\/etykiety-opakowan-spozywczych\/wygodne-opakowania-spozywcze\/#primaryimage"},"thumbnailUrl":"https:\/\/amerplast.com\/wp-content\/uploads\/2019\/02\/Convenience-food-01.jpg","datePublished":"2019-02-11T12:43:42+00:00","dateModified":"2022-05-13T07:12:11+00:00","description":"Opakowania Amerplast idealnie nadaj\u0105 si\u0119 do produkt\u00f3w spo\u017cywczych, takich jak gotowe posi\u0142ki i potrawy sch\u0142odzone.","breadcrumb":{"@id":"https:\/\/amerplast.com\/pl\/produkty\/etykiety-opakowan-spozywczych\/wygodne-opakowania-spozywcze\/#breadcrumb"},"inLanguage":"pl-PL","potentialAction":[{"@type":"ReadAction","target":["https:\/\/amerplast.com\/pl\/produkty\/etykiety-opakowan-spozywczych\/wygodne-opakowania-spozywcze\/"]}]},{"@type":"ImageObject","inLanguage":"pl-PL","@id":"https:\/\/amerplast.com\/pl\/produkty\/etykiety-opakowan-spozywczych\/wygodne-opakowania-spozywcze\/#primaryimage","url":"https:\/\/amerplast.com\/wp-content\/uploads\/2019\/02\/Convenience-food-01.jpg","contentUrl":"https:\/\/amerplast.com\/wp-content\/uploads\/2019\/02\/Convenience-food-01.jpg","width":4167,"height":2588},{"@type":"BreadcrumbList","@id":"https:\/\/amerplast.com\/pl\/produkty\/etykiety-opakowan-spozywczych\/wygodne-opakowania-spozywcze\/#breadcrumb","itemListElement":[{"@type":"ListItem","position":1,"name":"Home","item":"https:\/\/amerplast.com\/pl\/"},{"@type":"ListItem","position":2,"name":"Produkty i rodzaje opakowa\u0144","item":"https:\/\/amerplast.com\/pl\/produkty\/"},{"@type":"ListItem","position":3,"name":"Opakowania i etykiety spo\u017cywcze","item":"https:\/\/amerplast.com\/pl\/produkty\/etykiety-opakowan-spozywczych\/"},{"@type":"ListItem","position":4,"name":"Wygodne opakowania spo\u017cywcze"}]},{"@type":"WebSite","@id":"https:\/\/amerplast.com\/pl\/#website","url":"https:\/\/amerplast.com\/pl\/","name":"Amerplast","description":"","potentialAction":[{"@type":"SearchAction","target":{"@type":"EntryPoint","urlTemplate":"https:\/\/amerplast.com\/pl\/?s={search_term_string}"},"query-input":{"@type":"PropertyValueSpecification","valueRequired":true,"valueName":"search_term_string"}}],"inLanguage":"pl-PL"}]}},"_links":{"self":[{"href":"https:\/\/amerplast.com\/pl\/wp-json\/wp\/v2\/pages\/9217","targetHints":{"allow":["GET"]}}],"collection":[{"href":"https:\/\/amerplast.com\/pl\/wp-json\/wp\/v2\/pages"}],"about":[{"href":"https:\/\/amerplast.com\/pl\/wp-json\/wp\/v2\/types\/page"}],"author":[{"embeddable":true,"href":"https:\/\/amerplast.com\/pl\/wp-json\/wp\/v2\/users\/7"}],"replies":[{"embeddable":true,"href":"https:\/\/amerplast.com\/pl\/wp-json\/wp\/v2\/comments?post=9217"}],"version-history":[{"count":5,"href":"https:\/\/amerplast.com\/pl\/wp-json\/wp\/v2\/pages\/9217\/revisions"}],"predecessor-version":[{"id":13403,"href":"https:\/\/amerplast.com\/pl\/wp-json\/wp\/v2\/pages\/9217\/revisions\/13403"}],"up":[{"embeddable":true,"href":"https:\/\/amerplast.com\/pl\/wp-json\/wp\/v2\/pages\/8613"}],"wp:featuredmedia":[{"embeddable":true,"href":"https:\/\/amerplast.com\/pl\/wp-json\/wp\/v2\/media\/6927"}],"wp:attachment":[{"href":"https:\/\/amerplast.com\/pl\/wp-json\/wp\/v2\/media?parent=9217"}],"curies":[{"name":"wp","href":"https:\/\/api.w.org\/{rel}","templated":true}]}}