{"id":9193,"date":"2019-02-08T09:19:14","date_gmt":"2019-02-08T07:19:14","guid":{"rendered":"https:\/\/amerplast.com\/produkty\/etykiety-opakowan-spozywczych\/fresh-produce-packaging\/"},"modified":"2022-05-16T14:12:43","modified_gmt":"2022-05-16T11:12:43","slug":"opakowania-dla-produktow-swiezych","status":"publish","type":"page","link":"https:\/\/amerplast.com\/pl\/produkty\/etykiety-opakowan-spozywczych\/opakowania-dla-produktow-swiezych\/","title":{"rendered":"Opakowania dla produkt\u00f3w \u015bwie\u017cych"},"content":{"rendered":"","protected":false},"excerpt":{"rendered":"","protected":false},"author":7,"featured_media":7025,"parent":8613,"menu_order":0,"comment_status":"closed","ping_status":"closed","template":"","meta":{"_acf_changed":false,"footnotes":""},"class_list":["post-9193","page","type-page","status-publish","has-post-thumbnail","hentry"],"acf":[],"yoast_head":"<!-- This site is optimized with the Yoast SEO plugin v27.4 - https:\/\/yoast.com\/product\/yoast-seo-wordpress\/ -->\n<title>Opakowania dla produkt\u00f3w \u015bwie\u017cych<\/title>\n<meta name=\"description\" content=\"Oferta skierowana jest do klient\u00f3w, kt\u00f3rzy posiadaj\u0105 w\u0142asne uprawy i chc\u0105 aby ich warzywa i owoce pozostawa\u0142y \u015bwie\u017ce i satysfakcjonowa\u0142y konsument\u00f3w.\" \/>\n<meta name=\"robots\" content=\"index, follow, max-snippet:-1, max-image-preview:large, max-video-preview:-1\" \/>\n<link rel=\"canonical\" href=\"https:\/\/amerplast.com\/pl\/produkty\/etykiety-opakowan-spozywczych\/opakowania-dla-produktow-swiezych\/\" \/>\n<meta property=\"og:locale\" content=\"pl_PL\" \/>\n<meta property=\"og:type\" content=\"article\" \/>\n<meta property=\"og:title\" content=\"Opakowania dla produkt\u00f3w \u015bwie\u017cych\" \/>\n<meta property=\"og:description\" content=\"Oferta skierowana jest do klient\u00f3w, kt\u00f3rzy posiadaj\u0105 w\u0142asne uprawy i chc\u0105 aby ich warzywa i owoce pozostawa\u0142y \u015bwie\u017ce i satysfakcjonowa\u0142y konsument\u00f3w.\" \/>\n<meta property=\"og:url\" content=\"https:\/\/amerplast.com\/pl\/produkty\/etykiety-opakowan-spozywczych\/opakowania-dla-produktow-swiezych\/\" \/>\n<meta property=\"og:site_name\" content=\"Amerplast\" \/>\n<meta property=\"article:modified_time\" content=\"2022-05-16T11:12:43+00:00\" \/>\n<meta property=\"og:image\" content=\"https:\/\/amerplast.com\/wp-content\/uploads\/2019\/02\/Fresh_produce_packaging-01.jpg\" \/>\n\t<meta property=\"og:image:width\" content=\"4167\" \/>\n\t<meta property=\"og:image:height\" content=\"2588\" \/>\n\t<meta property=\"og:image:type\" content=\"image\/jpeg\" \/>\n<meta name=\"twitter:card\" content=\"summary_large_image\" \/>\n<meta name=\"twitter:site\" content=\"@amerplast\" \/>\n<script type=\"application\/ld+json\" class=\"yoast-schema-graph\">{\"@context\":\"https:\\\/\\\/schema.org\",\"@graph\":[{\"@type\":\"WebPage\",\"@id\":\"https:\\\/\\\/amerplast.com\\\/pl\\\/produkty\\\/etykiety-opakowan-spozywczych\\\/opakowania-dla-produktow-swiezych\\\/\",\"url\":\"https:\\\/\\\/amerplast.com\\\/pl\\\/produkty\\\/etykiety-opakowan-spozywczych\\\/opakowania-dla-produktow-swiezych\\\/\",\"name\":\"Opakowania dla produkt\u00f3w \u015bwie\u017cych\",\"isPartOf\":{\"@id\":\"https:\\\/\\\/amerplast.com\\\/pl\\\/#website\"},\"primaryImageOfPage\":{\"@id\":\"https:\\\/\\\/amerplast.com\\\/pl\\\/produkty\\\/etykiety-opakowan-spozywczych\\\/opakowania-dla-produktow-swiezych\\\/#primaryimage\"},\"image\":{\"@id\":\"https:\\\/\\\/amerplast.com\\\/pl\\\/produkty\\\/etykiety-opakowan-spozywczych\\\/opakowania-dla-produktow-swiezych\\\/#primaryimage\"},\"thumbnailUrl\":\"https:\\\/\\\/amerplast.com\\\/wp-content\\\/uploads\\\/2019\\\/02\\\/Fresh_produce_packaging-01.jpg\",\"datePublished\":\"2019-02-08T07:19:14+00:00\",\"dateModified\":\"2022-05-16T11:12:43+00:00\",\"description\":\"Oferta skierowana jest do klient\u00f3w, kt\u00f3rzy posiadaj\u0105 w\u0142asne uprawy i chc\u0105 aby ich warzywa i owoce pozostawa\u0142y \u015bwie\u017ce i satysfakcjonowa\u0142y konsument\u00f3w.\",\"breadcrumb\":{\"@id\":\"https:\\\/\\\/amerplast.com\\\/pl\\\/produkty\\\/etykiety-opakowan-spozywczych\\\/opakowania-dla-produktow-swiezych\\\/#breadcrumb\"},\"inLanguage\":\"pl-PL\",\"potentialAction\":[{\"@type\":\"ReadAction\",\"target\":[\"https:\\\/\\\/amerplast.com\\\/pl\\\/produkty\\\/etykiety-opakowan-spozywczych\\\/opakowania-dla-produktow-swiezych\\\/\"]}]},{\"@type\":\"ImageObject\",\"inLanguage\":\"pl-PL\",\"@id\":\"https:\\\/\\\/amerplast.com\\\/pl\\\/produkty\\\/etykiety-opakowan-spozywczych\\\/opakowania-dla-produktow-swiezych\\\/#primaryimage\",\"url\":\"https:\\\/\\\/amerplast.com\\\/wp-content\\\/uploads\\\/2019\\\/02\\\/Fresh_produce_packaging-01.jpg\",\"contentUrl\":\"https:\\\/\\\/amerplast.com\\\/wp-content\\\/uploads\\\/2019\\\/02\\\/Fresh_produce_packaging-01.jpg\",\"width\":4167,\"height\":2588},{\"@type\":\"BreadcrumbList\",\"@id\":\"https:\\\/\\\/amerplast.com\\\/pl\\\/produkty\\\/etykiety-opakowan-spozywczych\\\/opakowania-dla-produktow-swiezych\\\/#breadcrumb\",\"itemListElement\":[{\"@type\":\"ListItem\",\"position\":1,\"name\":\"Home\",\"item\":\"https:\\\/\\\/amerplast.com\\\/pl\\\/\"},{\"@type\":\"ListItem\",\"position\":2,\"name\":\"Produkty i rodzaje opakowa\u0144\",\"item\":\"https:\\\/\\\/amerplast.com\\\/pl\\\/produkty\\\/\"},{\"@type\":\"ListItem\",\"position\":3,\"name\":\"Opakowania i etykiety spo\u017cywcze\",\"item\":\"https:\\\/\\\/amerplast.com\\\/pl\\\/produkty\\\/etykiety-opakowan-spozywczych\\\/\"},{\"@type\":\"ListItem\",\"position\":4,\"name\":\"Opakowania dla produkt\u00f3w \u015bwie\u017cych\"}]},{\"@type\":\"WebSite\",\"@id\":\"https:\\\/\\\/amerplast.com\\\/pl\\\/#website\",\"url\":\"https:\\\/\\\/amerplast.com\\\/pl\\\/\",\"name\":\"Amerplast\",\"description\":\"\",\"potentialAction\":[{\"@type\":\"SearchAction\",\"target\":{\"@type\":\"EntryPoint\",\"urlTemplate\":\"https:\\\/\\\/amerplast.com\\\/pl\\\/?s={search_term_string}\"},\"query-input\":{\"@type\":\"PropertyValueSpecification\",\"valueRequired\":true,\"valueName\":\"search_term_string\"}}],\"inLanguage\":\"pl-PL\"}]}<\/script>\n<!-- \/ Yoast SEO plugin. -->","yoast_head_json":{"title":"Opakowania dla produkt\u00f3w \u015bwie\u017cych","description":"Oferta skierowana jest do klient\u00f3w, kt\u00f3rzy posiadaj\u0105 w\u0142asne uprawy i chc\u0105 aby ich warzywa i owoce pozostawa\u0142y \u015bwie\u017ce i satysfakcjonowa\u0142y konsument\u00f3w.","robots":{"index":"index","follow":"follow","max-snippet":"max-snippet:-1","max-image-preview":"max-image-preview:large","max-video-preview":"max-video-preview:-1"},"canonical":"https:\/\/amerplast.com\/pl\/produkty\/etykiety-opakowan-spozywczych\/opakowania-dla-produktow-swiezych\/","og_locale":"pl_PL","og_type":"article","og_title":"Opakowania dla produkt\u00f3w \u015bwie\u017cych","og_description":"Oferta skierowana jest do klient\u00f3w, kt\u00f3rzy posiadaj\u0105 w\u0142asne uprawy i chc\u0105 aby ich warzywa i owoce pozostawa\u0142y \u015bwie\u017ce i satysfakcjonowa\u0142y konsument\u00f3w.","og_url":"https:\/\/amerplast.com\/pl\/produkty\/etykiety-opakowan-spozywczych\/opakowania-dla-produktow-swiezych\/","og_site_name":"Amerplast","article_modified_time":"2022-05-16T11:12:43+00:00","og_image":[{"width":4167,"height":2588,"url":"https:\/\/amerplast.com\/wp-content\/uploads\/2019\/02\/Fresh_produce_packaging-01.jpg","type":"image\/jpeg"}],"twitter_card":"summary_large_image","twitter_site":"@amerplast","schema":{"@context":"https:\/\/schema.org","@graph":[{"@type":"WebPage","@id":"https:\/\/amerplast.com\/pl\/produkty\/etykiety-opakowan-spozywczych\/opakowania-dla-produktow-swiezych\/","url":"https:\/\/amerplast.com\/pl\/produkty\/etykiety-opakowan-spozywczych\/opakowania-dla-produktow-swiezych\/","name":"Opakowania dla produkt\u00f3w \u015bwie\u017cych","isPartOf":{"@id":"https:\/\/amerplast.com\/pl\/#website"},"primaryImageOfPage":{"@id":"https:\/\/amerplast.com\/pl\/produkty\/etykiety-opakowan-spozywczych\/opakowania-dla-produktow-swiezych\/#primaryimage"},"image":{"@id":"https:\/\/amerplast.com\/pl\/produkty\/etykiety-opakowan-spozywczych\/opakowania-dla-produktow-swiezych\/#primaryimage"},"thumbnailUrl":"https:\/\/amerplast.com\/wp-content\/uploads\/2019\/02\/Fresh_produce_packaging-01.jpg","datePublished":"2019-02-08T07:19:14+00:00","dateModified":"2022-05-16T11:12:43+00:00","description":"Oferta skierowana jest do klient\u00f3w, kt\u00f3rzy posiadaj\u0105 w\u0142asne uprawy i chc\u0105 aby ich warzywa i owoce pozostawa\u0142y \u015bwie\u017ce i satysfakcjonowa\u0142y konsument\u00f3w.","breadcrumb":{"@id":"https:\/\/amerplast.com\/pl\/produkty\/etykiety-opakowan-spozywczych\/opakowania-dla-produktow-swiezych\/#breadcrumb"},"inLanguage":"pl-PL","potentialAction":[{"@type":"ReadAction","target":["https:\/\/amerplast.com\/pl\/produkty\/etykiety-opakowan-spozywczych\/opakowania-dla-produktow-swiezych\/"]}]},{"@type":"ImageObject","inLanguage":"pl-PL","@id":"https:\/\/amerplast.com\/pl\/produkty\/etykiety-opakowan-spozywczych\/opakowania-dla-produktow-swiezych\/#primaryimage","url":"https:\/\/amerplast.com\/wp-content\/uploads\/2019\/02\/Fresh_produce_packaging-01.jpg","contentUrl":"https:\/\/amerplast.com\/wp-content\/uploads\/2019\/02\/Fresh_produce_packaging-01.jpg","width":4167,"height":2588},{"@type":"BreadcrumbList","@id":"https:\/\/amerplast.com\/pl\/produkty\/etykiety-opakowan-spozywczych\/opakowania-dla-produktow-swiezych\/#breadcrumb","itemListElement":[{"@type":"ListItem","position":1,"name":"Home","item":"https:\/\/amerplast.com\/pl\/"},{"@type":"ListItem","position":2,"name":"Produkty i rodzaje opakowa\u0144","item":"https:\/\/amerplast.com\/pl\/produkty\/"},{"@type":"ListItem","position":3,"name":"Opakowania i etykiety spo\u017cywcze","item":"https:\/\/amerplast.com\/pl\/produkty\/etykiety-opakowan-spozywczych\/"},{"@type":"ListItem","position":4,"name":"Opakowania dla produkt\u00f3w \u015bwie\u017cych"}]},{"@type":"WebSite","@id":"https:\/\/amerplast.com\/pl\/#website","url":"https:\/\/amerplast.com\/pl\/","name":"Amerplast","description":"","potentialAction":[{"@type":"SearchAction","target":{"@type":"EntryPoint","urlTemplate":"https:\/\/amerplast.com\/pl\/?s={search_term_string}"},"query-input":{"@type":"PropertyValueSpecification","valueRequired":true,"valueName":"search_term_string"}}],"inLanguage":"pl-PL"}]}},"_links":{"self":[{"href":"https:\/\/amerplast.com\/pl\/wp-json\/wp\/v2\/pages\/9193","targetHints":{"allow":["GET"]}}],"collection":[{"href":"https:\/\/amerplast.com\/pl\/wp-json\/wp\/v2\/pages"}],"about":[{"href":"https:\/\/amerplast.com\/pl\/wp-json\/wp\/v2\/types\/page"}],"author":[{"embeddable":true,"href":"https:\/\/amerplast.com\/pl\/wp-json\/wp\/v2\/users\/7"}],"replies":[{"embeddable":true,"href":"https:\/\/amerplast.com\/pl\/wp-json\/wp\/v2\/comments?post=9193"}],"version-history":[{"count":4,"href":"https:\/\/amerplast.com\/pl\/wp-json\/wp\/v2\/pages\/9193\/revisions"}],"predecessor-version":[{"id":13440,"href":"https:\/\/amerplast.com\/pl\/wp-json\/wp\/v2\/pages\/9193\/revisions\/13440"}],"up":[{"embeddable":true,"href":"https:\/\/amerplast.com\/pl\/wp-json\/wp\/v2\/pages\/8613"}],"wp:featuredmedia":[{"embeddable":true,"href":"https:\/\/amerplast.com\/pl\/wp-json\/wp\/v2\/media\/7025"}],"wp:attachment":[{"href":"https:\/\/amerplast.com\/pl\/wp-json\/wp\/v2\/media?parent=9193"}],"curies":[{"name":"wp","href":"https:\/\/api.w.org\/{rel}","templated":true}]}}