{"id":9175,"date":"2019-02-07T16:50:12","date_gmt":"2019-02-07T14:50:12","guid":{"rendered":"https:\/\/amerplast.com\/produkty\/etykiety-opakowan-spozywczych\/amerbakery\/"},"modified":"2021-11-22T09:08:34","modified_gmt":"2021-11-22T07:08:34","slug":"amerbakery","status":"publish","type":"page","link":"https:\/\/amerplast.com\/pl\/produkty\/etykiety-opakowan-spozywczych\/amerbakery\/","title":{"rendered":"AmerBakery"},"content":{"rendered":"","protected":false},"excerpt":{"rendered":"","protected":false},"author":7,"featured_media":0,"parent":8613,"menu_order":0,"comment_status":"closed","ping_status":"closed","template":"","meta":{"_acf_changed":false,"footnotes":""},"class_list":["post-9175","page","type-page","status-publish","hentry"],"acf":[],"yoast_head":"<!-- This site is optimized with the Yoast SEO plugin v27.4 - https:\/\/yoast.com\/product\/yoast-seo-wordpress\/ -->\n<title>AmerBakery\u2013 opakowania na wyroby piekarnicze i torebki na chleb<\/title>\n<meta name=\"description\" content=\"W celu dostarczenia wypiek\u00f3w w idealnym stanie kluczow\u0105 rol\u0119 odgrywa opakowanie. Jeste\u015bmy jednym z najwi\u0119kszych przetw\u00f3rc\u00f3w woreczk\u00f3w do chleba w Europie.\" \/>\n<meta name=\"robots\" content=\"index, follow, max-snippet:-1, max-image-preview:large, max-video-preview:-1\" \/>\n<link rel=\"canonical\" href=\"https:\/\/amerplast.com\/pl\/produkty\/etykiety-opakowan-spozywczych\/amerbakery\/\" \/>\n<meta property=\"og:locale\" content=\"pl_PL\" \/>\n<meta property=\"og:type\" content=\"article\" \/>\n<meta property=\"og:title\" content=\"AmerBakery\u2013 opakowania na wyroby piekarnicze i torebki na chleb\" \/>\n<meta property=\"og:description\" content=\"W celu dostarczenia wypiek\u00f3w w idealnym stanie kluczow\u0105 rol\u0119 odgrywa opakowanie. Jeste\u015bmy jednym z najwi\u0119kszych przetw\u00f3rc\u00f3w woreczk\u00f3w do chleba w Europie.\" \/>\n<meta property=\"og:url\" content=\"https:\/\/amerplast.com\/pl\/produkty\/etykiety-opakowan-spozywczych\/amerbakery\/\" \/>\n<meta property=\"og:site_name\" content=\"Amerplast\" \/>\n<meta property=\"article:modified_time\" content=\"2021-11-22T07:08:34+00:00\" \/>\n<meta name=\"twitter:card\" content=\"summary_large_image\" \/>\n<meta name=\"twitter:site\" content=\"@amerplast\" \/>\n<script type=\"application\/ld+json\" class=\"yoast-schema-graph\">{\"@context\":\"https:\\\/\\\/schema.org\",\"@graph\":[{\"@type\":\"WebPage\",\"@id\":\"https:\\\/\\\/amerplast.com\\\/pl\\\/produkty\\\/etykiety-opakowan-spozywczych\\\/amerbakery\\\/\",\"url\":\"https:\\\/\\\/amerplast.com\\\/pl\\\/produkty\\\/etykiety-opakowan-spozywczych\\\/amerbakery\\\/\",\"name\":\"AmerBakery\u2013 opakowania na wyroby piekarnicze i torebki na chleb\",\"isPartOf\":{\"@id\":\"https:\\\/\\\/amerplast.com\\\/pl\\\/#website\"},\"datePublished\":\"2019-02-07T14:50:12+00:00\",\"dateModified\":\"2021-11-22T07:08:34+00:00\",\"description\":\"W celu dostarczenia wypiek\u00f3w w idealnym stanie kluczow\u0105 rol\u0119 odgrywa opakowanie. Jeste\u015bmy jednym z najwi\u0119kszych przetw\u00f3rc\u00f3w woreczk\u00f3w do chleba w Europie.\",\"breadcrumb\":{\"@id\":\"https:\\\/\\\/amerplast.com\\\/pl\\\/produkty\\\/etykiety-opakowan-spozywczych\\\/amerbakery\\\/#breadcrumb\"},\"inLanguage\":\"pl-PL\",\"potentialAction\":[{\"@type\":\"ReadAction\",\"target\":[\"https:\\\/\\\/amerplast.com\\\/pl\\\/produkty\\\/etykiety-opakowan-spozywczych\\\/amerbakery\\\/\"]}]},{\"@type\":\"BreadcrumbList\",\"@id\":\"https:\\\/\\\/amerplast.com\\\/pl\\\/produkty\\\/etykiety-opakowan-spozywczych\\\/amerbakery\\\/#breadcrumb\",\"itemListElement\":[{\"@type\":\"ListItem\",\"position\":1,\"name\":\"Home\",\"item\":\"https:\\\/\\\/amerplast.com\\\/pl\\\/\"},{\"@type\":\"ListItem\",\"position\":2,\"name\":\"Produkty i rodzaje opakowa\u0144\",\"item\":\"https:\\\/\\\/amerplast.com\\\/pl\\\/produkty\\\/\"},{\"@type\":\"ListItem\",\"position\":3,\"name\":\"Opakowania i etykiety spo\u017cywcze\",\"item\":\"https:\\\/\\\/amerplast.com\\\/pl\\\/produkty\\\/etykiety-opakowan-spozywczych\\\/\"},{\"@type\":\"ListItem\",\"position\":4,\"name\":\"AmerBakery\"}]},{\"@type\":\"WebSite\",\"@id\":\"https:\\\/\\\/amerplast.com\\\/pl\\\/#website\",\"url\":\"https:\\\/\\\/amerplast.com\\\/pl\\\/\",\"name\":\"Amerplast\",\"description\":\"\",\"potentialAction\":[{\"@type\":\"SearchAction\",\"target\":{\"@type\":\"EntryPoint\",\"urlTemplate\":\"https:\\\/\\\/amerplast.com\\\/pl\\\/?s={search_term_string}\"},\"query-input\":{\"@type\":\"PropertyValueSpecification\",\"valueRequired\":true,\"valueName\":\"search_term_string\"}}],\"inLanguage\":\"pl-PL\"}]}<\/script>\n<!-- \/ Yoast SEO plugin. -->","yoast_head_json":{"title":"AmerBakery\u2013 opakowania na wyroby piekarnicze i torebki na chleb","description":"W celu dostarczenia wypiek\u00f3w w idealnym stanie kluczow\u0105 rol\u0119 odgrywa opakowanie. Jeste\u015bmy jednym z najwi\u0119kszych przetw\u00f3rc\u00f3w woreczk\u00f3w do chleba w Europie.","robots":{"index":"index","follow":"follow","max-snippet":"max-snippet:-1","max-image-preview":"max-image-preview:large","max-video-preview":"max-video-preview:-1"},"canonical":"https:\/\/amerplast.com\/pl\/produkty\/etykiety-opakowan-spozywczych\/amerbakery\/","og_locale":"pl_PL","og_type":"article","og_title":"AmerBakery\u2013 opakowania na wyroby piekarnicze i torebki na chleb","og_description":"W celu dostarczenia wypiek\u00f3w w idealnym stanie kluczow\u0105 rol\u0119 odgrywa opakowanie. Jeste\u015bmy jednym z najwi\u0119kszych przetw\u00f3rc\u00f3w woreczk\u00f3w do chleba w Europie.","og_url":"https:\/\/amerplast.com\/pl\/produkty\/etykiety-opakowan-spozywczych\/amerbakery\/","og_site_name":"Amerplast","article_modified_time":"2021-11-22T07:08:34+00:00","twitter_card":"summary_large_image","twitter_site":"@amerplast","schema":{"@context":"https:\/\/schema.org","@graph":[{"@type":"WebPage","@id":"https:\/\/amerplast.com\/pl\/produkty\/etykiety-opakowan-spozywczych\/amerbakery\/","url":"https:\/\/amerplast.com\/pl\/produkty\/etykiety-opakowan-spozywczych\/amerbakery\/","name":"AmerBakery\u2013 opakowania na wyroby piekarnicze i torebki na chleb","isPartOf":{"@id":"https:\/\/amerplast.com\/pl\/#website"},"datePublished":"2019-02-07T14:50:12+00:00","dateModified":"2021-11-22T07:08:34+00:00","description":"W celu dostarczenia wypiek\u00f3w w idealnym stanie kluczow\u0105 rol\u0119 odgrywa opakowanie. Jeste\u015bmy jednym z najwi\u0119kszych przetw\u00f3rc\u00f3w woreczk\u00f3w do chleba w Europie.","breadcrumb":{"@id":"https:\/\/amerplast.com\/pl\/produkty\/etykiety-opakowan-spozywczych\/amerbakery\/#breadcrumb"},"inLanguage":"pl-PL","potentialAction":[{"@type":"ReadAction","target":["https:\/\/amerplast.com\/pl\/produkty\/etykiety-opakowan-spozywczych\/amerbakery\/"]}]},{"@type":"BreadcrumbList","@id":"https:\/\/amerplast.com\/pl\/produkty\/etykiety-opakowan-spozywczych\/amerbakery\/#breadcrumb","itemListElement":[{"@type":"ListItem","position":1,"name":"Home","item":"https:\/\/amerplast.com\/pl\/"},{"@type":"ListItem","position":2,"name":"Produkty i rodzaje opakowa\u0144","item":"https:\/\/amerplast.com\/pl\/produkty\/"},{"@type":"ListItem","position":3,"name":"Opakowania i etykiety spo\u017cywcze","item":"https:\/\/amerplast.com\/pl\/produkty\/etykiety-opakowan-spozywczych\/"},{"@type":"ListItem","position":4,"name":"AmerBakery"}]},{"@type":"WebSite","@id":"https:\/\/amerplast.com\/pl\/#website","url":"https:\/\/amerplast.com\/pl\/","name":"Amerplast","description":"","potentialAction":[{"@type":"SearchAction","target":{"@type":"EntryPoint","urlTemplate":"https:\/\/amerplast.com\/pl\/?s={search_term_string}"},"query-input":{"@type":"PropertyValueSpecification","valueRequired":true,"valueName":"search_term_string"}}],"inLanguage":"pl-PL"}]}},"_links":{"self":[{"href":"https:\/\/amerplast.com\/pl\/wp-json\/wp\/v2\/pages\/9175","targetHints":{"allow":["GET"]}}],"collection":[{"href":"https:\/\/amerplast.com\/pl\/wp-json\/wp\/v2\/pages"}],"about":[{"href":"https:\/\/amerplast.com\/pl\/wp-json\/wp\/v2\/types\/page"}],"author":[{"embeddable":true,"href":"https:\/\/amerplast.com\/pl\/wp-json\/wp\/v2\/users\/7"}],"replies":[{"embeddable":true,"href":"https:\/\/amerplast.com\/pl\/wp-json\/wp\/v2\/comments?post=9175"}],"version-history":[{"count":3,"href":"https:\/\/amerplast.com\/pl\/wp-json\/wp\/v2\/pages\/9175\/revisions"}],"predecessor-version":[{"id":11925,"href":"https:\/\/amerplast.com\/pl\/wp-json\/wp\/v2\/pages\/9175\/revisions\/11925"}],"up":[{"embeddable":true,"href":"https:\/\/amerplast.com\/pl\/wp-json\/wp\/v2\/pages\/8613"}],"wp:attachment":[{"href":"https:\/\/amerplast.com\/pl\/wp-json\/wp\/v2\/media?parent=9175"}],"curies":[{"name":"wp","href":"https:\/\/api.w.org\/{rel}","templated":true}]}}