{"id":9163,"date":"2019-03-28T11:07:29","date_gmt":"2019-03-28T09:07:29","guid":{"rendered":"https:\/\/amerplast.com\/produkty\/opakowania-na-artykuly-higieniczne\/hygiene-packaging\/"},"modified":"2021-11-19T14:58:47","modified_gmt":"2021-11-19T12:58:47","slug":"opakowania-artykulow-higienicznych","status":"publish","type":"page","link":"https:\/\/amerplast.com\/pl\/produkty\/opakowania-na-artykuly-higieniczne\/opakowania-artykulow-higienicznych\/","title":{"rendered":"Opakowania artyku\u0142\u00f3w higienicznych"},"content":{"rendered":"","protected":false},"excerpt":{"rendered":"","protected":false},"author":7,"featured_media":7063,"parent":8585,"menu_order":0,"comment_status":"closed","ping_status":"closed","template":"","meta":{"_acf_changed":false,"footnotes":""},"class_list":["post-9163","page","type-page","status-publish","has-post-thumbnail","hentry"],"acf":[],"yoast_head":"<!-- This site is optimized with the Yoast SEO plugin v27.4 - https:\/\/yoast.com\/product\/yoast-seo-wordpress\/ -->\n<title>Amerplast - Opakowania artyku\u0142\u00f3w higienicznych<\/title>\n<meta name=\"description\" content=\"Amerplast produkuje wysokiej jako\u015bci, atrakcyjne wizualnie opakowania poczynaj\u0105c od folii do gotowych torebek na produkty u\u017cytku domowego i higieny osobistej.\" \/>\n<meta name=\"robots\" content=\"index, follow, max-snippet:-1, max-image-preview:large, max-video-preview:-1\" \/>\n<link rel=\"canonical\" href=\"https:\/\/amerplast.com\/pl\/produkty\/opakowania-na-artykuly-higieniczne\/opakowania-artykulow-higienicznych\/\" \/>\n<meta property=\"og:locale\" content=\"pl_PL\" \/>\n<meta property=\"og:type\" content=\"article\" \/>\n<meta property=\"og:title\" content=\"Amerplast - Opakowania artyku\u0142\u00f3w higienicznych\" \/>\n<meta property=\"og:description\" content=\"Amerplast produkuje wysokiej jako\u015bci, atrakcyjne wizualnie opakowania poczynaj\u0105c od folii do gotowych torebek na produkty u\u017cytku domowego i higieny osobistej.\" \/>\n<meta property=\"og:url\" content=\"https:\/\/amerplast.com\/pl\/produkty\/opakowania-na-artykuly-higieniczne\/opakowania-artykulow-higienicznych\/\" \/>\n<meta property=\"og:site_name\" content=\"Amerplast\" \/>\n<meta property=\"article:modified_time\" content=\"2021-11-19T12:58:47+00:00\" \/>\n<meta property=\"og:image\" content=\"https:\/\/amerplast.com\/wp-content\/uploads\/2019\/03\/Hygiene_packaging-01.jpg\" \/>\n\t<meta property=\"og:image:width\" content=\"4167\" \/>\n\t<meta property=\"og:image:height\" content=\"2588\" \/>\n\t<meta property=\"og:image:type\" content=\"image\/jpeg\" \/>\n<meta name=\"twitter:card\" content=\"summary_large_image\" \/>\n<meta name=\"twitter:site\" content=\"@amerplast\" \/>\n<script type=\"application\/ld+json\" class=\"yoast-schema-graph\">{\"@context\":\"https:\\\/\\\/schema.org\",\"@graph\":[{\"@type\":\"WebPage\",\"@id\":\"https:\\\/\\\/amerplast.com\\\/pl\\\/produkty\\\/opakowania-na-artykuly-higieniczne\\\/opakowania-artykulow-higienicznych\\\/\",\"url\":\"https:\\\/\\\/amerplast.com\\\/pl\\\/produkty\\\/opakowania-na-artykuly-higieniczne\\\/opakowania-artykulow-higienicznych\\\/\",\"name\":\"Amerplast - Opakowania artyku\u0142\u00f3w higienicznych\",\"isPartOf\":{\"@id\":\"https:\\\/\\\/amerplast.com\\\/pl\\\/#website\"},\"primaryImageOfPage\":{\"@id\":\"https:\\\/\\\/amerplast.com\\\/pl\\\/produkty\\\/opakowania-na-artykuly-higieniczne\\\/opakowania-artykulow-higienicznych\\\/#primaryimage\"},\"image\":{\"@id\":\"https:\\\/\\\/amerplast.com\\\/pl\\\/produkty\\\/opakowania-na-artykuly-higieniczne\\\/opakowania-artykulow-higienicznych\\\/#primaryimage\"},\"thumbnailUrl\":\"https:\\\/\\\/amerplast.com\\\/wp-content\\\/uploads\\\/2019\\\/03\\\/Hygiene_packaging-01.jpg\",\"datePublished\":\"2019-03-28T09:07:29+00:00\",\"dateModified\":\"2021-11-19T12:58:47+00:00\",\"description\":\"Amerplast produkuje wysokiej jako\u015bci, atrakcyjne wizualnie opakowania poczynaj\u0105c od folii do gotowych torebek na produkty u\u017cytku domowego i higieny osobistej.\",\"breadcrumb\":{\"@id\":\"https:\\\/\\\/amerplast.com\\\/pl\\\/produkty\\\/opakowania-na-artykuly-higieniczne\\\/opakowania-artykulow-higienicznych\\\/#breadcrumb\"},\"inLanguage\":\"pl-PL\",\"potentialAction\":[{\"@type\":\"ReadAction\",\"target\":[\"https:\\\/\\\/amerplast.com\\\/pl\\\/produkty\\\/opakowania-na-artykuly-higieniczne\\\/opakowania-artykulow-higienicznych\\\/\"]}]},{\"@type\":\"ImageObject\",\"inLanguage\":\"pl-PL\",\"@id\":\"https:\\\/\\\/amerplast.com\\\/pl\\\/produkty\\\/opakowania-na-artykuly-higieniczne\\\/opakowania-artykulow-higienicznych\\\/#primaryimage\",\"url\":\"https:\\\/\\\/amerplast.com\\\/wp-content\\\/uploads\\\/2019\\\/03\\\/Hygiene_packaging-01.jpg\",\"contentUrl\":\"https:\\\/\\\/amerplast.com\\\/wp-content\\\/uploads\\\/2019\\\/03\\\/Hygiene_packaging-01.jpg\",\"width\":4167,\"height\":2588},{\"@type\":\"BreadcrumbList\",\"@id\":\"https:\\\/\\\/amerplast.com\\\/pl\\\/produkty\\\/opakowania-na-artykuly-higieniczne\\\/opakowania-artykulow-higienicznych\\\/#breadcrumb\",\"itemListElement\":[{\"@type\":\"ListItem\",\"position\":1,\"name\":\"Home\",\"item\":\"https:\\\/\\\/amerplast.com\\\/pl\\\/\"},{\"@type\":\"ListItem\",\"position\":2,\"name\":\"Produkty i rodzaje opakowa\u0144\",\"item\":\"https:\\\/\\\/amerplast.com\\\/pl\\\/produkty\\\/\"},{\"@type\":\"ListItem\",\"position\":3,\"name\":\"Opakowania na artyku\u0142y higieniczne\",\"item\":\"https:\\\/\\\/amerplast.com\\\/pl\\\/produkty\\\/opakowania-na-artykuly-higieniczne\\\/\"},{\"@type\":\"ListItem\",\"position\":4,\"name\":\"Opakowania artyku\u0142\u00f3w higienicznych\"}]},{\"@type\":\"WebSite\",\"@id\":\"https:\\\/\\\/amerplast.com\\\/pl\\\/#website\",\"url\":\"https:\\\/\\\/amerplast.com\\\/pl\\\/\",\"name\":\"Amerplast\",\"description\":\"\",\"potentialAction\":[{\"@type\":\"SearchAction\",\"target\":{\"@type\":\"EntryPoint\",\"urlTemplate\":\"https:\\\/\\\/amerplast.com\\\/pl\\\/?s={search_term_string}\"},\"query-input\":{\"@type\":\"PropertyValueSpecification\",\"valueRequired\":true,\"valueName\":\"search_term_string\"}}],\"inLanguage\":\"pl-PL\"}]}<\/script>\n<!-- \/ Yoast SEO plugin. -->","yoast_head_json":{"title":"Amerplast - Opakowania artyku\u0142\u00f3w higienicznych","description":"Amerplast produkuje wysokiej jako\u015bci, atrakcyjne wizualnie opakowania poczynaj\u0105c od folii do gotowych torebek na produkty u\u017cytku domowego i higieny osobistej.","robots":{"index":"index","follow":"follow","max-snippet":"max-snippet:-1","max-image-preview":"max-image-preview:large","max-video-preview":"max-video-preview:-1"},"canonical":"https:\/\/amerplast.com\/pl\/produkty\/opakowania-na-artykuly-higieniczne\/opakowania-artykulow-higienicznych\/","og_locale":"pl_PL","og_type":"article","og_title":"Amerplast - Opakowania artyku\u0142\u00f3w higienicznych","og_description":"Amerplast produkuje wysokiej jako\u015bci, atrakcyjne wizualnie opakowania poczynaj\u0105c od folii do gotowych torebek na produkty u\u017cytku domowego i higieny osobistej.","og_url":"https:\/\/amerplast.com\/pl\/produkty\/opakowania-na-artykuly-higieniczne\/opakowania-artykulow-higienicznych\/","og_site_name":"Amerplast","article_modified_time":"2021-11-19T12:58:47+00:00","og_image":[{"width":4167,"height":2588,"url":"https:\/\/amerplast.com\/wp-content\/uploads\/2019\/03\/Hygiene_packaging-01.jpg","type":"image\/jpeg"}],"twitter_card":"summary_large_image","twitter_site":"@amerplast","schema":{"@context":"https:\/\/schema.org","@graph":[{"@type":"WebPage","@id":"https:\/\/amerplast.com\/pl\/produkty\/opakowania-na-artykuly-higieniczne\/opakowania-artykulow-higienicznych\/","url":"https:\/\/amerplast.com\/pl\/produkty\/opakowania-na-artykuly-higieniczne\/opakowania-artykulow-higienicznych\/","name":"Amerplast - Opakowania artyku\u0142\u00f3w higienicznych","isPartOf":{"@id":"https:\/\/amerplast.com\/pl\/#website"},"primaryImageOfPage":{"@id":"https:\/\/amerplast.com\/pl\/produkty\/opakowania-na-artykuly-higieniczne\/opakowania-artykulow-higienicznych\/#primaryimage"},"image":{"@id":"https:\/\/amerplast.com\/pl\/produkty\/opakowania-na-artykuly-higieniczne\/opakowania-artykulow-higienicznych\/#primaryimage"},"thumbnailUrl":"https:\/\/amerplast.com\/wp-content\/uploads\/2019\/03\/Hygiene_packaging-01.jpg","datePublished":"2019-03-28T09:07:29+00:00","dateModified":"2021-11-19T12:58:47+00:00","description":"Amerplast produkuje wysokiej jako\u015bci, atrakcyjne wizualnie opakowania poczynaj\u0105c od folii do gotowych torebek na produkty u\u017cytku domowego i higieny osobistej.","breadcrumb":{"@id":"https:\/\/amerplast.com\/pl\/produkty\/opakowania-na-artykuly-higieniczne\/opakowania-artykulow-higienicznych\/#breadcrumb"},"inLanguage":"pl-PL","potentialAction":[{"@type":"ReadAction","target":["https:\/\/amerplast.com\/pl\/produkty\/opakowania-na-artykuly-higieniczne\/opakowania-artykulow-higienicznych\/"]}]},{"@type":"ImageObject","inLanguage":"pl-PL","@id":"https:\/\/amerplast.com\/pl\/produkty\/opakowania-na-artykuly-higieniczne\/opakowania-artykulow-higienicznych\/#primaryimage","url":"https:\/\/amerplast.com\/wp-content\/uploads\/2019\/03\/Hygiene_packaging-01.jpg","contentUrl":"https:\/\/amerplast.com\/wp-content\/uploads\/2019\/03\/Hygiene_packaging-01.jpg","width":4167,"height":2588},{"@type":"BreadcrumbList","@id":"https:\/\/amerplast.com\/pl\/produkty\/opakowania-na-artykuly-higieniczne\/opakowania-artykulow-higienicznych\/#breadcrumb","itemListElement":[{"@type":"ListItem","position":1,"name":"Home","item":"https:\/\/amerplast.com\/pl\/"},{"@type":"ListItem","position":2,"name":"Produkty i rodzaje opakowa\u0144","item":"https:\/\/amerplast.com\/pl\/produkty\/"},{"@type":"ListItem","position":3,"name":"Opakowania na artyku\u0142y higieniczne","item":"https:\/\/amerplast.com\/pl\/produkty\/opakowania-na-artykuly-higieniczne\/"},{"@type":"ListItem","position":4,"name":"Opakowania artyku\u0142\u00f3w higienicznych"}]},{"@type":"WebSite","@id":"https:\/\/amerplast.com\/pl\/#website","url":"https:\/\/amerplast.com\/pl\/","name":"Amerplast","description":"","potentialAction":[{"@type":"SearchAction","target":{"@type":"EntryPoint","urlTemplate":"https:\/\/amerplast.com\/pl\/?s={search_term_string}"},"query-input":{"@type":"PropertyValueSpecification","valueRequired":true,"valueName":"search_term_string"}}],"inLanguage":"pl-PL"}]}},"_links":{"self":[{"href":"https:\/\/amerplast.com\/pl\/wp-json\/wp\/v2\/pages\/9163","targetHints":{"allow":["GET"]}}],"collection":[{"href":"https:\/\/amerplast.com\/pl\/wp-json\/wp\/v2\/pages"}],"about":[{"href":"https:\/\/amerplast.com\/pl\/wp-json\/wp\/v2\/types\/page"}],"author":[{"embeddable":true,"href":"https:\/\/amerplast.com\/pl\/wp-json\/wp\/v2\/users\/7"}],"replies":[{"embeddable":true,"href":"https:\/\/amerplast.com\/pl\/wp-json\/wp\/v2\/comments?post=9163"}],"version-history":[{"count":3,"href":"https:\/\/amerplast.com\/pl\/wp-json\/wp\/v2\/pages\/9163\/revisions"}],"predecessor-version":[{"id":11920,"href":"https:\/\/amerplast.com\/pl\/wp-json\/wp\/v2\/pages\/9163\/revisions\/11920"}],"up":[{"embeddable":true,"href":"https:\/\/amerplast.com\/pl\/wp-json\/wp\/v2\/pages\/8585"}],"wp:featuredmedia":[{"embeddable":true,"href":"https:\/\/amerplast.com\/pl\/wp-json\/wp\/v2\/media\/7063"}],"wp:attachment":[{"href":"https:\/\/amerplast.com\/pl\/wp-json\/wp\/v2\/media?parent=9163"}],"curies":[{"name":"wp","href":"https:\/\/api.w.org\/{rel}","templated":true}]}}