{"id":9101,"date":"2018-12-14T10:37:37","date_gmt":"2018-12-14T08:37:37","guid":{"rendered":"https:\/\/amerplast.com\/firma\/amerplast-o-nas\/history\/"},"modified":"2023-11-09T07:17:46","modified_gmt":"2023-11-09T05:17:46","slug":"historia","status":"publish","type":"page","link":"https:\/\/amerplast.com\/pl\/firma\/amerplast-o-nas\/historia\/","title":{"rendered":"Historia"},"content":{"rendered":"","protected":false},"excerpt":{"rendered":"","protected":false},"author":7,"featured_media":7039,"parent":8357,"menu_order":0,"comment_status":"closed","ping_status":"closed","template":"","meta":{"_acf_changed":false,"footnotes":""},"class_list":["post-9101","page","type-page","status-publish","has-post-thumbnail","hentry"],"acf":[],"yoast_head":"<!-- This site is optimized with the Yoast SEO plugin v27.4 - https:\/\/yoast.com\/product\/yoast-seo-wordpress\/ -->\n<title>Historia \u2013 ponad 70 lat tradycji w bran\u017cy opakowa\u0144 elastycznych<\/title>\n<meta name=\"description\" content=\"Amerplast posiada ponad siedemdziesi\u0119cioletni\u0105 tradycj\u0119 w bran\u017cy opakowa\u0144 elastycznych co daje mocne podwaliny pod przysz\u0142y sukces.\" \/>\n<meta name=\"robots\" content=\"index, follow, max-snippet:-1, max-image-preview:large, max-video-preview:-1\" \/>\n<link rel=\"canonical\" href=\"https:\/\/amerplast.com\/pl\/firma\/amerplast-o-nas\/historia\/\" \/>\n<meta property=\"og:locale\" content=\"pl_PL\" \/>\n<meta property=\"og:type\" content=\"article\" \/>\n<meta property=\"og:title\" content=\"Historia \u2013 ponad 70 lat tradycji w bran\u017cy opakowa\u0144 elastycznych\" \/>\n<meta property=\"og:description\" content=\"Amerplast posiada ponad siedemdziesi\u0119cioletni\u0105 tradycj\u0119 w bran\u017cy opakowa\u0144 elastycznych co daje mocne podwaliny pod przysz\u0142y sukces.\" \/>\n<meta property=\"og:url\" content=\"https:\/\/amerplast.com\/pl\/firma\/amerplast-o-nas\/historia\/\" \/>\n<meta property=\"og:site_name\" content=\"Amerplast\" \/>\n<meta property=\"article:modified_time\" content=\"2023-11-09T05:17:46+00:00\" \/>\n<meta property=\"og:image\" content=\"https:\/\/amerplast.com\/wp-content\/uploads\/2019\/03\/History-01.jpg\" \/>\n\t<meta property=\"og:image:width\" content=\"4167\" \/>\n\t<meta property=\"og:image:height\" content=\"2588\" \/>\n\t<meta property=\"og:image:type\" content=\"image\/jpeg\" \/>\n<meta name=\"twitter:card\" content=\"summary_large_image\" \/>\n<meta name=\"twitter:site\" content=\"@amerplast\" \/>\n<script type=\"application\/ld+json\" class=\"yoast-schema-graph\">{\"@context\":\"https:\\\/\\\/schema.org\",\"@graph\":[{\"@type\":\"WebPage\",\"@id\":\"https:\\\/\\\/amerplast.com\\\/pl\\\/firma\\\/amerplast-o-nas\\\/historia\\\/\",\"url\":\"https:\\\/\\\/amerplast.com\\\/pl\\\/firma\\\/amerplast-o-nas\\\/historia\\\/\",\"name\":\"Historia \u2013 ponad 70 lat tradycji w bran\u017cy opakowa\u0144 elastycznych\",\"isPartOf\":{\"@id\":\"https:\\\/\\\/amerplast.com\\\/pl\\\/#website\"},\"primaryImageOfPage\":{\"@id\":\"https:\\\/\\\/amerplast.com\\\/pl\\\/firma\\\/amerplast-o-nas\\\/historia\\\/#primaryimage\"},\"image\":{\"@id\":\"https:\\\/\\\/amerplast.com\\\/pl\\\/firma\\\/amerplast-o-nas\\\/historia\\\/#primaryimage\"},\"thumbnailUrl\":\"https:\\\/\\\/amerplast.com\\\/wp-content\\\/uploads\\\/2019\\\/03\\\/History-01.jpg\",\"datePublished\":\"2018-12-14T08:37:37+00:00\",\"dateModified\":\"2023-11-09T05:17:46+00:00\",\"description\":\"Amerplast posiada ponad siedemdziesi\u0119cioletni\u0105 tradycj\u0119 w bran\u017cy opakowa\u0144 elastycznych co daje mocne podwaliny pod przysz\u0142y sukces.\",\"breadcrumb\":{\"@id\":\"https:\\\/\\\/amerplast.com\\\/pl\\\/firma\\\/amerplast-o-nas\\\/historia\\\/#breadcrumb\"},\"inLanguage\":\"pl-PL\",\"potentialAction\":[{\"@type\":\"ReadAction\",\"target\":[\"https:\\\/\\\/amerplast.com\\\/pl\\\/firma\\\/amerplast-o-nas\\\/historia\\\/\"]}]},{\"@type\":\"ImageObject\",\"inLanguage\":\"pl-PL\",\"@id\":\"https:\\\/\\\/amerplast.com\\\/pl\\\/firma\\\/amerplast-o-nas\\\/historia\\\/#primaryimage\",\"url\":\"https:\\\/\\\/amerplast.com\\\/wp-content\\\/uploads\\\/2019\\\/03\\\/History-01.jpg\",\"contentUrl\":\"https:\\\/\\\/amerplast.com\\\/wp-content\\\/uploads\\\/2019\\\/03\\\/History-01.jpg\",\"width\":4167,\"height\":2588},{\"@type\":\"BreadcrumbList\",\"@id\":\"https:\\\/\\\/amerplast.com\\\/pl\\\/firma\\\/amerplast-o-nas\\\/historia\\\/#breadcrumb\",\"itemListElement\":[{\"@type\":\"ListItem\",\"position\":1,\"name\":\"Home\",\"item\":\"https:\\\/\\\/amerplast.com\\\/pl\\\/\"},{\"@type\":\"ListItem\",\"position\":2,\"name\":\"Firma\",\"item\":\"https:\\\/\\\/amerplast.com\\\/pl\\\/firma\\\/\"},{\"@type\":\"ListItem\",\"position\":3,\"name\":\"Amerplast &#8211; o nas\",\"item\":\"https:\\\/\\\/amerplast.com\\\/pl\\\/firma\\\/amerplast-o-nas\\\/\"},{\"@type\":\"ListItem\",\"position\":4,\"name\":\"Historia\"}]},{\"@type\":\"WebSite\",\"@id\":\"https:\\\/\\\/amerplast.com\\\/pl\\\/#website\",\"url\":\"https:\\\/\\\/amerplast.com\\\/pl\\\/\",\"name\":\"Amerplast\",\"description\":\"\",\"potentialAction\":[{\"@type\":\"SearchAction\",\"target\":{\"@type\":\"EntryPoint\",\"urlTemplate\":\"https:\\\/\\\/amerplast.com\\\/pl\\\/?s={search_term_string}\"},\"query-input\":{\"@type\":\"PropertyValueSpecification\",\"valueRequired\":true,\"valueName\":\"search_term_string\"}}],\"inLanguage\":\"pl-PL\"}]}<\/script>\n<!-- \/ Yoast SEO plugin. -->","yoast_head_json":{"title":"Historia \u2013 ponad 70 lat tradycji w bran\u017cy opakowa\u0144 elastycznych","description":"Amerplast posiada ponad siedemdziesi\u0119cioletni\u0105 tradycj\u0119 w bran\u017cy opakowa\u0144 elastycznych co daje mocne podwaliny pod przysz\u0142y sukces.","robots":{"index":"index","follow":"follow","max-snippet":"max-snippet:-1","max-image-preview":"max-image-preview:large","max-video-preview":"max-video-preview:-1"},"canonical":"https:\/\/amerplast.com\/pl\/firma\/amerplast-o-nas\/historia\/","og_locale":"pl_PL","og_type":"article","og_title":"Historia \u2013 ponad 70 lat tradycji w bran\u017cy opakowa\u0144 elastycznych","og_description":"Amerplast posiada ponad siedemdziesi\u0119cioletni\u0105 tradycj\u0119 w bran\u017cy opakowa\u0144 elastycznych co daje mocne podwaliny pod przysz\u0142y sukces.","og_url":"https:\/\/amerplast.com\/pl\/firma\/amerplast-o-nas\/historia\/","og_site_name":"Amerplast","article_modified_time":"2023-11-09T05:17:46+00:00","og_image":[{"width":4167,"height":2588,"url":"https:\/\/amerplast.com\/wp-content\/uploads\/2019\/03\/History-01.jpg","type":"image\/jpeg"}],"twitter_card":"summary_large_image","twitter_site":"@amerplast","schema":{"@context":"https:\/\/schema.org","@graph":[{"@type":"WebPage","@id":"https:\/\/amerplast.com\/pl\/firma\/amerplast-o-nas\/historia\/","url":"https:\/\/amerplast.com\/pl\/firma\/amerplast-o-nas\/historia\/","name":"Historia \u2013 ponad 70 lat tradycji w bran\u017cy opakowa\u0144 elastycznych","isPartOf":{"@id":"https:\/\/amerplast.com\/pl\/#website"},"primaryImageOfPage":{"@id":"https:\/\/amerplast.com\/pl\/firma\/amerplast-o-nas\/historia\/#primaryimage"},"image":{"@id":"https:\/\/amerplast.com\/pl\/firma\/amerplast-o-nas\/historia\/#primaryimage"},"thumbnailUrl":"https:\/\/amerplast.com\/wp-content\/uploads\/2019\/03\/History-01.jpg","datePublished":"2018-12-14T08:37:37+00:00","dateModified":"2023-11-09T05:17:46+00:00","description":"Amerplast posiada ponad siedemdziesi\u0119cioletni\u0105 tradycj\u0119 w bran\u017cy opakowa\u0144 elastycznych co daje mocne podwaliny pod przysz\u0142y sukces.","breadcrumb":{"@id":"https:\/\/amerplast.com\/pl\/firma\/amerplast-o-nas\/historia\/#breadcrumb"},"inLanguage":"pl-PL","potentialAction":[{"@type":"ReadAction","target":["https:\/\/amerplast.com\/pl\/firma\/amerplast-o-nas\/historia\/"]}]},{"@type":"ImageObject","inLanguage":"pl-PL","@id":"https:\/\/amerplast.com\/pl\/firma\/amerplast-o-nas\/historia\/#primaryimage","url":"https:\/\/amerplast.com\/wp-content\/uploads\/2019\/03\/History-01.jpg","contentUrl":"https:\/\/amerplast.com\/wp-content\/uploads\/2019\/03\/History-01.jpg","width":4167,"height":2588},{"@type":"BreadcrumbList","@id":"https:\/\/amerplast.com\/pl\/firma\/amerplast-o-nas\/historia\/#breadcrumb","itemListElement":[{"@type":"ListItem","position":1,"name":"Home","item":"https:\/\/amerplast.com\/pl\/"},{"@type":"ListItem","position":2,"name":"Firma","item":"https:\/\/amerplast.com\/pl\/firma\/"},{"@type":"ListItem","position":3,"name":"Amerplast &#8211; o nas","item":"https:\/\/amerplast.com\/pl\/firma\/amerplast-o-nas\/"},{"@type":"ListItem","position":4,"name":"Historia"}]},{"@type":"WebSite","@id":"https:\/\/amerplast.com\/pl\/#website","url":"https:\/\/amerplast.com\/pl\/","name":"Amerplast","description":"","potentialAction":[{"@type":"SearchAction","target":{"@type":"EntryPoint","urlTemplate":"https:\/\/amerplast.com\/pl\/?s={search_term_string}"},"query-input":{"@type":"PropertyValueSpecification","valueRequired":true,"valueName":"search_term_string"}}],"inLanguage":"pl-PL"}]}},"_links":{"self":[{"href":"https:\/\/amerplast.com\/pl\/wp-json\/wp\/v2\/pages\/9101","targetHints":{"allow":["GET"]}}],"collection":[{"href":"https:\/\/amerplast.com\/pl\/wp-json\/wp\/v2\/pages"}],"about":[{"href":"https:\/\/amerplast.com\/pl\/wp-json\/wp\/v2\/types\/page"}],"author":[{"embeddable":true,"href":"https:\/\/amerplast.com\/pl\/wp-json\/wp\/v2\/users\/7"}],"replies":[{"embeddable":true,"href":"https:\/\/amerplast.com\/pl\/wp-json\/wp\/v2\/comments?post=9101"}],"version-history":[{"count":4,"href":"https:\/\/amerplast.com\/pl\/wp-json\/wp\/v2\/pages\/9101\/revisions"}],"predecessor-version":[{"id":29366,"href":"https:\/\/amerplast.com\/pl\/wp-json\/wp\/v2\/pages\/9101\/revisions\/29366"}],"up":[{"embeddable":true,"href":"https:\/\/amerplast.com\/pl\/wp-json\/wp\/v2\/pages\/8357"}],"wp:featuredmedia":[{"embeddable":true,"href":"https:\/\/amerplast.com\/pl\/wp-json\/wp\/v2\/media\/7039"}],"wp:attachment":[{"href":"https:\/\/amerplast.com\/pl\/wp-json\/wp\/v2\/media?parent=9101"}],"curies":[{"name":"wp","href":"https:\/\/api.w.org\/{rel}","templated":true}]}}