{"id":9085,"date":"2018-12-13T16:30:37","date_gmt":"2018-12-13T14:30:37","guid":{"rendered":"https:\/\/amerplast.com\/firma\/amerplast-o-nas\/quality-certificates\/"},"modified":"2023-11-02T11:15:10","modified_gmt":"2023-11-02T09:15:10","slug":"jakosc-certyfikaty","status":"publish","type":"page","link":"https:\/\/amerplast.com\/pl\/firma\/amerplast-o-nas\/jakosc-certyfikaty\/","title":{"rendered":"Jako\u015b\u0107 i certyfikaty"},"content":{"rendered":"","protected":false},"excerpt":{"rendered":"","protected":false},"author":7,"featured_media":7213,"parent":8357,"menu_order":0,"comment_status":"closed","ping_status":"closed","template":"","meta":{"_acf_changed":false,"footnotes":""},"class_list":["post-9085","page","type-page","status-publish","has-post-thumbnail","hentry"],"acf":[],"yoast_head":"<!-- This site is optimized with the Yoast SEO plugin v27.4 - https:\/\/yoast.com\/product\/yoast-seo-wordpress\/ -->\n<title>Jako\u015b\u0107 i certyfikaty - Jako\u015b\u0107 jest istotn\u0105 cz\u0119\u015bci\u0105 wszystkiego, co robimy<\/title>\n<meta name=\"description\" content=\"W Amerplast procesy zwi\u0105zane z jako\u015bci\u0105, \u015brodowiskiem i bezpiecze\u0144stwem opieraj\u0105 si\u0119 na standardach BRC. Jako\u015b\u0107 jest istotn\u0105 cz\u0119\u015bci\u0105 wszystkiego, co robimy.\" \/>\n<meta name=\"robots\" content=\"index, follow, max-snippet:-1, max-image-preview:large, max-video-preview:-1\" \/>\n<link rel=\"canonical\" href=\"https:\/\/amerplast.com\/pl\/firma\/amerplast-o-nas\/jakosc-certyfikaty\/\" \/>\n<meta property=\"og:locale\" content=\"pl_PL\" \/>\n<meta property=\"og:type\" content=\"article\" \/>\n<meta property=\"og:title\" content=\"Jako\u015b\u0107 i certyfikaty - Jako\u015b\u0107 jest istotn\u0105 cz\u0119\u015bci\u0105 wszystkiego, co robimy\" \/>\n<meta property=\"og:description\" content=\"W Amerplast procesy zwi\u0105zane z jako\u015bci\u0105, \u015brodowiskiem i bezpiecze\u0144stwem opieraj\u0105 si\u0119 na standardach BRC. Jako\u015b\u0107 jest istotn\u0105 cz\u0119\u015bci\u0105 wszystkiego, co robimy.\" \/>\n<meta property=\"og:url\" content=\"https:\/\/amerplast.com\/pl\/firma\/amerplast-o-nas\/jakosc-certyfikaty\/\" \/>\n<meta property=\"og:site_name\" content=\"Amerplast\" \/>\n<meta property=\"article:modified_time\" content=\"2023-11-02T09:15:10+00:00\" \/>\n<meta property=\"og:image\" content=\"https:\/\/amerplast.com\/wp-content\/uploads\/2019\/02\/quality_certificates-01.jpg\" \/>\n\t<meta property=\"og:image:width\" content=\"4167\" \/>\n\t<meta property=\"og:image:height\" content=\"2588\" \/>\n\t<meta property=\"og:image:type\" content=\"image\/jpeg\" \/>\n<meta name=\"twitter:card\" content=\"summary_large_image\" \/>\n<meta name=\"twitter:site\" content=\"@amerplast\" \/>\n<script type=\"application\/ld+json\" class=\"yoast-schema-graph\">{\"@context\":\"https:\\\/\\\/schema.org\",\"@graph\":[{\"@type\":\"WebPage\",\"@id\":\"https:\\\/\\\/amerplast.com\\\/pl\\\/firma\\\/amerplast-o-nas\\\/jakosc-certyfikaty\\\/\",\"url\":\"https:\\\/\\\/amerplast.com\\\/pl\\\/firma\\\/amerplast-o-nas\\\/jakosc-certyfikaty\\\/\",\"name\":\"Jako\u015b\u0107 i certyfikaty - Jako\u015b\u0107 jest istotn\u0105 cz\u0119\u015bci\u0105 wszystkiego, co robimy\",\"isPartOf\":{\"@id\":\"https:\\\/\\\/amerplast.com\\\/pl\\\/#website\"},\"primaryImageOfPage\":{\"@id\":\"https:\\\/\\\/amerplast.com\\\/pl\\\/firma\\\/amerplast-o-nas\\\/jakosc-certyfikaty\\\/#primaryimage\"},\"image\":{\"@id\":\"https:\\\/\\\/amerplast.com\\\/pl\\\/firma\\\/amerplast-o-nas\\\/jakosc-certyfikaty\\\/#primaryimage\"},\"thumbnailUrl\":\"https:\\\/\\\/amerplast.com\\\/wp-content\\\/uploads\\\/2019\\\/02\\\/quality_certificates-01.jpg\",\"datePublished\":\"2018-12-13T14:30:37+00:00\",\"dateModified\":\"2023-11-02T09:15:10+00:00\",\"description\":\"W Amerplast procesy zwi\u0105zane z jako\u015bci\u0105, \u015brodowiskiem i bezpiecze\u0144stwem opieraj\u0105 si\u0119 na standardach BRC. Jako\u015b\u0107 jest istotn\u0105 cz\u0119\u015bci\u0105 wszystkiego, co robimy.\",\"breadcrumb\":{\"@id\":\"https:\\\/\\\/amerplast.com\\\/pl\\\/firma\\\/amerplast-o-nas\\\/jakosc-certyfikaty\\\/#breadcrumb\"},\"inLanguage\":\"pl-PL\",\"potentialAction\":[{\"@type\":\"ReadAction\",\"target\":[\"https:\\\/\\\/amerplast.com\\\/pl\\\/firma\\\/amerplast-o-nas\\\/jakosc-certyfikaty\\\/\"]}]},{\"@type\":\"ImageObject\",\"inLanguage\":\"pl-PL\",\"@id\":\"https:\\\/\\\/amerplast.com\\\/pl\\\/firma\\\/amerplast-o-nas\\\/jakosc-certyfikaty\\\/#primaryimage\",\"url\":\"https:\\\/\\\/amerplast.com\\\/wp-content\\\/uploads\\\/2019\\\/02\\\/quality_certificates-01.jpg\",\"contentUrl\":\"https:\\\/\\\/amerplast.com\\\/wp-content\\\/uploads\\\/2019\\\/02\\\/quality_certificates-01.jpg\",\"width\":4167,\"height\":2588},{\"@type\":\"BreadcrumbList\",\"@id\":\"https:\\\/\\\/amerplast.com\\\/pl\\\/firma\\\/amerplast-o-nas\\\/jakosc-certyfikaty\\\/#breadcrumb\",\"itemListElement\":[{\"@type\":\"ListItem\",\"position\":1,\"name\":\"Home\",\"item\":\"https:\\\/\\\/amerplast.com\\\/pl\\\/\"},{\"@type\":\"ListItem\",\"position\":2,\"name\":\"Firma\",\"item\":\"https:\\\/\\\/amerplast.com\\\/pl\\\/firma\\\/\"},{\"@type\":\"ListItem\",\"position\":3,\"name\":\"Amerplast &#8211; o nas\",\"item\":\"https:\\\/\\\/amerplast.com\\\/pl\\\/firma\\\/amerplast-o-nas\\\/\"},{\"@type\":\"ListItem\",\"position\":4,\"name\":\"Jako\u015b\u0107 i certyfikaty\"}]},{\"@type\":\"WebSite\",\"@id\":\"https:\\\/\\\/amerplast.com\\\/pl\\\/#website\",\"url\":\"https:\\\/\\\/amerplast.com\\\/pl\\\/\",\"name\":\"Amerplast\",\"description\":\"\",\"potentialAction\":[{\"@type\":\"SearchAction\",\"target\":{\"@type\":\"EntryPoint\",\"urlTemplate\":\"https:\\\/\\\/amerplast.com\\\/pl\\\/?s={search_term_string}\"},\"query-input\":{\"@type\":\"PropertyValueSpecification\",\"valueRequired\":true,\"valueName\":\"search_term_string\"}}],\"inLanguage\":\"pl-PL\"}]}<\/script>\n<!-- \/ Yoast SEO plugin. -->","yoast_head_json":{"title":"Jako\u015b\u0107 i certyfikaty - Jako\u015b\u0107 jest istotn\u0105 cz\u0119\u015bci\u0105 wszystkiego, co robimy","description":"W Amerplast procesy zwi\u0105zane z jako\u015bci\u0105, \u015brodowiskiem i bezpiecze\u0144stwem opieraj\u0105 si\u0119 na standardach BRC. Jako\u015b\u0107 jest istotn\u0105 cz\u0119\u015bci\u0105 wszystkiego, co robimy.","robots":{"index":"index","follow":"follow","max-snippet":"max-snippet:-1","max-image-preview":"max-image-preview:large","max-video-preview":"max-video-preview:-1"},"canonical":"https:\/\/amerplast.com\/pl\/firma\/amerplast-o-nas\/jakosc-certyfikaty\/","og_locale":"pl_PL","og_type":"article","og_title":"Jako\u015b\u0107 i certyfikaty - Jako\u015b\u0107 jest istotn\u0105 cz\u0119\u015bci\u0105 wszystkiego, co robimy","og_description":"W Amerplast procesy zwi\u0105zane z jako\u015bci\u0105, \u015brodowiskiem i bezpiecze\u0144stwem opieraj\u0105 si\u0119 na standardach BRC. Jako\u015b\u0107 jest istotn\u0105 cz\u0119\u015bci\u0105 wszystkiego, co robimy.","og_url":"https:\/\/amerplast.com\/pl\/firma\/amerplast-o-nas\/jakosc-certyfikaty\/","og_site_name":"Amerplast","article_modified_time":"2023-11-02T09:15:10+00:00","og_image":[{"width":4167,"height":2588,"url":"https:\/\/amerplast.com\/wp-content\/uploads\/2019\/02\/quality_certificates-01.jpg","type":"image\/jpeg"}],"twitter_card":"summary_large_image","twitter_site":"@amerplast","schema":{"@context":"https:\/\/schema.org","@graph":[{"@type":"WebPage","@id":"https:\/\/amerplast.com\/pl\/firma\/amerplast-o-nas\/jakosc-certyfikaty\/","url":"https:\/\/amerplast.com\/pl\/firma\/amerplast-o-nas\/jakosc-certyfikaty\/","name":"Jako\u015b\u0107 i certyfikaty - Jako\u015b\u0107 jest istotn\u0105 cz\u0119\u015bci\u0105 wszystkiego, co robimy","isPartOf":{"@id":"https:\/\/amerplast.com\/pl\/#website"},"primaryImageOfPage":{"@id":"https:\/\/amerplast.com\/pl\/firma\/amerplast-o-nas\/jakosc-certyfikaty\/#primaryimage"},"image":{"@id":"https:\/\/amerplast.com\/pl\/firma\/amerplast-o-nas\/jakosc-certyfikaty\/#primaryimage"},"thumbnailUrl":"https:\/\/amerplast.com\/wp-content\/uploads\/2019\/02\/quality_certificates-01.jpg","datePublished":"2018-12-13T14:30:37+00:00","dateModified":"2023-11-02T09:15:10+00:00","description":"W Amerplast procesy zwi\u0105zane z jako\u015bci\u0105, \u015brodowiskiem i bezpiecze\u0144stwem opieraj\u0105 si\u0119 na standardach BRC. Jako\u015b\u0107 jest istotn\u0105 cz\u0119\u015bci\u0105 wszystkiego, co robimy.","breadcrumb":{"@id":"https:\/\/amerplast.com\/pl\/firma\/amerplast-o-nas\/jakosc-certyfikaty\/#breadcrumb"},"inLanguage":"pl-PL","potentialAction":[{"@type":"ReadAction","target":["https:\/\/amerplast.com\/pl\/firma\/amerplast-o-nas\/jakosc-certyfikaty\/"]}]},{"@type":"ImageObject","inLanguage":"pl-PL","@id":"https:\/\/amerplast.com\/pl\/firma\/amerplast-o-nas\/jakosc-certyfikaty\/#primaryimage","url":"https:\/\/amerplast.com\/wp-content\/uploads\/2019\/02\/quality_certificates-01.jpg","contentUrl":"https:\/\/amerplast.com\/wp-content\/uploads\/2019\/02\/quality_certificates-01.jpg","width":4167,"height":2588},{"@type":"BreadcrumbList","@id":"https:\/\/amerplast.com\/pl\/firma\/amerplast-o-nas\/jakosc-certyfikaty\/#breadcrumb","itemListElement":[{"@type":"ListItem","position":1,"name":"Home","item":"https:\/\/amerplast.com\/pl\/"},{"@type":"ListItem","position":2,"name":"Firma","item":"https:\/\/amerplast.com\/pl\/firma\/"},{"@type":"ListItem","position":3,"name":"Amerplast &#8211; o nas","item":"https:\/\/amerplast.com\/pl\/firma\/amerplast-o-nas\/"},{"@type":"ListItem","position":4,"name":"Jako\u015b\u0107 i certyfikaty"}]},{"@type":"WebSite","@id":"https:\/\/amerplast.com\/pl\/#website","url":"https:\/\/amerplast.com\/pl\/","name":"Amerplast","description":"","potentialAction":[{"@type":"SearchAction","target":{"@type":"EntryPoint","urlTemplate":"https:\/\/amerplast.com\/pl\/?s={search_term_string}"},"query-input":{"@type":"PropertyValueSpecification","valueRequired":true,"valueName":"search_term_string"}}],"inLanguage":"pl-PL"}]}},"_links":{"self":[{"href":"https:\/\/amerplast.com\/pl\/wp-json\/wp\/v2\/pages\/9085","targetHints":{"allow":["GET"]}}],"collection":[{"href":"https:\/\/amerplast.com\/pl\/wp-json\/wp\/v2\/pages"}],"about":[{"href":"https:\/\/amerplast.com\/pl\/wp-json\/wp\/v2\/types\/page"}],"author":[{"embeddable":true,"href":"https:\/\/amerplast.com\/pl\/wp-json\/wp\/v2\/users\/7"}],"replies":[{"embeddable":true,"href":"https:\/\/amerplast.com\/pl\/wp-json\/wp\/v2\/comments?post=9085"}],"version-history":[{"count":2,"href":"https:\/\/amerplast.com\/pl\/wp-json\/wp\/v2\/pages\/9085\/revisions"}],"predecessor-version":[{"id":29194,"href":"https:\/\/amerplast.com\/pl\/wp-json\/wp\/v2\/pages\/9085\/revisions\/29194"}],"up":[{"embeddable":true,"href":"https:\/\/amerplast.com\/pl\/wp-json\/wp\/v2\/pages\/8357"}],"wp:featuredmedia":[{"embeddable":true,"href":"https:\/\/amerplast.com\/pl\/wp-json\/wp\/v2\/media\/7213"}],"wp:attachment":[{"href":"https:\/\/amerplast.com\/pl\/wp-json\/wp\/v2\/media?parent=9085"}],"curies":[{"name":"wp","href":"https:\/\/api.w.org\/{rel}","templated":true}]}}