{"id":8947,"date":"2018-12-13T13:12:51","date_gmt":"2018-12-13T11:12:51","guid":{"rendered":"https:\/\/amerplast.com\/firma\/kontakt\/media-centre\/"},"modified":"2023-12-18T17:14:44","modified_gmt":"2023-12-18T15:14:44","slug":"media","status":"publish","type":"page","link":"https:\/\/amerplast.com\/pl\/firma\/kontakt\/media\/","title":{"rendered":"Media"},"content":{"rendered":"","protected":false},"excerpt":{"rendered":"","protected":false},"author":7,"featured_media":7109,"parent":8547,"menu_order":0,"comment_status":"closed","ping_status":"closed","template":"","meta":{"_acf_changed":false,"footnotes":""},"class_list":["post-8947","page","type-page","status-publish","has-post-thumbnail","hentry"],"acf":[],"yoast_head":"<!-- This site is optimized with the Yoast SEO plugin v27.4 - https:\/\/yoast.com\/product\/yoast-seo-wordpress\/ -->\n<title>Media \u2013 Witamy na stronach Amerplast<\/title>\n<meta name=\"description\" content=\"Strony internetowe Amerplast \u2013 baza informacji dla medi\u00f3w poczynaj\u0105c od zdj\u0119\u0107 do informacji na temat opakowa\u0144 z tworzyw sztucznych i o firmie.\" \/>\n<meta name=\"robots\" content=\"index, follow, max-snippet:-1, max-image-preview:large, max-video-preview:-1\" \/>\n<link rel=\"canonical\" href=\"https:\/\/amerplast.com\/pl\/firma\/kontakt\/media\/\" \/>\n<meta property=\"og:locale\" content=\"pl_PL\" \/>\n<meta property=\"og:type\" content=\"article\" \/>\n<meta property=\"og:title\" content=\"Media \u2013 Witamy na stronach Amerplast\" \/>\n<meta property=\"og:description\" content=\"Strony internetowe Amerplast \u2013 baza informacji dla medi\u00f3w poczynaj\u0105c od zdj\u0119\u0107 do informacji na temat opakowa\u0144 z tworzyw sztucznych i o firmie.\" \/>\n<meta property=\"og:url\" content=\"https:\/\/amerplast.com\/pl\/firma\/kontakt\/media\/\" \/>\n<meta property=\"og:site_name\" content=\"Amerplast\" \/>\n<meta property=\"article:modified_time\" content=\"2023-12-18T15:14:44+00:00\" \/>\n<meta property=\"og:image\" content=\"https:\/\/amerplast.com\/wp-content\/uploads\/2019\/01\/media-01.jpg\" \/>\n\t<meta property=\"og:image:width\" content=\"4167\" \/>\n\t<meta property=\"og:image:height\" content=\"2778\" \/>\n\t<meta property=\"og:image:type\" content=\"image\/jpeg\" \/>\n<meta name=\"twitter:card\" content=\"summary_large_image\" \/>\n<meta name=\"twitter:site\" content=\"@amerplast\" \/>\n<meta name=\"twitter:label1\" content=\"Szacowany czas czytania\" \/>\n\t<meta name=\"twitter:data1\" content=\"3 minuty\" \/>\n<script type=\"application\/ld+json\" class=\"yoast-schema-graph\">{\"@context\":\"https:\\\/\\\/schema.org\",\"@graph\":[{\"@type\":\"WebPage\",\"@id\":\"https:\\\/\\\/amerplast.com\\\/pl\\\/firma\\\/kontakt\\\/media\\\/\",\"url\":\"https:\\\/\\\/amerplast.com\\\/pl\\\/firma\\\/kontakt\\\/media\\\/\",\"name\":\"Media \u2013 Witamy na stronach Amerplast\",\"isPartOf\":{\"@id\":\"https:\\\/\\\/amerplast.com\\\/pl\\\/#website\"},\"primaryImageOfPage\":{\"@id\":\"https:\\\/\\\/amerplast.com\\\/pl\\\/firma\\\/kontakt\\\/media\\\/#primaryimage\"},\"image\":{\"@id\":\"https:\\\/\\\/amerplast.com\\\/pl\\\/firma\\\/kontakt\\\/media\\\/#primaryimage\"},\"thumbnailUrl\":\"https:\\\/\\\/amerplast.com\\\/wp-content\\\/uploads\\\/2019\\\/01\\\/media-01.jpg\",\"datePublished\":\"2018-12-13T11:12:51+00:00\",\"dateModified\":\"2023-12-18T15:14:44+00:00\",\"description\":\"Strony internetowe Amerplast \u2013 baza informacji dla medi\u00f3w poczynaj\u0105c od zdj\u0119\u0107 do informacji na temat opakowa\u0144 z tworzyw sztucznych i o firmie.\",\"breadcrumb\":{\"@id\":\"https:\\\/\\\/amerplast.com\\\/pl\\\/firma\\\/kontakt\\\/media\\\/#breadcrumb\"},\"inLanguage\":\"pl-PL\",\"potentialAction\":[{\"@type\":\"ReadAction\",\"target\":[\"https:\\\/\\\/amerplast.com\\\/pl\\\/firma\\\/kontakt\\\/media\\\/\"]}]},{\"@type\":\"ImageObject\",\"inLanguage\":\"pl-PL\",\"@id\":\"https:\\\/\\\/amerplast.com\\\/pl\\\/firma\\\/kontakt\\\/media\\\/#primaryimage\",\"url\":\"https:\\\/\\\/amerplast.com\\\/wp-content\\\/uploads\\\/2019\\\/01\\\/media-01.jpg\",\"contentUrl\":\"https:\\\/\\\/amerplast.com\\\/wp-content\\\/uploads\\\/2019\\\/01\\\/media-01.jpg\",\"width\":4167,\"height\":2778},{\"@type\":\"BreadcrumbList\",\"@id\":\"https:\\\/\\\/amerplast.com\\\/pl\\\/firma\\\/kontakt\\\/media\\\/#breadcrumb\",\"itemListElement\":[{\"@type\":\"ListItem\",\"position\":1,\"name\":\"Home\",\"item\":\"https:\\\/\\\/amerplast.com\\\/pl\\\/\"},{\"@type\":\"ListItem\",\"position\":2,\"name\":\"Firma\",\"item\":\"https:\\\/\\\/amerplast.com\\\/pl\\\/firma\\\/\"},{\"@type\":\"ListItem\",\"position\":3,\"name\":\"Kontakt\",\"item\":\"https:\\\/\\\/amerplast.com\\\/pl\\\/firma\\\/kontakt\\\/\"},{\"@type\":\"ListItem\",\"position\":4,\"name\":\"Media\"}]},{\"@type\":\"WebSite\",\"@id\":\"https:\\\/\\\/amerplast.com\\\/pl\\\/#website\",\"url\":\"https:\\\/\\\/amerplast.com\\\/pl\\\/\",\"name\":\"Amerplast\",\"description\":\"\",\"potentialAction\":[{\"@type\":\"SearchAction\",\"target\":{\"@type\":\"EntryPoint\",\"urlTemplate\":\"https:\\\/\\\/amerplast.com\\\/pl\\\/?s={search_term_string}\"},\"query-input\":{\"@type\":\"PropertyValueSpecification\",\"valueRequired\":true,\"valueName\":\"search_term_string\"}}],\"inLanguage\":\"pl-PL\"}]}<\/script>\n<!-- \/ Yoast SEO plugin. -->","yoast_head_json":{"title":"Media \u2013 Witamy na stronach Amerplast","description":"Strony internetowe Amerplast \u2013 baza informacji dla medi\u00f3w poczynaj\u0105c od zdj\u0119\u0107 do informacji na temat opakowa\u0144 z tworzyw sztucznych i o firmie.","robots":{"index":"index","follow":"follow","max-snippet":"max-snippet:-1","max-image-preview":"max-image-preview:large","max-video-preview":"max-video-preview:-1"},"canonical":"https:\/\/amerplast.com\/pl\/firma\/kontakt\/media\/","og_locale":"pl_PL","og_type":"article","og_title":"Media \u2013 Witamy na stronach Amerplast","og_description":"Strony internetowe Amerplast \u2013 baza informacji dla medi\u00f3w poczynaj\u0105c od zdj\u0119\u0107 do informacji na temat opakowa\u0144 z tworzyw sztucznych i o firmie.","og_url":"https:\/\/amerplast.com\/pl\/firma\/kontakt\/media\/","og_site_name":"Amerplast","article_modified_time":"2023-12-18T15:14:44+00:00","og_image":[{"width":4167,"height":2778,"url":"https:\/\/amerplast.com\/wp-content\/uploads\/2019\/01\/media-01.jpg","type":"image\/jpeg"}],"twitter_card":"summary_large_image","twitter_site":"@amerplast","twitter_misc":{"Szacowany czas czytania":"3 minuty"},"schema":{"@context":"https:\/\/schema.org","@graph":[{"@type":"WebPage","@id":"https:\/\/amerplast.com\/pl\/firma\/kontakt\/media\/","url":"https:\/\/amerplast.com\/pl\/firma\/kontakt\/media\/","name":"Media \u2013 Witamy na stronach Amerplast","isPartOf":{"@id":"https:\/\/amerplast.com\/pl\/#website"},"primaryImageOfPage":{"@id":"https:\/\/amerplast.com\/pl\/firma\/kontakt\/media\/#primaryimage"},"image":{"@id":"https:\/\/amerplast.com\/pl\/firma\/kontakt\/media\/#primaryimage"},"thumbnailUrl":"https:\/\/amerplast.com\/wp-content\/uploads\/2019\/01\/media-01.jpg","datePublished":"2018-12-13T11:12:51+00:00","dateModified":"2023-12-18T15:14:44+00:00","description":"Strony internetowe Amerplast \u2013 baza informacji dla medi\u00f3w poczynaj\u0105c od zdj\u0119\u0107 do informacji na temat opakowa\u0144 z tworzyw sztucznych i o firmie.","breadcrumb":{"@id":"https:\/\/amerplast.com\/pl\/firma\/kontakt\/media\/#breadcrumb"},"inLanguage":"pl-PL","potentialAction":[{"@type":"ReadAction","target":["https:\/\/amerplast.com\/pl\/firma\/kontakt\/media\/"]}]},{"@type":"ImageObject","inLanguage":"pl-PL","@id":"https:\/\/amerplast.com\/pl\/firma\/kontakt\/media\/#primaryimage","url":"https:\/\/amerplast.com\/wp-content\/uploads\/2019\/01\/media-01.jpg","contentUrl":"https:\/\/amerplast.com\/wp-content\/uploads\/2019\/01\/media-01.jpg","width":4167,"height":2778},{"@type":"BreadcrumbList","@id":"https:\/\/amerplast.com\/pl\/firma\/kontakt\/media\/#breadcrumb","itemListElement":[{"@type":"ListItem","position":1,"name":"Home","item":"https:\/\/amerplast.com\/pl\/"},{"@type":"ListItem","position":2,"name":"Firma","item":"https:\/\/amerplast.com\/pl\/firma\/"},{"@type":"ListItem","position":3,"name":"Kontakt","item":"https:\/\/amerplast.com\/pl\/firma\/kontakt\/"},{"@type":"ListItem","position":4,"name":"Media"}]},{"@type":"WebSite","@id":"https:\/\/amerplast.com\/pl\/#website","url":"https:\/\/amerplast.com\/pl\/","name":"Amerplast","description":"","potentialAction":[{"@type":"SearchAction","target":{"@type":"EntryPoint","urlTemplate":"https:\/\/amerplast.com\/pl\/?s={search_term_string}"},"query-input":{"@type":"PropertyValueSpecification","valueRequired":true,"valueName":"search_term_string"}}],"inLanguage":"pl-PL"}]}},"_links":{"self":[{"href":"https:\/\/amerplast.com\/pl\/wp-json\/wp\/v2\/pages\/8947","targetHints":{"allow":["GET"]}}],"collection":[{"href":"https:\/\/amerplast.com\/pl\/wp-json\/wp\/v2\/pages"}],"about":[{"href":"https:\/\/amerplast.com\/pl\/wp-json\/wp\/v2\/types\/page"}],"author":[{"embeddable":true,"href":"https:\/\/amerplast.com\/pl\/wp-json\/wp\/v2\/users\/7"}],"replies":[{"embeddable":true,"href":"https:\/\/amerplast.com\/pl\/wp-json\/wp\/v2\/comments?post=8947"}],"version-history":[{"count":10,"href":"https:\/\/amerplast.com\/pl\/wp-json\/wp\/v2\/pages\/8947\/revisions"}],"predecessor-version":[{"id":30355,"href":"https:\/\/amerplast.com\/pl\/wp-json\/wp\/v2\/pages\/8947\/revisions\/30355"}],"up":[{"embeddable":true,"href":"https:\/\/amerplast.com\/pl\/wp-json\/wp\/v2\/pages\/8547"}],"wp:featuredmedia":[{"embeddable":true,"href":"https:\/\/amerplast.com\/pl\/wp-json\/wp\/v2\/media\/7109"}],"wp:attachment":[{"href":"https:\/\/amerplast.com\/pl\/wp-json\/wp\/v2\/media?parent=8947"}],"curies":[{"name":"wp","href":"https:\/\/api.w.org\/{rel}","templated":true}]}}