{"id":8885,"date":"2019-02-07T15:49:18","date_gmt":"2019-02-07T13:49:18","guid":{"rendered":"https:\/\/amerplast.com\/produkty\/rozwiazania-udogodnienia\/amerchain-packaging-system\/"},"modified":"2021-11-22T10:00:48","modified_gmt":"2021-11-22T08:00:48","slug":"linie-pakowania-amerchain","status":"publish","type":"page","link":"https:\/\/amerplast.com\/pl\/produkty\/rozwiazania-udogodnienia\/linie-pakowania-amerchain\/","title":{"rendered":"Linie pakowania AmerChain"},"content":{"rendered":"","protected":false},"excerpt":{"rendered":"","protected":false},"author":7,"featured_media":0,"parent":8679,"menu_order":0,"comment_status":"closed","ping_status":"closed","template":"","meta":{"_acf_changed":false,"footnotes":""},"class_list":["post-8885","page","type-page","status-publish","hentry"],"acf":[],"yoast_head":"<!-- This site is optimized with the Yoast SEO plugin v27.5 - https:\/\/yoast.com\/product\/yoast-seo-wordpress\/ -->\n<title>Linie do pakowania Amer Chain \u2013 Maszyny pakuj\u0105ce i torebki systemowe<\/title>\n<meta name=\"description\" content=\"AmerChain \u0142\u0105czy skierowane g\u0142\u00f3wnie do przemys\u0142u opakowania Amerplast z zaawansowanymi automatami pakuj\u0105cymi \u2013 w wyniku czego powstaje nowa generacja rozwi\u0105za\u0144 typu wszystko w jednym.\" \/>\n<meta name=\"robots\" content=\"index, follow, max-snippet:-1, max-image-preview:large, max-video-preview:-1\" \/>\n<link rel=\"canonical\" href=\"https:\/\/amerplast.com\/pl\/produkty\/rozwiazania-udogodnienia\/linie-pakowania-amerchain\/\" \/>\n<meta property=\"og:locale\" content=\"pl_PL\" \/>\n<meta property=\"og:type\" content=\"article\" \/>\n<meta property=\"og:title\" content=\"Linie do pakowania Amer Chain \u2013 Maszyny pakuj\u0105ce i torebki systemowe\" \/>\n<meta property=\"og:description\" content=\"AmerChain \u0142\u0105czy skierowane g\u0142\u00f3wnie do przemys\u0142u opakowania Amerplast z zaawansowanymi automatami pakuj\u0105cymi \u2013 w wyniku czego powstaje nowa generacja rozwi\u0105za\u0144 typu wszystko w jednym.\" \/>\n<meta property=\"og:url\" content=\"https:\/\/amerplast.com\/pl\/produkty\/rozwiazania-udogodnienia\/linie-pakowania-amerchain\/\" \/>\n<meta property=\"og:site_name\" content=\"Amerplast\" \/>\n<meta property=\"article:modified_time\" content=\"2021-11-22T08:00:48+00:00\" \/>\n<meta name=\"twitter:card\" content=\"summary_large_image\" \/>\n<meta name=\"twitter:site\" content=\"@amerplast\" \/>\n<script type=\"application\/ld+json\" class=\"yoast-schema-graph\">{\"@context\":\"https:\\\/\\\/schema.org\",\"@graph\":[{\"@type\":\"WebPage\",\"@id\":\"https:\\\/\\\/amerplast.com\\\/pl\\\/produkty\\\/rozwiazania-udogodnienia\\\/linie-pakowania-amerchain\\\/\",\"url\":\"https:\\\/\\\/amerplast.com\\\/pl\\\/produkty\\\/rozwiazania-udogodnienia\\\/linie-pakowania-amerchain\\\/\",\"name\":\"Linie do pakowania Amer Chain \u2013 Maszyny pakuj\u0105ce i torebki systemowe\",\"isPartOf\":{\"@id\":\"https:\\\/\\\/amerplast.com\\\/pl\\\/#website\"},\"datePublished\":\"2019-02-07T13:49:18+00:00\",\"dateModified\":\"2021-11-22T08:00:48+00:00\",\"description\":\"AmerChain \u0142\u0105czy skierowane g\u0142\u00f3wnie do przemys\u0142u opakowania Amerplast z zaawansowanymi automatami pakuj\u0105cymi \u2013 w wyniku czego powstaje nowa generacja rozwi\u0105za\u0144 typu wszystko w jednym.\",\"breadcrumb\":{\"@id\":\"https:\\\/\\\/amerplast.com\\\/pl\\\/produkty\\\/rozwiazania-udogodnienia\\\/linie-pakowania-amerchain\\\/#breadcrumb\"},\"inLanguage\":\"pl-PL\",\"potentialAction\":[{\"@type\":\"ReadAction\",\"target\":[\"https:\\\/\\\/amerplast.com\\\/pl\\\/produkty\\\/rozwiazania-udogodnienia\\\/linie-pakowania-amerchain\\\/\"]}]},{\"@type\":\"BreadcrumbList\",\"@id\":\"https:\\\/\\\/amerplast.com\\\/pl\\\/produkty\\\/rozwiazania-udogodnienia\\\/linie-pakowania-amerchain\\\/#breadcrumb\",\"itemListElement\":[{\"@type\":\"ListItem\",\"position\":1,\"name\":\"Home\",\"item\":\"https:\\\/\\\/amerplast.com\\\/pl\\\/\"},{\"@type\":\"ListItem\",\"position\":2,\"name\":\"Produkty i rodzaje opakowa\u0144\",\"item\":\"https:\\\/\\\/amerplast.com\\\/pl\\\/produkty\\\/\"},{\"@type\":\"ListItem\",\"position\":3,\"name\":\"Rozwi\u0105zania i udogodnienia\",\"item\":\"https:\\\/\\\/amerplast.com\\\/pl\\\/produkty\\\/rozwiazania-udogodnienia\\\/\"},{\"@type\":\"ListItem\",\"position\":4,\"name\":\"Linie pakowania AmerChain\"}]},{\"@type\":\"WebSite\",\"@id\":\"https:\\\/\\\/amerplast.com\\\/pl\\\/#website\",\"url\":\"https:\\\/\\\/amerplast.com\\\/pl\\\/\",\"name\":\"Amerplast\",\"description\":\"\",\"potentialAction\":[{\"@type\":\"SearchAction\",\"target\":{\"@type\":\"EntryPoint\",\"urlTemplate\":\"https:\\\/\\\/amerplast.com\\\/pl\\\/?s={search_term_string}\"},\"query-input\":{\"@type\":\"PropertyValueSpecification\",\"valueRequired\":true,\"valueName\":\"search_term_string\"}}],\"inLanguage\":\"pl-PL\"}]}<\/script>\n<!-- \/ Yoast SEO plugin. -->","yoast_head_json":{"title":"Linie do pakowania Amer Chain \u2013 Maszyny pakuj\u0105ce i torebki systemowe","description":"AmerChain \u0142\u0105czy skierowane g\u0142\u00f3wnie do przemys\u0142u opakowania Amerplast z zaawansowanymi automatami pakuj\u0105cymi \u2013 w wyniku czego powstaje nowa generacja rozwi\u0105za\u0144 typu wszystko w jednym.","robots":{"index":"index","follow":"follow","max-snippet":"max-snippet:-1","max-image-preview":"max-image-preview:large","max-video-preview":"max-video-preview:-1"},"canonical":"https:\/\/amerplast.com\/pl\/produkty\/rozwiazania-udogodnienia\/linie-pakowania-amerchain\/","og_locale":"pl_PL","og_type":"article","og_title":"Linie do pakowania Amer Chain \u2013 Maszyny pakuj\u0105ce i torebki systemowe","og_description":"AmerChain \u0142\u0105czy skierowane g\u0142\u00f3wnie do przemys\u0142u opakowania Amerplast z zaawansowanymi automatami pakuj\u0105cymi \u2013 w wyniku czego powstaje nowa generacja rozwi\u0105za\u0144 typu wszystko w jednym.","og_url":"https:\/\/amerplast.com\/pl\/produkty\/rozwiazania-udogodnienia\/linie-pakowania-amerchain\/","og_site_name":"Amerplast","article_modified_time":"2021-11-22T08:00:48+00:00","twitter_card":"summary_large_image","twitter_site":"@amerplast","schema":{"@context":"https:\/\/schema.org","@graph":[{"@type":"WebPage","@id":"https:\/\/amerplast.com\/pl\/produkty\/rozwiazania-udogodnienia\/linie-pakowania-amerchain\/","url":"https:\/\/amerplast.com\/pl\/produkty\/rozwiazania-udogodnienia\/linie-pakowania-amerchain\/","name":"Linie do pakowania Amer Chain \u2013 Maszyny pakuj\u0105ce i torebki systemowe","isPartOf":{"@id":"https:\/\/amerplast.com\/pl\/#website"},"datePublished":"2019-02-07T13:49:18+00:00","dateModified":"2021-11-22T08:00:48+00:00","description":"AmerChain \u0142\u0105czy skierowane g\u0142\u00f3wnie do przemys\u0142u opakowania Amerplast z zaawansowanymi automatami pakuj\u0105cymi \u2013 w wyniku czego powstaje nowa generacja rozwi\u0105za\u0144 typu wszystko w jednym.","breadcrumb":{"@id":"https:\/\/amerplast.com\/pl\/produkty\/rozwiazania-udogodnienia\/linie-pakowania-amerchain\/#breadcrumb"},"inLanguage":"pl-PL","potentialAction":[{"@type":"ReadAction","target":["https:\/\/amerplast.com\/pl\/produkty\/rozwiazania-udogodnienia\/linie-pakowania-amerchain\/"]}]},{"@type":"BreadcrumbList","@id":"https:\/\/amerplast.com\/pl\/produkty\/rozwiazania-udogodnienia\/linie-pakowania-amerchain\/#breadcrumb","itemListElement":[{"@type":"ListItem","position":1,"name":"Home","item":"https:\/\/amerplast.com\/pl\/"},{"@type":"ListItem","position":2,"name":"Produkty i rodzaje opakowa\u0144","item":"https:\/\/amerplast.com\/pl\/produkty\/"},{"@type":"ListItem","position":3,"name":"Rozwi\u0105zania i udogodnienia","item":"https:\/\/amerplast.com\/pl\/produkty\/rozwiazania-udogodnienia\/"},{"@type":"ListItem","position":4,"name":"Linie pakowania AmerChain"}]},{"@type":"WebSite","@id":"https:\/\/amerplast.com\/pl\/#website","url":"https:\/\/amerplast.com\/pl\/","name":"Amerplast","description":"","potentialAction":[{"@type":"SearchAction","target":{"@type":"EntryPoint","urlTemplate":"https:\/\/amerplast.com\/pl\/?s={search_term_string}"},"query-input":{"@type":"PropertyValueSpecification","valueRequired":true,"valueName":"search_term_string"}}],"inLanguage":"pl-PL"}]}},"_links":{"self":[{"href":"https:\/\/amerplast.com\/pl\/wp-json\/wp\/v2\/pages\/8885","targetHints":{"allow":["GET"]}}],"collection":[{"href":"https:\/\/amerplast.com\/pl\/wp-json\/wp\/v2\/pages"}],"about":[{"href":"https:\/\/amerplast.com\/pl\/wp-json\/wp\/v2\/types\/page"}],"author":[{"embeddable":true,"href":"https:\/\/amerplast.com\/pl\/wp-json\/wp\/v2\/users\/7"}],"replies":[{"embeddable":true,"href":"https:\/\/amerplast.com\/pl\/wp-json\/wp\/v2\/comments?post=8885"}],"version-history":[{"count":3,"href":"https:\/\/amerplast.com\/pl\/wp-json\/wp\/v2\/pages\/8885\/revisions"}],"predecessor-version":[{"id":11947,"href":"https:\/\/amerplast.com\/pl\/wp-json\/wp\/v2\/pages\/8885\/revisions\/11947"}],"up":[{"embeddable":true,"href":"https:\/\/amerplast.com\/pl\/wp-json\/wp\/v2\/pages\/8679"}],"wp:attachment":[{"href":"https:\/\/amerplast.com\/pl\/wp-json\/wp\/v2\/media?parent=8885"}],"curies":[{"name":"wp","href":"https:\/\/api.w.org\/{rel}","templated":true}]}}