{"id":8775,"date":"2019-02-07T13:09:43","date_gmt":"2019-02-07T11:09:43","guid":{"rendered":"https:\/\/amerplast.com\/produkty\/amergreen\/biobased-plastic-packaging\/"},"modified":"2022-03-21T13:35:27","modified_gmt":"2022-03-21T11:35:27","slug":"opakowania-plastikowe-z-biosurowcow","status":"publish","type":"page","link":"https:\/\/amerplast.com\/pl\/zrownowazony-rozwoj\/amergreen\/opakowania-plastikowe-z-biosurowcow\/","title":{"rendered":"Opakowania plastikowe z biosurowc\u00f3w"},"content":{"rendered":"","protected":false},"excerpt":{"rendered":"","protected":false},"author":7,"featured_media":6823,"parent":8701,"menu_order":0,"comment_status":"closed","ping_status":"closed","template":"","meta":{"_acf_changed":false,"footnotes":""},"class_list":["post-8775","page","type-page","status-publish","has-post-thumbnail","hentry"],"acf":[],"yoast_head":"<!-- This site is optimized with the Yoast SEO plugin v27.4 - https:\/\/yoast.com\/product\/yoast-seo-wordpress\/ -->\n<title>Opakowania plastikowe z biosurowc\u00f3w \u2013 ekorozwi\u0105zanie polietylenu<\/title>\n<meta name=\"description\" content=\"Amerplast zawsze poszukuje ekologicznych zamiennik\u00f3w dla surowc\u00f3w na bazie ropy naftowej. D\u0105\u017cymy, \u017ceby produkcja opakowa\u0144 plastikowych z biosurowc\u00f3w sta\u0142a si\u0119 norm\u0105 w naszej dzia\u0142alno\u015bci.\" \/>\n<meta name=\"robots\" content=\"index, follow, max-snippet:-1, max-image-preview:large, max-video-preview:-1\" \/>\n<link rel=\"canonical\" href=\"https:\/\/amerplast.com\/pl\/zrownowazony-rozwoj\/amergreen\/opakowania-plastikowe-z-biosurowcow\/\" \/>\n<meta property=\"og:locale\" content=\"pl_PL\" \/>\n<meta property=\"og:type\" content=\"article\" \/>\n<meta property=\"og:title\" content=\"Opakowania plastikowe z biosurowc\u00f3w \u2013 ekorozwi\u0105zanie polietylenu\" \/>\n<meta property=\"og:description\" content=\"Amerplast zawsze poszukuje ekologicznych zamiennik\u00f3w dla surowc\u00f3w na bazie ropy naftowej. D\u0105\u017cymy, \u017ceby produkcja opakowa\u0144 plastikowych z biosurowc\u00f3w sta\u0142a si\u0119 norm\u0105 w naszej dzia\u0142alno\u015bci.\" \/>\n<meta property=\"og:url\" content=\"https:\/\/amerplast.com\/pl\/zrownowazony-rozwoj\/amergreen\/opakowania-plastikowe-z-biosurowcow\/\" \/>\n<meta property=\"og:site_name\" content=\"Amerplast\" \/>\n<meta property=\"article:modified_time\" content=\"2022-03-21T11:35:27+00:00\" \/>\n<meta property=\"og:image\" content=\"https:\/\/amerplast.com\/wp-content\/uploads\/2019\/02\/biobased-01-1.jpg\" \/>\n\t<meta property=\"og:image:width\" content=\"4167\" \/>\n\t<meta property=\"og:image:height\" content=\"2588\" \/>\n\t<meta property=\"og:image:type\" content=\"image\/jpeg\" \/>\n<meta name=\"twitter:card\" content=\"summary_large_image\" \/>\n<meta name=\"twitter:site\" content=\"@amerplast\" \/>\n<script type=\"application\/ld+json\" class=\"yoast-schema-graph\">{\"@context\":\"https:\\\/\\\/schema.org\",\"@graph\":[{\"@type\":\"WebPage\",\"@id\":\"https:\\\/\\\/amerplast.com\\\/pl\\\/zrownowazony-rozwoj\\\/amergreen\\\/opakowania-plastikowe-z-biosurowcow\\\/\",\"url\":\"https:\\\/\\\/amerplast.com\\\/pl\\\/zrownowazony-rozwoj\\\/amergreen\\\/opakowania-plastikowe-z-biosurowcow\\\/\",\"name\":\"Opakowania plastikowe z biosurowc\u00f3w \u2013 ekorozwi\u0105zanie polietylenu\",\"isPartOf\":{\"@id\":\"https:\\\/\\\/amerplast.com\\\/pl\\\/#website\"},\"primaryImageOfPage\":{\"@id\":\"https:\\\/\\\/amerplast.com\\\/pl\\\/zrownowazony-rozwoj\\\/amergreen\\\/opakowania-plastikowe-z-biosurowcow\\\/#primaryimage\"},\"image\":{\"@id\":\"https:\\\/\\\/amerplast.com\\\/pl\\\/zrownowazony-rozwoj\\\/amergreen\\\/opakowania-plastikowe-z-biosurowcow\\\/#primaryimage\"},\"thumbnailUrl\":\"https:\\\/\\\/amerplast.com\\\/wp-content\\\/uploads\\\/2019\\\/02\\\/biobased-01-1.jpg\",\"datePublished\":\"2019-02-07T11:09:43+00:00\",\"dateModified\":\"2022-03-21T11:35:27+00:00\",\"description\":\"Amerplast zawsze poszukuje ekologicznych zamiennik\u00f3w dla surowc\u00f3w na bazie ropy naftowej. D\u0105\u017cymy, \u017ceby produkcja opakowa\u0144 plastikowych z biosurowc\u00f3w sta\u0142a si\u0119 norm\u0105 w naszej dzia\u0142alno\u015bci.\",\"breadcrumb\":{\"@id\":\"https:\\\/\\\/amerplast.com\\\/pl\\\/zrownowazony-rozwoj\\\/amergreen\\\/opakowania-plastikowe-z-biosurowcow\\\/#breadcrumb\"},\"inLanguage\":\"pl-PL\",\"potentialAction\":[{\"@type\":\"ReadAction\",\"target\":[\"https:\\\/\\\/amerplast.com\\\/pl\\\/zrownowazony-rozwoj\\\/amergreen\\\/opakowania-plastikowe-z-biosurowcow\\\/\"]}]},{\"@type\":\"ImageObject\",\"inLanguage\":\"pl-PL\",\"@id\":\"https:\\\/\\\/amerplast.com\\\/pl\\\/zrownowazony-rozwoj\\\/amergreen\\\/opakowania-plastikowe-z-biosurowcow\\\/#primaryimage\",\"url\":\"https:\\\/\\\/amerplast.com\\\/wp-content\\\/uploads\\\/2019\\\/02\\\/biobased-01-1.jpg\",\"contentUrl\":\"https:\\\/\\\/amerplast.com\\\/wp-content\\\/uploads\\\/2019\\\/02\\\/biobased-01-1.jpg\",\"width\":4167,\"height\":2588},{\"@type\":\"BreadcrumbList\",\"@id\":\"https:\\\/\\\/amerplast.com\\\/pl\\\/zrownowazony-rozwoj\\\/amergreen\\\/opakowania-plastikowe-z-biosurowcow\\\/#breadcrumb\",\"itemListElement\":[{\"@type\":\"ListItem\",\"position\":1,\"name\":\"Home\",\"item\":\"https:\\\/\\\/amerplast.com\\\/pl\\\/\"},{\"@type\":\"ListItem\",\"position\":2,\"name\":\"Zr\u00f3wnowa\u017cony rozw\u00f3j\",\"item\":\"https:\\\/\\\/amerplast.com\\\/pl\\\/zrownowazony-rozwoj\\\/\"},{\"@type\":\"ListItem\",\"position\":3,\"name\":\"Zr\u00f3wnowa\u017cone rozwi\u0105zania\",\"item\":\"https:\\\/\\\/amerplast.com\\\/pl\\\/zrownowazony-rozwoj\\\/amergreen\\\/\"},{\"@type\":\"ListItem\",\"position\":4,\"name\":\"Opakowania plastikowe z biosurowc\u00f3w\"}]},{\"@type\":\"WebSite\",\"@id\":\"https:\\\/\\\/amerplast.com\\\/pl\\\/#website\",\"url\":\"https:\\\/\\\/amerplast.com\\\/pl\\\/\",\"name\":\"Amerplast\",\"description\":\"\",\"potentialAction\":[{\"@type\":\"SearchAction\",\"target\":{\"@type\":\"EntryPoint\",\"urlTemplate\":\"https:\\\/\\\/amerplast.com\\\/pl\\\/?s={search_term_string}\"},\"query-input\":{\"@type\":\"PropertyValueSpecification\",\"valueRequired\":true,\"valueName\":\"search_term_string\"}}],\"inLanguage\":\"pl-PL\"}]}<\/script>\n<!-- \/ Yoast SEO plugin. -->","yoast_head_json":{"title":"Opakowania plastikowe z biosurowc\u00f3w \u2013 ekorozwi\u0105zanie polietylenu","description":"Amerplast zawsze poszukuje ekologicznych zamiennik\u00f3w dla surowc\u00f3w na bazie ropy naftowej. D\u0105\u017cymy, \u017ceby produkcja opakowa\u0144 plastikowych z biosurowc\u00f3w sta\u0142a si\u0119 norm\u0105 w naszej dzia\u0142alno\u015bci.","robots":{"index":"index","follow":"follow","max-snippet":"max-snippet:-1","max-image-preview":"max-image-preview:large","max-video-preview":"max-video-preview:-1"},"canonical":"https:\/\/amerplast.com\/pl\/zrownowazony-rozwoj\/amergreen\/opakowania-plastikowe-z-biosurowcow\/","og_locale":"pl_PL","og_type":"article","og_title":"Opakowania plastikowe z biosurowc\u00f3w \u2013 ekorozwi\u0105zanie polietylenu","og_description":"Amerplast zawsze poszukuje ekologicznych zamiennik\u00f3w dla surowc\u00f3w na bazie ropy naftowej. D\u0105\u017cymy, \u017ceby produkcja opakowa\u0144 plastikowych z biosurowc\u00f3w sta\u0142a si\u0119 norm\u0105 w naszej dzia\u0142alno\u015bci.","og_url":"https:\/\/amerplast.com\/pl\/zrownowazony-rozwoj\/amergreen\/opakowania-plastikowe-z-biosurowcow\/","og_site_name":"Amerplast","article_modified_time":"2022-03-21T11:35:27+00:00","og_image":[{"width":4167,"height":2588,"url":"https:\/\/amerplast.com\/wp-content\/uploads\/2019\/02\/biobased-01-1.jpg","type":"image\/jpeg"}],"twitter_card":"summary_large_image","twitter_site":"@amerplast","schema":{"@context":"https:\/\/schema.org","@graph":[{"@type":"WebPage","@id":"https:\/\/amerplast.com\/pl\/zrownowazony-rozwoj\/amergreen\/opakowania-plastikowe-z-biosurowcow\/","url":"https:\/\/amerplast.com\/pl\/zrownowazony-rozwoj\/amergreen\/opakowania-plastikowe-z-biosurowcow\/","name":"Opakowania plastikowe z biosurowc\u00f3w \u2013 ekorozwi\u0105zanie polietylenu","isPartOf":{"@id":"https:\/\/amerplast.com\/pl\/#website"},"primaryImageOfPage":{"@id":"https:\/\/amerplast.com\/pl\/zrownowazony-rozwoj\/amergreen\/opakowania-plastikowe-z-biosurowcow\/#primaryimage"},"image":{"@id":"https:\/\/amerplast.com\/pl\/zrownowazony-rozwoj\/amergreen\/opakowania-plastikowe-z-biosurowcow\/#primaryimage"},"thumbnailUrl":"https:\/\/amerplast.com\/wp-content\/uploads\/2019\/02\/biobased-01-1.jpg","datePublished":"2019-02-07T11:09:43+00:00","dateModified":"2022-03-21T11:35:27+00:00","description":"Amerplast zawsze poszukuje ekologicznych zamiennik\u00f3w dla surowc\u00f3w na bazie ropy naftowej. D\u0105\u017cymy, \u017ceby produkcja opakowa\u0144 plastikowych z biosurowc\u00f3w sta\u0142a si\u0119 norm\u0105 w naszej dzia\u0142alno\u015bci.","breadcrumb":{"@id":"https:\/\/amerplast.com\/pl\/zrownowazony-rozwoj\/amergreen\/opakowania-plastikowe-z-biosurowcow\/#breadcrumb"},"inLanguage":"pl-PL","potentialAction":[{"@type":"ReadAction","target":["https:\/\/amerplast.com\/pl\/zrownowazony-rozwoj\/amergreen\/opakowania-plastikowe-z-biosurowcow\/"]}]},{"@type":"ImageObject","inLanguage":"pl-PL","@id":"https:\/\/amerplast.com\/pl\/zrownowazony-rozwoj\/amergreen\/opakowania-plastikowe-z-biosurowcow\/#primaryimage","url":"https:\/\/amerplast.com\/wp-content\/uploads\/2019\/02\/biobased-01-1.jpg","contentUrl":"https:\/\/amerplast.com\/wp-content\/uploads\/2019\/02\/biobased-01-1.jpg","width":4167,"height":2588},{"@type":"BreadcrumbList","@id":"https:\/\/amerplast.com\/pl\/zrownowazony-rozwoj\/amergreen\/opakowania-plastikowe-z-biosurowcow\/#breadcrumb","itemListElement":[{"@type":"ListItem","position":1,"name":"Home","item":"https:\/\/amerplast.com\/pl\/"},{"@type":"ListItem","position":2,"name":"Zr\u00f3wnowa\u017cony rozw\u00f3j","item":"https:\/\/amerplast.com\/pl\/zrownowazony-rozwoj\/"},{"@type":"ListItem","position":3,"name":"Zr\u00f3wnowa\u017cone rozwi\u0105zania","item":"https:\/\/amerplast.com\/pl\/zrownowazony-rozwoj\/amergreen\/"},{"@type":"ListItem","position":4,"name":"Opakowania plastikowe z biosurowc\u00f3w"}]},{"@type":"WebSite","@id":"https:\/\/amerplast.com\/pl\/#website","url":"https:\/\/amerplast.com\/pl\/","name":"Amerplast","description":"","potentialAction":[{"@type":"SearchAction","target":{"@type":"EntryPoint","urlTemplate":"https:\/\/amerplast.com\/pl\/?s={search_term_string}"},"query-input":{"@type":"PropertyValueSpecification","valueRequired":true,"valueName":"search_term_string"}}],"inLanguage":"pl-PL"}]}},"_links":{"self":[{"href":"https:\/\/amerplast.com\/pl\/wp-json\/wp\/v2\/pages\/8775","targetHints":{"allow":["GET"]}}],"collection":[{"href":"https:\/\/amerplast.com\/pl\/wp-json\/wp\/v2\/pages"}],"about":[{"href":"https:\/\/amerplast.com\/pl\/wp-json\/wp\/v2\/types\/page"}],"author":[{"embeddable":true,"href":"https:\/\/amerplast.com\/pl\/wp-json\/wp\/v2\/users\/7"}],"replies":[{"embeddable":true,"href":"https:\/\/amerplast.com\/pl\/wp-json\/wp\/v2\/comments?post=8775"}],"version-history":[{"count":7,"href":"https:\/\/amerplast.com\/pl\/wp-json\/wp\/v2\/pages\/8775\/revisions"}],"predecessor-version":[{"id":13225,"href":"https:\/\/amerplast.com\/pl\/wp-json\/wp\/v2\/pages\/8775\/revisions\/13225"}],"up":[{"embeddable":true,"href":"https:\/\/amerplast.com\/pl\/wp-json\/wp\/v2\/pages\/8701"}],"wp:featuredmedia":[{"embeddable":true,"href":"https:\/\/amerplast.com\/pl\/wp-json\/wp\/v2\/media\/6823"}],"wp:attachment":[{"href":"https:\/\/amerplast.com\/pl\/wp-json\/wp\/v2\/media?parent=8775"}],"curies":[{"name":"wp","href":"https:\/\/api.w.org\/{rel}","templated":true}]}}