{"id":8725,"date":"2019-02-06T16:00:09","date_gmt":"2019-02-06T14:00:09","guid":{"rendered":"https:\/\/amerplast.com\/produkty\/amergreen\/amerfresh\/"},"modified":"2020-03-31T16:18:38","modified_gmt":"2020-03-31T13:18:38","slug":"amerfresh","status":"publish","type":"page","link":"https:\/\/amerplast.com\/pl\/zrownowazony-rozwoj\/amergreen\/amerfresh\/","title":{"rendered":"AmerFresh"},"content":{"rendered":"","protected":false},"excerpt":{"rendered":"","protected":false},"author":7,"featured_media":8727,"parent":8701,"menu_order":0,"comment_status":"closed","ping_status":"closed","template":"","meta":{"_acf_changed":false,"footnotes":""},"class_list":["post-8725","page","type-page","status-publish","has-post-thumbnail","hentry"],"acf":[],"yoast_head":"<!-- This site is optimized with the Yoast SEO plugin v27.4 - https:\/\/yoast.com\/product\/yoast-seo-wordpress\/ -->\n<title>AmerFresh \u2013 wyd\u0142u\u017ca okres przydatno\u015bci produkt\u00f3w<\/title>\n<meta name=\"description\" content=\"System opakowa\u0144 aktywnych AmerFresh wyd\u0142u\u017ca trwa\u0142o\u015b\u0107 \u015bwie\u017cej \u017cywno\u015bci bez u\u017cywania chemikali\u00f3w. Dowiedz si\u0119 jak wyd\u0142u\u017cy\u0107 okres przydatno\u015bci produkt\u00f3w.\" \/>\n<meta name=\"robots\" content=\"index, follow, max-snippet:-1, max-image-preview:large, max-video-preview:-1\" \/>\n<link rel=\"canonical\" href=\"https:\/\/amerplast.com\/pl\/zrownowazony-rozwoj\/amergreen\/amerfresh\/\" \/>\n<meta property=\"og:locale\" content=\"pl_PL\" \/>\n<meta property=\"og:type\" content=\"article\" \/>\n<meta property=\"og:title\" content=\"AmerFresh \u2013 wyd\u0142u\u017ca okres przydatno\u015bci produkt\u00f3w\" \/>\n<meta property=\"og:description\" content=\"System opakowa\u0144 aktywnych AmerFresh wyd\u0142u\u017ca trwa\u0142o\u015b\u0107 \u015bwie\u017cej \u017cywno\u015bci bez u\u017cywania chemikali\u00f3w. Dowiedz si\u0119 jak wyd\u0142u\u017cy\u0107 okres przydatno\u015bci produkt\u00f3w.\" \/>\n<meta property=\"og:url\" content=\"https:\/\/amerplast.com\/pl\/zrownowazony-rozwoj\/amergreen\/amerfresh\/\" \/>\n<meta property=\"og:site_name\" content=\"Amerplast\" \/>\n<meta property=\"article:modified_time\" content=\"2020-03-31T13:18:38+00:00\" \/>\n<meta property=\"og:image\" content=\"https:\/\/amerplast.com\/wp-content\/uploads\/2019\/02\/AmerFresh-01.jpg\" \/>\n\t<meta property=\"og:image:width\" content=\"4167\" \/>\n\t<meta property=\"og:image:height\" content=\"2588\" \/>\n\t<meta property=\"og:image:type\" content=\"image\/jpeg\" \/>\n<meta name=\"twitter:card\" content=\"summary_large_image\" \/>\n<meta name=\"twitter:site\" content=\"@amerplast\" \/>\n<script type=\"application\/ld+json\" class=\"yoast-schema-graph\">{\"@context\":\"https:\\\/\\\/schema.org\",\"@graph\":[{\"@type\":\"WebPage\",\"@id\":\"https:\\\/\\\/amerplast.com\\\/pl\\\/zrownowazony-rozwoj\\\/amergreen\\\/amerfresh\\\/\",\"url\":\"https:\\\/\\\/amerplast.com\\\/pl\\\/zrownowazony-rozwoj\\\/amergreen\\\/amerfresh\\\/\",\"name\":\"AmerFresh \u2013 wyd\u0142u\u017ca okres przydatno\u015bci produkt\u00f3w\",\"isPartOf\":{\"@id\":\"https:\\\/\\\/amerplast.com\\\/pl\\\/#website\"},\"primaryImageOfPage\":{\"@id\":\"https:\\\/\\\/amerplast.com\\\/pl\\\/zrownowazony-rozwoj\\\/amergreen\\\/amerfresh\\\/#primaryimage\"},\"image\":{\"@id\":\"https:\\\/\\\/amerplast.com\\\/pl\\\/zrownowazony-rozwoj\\\/amergreen\\\/amerfresh\\\/#primaryimage\"},\"thumbnailUrl\":\"https:\\\/\\\/amerplast.com\\\/wp-content\\\/uploads\\\/2019\\\/02\\\/AmerFresh-01.jpg\",\"datePublished\":\"2019-02-06T14:00:09+00:00\",\"dateModified\":\"2020-03-31T13:18:38+00:00\",\"description\":\"System opakowa\u0144 aktywnych AmerFresh wyd\u0142u\u017ca trwa\u0142o\u015b\u0107 \u015bwie\u017cej \u017cywno\u015bci bez u\u017cywania chemikali\u00f3w. Dowiedz si\u0119 jak wyd\u0142u\u017cy\u0107 okres przydatno\u015bci produkt\u00f3w.\",\"breadcrumb\":{\"@id\":\"https:\\\/\\\/amerplast.com\\\/pl\\\/zrownowazony-rozwoj\\\/amergreen\\\/amerfresh\\\/#breadcrumb\"},\"inLanguage\":\"pl-PL\",\"potentialAction\":[{\"@type\":\"ReadAction\",\"target\":[\"https:\\\/\\\/amerplast.com\\\/pl\\\/zrownowazony-rozwoj\\\/amergreen\\\/amerfresh\\\/\"]}]},{\"@type\":\"ImageObject\",\"inLanguage\":\"pl-PL\",\"@id\":\"https:\\\/\\\/amerplast.com\\\/pl\\\/zrownowazony-rozwoj\\\/amergreen\\\/amerfresh\\\/#primaryimage\",\"url\":\"https:\\\/\\\/amerplast.com\\\/wp-content\\\/uploads\\\/2019\\\/02\\\/AmerFresh-01.jpg\",\"contentUrl\":\"https:\\\/\\\/amerplast.com\\\/wp-content\\\/uploads\\\/2019\\\/02\\\/AmerFresh-01.jpg\",\"width\":4167,\"height\":2588},{\"@type\":\"BreadcrumbList\",\"@id\":\"https:\\\/\\\/amerplast.com\\\/pl\\\/zrownowazony-rozwoj\\\/amergreen\\\/amerfresh\\\/#breadcrumb\",\"itemListElement\":[{\"@type\":\"ListItem\",\"position\":1,\"name\":\"Home\",\"item\":\"https:\\\/\\\/amerplast.com\\\/pl\\\/\"},{\"@type\":\"ListItem\",\"position\":2,\"name\":\"Zr\u00f3wnowa\u017cony rozw\u00f3j\",\"item\":\"https:\\\/\\\/amerplast.com\\\/pl\\\/zrownowazony-rozwoj\\\/\"},{\"@type\":\"ListItem\",\"position\":3,\"name\":\"Zr\u00f3wnowa\u017cone rozwi\u0105zania\",\"item\":\"https:\\\/\\\/amerplast.com\\\/pl\\\/zrownowazony-rozwoj\\\/amergreen\\\/\"},{\"@type\":\"ListItem\",\"position\":4,\"name\":\"AmerFresh\"}]},{\"@type\":\"WebSite\",\"@id\":\"https:\\\/\\\/amerplast.com\\\/pl\\\/#website\",\"url\":\"https:\\\/\\\/amerplast.com\\\/pl\\\/\",\"name\":\"Amerplast\",\"description\":\"\",\"potentialAction\":[{\"@type\":\"SearchAction\",\"target\":{\"@type\":\"EntryPoint\",\"urlTemplate\":\"https:\\\/\\\/amerplast.com\\\/pl\\\/?s={search_term_string}\"},\"query-input\":{\"@type\":\"PropertyValueSpecification\",\"valueRequired\":true,\"valueName\":\"search_term_string\"}}],\"inLanguage\":\"pl-PL\"}]}<\/script>\n<!-- \/ Yoast SEO plugin. -->","yoast_head_json":{"title":"AmerFresh \u2013 wyd\u0142u\u017ca okres przydatno\u015bci produkt\u00f3w","description":"System opakowa\u0144 aktywnych AmerFresh wyd\u0142u\u017ca trwa\u0142o\u015b\u0107 \u015bwie\u017cej \u017cywno\u015bci bez u\u017cywania chemikali\u00f3w. Dowiedz si\u0119 jak wyd\u0142u\u017cy\u0107 okres przydatno\u015bci produkt\u00f3w.","robots":{"index":"index","follow":"follow","max-snippet":"max-snippet:-1","max-image-preview":"max-image-preview:large","max-video-preview":"max-video-preview:-1"},"canonical":"https:\/\/amerplast.com\/pl\/zrownowazony-rozwoj\/amergreen\/amerfresh\/","og_locale":"pl_PL","og_type":"article","og_title":"AmerFresh \u2013 wyd\u0142u\u017ca okres przydatno\u015bci produkt\u00f3w","og_description":"System opakowa\u0144 aktywnych AmerFresh wyd\u0142u\u017ca trwa\u0142o\u015b\u0107 \u015bwie\u017cej \u017cywno\u015bci bez u\u017cywania chemikali\u00f3w. Dowiedz si\u0119 jak wyd\u0142u\u017cy\u0107 okres przydatno\u015bci produkt\u00f3w.","og_url":"https:\/\/amerplast.com\/pl\/zrownowazony-rozwoj\/amergreen\/amerfresh\/","og_site_name":"Amerplast","article_modified_time":"2020-03-31T13:18:38+00:00","og_image":[{"width":4167,"height":2588,"url":"https:\/\/amerplast.com\/wp-content\/uploads\/2019\/02\/AmerFresh-01.jpg","type":"image\/jpeg"}],"twitter_card":"summary_large_image","twitter_site":"@amerplast","schema":{"@context":"https:\/\/schema.org","@graph":[{"@type":"WebPage","@id":"https:\/\/amerplast.com\/pl\/zrownowazony-rozwoj\/amergreen\/amerfresh\/","url":"https:\/\/amerplast.com\/pl\/zrownowazony-rozwoj\/amergreen\/amerfresh\/","name":"AmerFresh \u2013 wyd\u0142u\u017ca okres przydatno\u015bci produkt\u00f3w","isPartOf":{"@id":"https:\/\/amerplast.com\/pl\/#website"},"primaryImageOfPage":{"@id":"https:\/\/amerplast.com\/pl\/zrownowazony-rozwoj\/amergreen\/amerfresh\/#primaryimage"},"image":{"@id":"https:\/\/amerplast.com\/pl\/zrownowazony-rozwoj\/amergreen\/amerfresh\/#primaryimage"},"thumbnailUrl":"https:\/\/amerplast.com\/wp-content\/uploads\/2019\/02\/AmerFresh-01.jpg","datePublished":"2019-02-06T14:00:09+00:00","dateModified":"2020-03-31T13:18:38+00:00","description":"System opakowa\u0144 aktywnych AmerFresh wyd\u0142u\u017ca trwa\u0142o\u015b\u0107 \u015bwie\u017cej \u017cywno\u015bci bez u\u017cywania chemikali\u00f3w. Dowiedz si\u0119 jak wyd\u0142u\u017cy\u0107 okres przydatno\u015bci produkt\u00f3w.","breadcrumb":{"@id":"https:\/\/amerplast.com\/pl\/zrownowazony-rozwoj\/amergreen\/amerfresh\/#breadcrumb"},"inLanguage":"pl-PL","potentialAction":[{"@type":"ReadAction","target":["https:\/\/amerplast.com\/pl\/zrownowazony-rozwoj\/amergreen\/amerfresh\/"]}]},{"@type":"ImageObject","inLanguage":"pl-PL","@id":"https:\/\/amerplast.com\/pl\/zrownowazony-rozwoj\/amergreen\/amerfresh\/#primaryimage","url":"https:\/\/amerplast.com\/wp-content\/uploads\/2019\/02\/AmerFresh-01.jpg","contentUrl":"https:\/\/amerplast.com\/wp-content\/uploads\/2019\/02\/AmerFresh-01.jpg","width":4167,"height":2588},{"@type":"BreadcrumbList","@id":"https:\/\/amerplast.com\/pl\/zrownowazony-rozwoj\/amergreen\/amerfresh\/#breadcrumb","itemListElement":[{"@type":"ListItem","position":1,"name":"Home","item":"https:\/\/amerplast.com\/pl\/"},{"@type":"ListItem","position":2,"name":"Zr\u00f3wnowa\u017cony rozw\u00f3j","item":"https:\/\/amerplast.com\/pl\/zrownowazony-rozwoj\/"},{"@type":"ListItem","position":3,"name":"Zr\u00f3wnowa\u017cone rozwi\u0105zania","item":"https:\/\/amerplast.com\/pl\/zrownowazony-rozwoj\/amergreen\/"},{"@type":"ListItem","position":4,"name":"AmerFresh"}]},{"@type":"WebSite","@id":"https:\/\/amerplast.com\/pl\/#website","url":"https:\/\/amerplast.com\/pl\/","name":"Amerplast","description":"","potentialAction":[{"@type":"SearchAction","target":{"@type":"EntryPoint","urlTemplate":"https:\/\/amerplast.com\/pl\/?s={search_term_string}"},"query-input":{"@type":"PropertyValueSpecification","valueRequired":true,"valueName":"search_term_string"}}],"inLanguage":"pl-PL"}]}},"_links":{"self":[{"href":"https:\/\/amerplast.com\/pl\/wp-json\/wp\/v2\/pages\/8725","targetHints":{"allow":["GET"]}}],"collection":[{"href":"https:\/\/amerplast.com\/pl\/wp-json\/wp\/v2\/pages"}],"about":[{"href":"https:\/\/amerplast.com\/pl\/wp-json\/wp\/v2\/types\/page"}],"author":[{"embeddable":true,"href":"https:\/\/amerplast.com\/pl\/wp-json\/wp\/v2\/users\/7"}],"replies":[{"embeddable":true,"href":"https:\/\/amerplast.com\/pl\/wp-json\/wp\/v2\/comments?post=8725"}],"version-history":[{"count":4,"href":"https:\/\/amerplast.com\/pl\/wp-json\/wp\/v2\/pages\/8725\/revisions"}],"predecessor-version":[{"id":8745,"href":"https:\/\/amerplast.com\/pl\/wp-json\/wp\/v2\/pages\/8725\/revisions\/8745"}],"up":[{"embeddable":true,"href":"https:\/\/amerplast.com\/pl\/wp-json\/wp\/v2\/pages\/8701"}],"wp:featuredmedia":[{"embeddable":true,"href":"https:\/\/amerplast.com\/pl\/wp-json\/wp\/v2\/media\/8727"}],"wp:attachment":[{"href":"https:\/\/amerplast.com\/pl\/wp-json\/wp\/v2\/media?parent=8725"}],"curies":[{"name":"wp","href":"https:\/\/api.w.org\/{rel}","templated":true}]}}