{"id":8679,"date":"2019-02-06T12:12:50","date_gmt":"2019-02-06T10:12:50","guid":{"rendered":"https:\/\/amerplast.com\/produkty\/solutions-features\/"},"modified":"2020-04-07T11:56:05","modified_gmt":"2020-04-07T08:56:05","slug":"rozwiazania-udogodnienia","status":"publish","type":"page","link":"https:\/\/amerplast.com\/pl\/produkty\/rozwiazania-udogodnienia\/","title":{"rendered":"Rozwi\u0105zania i udogodnienia"},"content":{"rendered":"","protected":false},"excerpt":{"rendered":"","protected":false},"author":7,"featured_media":7297,"parent":8461,"menu_order":0,"comment_status":"closed","ping_status":"closed","template":"","meta":{"_acf_changed":false,"footnotes":""},"class_list":["post-8679","page","type-page","status-publish","has-post-thumbnail","hentry"],"acf":[],"yoast_head":"<!-- This site is optimized with the Yoast SEO plugin v27.4 - https:\/\/yoast.com\/product\/yoast-seo-wordpress\/ -->\n<title>Rozwi\u0105zania i udogodnienia \u2013 idealne opakowania dla ka\u017cdego produktu<\/title>\n<meta name=\"description\" content=\"Nasza oferta sk\u0142ada si\u0119 z wielu rodzaj\u00f3w format\u00f3w opakowa\u0144 elastycznych, gwarantuje to znalezienie odpowiedniego rozwi\u0105zania dla ka\u017cdego produktu.\" \/>\n<meta name=\"robots\" content=\"index, follow, max-snippet:-1, max-image-preview:large, max-video-preview:-1\" \/>\n<link rel=\"canonical\" href=\"https:\/\/amerplast.com\/pl\/produkty\/rozwiazania-udogodnienia\/\" \/>\n<meta property=\"og:locale\" content=\"pl_PL\" \/>\n<meta property=\"og:type\" content=\"article\" \/>\n<meta property=\"og:title\" content=\"Rozwi\u0105zania i udogodnienia \u2013 idealne opakowania dla ka\u017cdego produktu\" \/>\n<meta property=\"og:description\" content=\"Nasza oferta sk\u0142ada si\u0119 z wielu rodzaj\u00f3w format\u00f3w opakowa\u0144 elastycznych, gwarantuje to znalezienie odpowiedniego rozwi\u0105zania dla ka\u017cdego produktu.\" \/>\n<meta property=\"og:url\" content=\"https:\/\/amerplast.com\/pl\/produkty\/rozwiazania-udogodnienia\/\" \/>\n<meta property=\"og:site_name\" content=\"Amerplast\" \/>\n<meta property=\"article:modified_time\" content=\"2020-04-07T08:56:05+00:00\" \/>\n<meta property=\"og:image\" content=\"https:\/\/amerplast.com\/wp-content\/uploads\/2019\/02\/solutions_and_features_2-01.jpg\" \/>\n\t<meta property=\"og:image:width\" content=\"4167\" \/>\n\t<meta property=\"og:image:height\" content=\"2588\" \/>\n\t<meta property=\"og:image:type\" content=\"image\/jpeg\" \/>\n<meta name=\"twitter:card\" content=\"summary_large_image\" \/>\n<meta name=\"twitter:site\" content=\"@amerplast\" \/>\n<script type=\"application\/ld+json\" class=\"yoast-schema-graph\">{\"@context\":\"https:\\\/\\\/schema.org\",\"@graph\":[{\"@type\":\"WebPage\",\"@id\":\"https:\\\/\\\/amerplast.com\\\/pl\\\/produkty\\\/rozwiazania-udogodnienia\\\/\",\"url\":\"https:\\\/\\\/amerplast.com\\\/pl\\\/produkty\\\/rozwiazania-udogodnienia\\\/\",\"name\":\"Rozwi\u0105zania i udogodnienia \u2013 idealne opakowania dla ka\u017cdego produktu\",\"isPartOf\":{\"@id\":\"https:\\\/\\\/amerplast.com\\\/pl\\\/#website\"},\"primaryImageOfPage\":{\"@id\":\"https:\\\/\\\/amerplast.com\\\/pl\\\/produkty\\\/rozwiazania-udogodnienia\\\/#primaryimage\"},\"image\":{\"@id\":\"https:\\\/\\\/amerplast.com\\\/pl\\\/produkty\\\/rozwiazania-udogodnienia\\\/#primaryimage\"},\"thumbnailUrl\":\"https:\\\/\\\/amerplast.com\\\/wp-content\\\/uploads\\\/2019\\\/02\\\/solutions_and_features_2-01.jpg\",\"datePublished\":\"2019-02-06T10:12:50+00:00\",\"dateModified\":\"2020-04-07T08:56:05+00:00\",\"description\":\"Nasza oferta sk\u0142ada si\u0119 z wielu rodzaj\u00f3w format\u00f3w opakowa\u0144 elastycznych, gwarantuje to znalezienie odpowiedniego rozwi\u0105zania dla ka\u017cdego produktu.\",\"breadcrumb\":{\"@id\":\"https:\\\/\\\/amerplast.com\\\/pl\\\/produkty\\\/rozwiazania-udogodnienia\\\/#breadcrumb\"},\"inLanguage\":\"pl-PL\",\"potentialAction\":[{\"@type\":\"ReadAction\",\"target\":[\"https:\\\/\\\/amerplast.com\\\/pl\\\/produkty\\\/rozwiazania-udogodnienia\\\/\"]}]},{\"@type\":\"ImageObject\",\"inLanguage\":\"pl-PL\",\"@id\":\"https:\\\/\\\/amerplast.com\\\/pl\\\/produkty\\\/rozwiazania-udogodnienia\\\/#primaryimage\",\"url\":\"https:\\\/\\\/amerplast.com\\\/wp-content\\\/uploads\\\/2019\\\/02\\\/solutions_and_features_2-01.jpg\",\"contentUrl\":\"https:\\\/\\\/amerplast.com\\\/wp-content\\\/uploads\\\/2019\\\/02\\\/solutions_and_features_2-01.jpg\",\"width\":4167,\"height\":2588},{\"@type\":\"BreadcrumbList\",\"@id\":\"https:\\\/\\\/amerplast.com\\\/pl\\\/produkty\\\/rozwiazania-udogodnienia\\\/#breadcrumb\",\"itemListElement\":[{\"@type\":\"ListItem\",\"position\":1,\"name\":\"Home\",\"item\":\"https:\\\/\\\/amerplast.com\\\/pl\\\/\"},{\"@type\":\"ListItem\",\"position\":2,\"name\":\"Produkty i rodzaje opakowa\u0144\",\"item\":\"https:\\\/\\\/amerplast.com\\\/pl\\\/produkty\\\/\"},{\"@type\":\"ListItem\",\"position\":3,\"name\":\"Rozwi\u0105zania i udogodnienia\"}]},{\"@type\":\"WebSite\",\"@id\":\"https:\\\/\\\/amerplast.com\\\/pl\\\/#website\",\"url\":\"https:\\\/\\\/amerplast.com\\\/pl\\\/\",\"name\":\"Amerplast\",\"description\":\"\",\"potentialAction\":[{\"@type\":\"SearchAction\",\"target\":{\"@type\":\"EntryPoint\",\"urlTemplate\":\"https:\\\/\\\/amerplast.com\\\/pl\\\/?s={search_term_string}\"},\"query-input\":{\"@type\":\"PropertyValueSpecification\",\"valueRequired\":true,\"valueName\":\"search_term_string\"}}],\"inLanguage\":\"pl-PL\"}]}<\/script>\n<!-- \/ Yoast SEO plugin. -->","yoast_head_json":{"title":"Rozwi\u0105zania i udogodnienia \u2013 idealne opakowania dla ka\u017cdego produktu","description":"Nasza oferta sk\u0142ada si\u0119 z wielu rodzaj\u00f3w format\u00f3w opakowa\u0144 elastycznych, gwarantuje to znalezienie odpowiedniego rozwi\u0105zania dla ka\u017cdego produktu.","robots":{"index":"index","follow":"follow","max-snippet":"max-snippet:-1","max-image-preview":"max-image-preview:large","max-video-preview":"max-video-preview:-1"},"canonical":"https:\/\/amerplast.com\/pl\/produkty\/rozwiazania-udogodnienia\/","og_locale":"pl_PL","og_type":"article","og_title":"Rozwi\u0105zania i udogodnienia \u2013 idealne opakowania dla ka\u017cdego produktu","og_description":"Nasza oferta sk\u0142ada si\u0119 z wielu rodzaj\u00f3w format\u00f3w opakowa\u0144 elastycznych, gwarantuje to znalezienie odpowiedniego rozwi\u0105zania dla ka\u017cdego produktu.","og_url":"https:\/\/amerplast.com\/pl\/produkty\/rozwiazania-udogodnienia\/","og_site_name":"Amerplast","article_modified_time":"2020-04-07T08:56:05+00:00","og_image":[{"width":4167,"height":2588,"url":"https:\/\/amerplast.com\/wp-content\/uploads\/2019\/02\/solutions_and_features_2-01.jpg","type":"image\/jpeg"}],"twitter_card":"summary_large_image","twitter_site":"@amerplast","schema":{"@context":"https:\/\/schema.org","@graph":[{"@type":"WebPage","@id":"https:\/\/amerplast.com\/pl\/produkty\/rozwiazania-udogodnienia\/","url":"https:\/\/amerplast.com\/pl\/produkty\/rozwiazania-udogodnienia\/","name":"Rozwi\u0105zania i udogodnienia \u2013 idealne opakowania dla ka\u017cdego produktu","isPartOf":{"@id":"https:\/\/amerplast.com\/pl\/#website"},"primaryImageOfPage":{"@id":"https:\/\/amerplast.com\/pl\/produkty\/rozwiazania-udogodnienia\/#primaryimage"},"image":{"@id":"https:\/\/amerplast.com\/pl\/produkty\/rozwiazania-udogodnienia\/#primaryimage"},"thumbnailUrl":"https:\/\/amerplast.com\/wp-content\/uploads\/2019\/02\/solutions_and_features_2-01.jpg","datePublished":"2019-02-06T10:12:50+00:00","dateModified":"2020-04-07T08:56:05+00:00","description":"Nasza oferta sk\u0142ada si\u0119 z wielu rodzaj\u00f3w format\u00f3w opakowa\u0144 elastycznych, gwarantuje to znalezienie odpowiedniego rozwi\u0105zania dla ka\u017cdego produktu.","breadcrumb":{"@id":"https:\/\/amerplast.com\/pl\/produkty\/rozwiazania-udogodnienia\/#breadcrumb"},"inLanguage":"pl-PL","potentialAction":[{"@type":"ReadAction","target":["https:\/\/amerplast.com\/pl\/produkty\/rozwiazania-udogodnienia\/"]}]},{"@type":"ImageObject","inLanguage":"pl-PL","@id":"https:\/\/amerplast.com\/pl\/produkty\/rozwiazania-udogodnienia\/#primaryimage","url":"https:\/\/amerplast.com\/wp-content\/uploads\/2019\/02\/solutions_and_features_2-01.jpg","contentUrl":"https:\/\/amerplast.com\/wp-content\/uploads\/2019\/02\/solutions_and_features_2-01.jpg","width":4167,"height":2588},{"@type":"BreadcrumbList","@id":"https:\/\/amerplast.com\/pl\/produkty\/rozwiazania-udogodnienia\/#breadcrumb","itemListElement":[{"@type":"ListItem","position":1,"name":"Home","item":"https:\/\/amerplast.com\/pl\/"},{"@type":"ListItem","position":2,"name":"Produkty i rodzaje opakowa\u0144","item":"https:\/\/amerplast.com\/pl\/produkty\/"},{"@type":"ListItem","position":3,"name":"Rozwi\u0105zania i udogodnienia"}]},{"@type":"WebSite","@id":"https:\/\/amerplast.com\/pl\/#website","url":"https:\/\/amerplast.com\/pl\/","name":"Amerplast","description":"","potentialAction":[{"@type":"SearchAction","target":{"@type":"EntryPoint","urlTemplate":"https:\/\/amerplast.com\/pl\/?s={search_term_string}"},"query-input":{"@type":"PropertyValueSpecification","valueRequired":true,"valueName":"search_term_string"}}],"inLanguage":"pl-PL"}]}},"_links":{"self":[{"href":"https:\/\/amerplast.com\/pl\/wp-json\/wp\/v2\/pages\/8679","targetHints":{"allow":["GET"]}}],"collection":[{"href":"https:\/\/amerplast.com\/pl\/wp-json\/wp\/v2\/pages"}],"about":[{"href":"https:\/\/amerplast.com\/pl\/wp-json\/wp\/v2\/types\/page"}],"author":[{"embeddable":true,"href":"https:\/\/amerplast.com\/pl\/wp-json\/wp\/v2\/users\/7"}],"replies":[{"embeddable":true,"href":"https:\/\/amerplast.com\/pl\/wp-json\/wp\/v2\/comments?post=8679"}],"version-history":[{"count":3,"href":"https:\/\/amerplast.com\/pl\/wp-json\/wp\/v2\/pages\/8679\/revisions"}],"predecessor-version":[{"id":9585,"href":"https:\/\/amerplast.com\/pl\/wp-json\/wp\/v2\/pages\/8679\/revisions\/9585"}],"up":[{"embeddable":true,"href":"https:\/\/amerplast.com\/pl\/wp-json\/wp\/v2\/pages\/8461"}],"wp:featuredmedia":[{"embeddable":true,"href":"https:\/\/amerplast.com\/pl\/wp-json\/wp\/v2\/media\/7297"}],"wp:attachment":[{"href":"https:\/\/amerplast.com\/pl\/wp-json\/wp\/v2\/media?parent=8679"}],"curies":[{"name":"wp","href":"https:\/\/api.w.org\/{rel}","templated":true}]}}