{"id":8643,"date":"2019-01-11T15:09:43","date_gmt":"2019-01-11T13:09:43","guid":{"rendered":"https:\/\/amerplast.com\/produkty\/retail-packaging\/"},"modified":"2020-04-07T12:01:25","modified_gmt":"2020-04-07T09:01:25","slug":"zakupy","status":"publish","type":"page","link":"https:\/\/amerplast.com\/pl\/produkty\/zakupy\/","title":{"rendered":"Zakupy"},"content":{"rendered":"","protected":false},"excerpt":{"rendered":"","protected":false},"author":7,"featured_media":7259,"parent":8461,"menu_order":0,"comment_status":"closed","ping_status":"closed","template":"","meta":{"_acf_changed":false,"footnotes":""},"class_list":["post-8643","page","type-page","status-publish","has-post-thumbnail","hentry"],"acf":[],"yoast_head":"<!-- This site is optimized with the Yoast SEO plugin v27.4 - https:\/\/yoast.com\/product\/yoast-seo-wordpress\/ -->\n<title>Torebki na zakupy \u2013 Ekologiczne i wygodne rozwi\u0105zania<\/title>\n<meta name=\"description\" content=\"Nasze rozwi\u0105zania w dziedzinie torebek na zakupy s\u0105 wygodne, wytrzyma\u0142e i ekologiczne. Zr\u00f3wnowa\u017cony rozw\u00f3j traktujemy bardzo powa\u017cnie.\" \/>\n<meta name=\"robots\" content=\"index, follow, max-snippet:-1, max-image-preview:large, max-video-preview:-1\" \/>\n<link rel=\"canonical\" href=\"https:\/\/amerplast.com\/pl\/produkty\/zakupy\/\" \/>\n<meta property=\"og:locale\" content=\"pl_PL\" \/>\n<meta property=\"og:type\" content=\"article\" \/>\n<meta property=\"og:title\" content=\"Torebki na zakupy \u2013 Ekologiczne i wygodne rozwi\u0105zania\" \/>\n<meta property=\"og:description\" content=\"Nasze rozwi\u0105zania w dziedzinie torebek na zakupy s\u0105 wygodne, wytrzyma\u0142e i ekologiczne. Zr\u00f3wnowa\u017cony rozw\u00f3j traktujemy bardzo powa\u017cnie.\" \/>\n<meta property=\"og:url\" content=\"https:\/\/amerplast.com\/pl\/produkty\/zakupy\/\" \/>\n<meta property=\"og:site_name\" content=\"Amerplast\" \/>\n<meta property=\"article:modified_time\" content=\"2020-04-07T09:01:25+00:00\" \/>\n<meta property=\"og:image\" content=\"https:\/\/amerplast.com\/wp-content\/uploads\/2019\/01\/retail_packaging-01.jpg\" \/>\n\t<meta property=\"og:image:width\" content=\"4167\" \/>\n\t<meta property=\"og:image:height\" content=\"2588\" \/>\n\t<meta property=\"og:image:type\" content=\"image\/jpeg\" \/>\n<meta name=\"twitter:card\" content=\"summary_large_image\" \/>\n<meta name=\"twitter:site\" content=\"@amerplast\" \/>\n<script type=\"application\/ld+json\" class=\"yoast-schema-graph\">{\"@context\":\"https:\\\/\\\/schema.org\",\"@graph\":[{\"@type\":\"WebPage\",\"@id\":\"https:\\\/\\\/amerplast.com\\\/pl\\\/produkty\\\/zakupy\\\/\",\"url\":\"https:\\\/\\\/amerplast.com\\\/pl\\\/produkty\\\/zakupy\\\/\",\"name\":\"Torebki na zakupy \u2013 Ekologiczne i wygodne rozwi\u0105zania\",\"isPartOf\":{\"@id\":\"https:\\\/\\\/amerplast.com\\\/pl\\\/#website\"},\"primaryImageOfPage\":{\"@id\":\"https:\\\/\\\/amerplast.com\\\/pl\\\/produkty\\\/zakupy\\\/#primaryimage\"},\"image\":{\"@id\":\"https:\\\/\\\/amerplast.com\\\/pl\\\/produkty\\\/zakupy\\\/#primaryimage\"},\"thumbnailUrl\":\"https:\\\/\\\/amerplast.com\\\/wp-content\\\/uploads\\\/2019\\\/01\\\/retail_packaging-01.jpg\",\"datePublished\":\"2019-01-11T13:09:43+00:00\",\"dateModified\":\"2020-04-07T09:01:25+00:00\",\"description\":\"Nasze rozwi\u0105zania w dziedzinie torebek na zakupy s\u0105 wygodne, wytrzyma\u0142e i ekologiczne. Zr\u00f3wnowa\u017cony rozw\u00f3j traktujemy bardzo powa\u017cnie.\",\"breadcrumb\":{\"@id\":\"https:\\\/\\\/amerplast.com\\\/pl\\\/produkty\\\/zakupy\\\/#breadcrumb\"},\"inLanguage\":\"pl-PL\",\"potentialAction\":[{\"@type\":\"ReadAction\",\"target\":[\"https:\\\/\\\/amerplast.com\\\/pl\\\/produkty\\\/zakupy\\\/\"]}]},{\"@type\":\"ImageObject\",\"inLanguage\":\"pl-PL\",\"@id\":\"https:\\\/\\\/amerplast.com\\\/pl\\\/produkty\\\/zakupy\\\/#primaryimage\",\"url\":\"https:\\\/\\\/amerplast.com\\\/wp-content\\\/uploads\\\/2019\\\/01\\\/retail_packaging-01.jpg\",\"contentUrl\":\"https:\\\/\\\/amerplast.com\\\/wp-content\\\/uploads\\\/2019\\\/01\\\/retail_packaging-01.jpg\",\"width\":4167,\"height\":2588},{\"@type\":\"BreadcrumbList\",\"@id\":\"https:\\\/\\\/amerplast.com\\\/pl\\\/produkty\\\/zakupy\\\/#breadcrumb\",\"itemListElement\":[{\"@type\":\"ListItem\",\"position\":1,\"name\":\"Home\",\"item\":\"https:\\\/\\\/amerplast.com\\\/pl\\\/\"},{\"@type\":\"ListItem\",\"position\":2,\"name\":\"Produkty i rodzaje opakowa\u0144\",\"item\":\"https:\\\/\\\/amerplast.com\\\/pl\\\/produkty\\\/\"},{\"@type\":\"ListItem\",\"position\":3,\"name\":\"Zakupy\"}]},{\"@type\":\"WebSite\",\"@id\":\"https:\\\/\\\/amerplast.com\\\/pl\\\/#website\",\"url\":\"https:\\\/\\\/amerplast.com\\\/pl\\\/\",\"name\":\"Amerplast\",\"description\":\"\",\"potentialAction\":[{\"@type\":\"SearchAction\",\"target\":{\"@type\":\"EntryPoint\",\"urlTemplate\":\"https:\\\/\\\/amerplast.com\\\/pl\\\/?s={search_term_string}\"},\"query-input\":{\"@type\":\"PropertyValueSpecification\",\"valueRequired\":true,\"valueName\":\"search_term_string\"}}],\"inLanguage\":\"pl-PL\"}]}<\/script>\n<!-- \/ Yoast SEO plugin. -->","yoast_head_json":{"title":"Torebki na zakupy \u2013 Ekologiczne i wygodne rozwi\u0105zania","description":"Nasze rozwi\u0105zania w dziedzinie torebek na zakupy s\u0105 wygodne, wytrzyma\u0142e i ekologiczne. Zr\u00f3wnowa\u017cony rozw\u00f3j traktujemy bardzo powa\u017cnie.","robots":{"index":"index","follow":"follow","max-snippet":"max-snippet:-1","max-image-preview":"max-image-preview:large","max-video-preview":"max-video-preview:-1"},"canonical":"https:\/\/amerplast.com\/pl\/produkty\/zakupy\/","og_locale":"pl_PL","og_type":"article","og_title":"Torebki na zakupy \u2013 Ekologiczne i wygodne rozwi\u0105zania","og_description":"Nasze rozwi\u0105zania w dziedzinie torebek na zakupy s\u0105 wygodne, wytrzyma\u0142e i ekologiczne. Zr\u00f3wnowa\u017cony rozw\u00f3j traktujemy bardzo powa\u017cnie.","og_url":"https:\/\/amerplast.com\/pl\/produkty\/zakupy\/","og_site_name":"Amerplast","article_modified_time":"2020-04-07T09:01:25+00:00","og_image":[{"width":4167,"height":2588,"url":"https:\/\/amerplast.com\/wp-content\/uploads\/2019\/01\/retail_packaging-01.jpg","type":"image\/jpeg"}],"twitter_card":"summary_large_image","twitter_site":"@amerplast","schema":{"@context":"https:\/\/schema.org","@graph":[{"@type":"WebPage","@id":"https:\/\/amerplast.com\/pl\/produkty\/zakupy\/","url":"https:\/\/amerplast.com\/pl\/produkty\/zakupy\/","name":"Torebki na zakupy \u2013 Ekologiczne i wygodne rozwi\u0105zania","isPartOf":{"@id":"https:\/\/amerplast.com\/pl\/#website"},"primaryImageOfPage":{"@id":"https:\/\/amerplast.com\/pl\/produkty\/zakupy\/#primaryimage"},"image":{"@id":"https:\/\/amerplast.com\/pl\/produkty\/zakupy\/#primaryimage"},"thumbnailUrl":"https:\/\/amerplast.com\/wp-content\/uploads\/2019\/01\/retail_packaging-01.jpg","datePublished":"2019-01-11T13:09:43+00:00","dateModified":"2020-04-07T09:01:25+00:00","description":"Nasze rozwi\u0105zania w dziedzinie torebek na zakupy s\u0105 wygodne, wytrzyma\u0142e i ekologiczne. Zr\u00f3wnowa\u017cony rozw\u00f3j traktujemy bardzo powa\u017cnie.","breadcrumb":{"@id":"https:\/\/amerplast.com\/pl\/produkty\/zakupy\/#breadcrumb"},"inLanguage":"pl-PL","potentialAction":[{"@type":"ReadAction","target":["https:\/\/amerplast.com\/pl\/produkty\/zakupy\/"]}]},{"@type":"ImageObject","inLanguage":"pl-PL","@id":"https:\/\/amerplast.com\/pl\/produkty\/zakupy\/#primaryimage","url":"https:\/\/amerplast.com\/wp-content\/uploads\/2019\/01\/retail_packaging-01.jpg","contentUrl":"https:\/\/amerplast.com\/wp-content\/uploads\/2019\/01\/retail_packaging-01.jpg","width":4167,"height":2588},{"@type":"BreadcrumbList","@id":"https:\/\/amerplast.com\/pl\/produkty\/zakupy\/#breadcrumb","itemListElement":[{"@type":"ListItem","position":1,"name":"Home","item":"https:\/\/amerplast.com\/pl\/"},{"@type":"ListItem","position":2,"name":"Produkty i rodzaje opakowa\u0144","item":"https:\/\/amerplast.com\/pl\/produkty\/"},{"@type":"ListItem","position":3,"name":"Zakupy"}]},{"@type":"WebSite","@id":"https:\/\/amerplast.com\/pl\/#website","url":"https:\/\/amerplast.com\/pl\/","name":"Amerplast","description":"","potentialAction":[{"@type":"SearchAction","target":{"@type":"EntryPoint","urlTemplate":"https:\/\/amerplast.com\/pl\/?s={search_term_string}"},"query-input":{"@type":"PropertyValueSpecification","valueRequired":true,"valueName":"search_term_string"}}],"inLanguage":"pl-PL"}]}},"_links":{"self":[{"href":"https:\/\/amerplast.com\/pl\/wp-json\/wp\/v2\/pages\/8643","targetHints":{"allow":["GET"]}}],"collection":[{"href":"https:\/\/amerplast.com\/pl\/wp-json\/wp\/v2\/pages"}],"about":[{"href":"https:\/\/amerplast.com\/pl\/wp-json\/wp\/v2\/types\/page"}],"author":[{"embeddable":true,"href":"https:\/\/amerplast.com\/pl\/wp-json\/wp\/v2\/users\/7"}],"replies":[{"embeddable":true,"href":"https:\/\/amerplast.com\/pl\/wp-json\/wp\/v2\/comments?post=8643"}],"version-history":[{"count":4,"href":"https:\/\/amerplast.com\/pl\/wp-json\/wp\/v2\/pages\/8643\/revisions"}],"predecessor-version":[{"id":9313,"href":"https:\/\/amerplast.com\/pl\/wp-json\/wp\/v2\/pages\/8643\/revisions\/9313"}],"up":[{"embeddable":true,"href":"https:\/\/amerplast.com\/pl\/wp-json\/wp\/v2\/pages\/8461"}],"wp:featuredmedia":[{"embeddable":true,"href":"https:\/\/amerplast.com\/pl\/wp-json\/wp\/v2\/media\/7259"}],"wp:attachment":[{"href":"https:\/\/amerplast.com\/pl\/wp-json\/wp\/v2\/media?parent=8643"}],"curies":[{"name":"wp","href":"https:\/\/api.w.org\/{rel}","templated":true}]}}