{"id":8535,"date":"2018-12-20T14:39:03","date_gmt":"2018-12-20T12:39:03","guid":{"rendered":"https:\/\/amerplast.com\/firma\/sustainability-approach\/"},"modified":"2020-04-07T12:19:49","modified_gmt":"2020-04-07T09:19:49","slug":"obszar-zrownowazonego-rozwoju","status":"publish","type":"page","link":"https:\/\/amerplast.com\/pl\/firma\/obszar-zrownowazonego-rozwoju\/","title":{"rendered":"Obszar zr\u00f3wnowa\u017conego rozwoju"},"content":{"rendered":"","protected":false},"excerpt":{"rendered":"","protected":false},"author":7,"featured_media":0,"parent":8419,"menu_order":0,"comment_status":"closed","ping_status":"closed","template":"","meta":{"_acf_changed":false,"footnotes":""},"class_list":["post-8535","page","type-page","status-publish","hentry"],"acf":[],"yoast_head":"<!-- This site is optimized with the Yoast SEO plugin v27.5 - https:\/\/yoast.com\/product\/yoast-seo-wordpress\/ -->\n<title>Rozwijanie zr\u00f3wnowa\u017conej produkcji opakowa\u0144 z tworzyw sztucznych<\/title>\n<meta name=\"description\" content=\"Nasz\u0105 ambicj\u0105 jest by\u0107 liderem w opracowywaniu najbardziej ekologicznych rozwi\u0105za\u0144 w produkcji opakowa\u0144 z tworzyw sztucznych. Do\u0142\u0105cz do nas aby tworzy\u0107 lepszy \u015bwiat.\" \/>\n<meta name=\"robots\" content=\"index, follow, max-snippet:-1, max-image-preview:large, max-video-preview:-1\" \/>\n<link rel=\"canonical\" href=\"https:\/\/amerplast.com\/pl\/firma\/obszar-zrownowazonego-rozwoju\/\" \/>\n<meta property=\"og:locale\" content=\"pl_PL\" \/>\n<meta property=\"og:type\" content=\"article\" \/>\n<meta property=\"og:title\" content=\"Rozwijanie zr\u00f3wnowa\u017conej produkcji opakowa\u0144 z tworzyw sztucznych\" \/>\n<meta property=\"og:description\" content=\"Nasz\u0105 ambicj\u0105 jest by\u0107 liderem w opracowywaniu najbardziej ekologicznych rozwi\u0105za\u0144 w produkcji opakowa\u0144 z tworzyw sztucznych. Do\u0142\u0105cz do nas aby tworzy\u0107 lepszy \u015bwiat.\" \/>\n<meta property=\"og:url\" content=\"https:\/\/amerplast.com\/pl\/firma\/obszar-zrownowazonego-rozwoju\/\" \/>\n<meta property=\"og:site_name\" content=\"Amerplast\" \/>\n<meta property=\"article:modified_time\" content=\"2020-04-07T09:19:49+00:00\" \/>\n<meta name=\"twitter:card\" content=\"summary_large_image\" \/>\n<meta name=\"twitter:site\" content=\"@amerplast\" \/>\n<script type=\"application\/ld+json\" class=\"yoast-schema-graph\">{\"@context\":\"https:\\\/\\\/schema.org\",\"@graph\":[{\"@type\":\"WebPage\",\"@id\":\"https:\\\/\\\/amerplast.com\\\/pl\\\/firma\\\/obszar-zrownowazonego-rozwoju\\\/\",\"url\":\"https:\\\/\\\/amerplast.com\\\/pl\\\/firma\\\/obszar-zrownowazonego-rozwoju\\\/\",\"name\":\"Rozwijanie zr\u00f3wnowa\u017conej produkcji opakowa\u0144 z tworzyw sztucznych\",\"isPartOf\":{\"@id\":\"https:\\\/\\\/amerplast.com\\\/pl\\\/#website\"},\"datePublished\":\"2018-12-20T12:39:03+00:00\",\"dateModified\":\"2020-04-07T09:19:49+00:00\",\"description\":\"Nasz\u0105 ambicj\u0105 jest by\u0107 liderem w opracowywaniu najbardziej ekologicznych rozwi\u0105za\u0144 w produkcji opakowa\u0144 z tworzyw sztucznych. Do\u0142\u0105cz do nas aby tworzy\u0107 lepszy \u015bwiat.\",\"breadcrumb\":{\"@id\":\"https:\\\/\\\/amerplast.com\\\/pl\\\/firma\\\/obszar-zrownowazonego-rozwoju\\\/#breadcrumb\"},\"inLanguage\":\"pl-PL\",\"potentialAction\":[{\"@type\":\"ReadAction\",\"target\":[\"https:\\\/\\\/amerplast.com\\\/pl\\\/firma\\\/obszar-zrownowazonego-rozwoju\\\/\"]}]},{\"@type\":\"BreadcrumbList\",\"@id\":\"https:\\\/\\\/amerplast.com\\\/pl\\\/firma\\\/obszar-zrownowazonego-rozwoju\\\/#breadcrumb\",\"itemListElement\":[{\"@type\":\"ListItem\",\"position\":1,\"name\":\"Home\",\"item\":\"https:\\\/\\\/amerplast.com\\\/pl\\\/\"},{\"@type\":\"ListItem\",\"position\":2,\"name\":\"Firma\",\"item\":\"https:\\\/\\\/amerplast.com\\\/pl\\\/firma\\\/\"},{\"@type\":\"ListItem\",\"position\":3,\"name\":\"Obszar zr\u00f3wnowa\u017conego rozwoju\"}]},{\"@type\":\"WebSite\",\"@id\":\"https:\\\/\\\/amerplast.com\\\/pl\\\/#website\",\"url\":\"https:\\\/\\\/amerplast.com\\\/pl\\\/\",\"name\":\"Amerplast\",\"description\":\"\",\"potentialAction\":[{\"@type\":\"SearchAction\",\"target\":{\"@type\":\"EntryPoint\",\"urlTemplate\":\"https:\\\/\\\/amerplast.com\\\/pl\\\/?s={search_term_string}\"},\"query-input\":{\"@type\":\"PropertyValueSpecification\",\"valueRequired\":true,\"valueName\":\"search_term_string\"}}],\"inLanguage\":\"pl-PL\"}]}<\/script>\n<!-- \/ Yoast SEO plugin. -->","yoast_head_json":{"title":"Rozwijanie zr\u00f3wnowa\u017conej produkcji opakowa\u0144 z tworzyw sztucznych","description":"Nasz\u0105 ambicj\u0105 jest by\u0107 liderem w opracowywaniu najbardziej ekologicznych rozwi\u0105za\u0144 w produkcji opakowa\u0144 z tworzyw sztucznych. Do\u0142\u0105cz do nas aby tworzy\u0107 lepszy \u015bwiat.","robots":{"index":"index","follow":"follow","max-snippet":"max-snippet:-1","max-image-preview":"max-image-preview:large","max-video-preview":"max-video-preview:-1"},"canonical":"https:\/\/amerplast.com\/pl\/firma\/obszar-zrownowazonego-rozwoju\/","og_locale":"pl_PL","og_type":"article","og_title":"Rozwijanie zr\u00f3wnowa\u017conej produkcji opakowa\u0144 z tworzyw sztucznych","og_description":"Nasz\u0105 ambicj\u0105 jest by\u0107 liderem w opracowywaniu najbardziej ekologicznych rozwi\u0105za\u0144 w produkcji opakowa\u0144 z tworzyw sztucznych. Do\u0142\u0105cz do nas aby tworzy\u0107 lepszy \u015bwiat.","og_url":"https:\/\/amerplast.com\/pl\/firma\/obszar-zrownowazonego-rozwoju\/","og_site_name":"Amerplast","article_modified_time":"2020-04-07T09:19:49+00:00","twitter_card":"summary_large_image","twitter_site":"@amerplast","schema":{"@context":"https:\/\/schema.org","@graph":[{"@type":"WebPage","@id":"https:\/\/amerplast.com\/pl\/firma\/obszar-zrownowazonego-rozwoju\/","url":"https:\/\/amerplast.com\/pl\/firma\/obszar-zrownowazonego-rozwoju\/","name":"Rozwijanie zr\u00f3wnowa\u017conej produkcji opakowa\u0144 z tworzyw sztucznych","isPartOf":{"@id":"https:\/\/amerplast.com\/pl\/#website"},"datePublished":"2018-12-20T12:39:03+00:00","dateModified":"2020-04-07T09:19:49+00:00","description":"Nasz\u0105 ambicj\u0105 jest by\u0107 liderem w opracowywaniu najbardziej ekologicznych rozwi\u0105za\u0144 w produkcji opakowa\u0144 z tworzyw sztucznych. Do\u0142\u0105cz do nas aby tworzy\u0107 lepszy \u015bwiat.","breadcrumb":{"@id":"https:\/\/amerplast.com\/pl\/firma\/obszar-zrownowazonego-rozwoju\/#breadcrumb"},"inLanguage":"pl-PL","potentialAction":[{"@type":"ReadAction","target":["https:\/\/amerplast.com\/pl\/firma\/obszar-zrownowazonego-rozwoju\/"]}]},{"@type":"BreadcrumbList","@id":"https:\/\/amerplast.com\/pl\/firma\/obszar-zrownowazonego-rozwoju\/#breadcrumb","itemListElement":[{"@type":"ListItem","position":1,"name":"Home","item":"https:\/\/amerplast.com\/pl\/"},{"@type":"ListItem","position":2,"name":"Firma","item":"https:\/\/amerplast.com\/pl\/firma\/"},{"@type":"ListItem","position":3,"name":"Obszar zr\u00f3wnowa\u017conego rozwoju"}]},{"@type":"WebSite","@id":"https:\/\/amerplast.com\/pl\/#website","url":"https:\/\/amerplast.com\/pl\/","name":"Amerplast","description":"","potentialAction":[{"@type":"SearchAction","target":{"@type":"EntryPoint","urlTemplate":"https:\/\/amerplast.com\/pl\/?s={search_term_string}"},"query-input":{"@type":"PropertyValueSpecification","valueRequired":true,"valueName":"search_term_string"}}],"inLanguage":"pl-PL"}]}},"_links":{"self":[{"href":"https:\/\/amerplast.com\/pl\/wp-json\/wp\/v2\/pages\/8535","targetHints":{"allow":["GET"]}}],"collection":[{"href":"https:\/\/amerplast.com\/pl\/wp-json\/wp\/v2\/pages"}],"about":[{"href":"https:\/\/amerplast.com\/pl\/wp-json\/wp\/v2\/types\/page"}],"author":[{"embeddable":true,"href":"https:\/\/amerplast.com\/pl\/wp-json\/wp\/v2\/users\/7"}],"replies":[{"embeddable":true,"href":"https:\/\/amerplast.com\/pl\/wp-json\/wp\/v2\/comments?post=8535"}],"version-history":[{"count":5,"href":"https:\/\/amerplast.com\/pl\/wp-json\/wp\/v2\/pages\/8535\/revisions"}],"predecessor-version":[{"id":8537,"href":"https:\/\/amerplast.com\/pl\/wp-json\/wp\/v2\/pages\/8535\/revisions\/8537"}],"up":[{"embeddable":true,"href":"https:\/\/amerplast.com\/pl\/wp-json\/wp\/v2\/pages\/8419"}],"wp:attachment":[{"href":"https:\/\/amerplast.com\/pl\/wp-json\/wp\/v2\/media?parent=8535"}],"curies":[{"name":"wp","href":"https:\/\/api.w.org\/{rel}","templated":true}]}}