{"id":8461,"date":"2019-01-03T12:47:01","date_gmt":"2019-01-03T10:47:01","guid":{"rendered":"https:\/\/amerplast.com\/products-packaging-solutions\/"},"modified":"2021-11-22T15:10:35","modified_gmt":"2021-11-22T13:10:35","slug":"produkty","status":"publish","type":"page","link":"https:\/\/amerplast.com\/pl\/produkty\/","title":{"rendered":"Produkty i rodzaje opakowa\u0144"},"content":{"rendered":"","protected":false},"excerpt":{"rendered":"","protected":false},"author":7,"featured_media":7193,"parent":0,"menu_order":0,"comment_status":"closed","ping_status":"closed","template":"","meta":{"_acf_changed":false,"footnotes":""},"class_list":["post-8461","page","type-page","status-publish","has-post-thumbnail","hentry"],"acf":[],"yoast_head":"<!-- This site is optimized with the Yoast SEO plugin v27.4 - https:\/\/yoast.com\/product\/yoast-seo-wordpress\/ -->\n<title>Produkty i rodzaje opakowa\u0144\u2013 opakowania elastyczne wysokiej jako\u015bci<\/title>\n<meta name=\"description\" content=\"Rozwijanie produkcji r\u00f3znych rodzaj\u00f3w opakowa\u0144 elastycznych Amerplast ma na celu zapewnienie najlepszej mo\u017cliwej ochrony produkt\u00f3w, ich estetyki oraz wygody konsument\u00f3w.\" \/>\n<meta name=\"robots\" content=\"index, follow, max-snippet:-1, max-image-preview:large, max-video-preview:-1\" \/>\n<link rel=\"canonical\" href=\"https:\/\/amerplast.com\/pl\/produkty\/\" \/>\n<meta property=\"og:locale\" content=\"pl_PL\" \/>\n<meta property=\"og:type\" content=\"article\" \/>\n<meta property=\"og:title\" content=\"Produkty i rodzaje opakowa\u0144\u2013 opakowania elastyczne wysokiej jako\u015bci\" \/>\n<meta property=\"og:description\" content=\"Rozwijanie produkcji r\u00f3znych rodzaj\u00f3w opakowa\u0144 elastycznych Amerplast ma na celu zapewnienie najlepszej mo\u017cliwej ochrony produkt\u00f3w, ich estetyki oraz wygody konsument\u00f3w.\" \/>\n<meta property=\"og:url\" content=\"https:\/\/amerplast.com\/pl\/produkty\/\" \/>\n<meta property=\"og:site_name\" content=\"Amerplast\" \/>\n<meta property=\"article:modified_time\" content=\"2021-11-22T13:10:35+00:00\" \/>\n<meta property=\"og:image\" content=\"https:\/\/amerplast.com\/wp-content\/uploads\/2019\/01\/Products-and-Packaging-Solutions-01.jpg\" \/>\n\t<meta property=\"og:image:width\" content=\"4167\" \/>\n\t<meta property=\"og:image:height\" content=\"2588\" \/>\n\t<meta property=\"og:image:type\" content=\"image\/jpeg\" \/>\n<meta name=\"twitter:card\" content=\"summary_large_image\" \/>\n<meta name=\"twitter:site\" content=\"@amerplast\" \/>\n<script type=\"application\/ld+json\" class=\"yoast-schema-graph\">{\"@context\":\"https:\\\/\\\/schema.org\",\"@graph\":[{\"@type\":\"WebPage\",\"@id\":\"https:\\\/\\\/amerplast.com\\\/pl\\\/produkty\\\/\",\"url\":\"https:\\\/\\\/amerplast.com\\\/pl\\\/produkty\\\/\",\"name\":\"Produkty i rodzaje opakowa\u0144\u2013 opakowania elastyczne wysokiej jako\u015bci\",\"isPartOf\":{\"@id\":\"https:\\\/\\\/amerplast.com\\\/pl\\\/#website\"},\"primaryImageOfPage\":{\"@id\":\"https:\\\/\\\/amerplast.com\\\/pl\\\/produkty\\\/#primaryimage\"},\"image\":{\"@id\":\"https:\\\/\\\/amerplast.com\\\/pl\\\/produkty\\\/#primaryimage\"},\"thumbnailUrl\":\"https:\\\/\\\/amerplast.com\\\/wp-content\\\/uploads\\\/2019\\\/01\\\/Products-and-Packaging-Solutions-01.jpg\",\"datePublished\":\"2019-01-03T10:47:01+00:00\",\"dateModified\":\"2021-11-22T13:10:35+00:00\",\"description\":\"Rozwijanie produkcji r\u00f3znych rodzaj\u00f3w opakowa\u0144 elastycznych Amerplast ma na celu zapewnienie najlepszej mo\u017cliwej ochrony produkt\u00f3w, ich estetyki oraz wygody konsument\u00f3w.\",\"breadcrumb\":{\"@id\":\"https:\\\/\\\/amerplast.com\\\/pl\\\/produkty\\\/#breadcrumb\"},\"inLanguage\":\"pl-PL\",\"potentialAction\":[{\"@type\":\"ReadAction\",\"target\":[\"https:\\\/\\\/amerplast.com\\\/pl\\\/produkty\\\/\"]}]},{\"@type\":\"ImageObject\",\"inLanguage\":\"pl-PL\",\"@id\":\"https:\\\/\\\/amerplast.com\\\/pl\\\/produkty\\\/#primaryimage\",\"url\":\"https:\\\/\\\/amerplast.com\\\/wp-content\\\/uploads\\\/2019\\\/01\\\/Products-and-Packaging-Solutions-01.jpg\",\"contentUrl\":\"https:\\\/\\\/amerplast.com\\\/wp-content\\\/uploads\\\/2019\\\/01\\\/Products-and-Packaging-Solutions-01.jpg\",\"width\":4167,\"height\":2588},{\"@type\":\"BreadcrumbList\",\"@id\":\"https:\\\/\\\/amerplast.com\\\/pl\\\/produkty\\\/#breadcrumb\",\"itemListElement\":[{\"@type\":\"ListItem\",\"position\":1,\"name\":\"Home\",\"item\":\"https:\\\/\\\/amerplast.com\\\/pl\\\/\"},{\"@type\":\"ListItem\",\"position\":2,\"name\":\"Produkty i rodzaje opakowa\u0144\"}]},{\"@type\":\"WebSite\",\"@id\":\"https:\\\/\\\/amerplast.com\\\/pl\\\/#website\",\"url\":\"https:\\\/\\\/amerplast.com\\\/pl\\\/\",\"name\":\"Amerplast\",\"description\":\"\",\"potentialAction\":[{\"@type\":\"SearchAction\",\"target\":{\"@type\":\"EntryPoint\",\"urlTemplate\":\"https:\\\/\\\/amerplast.com\\\/pl\\\/?s={search_term_string}\"},\"query-input\":{\"@type\":\"PropertyValueSpecification\",\"valueRequired\":true,\"valueName\":\"search_term_string\"}}],\"inLanguage\":\"pl-PL\"}]}<\/script>\n<!-- \/ Yoast SEO plugin. -->","yoast_head_json":{"title":"Produkty i rodzaje opakowa\u0144\u2013 opakowania elastyczne wysokiej jako\u015bci","description":"Rozwijanie produkcji r\u00f3znych rodzaj\u00f3w opakowa\u0144 elastycznych Amerplast ma na celu zapewnienie najlepszej mo\u017cliwej ochrony produkt\u00f3w, ich estetyki oraz wygody konsument\u00f3w.","robots":{"index":"index","follow":"follow","max-snippet":"max-snippet:-1","max-image-preview":"max-image-preview:large","max-video-preview":"max-video-preview:-1"},"canonical":"https:\/\/amerplast.com\/pl\/produkty\/","og_locale":"pl_PL","og_type":"article","og_title":"Produkty i rodzaje opakowa\u0144\u2013 opakowania elastyczne wysokiej jako\u015bci","og_description":"Rozwijanie produkcji r\u00f3znych rodzaj\u00f3w opakowa\u0144 elastycznych Amerplast ma na celu zapewnienie najlepszej mo\u017cliwej ochrony produkt\u00f3w, ich estetyki oraz wygody konsument\u00f3w.","og_url":"https:\/\/amerplast.com\/pl\/produkty\/","og_site_name":"Amerplast","article_modified_time":"2021-11-22T13:10:35+00:00","og_image":[{"width":4167,"height":2588,"url":"https:\/\/amerplast.com\/wp-content\/uploads\/2019\/01\/Products-and-Packaging-Solutions-01.jpg","type":"image\/jpeg"}],"twitter_card":"summary_large_image","twitter_site":"@amerplast","schema":{"@context":"https:\/\/schema.org","@graph":[{"@type":"WebPage","@id":"https:\/\/amerplast.com\/pl\/produkty\/","url":"https:\/\/amerplast.com\/pl\/produkty\/","name":"Produkty i rodzaje opakowa\u0144\u2013 opakowania elastyczne wysokiej jako\u015bci","isPartOf":{"@id":"https:\/\/amerplast.com\/pl\/#website"},"primaryImageOfPage":{"@id":"https:\/\/amerplast.com\/pl\/produkty\/#primaryimage"},"image":{"@id":"https:\/\/amerplast.com\/pl\/produkty\/#primaryimage"},"thumbnailUrl":"https:\/\/amerplast.com\/wp-content\/uploads\/2019\/01\/Products-and-Packaging-Solutions-01.jpg","datePublished":"2019-01-03T10:47:01+00:00","dateModified":"2021-11-22T13:10:35+00:00","description":"Rozwijanie produkcji r\u00f3znych rodzaj\u00f3w opakowa\u0144 elastycznych Amerplast ma na celu zapewnienie najlepszej mo\u017cliwej ochrony produkt\u00f3w, ich estetyki oraz wygody konsument\u00f3w.","breadcrumb":{"@id":"https:\/\/amerplast.com\/pl\/produkty\/#breadcrumb"},"inLanguage":"pl-PL","potentialAction":[{"@type":"ReadAction","target":["https:\/\/amerplast.com\/pl\/produkty\/"]}]},{"@type":"ImageObject","inLanguage":"pl-PL","@id":"https:\/\/amerplast.com\/pl\/produkty\/#primaryimage","url":"https:\/\/amerplast.com\/wp-content\/uploads\/2019\/01\/Products-and-Packaging-Solutions-01.jpg","contentUrl":"https:\/\/amerplast.com\/wp-content\/uploads\/2019\/01\/Products-and-Packaging-Solutions-01.jpg","width":4167,"height":2588},{"@type":"BreadcrumbList","@id":"https:\/\/amerplast.com\/pl\/produkty\/#breadcrumb","itemListElement":[{"@type":"ListItem","position":1,"name":"Home","item":"https:\/\/amerplast.com\/pl\/"},{"@type":"ListItem","position":2,"name":"Produkty i rodzaje opakowa\u0144"}]},{"@type":"WebSite","@id":"https:\/\/amerplast.com\/pl\/#website","url":"https:\/\/amerplast.com\/pl\/","name":"Amerplast","description":"","potentialAction":[{"@type":"SearchAction","target":{"@type":"EntryPoint","urlTemplate":"https:\/\/amerplast.com\/pl\/?s={search_term_string}"},"query-input":{"@type":"PropertyValueSpecification","valueRequired":true,"valueName":"search_term_string"}}],"inLanguage":"pl-PL"}]}},"_links":{"self":[{"href":"https:\/\/amerplast.com\/pl\/wp-json\/wp\/v2\/pages\/8461","targetHints":{"allow":["GET"]}}],"collection":[{"href":"https:\/\/amerplast.com\/pl\/wp-json\/wp\/v2\/pages"}],"about":[{"href":"https:\/\/amerplast.com\/pl\/wp-json\/wp\/v2\/types\/page"}],"author":[{"embeddable":true,"href":"https:\/\/amerplast.com\/pl\/wp-json\/wp\/v2\/users\/7"}],"replies":[{"embeddable":true,"href":"https:\/\/amerplast.com\/pl\/wp-json\/wp\/v2\/comments?post=8461"}],"version-history":[{"count":6,"href":"https:\/\/amerplast.com\/pl\/wp-json\/wp\/v2\/pages\/8461\/revisions"}],"predecessor-version":[{"id":11965,"href":"https:\/\/amerplast.com\/pl\/wp-json\/wp\/v2\/pages\/8461\/revisions\/11965"}],"wp:featuredmedia":[{"embeddable":true,"href":"https:\/\/amerplast.com\/pl\/wp-json\/wp\/v2\/media\/7193"}],"wp:attachment":[{"href":"https:\/\/amerplast.com\/pl\/wp-json\/wp\/v2\/media?parent=8461"}],"curies":[{"name":"wp","href":"https:\/\/api.w.org\/{rel}","templated":true}]}}