{"id":8407,"date":"2018-11-01T14:21:54","date_gmt":"2018-11-01T12:21:54","guid":{"rendered":"https:\/\/amerplast.com\/sample-eng\/"},"modified":"2024-01-25T16:41:53","modified_gmt":"2024-01-25T14:41:53","slug":"sample-eng","status":"publish","type":"page","link":"https:\/\/amerplast.com\/pl\/","title":{"rendered":"Front page"},"content":{"rendered":"","protected":false},"excerpt":{"rendered":"","protected":false},"author":1,"featured_media":11403,"parent":0,"menu_order":0,"comment_status":"closed","ping_status":"closed","template":"","meta":{"_acf_changed":false,"footnotes":""},"class_list":["post-8407","page","type-page","status-publish","has-post-thumbnail","hentry"],"acf":[],"yoast_head":"<!-- This site is optimized with the Yoast SEO plugin v27.4 - https:\/\/yoast.com\/product\/yoast-seo-wordpress\/ -->\n<title>Amerplast \u2013 innowacyjne i zr\u00f3wnowa\u017cone rozwi\u0105zania<\/title>\n<meta name=\"description\" content=\"Firma Amerplast jest jedn\u0105 z najwi\u0119kszych w Europie drukarni fleksograficznych i jednym z najwi\u0119kszych europejskich producent\u00f3w torebek plastikowych z nadrukami.\" \/>\n<meta name=\"robots\" content=\"index, follow, max-snippet:-1, max-image-preview:large, max-video-preview:-1\" \/>\n<link rel=\"canonical\" href=\"https:\/\/amerplast.com\/pl\/\" \/>\n<meta property=\"og:locale\" content=\"pl_PL\" \/>\n<meta property=\"og:type\" content=\"article\" \/>\n<meta property=\"og:title\" content=\"Amerplast \u2013 innowacyjne i zr\u00f3wnowa\u017cone rozwi\u0105zania\" \/>\n<meta property=\"og:description\" content=\"Firma Amerplast jest jedn\u0105 z najwi\u0119kszych w Europie drukarni fleksograficznych i jednym z najwi\u0119kszych europejskich producent\u00f3w torebek plastikowych z nadrukami.\" \/>\n<meta property=\"og:url\" content=\"https:\/\/amerplast.com\/pl\/\" \/>\n<meta property=\"og:site_name\" content=\"Amerplast\" \/>\n<meta property=\"article:modified_time\" content=\"2024-01-25T14:41:53+00:00\" \/>\n<meta property=\"og:image\" content=\"https:\/\/amerplast.com\/wp-content\/uploads\/2021\/05\/Amerplast-sust_paakuva1.png\" \/>\n\t<meta property=\"og:image:width\" content=\"1920\" \/>\n\t<meta property=\"og:image:height\" content=\"650\" \/>\n\t<meta property=\"og:image:type\" content=\"image\/png\" \/>\n<meta name=\"twitter:card\" content=\"summary_large_image\" \/>\n<meta name=\"twitter:site\" content=\"@amerplast\" \/>\n<meta name=\"twitter:label1\" content=\"Szacowany czas czytania\" \/>\n\t<meta name=\"twitter:data1\" content=\"5 minut\" \/>\n<script type=\"application\/ld+json\" class=\"yoast-schema-graph\">{\"@context\":\"https:\\\/\\\/schema.org\",\"@graph\":[{\"@type\":\"WebPage\",\"@id\":\"https:\\\/\\\/amerplast.com\\\/pl\\\/\",\"url\":\"https:\\\/\\\/amerplast.com\\\/pl\\\/\",\"name\":\"Amerplast \u2013 innowacyjne i zr\u00f3wnowa\u017cone rozwi\u0105zania\",\"isPartOf\":{\"@id\":\"https:\\\/\\\/amerplast.com\\\/pl\\\/#website\"},\"primaryImageOfPage\":{\"@id\":\"https:\\\/\\\/amerplast.com\\\/pl\\\/#primaryimage\"},\"image\":{\"@id\":\"https:\\\/\\\/amerplast.com\\\/pl\\\/#primaryimage\"},\"thumbnailUrl\":\"https:\\\/\\\/amerplast.com\\\/wp-content\\\/uploads\\\/2021\\\/05\\\/Amerplast-sust_paakuva1.png\",\"datePublished\":\"2018-11-01T12:21:54+00:00\",\"dateModified\":\"2024-01-25T14:41:53+00:00\",\"description\":\"Firma Amerplast jest jedn\u0105 z najwi\u0119kszych w Europie drukarni fleksograficznych i jednym z najwi\u0119kszych europejskich producent\u00f3w torebek plastikowych z nadrukami.\",\"breadcrumb\":{\"@id\":\"https:\\\/\\\/amerplast.com\\\/pl\\\/#breadcrumb\"},\"inLanguage\":\"pl-PL\",\"potentialAction\":[{\"@type\":\"ReadAction\",\"target\":[\"https:\\\/\\\/amerplast.com\\\/pl\\\/\"]}]},{\"@type\":\"ImageObject\",\"inLanguage\":\"pl-PL\",\"@id\":\"https:\\\/\\\/amerplast.com\\\/pl\\\/#primaryimage\",\"url\":\"https:\\\/\\\/amerplast.com\\\/wp-content\\\/uploads\\\/2021\\\/05\\\/Amerplast-sust_paakuva1.png\",\"contentUrl\":\"https:\\\/\\\/amerplast.com\\\/wp-content\\\/uploads\\\/2021\\\/05\\\/Amerplast-sust_paakuva1.png\",\"width\":1920,\"height\":650},{\"@type\":\"BreadcrumbList\",\"@id\":\"https:\\\/\\\/amerplast.com\\\/pl\\\/#breadcrumb\",\"itemListElement\":[{\"@type\":\"ListItem\",\"position\":1,\"name\":\"Home\",\"item\":\"https:\\\/\\\/amerplast.com\\\/pl\\\/\"},{\"@type\":\"ListItem\",\"position\":2,\"name\":\"Front page\"}]},{\"@type\":\"WebSite\",\"@id\":\"https:\\\/\\\/amerplast.com\\\/pl\\\/#website\",\"url\":\"https:\\\/\\\/amerplast.com\\\/pl\\\/\",\"name\":\"Amerplast\",\"description\":\"\",\"potentialAction\":[{\"@type\":\"SearchAction\",\"target\":{\"@type\":\"EntryPoint\",\"urlTemplate\":\"https:\\\/\\\/amerplast.com\\\/pl\\\/?s={search_term_string}\"},\"query-input\":{\"@type\":\"PropertyValueSpecification\",\"valueRequired\":true,\"valueName\":\"search_term_string\"}}],\"inLanguage\":\"pl-PL\"}]}<\/script>\n<!-- \/ Yoast SEO plugin. -->","yoast_head_json":{"title":"Amerplast \u2013 innowacyjne i zr\u00f3wnowa\u017cone rozwi\u0105zania","description":"Firma Amerplast jest jedn\u0105 z najwi\u0119kszych w Europie drukarni fleksograficznych i jednym z najwi\u0119kszych europejskich producent\u00f3w torebek plastikowych z nadrukami.","robots":{"index":"index","follow":"follow","max-snippet":"max-snippet:-1","max-image-preview":"max-image-preview:large","max-video-preview":"max-video-preview:-1"},"canonical":"https:\/\/amerplast.com\/pl\/","og_locale":"pl_PL","og_type":"article","og_title":"Amerplast \u2013 innowacyjne i zr\u00f3wnowa\u017cone rozwi\u0105zania","og_description":"Firma Amerplast jest jedn\u0105 z najwi\u0119kszych w Europie drukarni fleksograficznych i jednym z najwi\u0119kszych europejskich producent\u00f3w torebek plastikowych z nadrukami.","og_url":"https:\/\/amerplast.com\/pl\/","og_site_name":"Amerplast","article_modified_time":"2024-01-25T14:41:53+00:00","og_image":[{"width":1920,"height":650,"url":"https:\/\/amerplast.com\/wp-content\/uploads\/2021\/05\/Amerplast-sust_paakuva1.png","type":"image\/png"}],"twitter_card":"summary_large_image","twitter_site":"@amerplast","twitter_misc":{"Szacowany czas czytania":"5 minut"},"schema":{"@context":"https:\/\/schema.org","@graph":[{"@type":"WebPage","@id":"https:\/\/amerplast.com\/pl\/","url":"https:\/\/amerplast.com\/pl\/","name":"Amerplast \u2013 innowacyjne i zr\u00f3wnowa\u017cone rozwi\u0105zania","isPartOf":{"@id":"https:\/\/amerplast.com\/pl\/#website"},"primaryImageOfPage":{"@id":"https:\/\/amerplast.com\/pl\/#primaryimage"},"image":{"@id":"https:\/\/amerplast.com\/pl\/#primaryimage"},"thumbnailUrl":"https:\/\/amerplast.com\/wp-content\/uploads\/2021\/05\/Amerplast-sust_paakuva1.png","datePublished":"2018-11-01T12:21:54+00:00","dateModified":"2024-01-25T14:41:53+00:00","description":"Firma Amerplast jest jedn\u0105 z najwi\u0119kszych w Europie drukarni fleksograficznych i jednym z najwi\u0119kszych europejskich producent\u00f3w torebek plastikowych z nadrukami.","breadcrumb":{"@id":"https:\/\/amerplast.com\/pl\/#breadcrumb"},"inLanguage":"pl-PL","potentialAction":[{"@type":"ReadAction","target":["https:\/\/amerplast.com\/pl\/"]}]},{"@type":"ImageObject","inLanguage":"pl-PL","@id":"https:\/\/amerplast.com\/pl\/#primaryimage","url":"https:\/\/amerplast.com\/wp-content\/uploads\/2021\/05\/Amerplast-sust_paakuva1.png","contentUrl":"https:\/\/amerplast.com\/wp-content\/uploads\/2021\/05\/Amerplast-sust_paakuva1.png","width":1920,"height":650},{"@type":"BreadcrumbList","@id":"https:\/\/amerplast.com\/pl\/#breadcrumb","itemListElement":[{"@type":"ListItem","position":1,"name":"Home","item":"https:\/\/amerplast.com\/pl\/"},{"@type":"ListItem","position":2,"name":"Front page"}]},{"@type":"WebSite","@id":"https:\/\/amerplast.com\/pl\/#website","url":"https:\/\/amerplast.com\/pl\/","name":"Amerplast","description":"","potentialAction":[{"@type":"SearchAction","target":{"@type":"EntryPoint","urlTemplate":"https:\/\/amerplast.com\/pl\/?s={search_term_string}"},"query-input":{"@type":"PropertyValueSpecification","valueRequired":true,"valueName":"search_term_string"}}],"inLanguage":"pl-PL"}]}},"_links":{"self":[{"href":"https:\/\/amerplast.com\/pl\/wp-json\/wp\/v2\/pages\/8407","targetHints":{"allow":["GET"]}}],"collection":[{"href":"https:\/\/amerplast.com\/pl\/wp-json\/wp\/v2\/pages"}],"about":[{"href":"https:\/\/amerplast.com\/pl\/wp-json\/wp\/v2\/types\/page"}],"author":[{"embeddable":true,"href":"https:\/\/amerplast.com\/pl\/wp-json\/wp\/v2\/users\/1"}],"replies":[{"embeddable":true,"href":"https:\/\/amerplast.com\/pl\/wp-json\/wp\/v2\/comments?post=8407"}],"version-history":[{"count":26,"href":"https:\/\/amerplast.com\/pl\/wp-json\/wp\/v2\/pages\/8407\/revisions"}],"predecessor-version":[{"id":31394,"href":"https:\/\/amerplast.com\/pl\/wp-json\/wp\/v2\/pages\/8407\/revisions\/31394"}],"wp:featuredmedia":[{"embeddable":true,"href":"https:\/\/amerplast.com\/pl\/wp-json\/wp\/v2\/media\/11403"}],"wp:attachment":[{"href":"https:\/\/amerplast.com\/pl\/wp-json\/wp\/v2\/media?parent=8407"}],"curies":[{"name":"wp","href":"https:\/\/api.w.org\/{rel}","templated":true}]}}