{"id":11955,"date":"2021-09-23T13:12:21","date_gmt":"2021-09-23T10:12:21","guid":{"rendered":"https:\/\/amerplast.com\/produkty\/industrial-packaging\/"},"modified":"2022-03-21T10:38:39","modified_gmt":"2022-03-21T08:38:39","slug":"opakowania-przemyslowe","status":"publish","type":"page","link":"https:\/\/amerplast.com\/pl\/produkty\/opakowania-przemyslowe\/","title":{"rendered":"Opakowania przemys\u0142owe &#8211; \u017cywno\u015b\u0107 i produkty niespo\u017cywcze"},"content":{"rendered":"","protected":false},"excerpt":{"rendered":"","protected":false},"author":7,"featured_media":11764,"parent":8461,"menu_order":0,"comment_status":"closed","ping_status":"closed","template":"","meta":{"_acf_changed":false,"footnotes":""},"class_list":["post-11955","page","type-page","status-publish","has-post-thumbnail","hentry"],"acf":[],"yoast_head":"<!-- This site is optimized with the Yoast SEO plugin v27.4 - https:\/\/yoast.com\/product\/yoast-seo-wordpress\/ -->\n<title>Opakowania przemys\u0142owe - \u017cywno\u015b\u0107 i produkty niespo\u017cywcze<\/title>\n<meta name=\"description\" content=\"W \u015bcis\u0142ej wsp\u00f3\u0142pracy z nasz\u0105 siostrzan\u0105 firm\u0105 Hanmere Polythene oferujemy naszym klientom rozszerzony zakres rozwi\u0105za\u0144 opakowaniowych.\" \/>\n<meta name=\"robots\" content=\"index, follow, max-snippet:-1, max-image-preview:large, max-video-preview:-1\" \/>\n<link rel=\"canonical\" href=\"https:\/\/amerplast.com\/pl\/produkty\/opakowania-przemyslowe\/\" \/>\n<meta property=\"og:locale\" content=\"pl_PL\" \/>\n<meta property=\"og:type\" content=\"article\" \/>\n<meta property=\"og:title\" content=\"Opakowania przemys\u0142owe - \u017cywno\u015b\u0107 i produkty niespo\u017cywcze\" \/>\n<meta property=\"og:description\" content=\"W \u015bcis\u0142ej wsp\u00f3\u0142pracy z nasz\u0105 siostrzan\u0105 firm\u0105 Hanmere Polythene oferujemy naszym klientom rozszerzony zakres rozwi\u0105za\u0144 opakowaniowych.\" \/>\n<meta property=\"og:url\" content=\"https:\/\/amerplast.com\/pl\/produkty\/opakowania-przemyslowe\/\" \/>\n<meta property=\"og:site_name\" content=\"Amerplast\" \/>\n<meta property=\"article:modified_time\" content=\"2022-03-21T08:38:39+00:00\" \/>\n<meta property=\"og:image\" content=\"https:\/\/amerplast.com\/wp-content\/uploads\/2021\/09\/hanmere_main_image_blue-01-scaled.jpg\" \/>\n\t<meta property=\"og:image:width\" content=\"2560\" \/>\n\t<meta property=\"og:image:height\" content=\"1558\" \/>\n\t<meta property=\"og:image:type\" content=\"image\/jpeg\" \/>\n<meta name=\"twitter:card\" content=\"summary_large_image\" \/>\n<meta name=\"twitter:site\" content=\"@amerplast\" \/>\n<script type=\"application\/ld+json\" class=\"yoast-schema-graph\">{\"@context\":\"https:\\\/\\\/schema.org\",\"@graph\":[{\"@type\":\"WebPage\",\"@id\":\"https:\\\/\\\/amerplast.com\\\/pl\\\/produkty\\\/opakowania-przemyslowe\\\/\",\"url\":\"https:\\\/\\\/amerplast.com\\\/pl\\\/produkty\\\/opakowania-przemyslowe\\\/\",\"name\":\"Opakowania przemys\u0142owe - \u017cywno\u015b\u0107 i produkty niespo\u017cywcze\",\"isPartOf\":{\"@id\":\"https:\\\/\\\/amerplast.com\\\/pl\\\/#website\"},\"primaryImageOfPage\":{\"@id\":\"https:\\\/\\\/amerplast.com\\\/pl\\\/produkty\\\/opakowania-przemyslowe\\\/#primaryimage\"},\"image\":{\"@id\":\"https:\\\/\\\/amerplast.com\\\/pl\\\/produkty\\\/opakowania-przemyslowe\\\/#primaryimage\"},\"thumbnailUrl\":\"https:\\\/\\\/amerplast.com\\\/wp-content\\\/uploads\\\/2021\\\/09\\\/hanmere_main_image_blue-01-scaled.jpg\",\"datePublished\":\"2021-09-23T10:12:21+00:00\",\"dateModified\":\"2022-03-21T08:38:39+00:00\",\"description\":\"W \u015bcis\u0142ej wsp\u00f3\u0142pracy z nasz\u0105 siostrzan\u0105 firm\u0105 Hanmere Polythene oferujemy naszym klientom rozszerzony zakres rozwi\u0105za\u0144 opakowaniowych.\",\"breadcrumb\":{\"@id\":\"https:\\\/\\\/amerplast.com\\\/pl\\\/produkty\\\/opakowania-przemyslowe\\\/#breadcrumb\"},\"inLanguage\":\"pl-PL\",\"potentialAction\":[{\"@type\":\"ReadAction\",\"target\":[\"https:\\\/\\\/amerplast.com\\\/pl\\\/produkty\\\/opakowania-przemyslowe\\\/\"]}]},{\"@type\":\"ImageObject\",\"inLanguage\":\"pl-PL\",\"@id\":\"https:\\\/\\\/amerplast.com\\\/pl\\\/produkty\\\/opakowania-przemyslowe\\\/#primaryimage\",\"url\":\"https:\\\/\\\/amerplast.com\\\/wp-content\\\/uploads\\\/2021\\\/09\\\/hanmere_main_image_blue-01-scaled.jpg\",\"contentUrl\":\"https:\\\/\\\/amerplast.com\\\/wp-content\\\/uploads\\\/2021\\\/09\\\/hanmere_main_image_blue-01-scaled.jpg\",\"width\":2560,\"height\":1558},{\"@type\":\"BreadcrumbList\",\"@id\":\"https:\\\/\\\/amerplast.com\\\/pl\\\/produkty\\\/opakowania-przemyslowe\\\/#breadcrumb\",\"itemListElement\":[{\"@type\":\"ListItem\",\"position\":1,\"name\":\"Home\",\"item\":\"https:\\\/\\\/amerplast.com\\\/pl\\\/\"},{\"@type\":\"ListItem\",\"position\":2,\"name\":\"Produkty i rodzaje opakowa\u0144\",\"item\":\"https:\\\/\\\/amerplast.com\\\/pl\\\/produkty\\\/\"},{\"@type\":\"ListItem\",\"position\":3,\"name\":\"Opakowania przemys\u0142owe &#8211; \u017cywno\u015b\u0107 i produkty niespo\u017cywcze\"}]},{\"@type\":\"WebSite\",\"@id\":\"https:\\\/\\\/amerplast.com\\\/pl\\\/#website\",\"url\":\"https:\\\/\\\/amerplast.com\\\/pl\\\/\",\"name\":\"Amerplast\",\"description\":\"\",\"potentialAction\":[{\"@type\":\"SearchAction\",\"target\":{\"@type\":\"EntryPoint\",\"urlTemplate\":\"https:\\\/\\\/amerplast.com\\\/pl\\\/?s={search_term_string}\"},\"query-input\":{\"@type\":\"PropertyValueSpecification\",\"valueRequired\":true,\"valueName\":\"search_term_string\"}}],\"inLanguage\":\"pl-PL\"}]}<\/script>\n<!-- \/ Yoast SEO plugin. -->","yoast_head_json":{"title":"Opakowania przemys\u0142owe - \u017cywno\u015b\u0107 i produkty niespo\u017cywcze","description":"W \u015bcis\u0142ej wsp\u00f3\u0142pracy z nasz\u0105 siostrzan\u0105 firm\u0105 Hanmere Polythene oferujemy naszym klientom rozszerzony zakres rozwi\u0105za\u0144 opakowaniowych.","robots":{"index":"index","follow":"follow","max-snippet":"max-snippet:-1","max-image-preview":"max-image-preview:large","max-video-preview":"max-video-preview:-1"},"canonical":"https:\/\/amerplast.com\/pl\/produkty\/opakowania-przemyslowe\/","og_locale":"pl_PL","og_type":"article","og_title":"Opakowania przemys\u0142owe - \u017cywno\u015b\u0107 i produkty niespo\u017cywcze","og_description":"W \u015bcis\u0142ej wsp\u00f3\u0142pracy z nasz\u0105 siostrzan\u0105 firm\u0105 Hanmere Polythene oferujemy naszym klientom rozszerzony zakres rozwi\u0105za\u0144 opakowaniowych.","og_url":"https:\/\/amerplast.com\/pl\/produkty\/opakowania-przemyslowe\/","og_site_name":"Amerplast","article_modified_time":"2022-03-21T08:38:39+00:00","og_image":[{"width":2560,"height":1558,"url":"https:\/\/amerplast.com\/wp-content\/uploads\/2021\/09\/hanmere_main_image_blue-01-scaled.jpg","type":"image\/jpeg"}],"twitter_card":"summary_large_image","twitter_site":"@amerplast","schema":{"@context":"https:\/\/schema.org","@graph":[{"@type":"WebPage","@id":"https:\/\/amerplast.com\/pl\/produkty\/opakowania-przemyslowe\/","url":"https:\/\/amerplast.com\/pl\/produkty\/opakowania-przemyslowe\/","name":"Opakowania przemys\u0142owe - \u017cywno\u015b\u0107 i produkty niespo\u017cywcze","isPartOf":{"@id":"https:\/\/amerplast.com\/pl\/#website"},"primaryImageOfPage":{"@id":"https:\/\/amerplast.com\/pl\/produkty\/opakowania-przemyslowe\/#primaryimage"},"image":{"@id":"https:\/\/amerplast.com\/pl\/produkty\/opakowania-przemyslowe\/#primaryimage"},"thumbnailUrl":"https:\/\/amerplast.com\/wp-content\/uploads\/2021\/09\/hanmere_main_image_blue-01-scaled.jpg","datePublished":"2021-09-23T10:12:21+00:00","dateModified":"2022-03-21T08:38:39+00:00","description":"W \u015bcis\u0142ej wsp\u00f3\u0142pracy z nasz\u0105 siostrzan\u0105 firm\u0105 Hanmere Polythene oferujemy naszym klientom rozszerzony zakres rozwi\u0105za\u0144 opakowaniowych.","breadcrumb":{"@id":"https:\/\/amerplast.com\/pl\/produkty\/opakowania-przemyslowe\/#breadcrumb"},"inLanguage":"pl-PL","potentialAction":[{"@type":"ReadAction","target":["https:\/\/amerplast.com\/pl\/produkty\/opakowania-przemyslowe\/"]}]},{"@type":"ImageObject","inLanguage":"pl-PL","@id":"https:\/\/amerplast.com\/pl\/produkty\/opakowania-przemyslowe\/#primaryimage","url":"https:\/\/amerplast.com\/wp-content\/uploads\/2021\/09\/hanmere_main_image_blue-01-scaled.jpg","contentUrl":"https:\/\/amerplast.com\/wp-content\/uploads\/2021\/09\/hanmere_main_image_blue-01-scaled.jpg","width":2560,"height":1558},{"@type":"BreadcrumbList","@id":"https:\/\/amerplast.com\/pl\/produkty\/opakowania-przemyslowe\/#breadcrumb","itemListElement":[{"@type":"ListItem","position":1,"name":"Home","item":"https:\/\/amerplast.com\/pl\/"},{"@type":"ListItem","position":2,"name":"Produkty i rodzaje opakowa\u0144","item":"https:\/\/amerplast.com\/pl\/produkty\/"},{"@type":"ListItem","position":3,"name":"Opakowania przemys\u0142owe &#8211; \u017cywno\u015b\u0107 i produkty niespo\u017cywcze"}]},{"@type":"WebSite","@id":"https:\/\/amerplast.com\/pl\/#website","url":"https:\/\/amerplast.com\/pl\/","name":"Amerplast","description":"","potentialAction":[{"@type":"SearchAction","target":{"@type":"EntryPoint","urlTemplate":"https:\/\/amerplast.com\/pl\/?s={search_term_string}"},"query-input":{"@type":"PropertyValueSpecification","valueRequired":true,"valueName":"search_term_string"}}],"inLanguage":"pl-PL"}]}},"_links":{"self":[{"href":"https:\/\/amerplast.com\/pl\/wp-json\/wp\/v2\/pages\/11955","targetHints":{"allow":["GET"]}}],"collection":[{"href":"https:\/\/amerplast.com\/pl\/wp-json\/wp\/v2\/pages"}],"about":[{"href":"https:\/\/amerplast.com\/pl\/wp-json\/wp\/v2\/types\/page"}],"author":[{"embeddable":true,"href":"https:\/\/amerplast.com\/pl\/wp-json\/wp\/v2\/users\/7"}],"replies":[{"embeddable":true,"href":"https:\/\/amerplast.com\/pl\/wp-json\/wp\/v2\/comments?post=11955"}],"version-history":[{"count":4,"href":"https:\/\/amerplast.com\/pl\/wp-json\/wp\/v2\/pages\/11955\/revisions"}],"predecessor-version":[{"id":13164,"href":"https:\/\/amerplast.com\/pl\/wp-json\/wp\/v2\/pages\/11955\/revisions\/13164"}],"up":[{"embeddable":true,"href":"https:\/\/amerplast.com\/pl\/wp-json\/wp\/v2\/pages\/8461"}],"wp:featuredmedia":[{"embeddable":true,"href":"https:\/\/amerplast.com\/pl\/wp-json\/wp\/v2\/media\/11764"}],"wp:attachment":[{"href":"https:\/\/amerplast.com\/pl\/wp-json\/wp\/v2\/media?parent=11955"}],"curies":[{"name":"wp","href":"https:\/\/api.w.org\/{rel}","templated":true}]}}