{"id":11666,"date":"2021-06-02T11:17:55","date_gmt":"2021-06-02T08:17:55","guid":{"rendered":"https:\/\/amerplast.com\/sustainability-strategy\/"},"modified":"2021-09-15T13:20:39","modified_gmt":"2021-09-15T10:20:39","slug":"strategia-zrownowazonego-rozwoju","status":"publish","type":"page","link":"https:\/\/amerplast.com\/pl\/zrownowazony-rozwoj\/strategia-zrownowazonego-rozwoju\/","title":{"rendered":"Strategia zr\u00f3wnowa\u017conego rozwoju"},"content":{"rendered":"","protected":false},"excerpt":{"rendered":"","protected":false},"author":7,"featured_media":11432,"parent":11682,"menu_order":0,"comment_status":"closed","ping_status":"closed","template":"","meta":{"_acf_changed":false,"footnotes":""},"class_list":["post-11666","page","type-page","status-publish","has-post-thumbnail","hentry"],"acf":[],"yoast_head":"<!-- This site is optimized with the Yoast SEO plugin v27.4 - https:\/\/yoast.com\/product\/yoast-seo-wordpress\/ -->\n<title>Strategia zr\u00f3wnowa\u017conego rozwoju - Amerplast<\/title>\n<meta name=\"description\" content=\"Zr\u00f3wnowa\u017cony rozw\u00f3j to nie tylko aspekt \u015brodowiskowy, to konieczne podej\u015bcie do lepszego sposobu robienia biznesu i wzrostu wraz z naszymi klientami.\" \/>\n<meta name=\"robots\" content=\"index, follow, max-snippet:-1, max-image-preview:large, max-video-preview:-1\" \/>\n<link rel=\"canonical\" href=\"https:\/\/amerplast.com\/pl\/zrownowazony-rozwoj\/strategia-zrownowazonego-rozwoju\/\" \/>\n<meta property=\"og:locale\" content=\"pl_PL\" \/>\n<meta property=\"og:type\" content=\"article\" \/>\n<meta property=\"og:title\" content=\"Strategia zr\u00f3wnowa\u017conego rozwoju - Amerplast\" \/>\n<meta property=\"og:description\" content=\"Zr\u00f3wnowa\u017cony rozw\u00f3j to nie tylko aspekt \u015brodowiskowy, to konieczne podej\u015bcie do lepszego sposobu robienia biznesu i wzrostu wraz z naszymi klientami.\" \/>\n<meta property=\"og:url\" content=\"https:\/\/amerplast.com\/pl\/zrownowazony-rozwoj\/strategia-zrownowazonego-rozwoju\/\" \/>\n<meta property=\"og:site_name\" content=\"Amerplast\" \/>\n<meta property=\"article:modified_time\" content=\"2021-09-15T10:20:39+00:00\" \/>\n<meta property=\"og:image\" content=\"https:\/\/amerplast.com\/wp-content\/uploads\/2021\/05\/Amerplast-sust_paakuva6-1-1024x347.png\" \/>\n\t<meta property=\"og:image:width\" content=\"1024\" \/>\n\t<meta property=\"og:image:height\" content=\"347\" \/>\n\t<meta property=\"og:image:type\" content=\"image\/png\" \/>\n<meta name=\"twitter:card\" content=\"summary_large_image\" \/>\n<meta name=\"twitter:site\" content=\"@amerplast\" \/>\n<script type=\"application\/ld+json\" class=\"yoast-schema-graph\">{\"@context\":\"https:\\\/\\\/schema.org\",\"@graph\":[{\"@type\":\"WebPage\",\"@id\":\"https:\\\/\\\/amerplast.com\\\/pl\\\/zrownowazony-rozwoj\\\/strategia-zrownowazonego-rozwoju\\\/\",\"url\":\"https:\\\/\\\/amerplast.com\\\/pl\\\/zrownowazony-rozwoj\\\/strategia-zrownowazonego-rozwoju\\\/\",\"name\":\"Strategia zr\u00f3wnowa\u017conego rozwoju - Amerplast\",\"isPartOf\":{\"@id\":\"https:\\\/\\\/amerplast.com\\\/pl\\\/#website\"},\"primaryImageOfPage\":{\"@id\":\"https:\\\/\\\/amerplast.com\\\/pl\\\/zrownowazony-rozwoj\\\/strategia-zrownowazonego-rozwoju\\\/#primaryimage\"},\"image\":{\"@id\":\"https:\\\/\\\/amerplast.com\\\/pl\\\/zrownowazony-rozwoj\\\/strategia-zrownowazonego-rozwoju\\\/#primaryimage\"},\"thumbnailUrl\":\"https:\\\/\\\/amerplast.com\\\/wp-content\\\/uploads\\\/2021\\\/05\\\/Amerplast-sust_paakuva6-1.png\",\"datePublished\":\"2021-06-02T08:17:55+00:00\",\"dateModified\":\"2021-09-15T10:20:39+00:00\",\"description\":\"Zr\u00f3wnowa\u017cony rozw\u00f3j to nie tylko aspekt \u015brodowiskowy, to konieczne podej\u015bcie do lepszego sposobu robienia biznesu i wzrostu wraz z naszymi klientami.\",\"breadcrumb\":{\"@id\":\"https:\\\/\\\/amerplast.com\\\/pl\\\/zrownowazony-rozwoj\\\/strategia-zrownowazonego-rozwoju\\\/#breadcrumb\"},\"inLanguage\":\"pl-PL\",\"potentialAction\":[{\"@type\":\"ReadAction\",\"target\":[\"https:\\\/\\\/amerplast.com\\\/pl\\\/zrownowazony-rozwoj\\\/strategia-zrownowazonego-rozwoju\\\/\"]}]},{\"@type\":\"ImageObject\",\"inLanguage\":\"pl-PL\",\"@id\":\"https:\\\/\\\/amerplast.com\\\/pl\\\/zrownowazony-rozwoj\\\/strategia-zrownowazonego-rozwoju\\\/#primaryimage\",\"url\":\"https:\\\/\\\/amerplast.com\\\/wp-content\\\/uploads\\\/2021\\\/05\\\/Amerplast-sust_paakuva6-1.png\",\"contentUrl\":\"https:\\\/\\\/amerplast.com\\\/wp-content\\\/uploads\\\/2021\\\/05\\\/Amerplast-sust_paakuva6-1.png\",\"width\":1920,\"height\":650},{\"@type\":\"BreadcrumbList\",\"@id\":\"https:\\\/\\\/amerplast.com\\\/pl\\\/zrownowazony-rozwoj\\\/strategia-zrownowazonego-rozwoju\\\/#breadcrumb\",\"itemListElement\":[{\"@type\":\"ListItem\",\"position\":1,\"name\":\"Home\",\"item\":\"https:\\\/\\\/amerplast.com\\\/pl\\\/\"},{\"@type\":\"ListItem\",\"position\":2,\"name\":\"Zr\u00f3wnowa\u017cony rozw\u00f3j\",\"item\":\"https:\\\/\\\/amerplast.com\\\/pl\\\/zrownowazony-rozwoj\\\/\"},{\"@type\":\"ListItem\",\"position\":3,\"name\":\"Strategia zr\u00f3wnowa\u017conego rozwoju\"}]},{\"@type\":\"WebSite\",\"@id\":\"https:\\\/\\\/amerplast.com\\\/pl\\\/#website\",\"url\":\"https:\\\/\\\/amerplast.com\\\/pl\\\/\",\"name\":\"Amerplast\",\"description\":\"\",\"potentialAction\":[{\"@type\":\"SearchAction\",\"target\":{\"@type\":\"EntryPoint\",\"urlTemplate\":\"https:\\\/\\\/amerplast.com\\\/pl\\\/?s={search_term_string}\"},\"query-input\":{\"@type\":\"PropertyValueSpecification\",\"valueRequired\":true,\"valueName\":\"search_term_string\"}}],\"inLanguage\":\"pl-PL\"}]}<\/script>\n<!-- \/ Yoast SEO plugin. -->","yoast_head_json":{"title":"Strategia zr\u00f3wnowa\u017conego rozwoju - Amerplast","description":"Zr\u00f3wnowa\u017cony rozw\u00f3j to nie tylko aspekt \u015brodowiskowy, to konieczne podej\u015bcie do lepszego sposobu robienia biznesu i wzrostu wraz z naszymi klientami.","robots":{"index":"index","follow":"follow","max-snippet":"max-snippet:-1","max-image-preview":"max-image-preview:large","max-video-preview":"max-video-preview:-1"},"canonical":"https:\/\/amerplast.com\/pl\/zrownowazony-rozwoj\/strategia-zrownowazonego-rozwoju\/","og_locale":"pl_PL","og_type":"article","og_title":"Strategia zr\u00f3wnowa\u017conego rozwoju - Amerplast","og_description":"Zr\u00f3wnowa\u017cony rozw\u00f3j to nie tylko aspekt \u015brodowiskowy, to konieczne podej\u015bcie do lepszego sposobu robienia biznesu i wzrostu wraz z naszymi klientami.","og_url":"https:\/\/amerplast.com\/pl\/zrownowazony-rozwoj\/strategia-zrownowazonego-rozwoju\/","og_site_name":"Amerplast","article_modified_time":"2021-09-15T10:20:39+00:00","og_image":[{"width":1024,"height":347,"url":"https:\/\/amerplast.com\/wp-content\/uploads\/2021\/05\/Amerplast-sust_paakuva6-1-1024x347.png","type":"image\/png"}],"twitter_card":"summary_large_image","twitter_site":"@amerplast","schema":{"@context":"https:\/\/schema.org","@graph":[{"@type":"WebPage","@id":"https:\/\/amerplast.com\/pl\/zrownowazony-rozwoj\/strategia-zrownowazonego-rozwoju\/","url":"https:\/\/amerplast.com\/pl\/zrownowazony-rozwoj\/strategia-zrownowazonego-rozwoju\/","name":"Strategia zr\u00f3wnowa\u017conego rozwoju - Amerplast","isPartOf":{"@id":"https:\/\/amerplast.com\/pl\/#website"},"primaryImageOfPage":{"@id":"https:\/\/amerplast.com\/pl\/zrownowazony-rozwoj\/strategia-zrownowazonego-rozwoju\/#primaryimage"},"image":{"@id":"https:\/\/amerplast.com\/pl\/zrownowazony-rozwoj\/strategia-zrownowazonego-rozwoju\/#primaryimage"},"thumbnailUrl":"https:\/\/amerplast.com\/wp-content\/uploads\/2021\/05\/Amerplast-sust_paakuva6-1.png","datePublished":"2021-06-02T08:17:55+00:00","dateModified":"2021-09-15T10:20:39+00:00","description":"Zr\u00f3wnowa\u017cony rozw\u00f3j to nie tylko aspekt \u015brodowiskowy, to konieczne podej\u015bcie do lepszego sposobu robienia biznesu i wzrostu wraz z naszymi klientami.","breadcrumb":{"@id":"https:\/\/amerplast.com\/pl\/zrownowazony-rozwoj\/strategia-zrownowazonego-rozwoju\/#breadcrumb"},"inLanguage":"pl-PL","potentialAction":[{"@type":"ReadAction","target":["https:\/\/amerplast.com\/pl\/zrownowazony-rozwoj\/strategia-zrownowazonego-rozwoju\/"]}]},{"@type":"ImageObject","inLanguage":"pl-PL","@id":"https:\/\/amerplast.com\/pl\/zrownowazony-rozwoj\/strategia-zrownowazonego-rozwoju\/#primaryimage","url":"https:\/\/amerplast.com\/wp-content\/uploads\/2021\/05\/Amerplast-sust_paakuva6-1.png","contentUrl":"https:\/\/amerplast.com\/wp-content\/uploads\/2021\/05\/Amerplast-sust_paakuva6-1.png","width":1920,"height":650},{"@type":"BreadcrumbList","@id":"https:\/\/amerplast.com\/pl\/zrownowazony-rozwoj\/strategia-zrownowazonego-rozwoju\/#breadcrumb","itemListElement":[{"@type":"ListItem","position":1,"name":"Home","item":"https:\/\/amerplast.com\/pl\/"},{"@type":"ListItem","position":2,"name":"Zr\u00f3wnowa\u017cony rozw\u00f3j","item":"https:\/\/amerplast.com\/pl\/zrownowazony-rozwoj\/"},{"@type":"ListItem","position":3,"name":"Strategia zr\u00f3wnowa\u017conego rozwoju"}]},{"@type":"WebSite","@id":"https:\/\/amerplast.com\/pl\/#website","url":"https:\/\/amerplast.com\/pl\/","name":"Amerplast","description":"","potentialAction":[{"@type":"SearchAction","target":{"@type":"EntryPoint","urlTemplate":"https:\/\/amerplast.com\/pl\/?s={search_term_string}"},"query-input":{"@type":"PropertyValueSpecification","valueRequired":true,"valueName":"search_term_string"}}],"inLanguage":"pl-PL"}]}},"_links":{"self":[{"href":"https:\/\/amerplast.com\/pl\/wp-json\/wp\/v2\/pages\/11666","targetHints":{"allow":["GET"]}}],"collection":[{"href":"https:\/\/amerplast.com\/pl\/wp-json\/wp\/v2\/pages"}],"about":[{"href":"https:\/\/amerplast.com\/pl\/wp-json\/wp\/v2\/types\/page"}],"author":[{"embeddable":true,"href":"https:\/\/amerplast.com\/pl\/wp-json\/wp\/v2\/users\/7"}],"replies":[{"embeddable":true,"href":"https:\/\/amerplast.com\/pl\/wp-json\/wp\/v2\/comments?post=11666"}],"version-history":[{"count":4,"href":"https:\/\/amerplast.com\/pl\/wp-json\/wp\/v2\/pages\/11666\/revisions"}],"predecessor-version":[{"id":11720,"href":"https:\/\/amerplast.com\/pl\/wp-json\/wp\/v2\/pages\/11666\/revisions\/11720"}],"up":[{"embeddable":true,"href":"https:\/\/amerplast.com\/pl\/wp-json\/wp\/v2\/pages\/11682"}],"wp:featuredmedia":[{"embeddable":true,"href":"https:\/\/amerplast.com\/pl\/wp-json\/wp\/v2\/media\/11432"}],"wp:attachment":[{"href":"https:\/\/amerplast.com\/pl\/wp-json\/wp\/v2\/media?parent=11666"}],"curies":[{"name":"wp","href":"https:\/\/api.w.org\/{rel}","templated":true}]}}