{"id":11664,"date":"2021-05-27T10:04:18","date_gmt":"2021-05-27T07:04:18","guid":{"rendered":"https:\/\/amerplast.com\/sustainability-story\/"},"modified":"2022-03-16T11:14:50","modified_gmt":"2022-03-16T09:14:50","slug":"historia-zrownowazonego-rozwoju","status":"publish","type":"page","link":"https:\/\/amerplast.com\/pl\/zrownowazony-rozwoj\/historia-zrownowazonego-rozwoju\/","title":{"rendered":"Historia zr\u00f3wnowa\u017conego rozwoju"},"content":{"rendered":"","protected":false},"excerpt":{"rendered":"","protected":false},"author":7,"featured_media":0,"parent":11682,"menu_order":0,"comment_status":"closed","ping_status":"closed","template":"","meta":{"_acf_changed":false,"footnotes":""},"class_list":["post-11664","page","type-page","status-publish","hentry"],"acf":[],"yoast_head":"<!-- This site is optimized with the Yoast SEO plugin v27.4 - https:\/\/yoast.com\/product\/yoast-seo-wordpress\/ -->\n<title>Historia zr\u00f3wnowa\u017conego rozwoju Amerplast<\/title>\n<meta name=\"description\" content=\"Opowie\u015b\u0107 o zr\u00f3wnowa\u017conej podr\u00f3\u017cy firmy Amerplast od wczesnych lat 50. w kierunku gospodarki o obiegu zamkni\u0119tym opakowa\u0144 gi\u0119tkich.\" \/>\n<meta name=\"robots\" content=\"index, follow, max-snippet:-1, max-image-preview:large, max-video-preview:-1\" \/>\n<link rel=\"canonical\" href=\"https:\/\/amerplast.com\/pl\/zrownowazony-rozwoj\/historia-zrownowazonego-rozwoju\/\" \/>\n<meta property=\"og:locale\" content=\"pl_PL\" \/>\n<meta property=\"og:type\" content=\"article\" \/>\n<meta property=\"og:title\" content=\"Historia zr\u00f3wnowa\u017conego rozwoju Amerplast\" \/>\n<meta property=\"og:description\" content=\"Opowie\u015b\u0107 o zr\u00f3wnowa\u017conej podr\u00f3\u017cy firmy Amerplast od wczesnych lat 50. w kierunku gospodarki o obiegu zamkni\u0119tym opakowa\u0144 gi\u0119tkich.\" \/>\n<meta property=\"og:url\" content=\"https:\/\/amerplast.com\/pl\/zrownowazony-rozwoj\/historia-zrownowazonego-rozwoju\/\" \/>\n<meta property=\"og:site_name\" content=\"Amerplast\" \/>\n<meta property=\"article:modified_time\" content=\"2022-03-16T09:14:50+00:00\" \/>\n<meta name=\"twitter:card\" content=\"summary_large_image\" \/>\n<meta name=\"twitter:site\" content=\"@amerplast\" \/>\n<script type=\"application\/ld+json\" class=\"yoast-schema-graph\">{\"@context\":\"https:\\\/\\\/schema.org\",\"@graph\":[{\"@type\":\"WebPage\",\"@id\":\"https:\\\/\\\/amerplast.com\\\/pl\\\/zrownowazony-rozwoj\\\/historia-zrownowazonego-rozwoju\\\/\",\"url\":\"https:\\\/\\\/amerplast.com\\\/pl\\\/zrownowazony-rozwoj\\\/historia-zrownowazonego-rozwoju\\\/\",\"name\":\"Historia zr\u00f3wnowa\u017conego rozwoju Amerplast\",\"isPartOf\":{\"@id\":\"https:\\\/\\\/amerplast.com\\\/pl\\\/#website\"},\"datePublished\":\"2021-05-27T07:04:18+00:00\",\"dateModified\":\"2022-03-16T09:14:50+00:00\",\"description\":\"Opowie\u015b\u0107 o zr\u00f3wnowa\u017conej podr\u00f3\u017cy firmy Amerplast od wczesnych lat 50. w kierunku gospodarki o obiegu zamkni\u0119tym opakowa\u0144 gi\u0119tkich.\",\"breadcrumb\":{\"@id\":\"https:\\\/\\\/amerplast.com\\\/pl\\\/zrownowazony-rozwoj\\\/historia-zrownowazonego-rozwoju\\\/#breadcrumb\"},\"inLanguage\":\"pl-PL\",\"potentialAction\":[{\"@type\":\"ReadAction\",\"target\":[\"https:\\\/\\\/amerplast.com\\\/pl\\\/zrownowazony-rozwoj\\\/historia-zrownowazonego-rozwoju\\\/\"]}]},{\"@type\":\"BreadcrumbList\",\"@id\":\"https:\\\/\\\/amerplast.com\\\/pl\\\/zrownowazony-rozwoj\\\/historia-zrownowazonego-rozwoju\\\/#breadcrumb\",\"itemListElement\":[{\"@type\":\"ListItem\",\"position\":1,\"name\":\"Home\",\"item\":\"https:\\\/\\\/amerplast.com\\\/pl\\\/\"},{\"@type\":\"ListItem\",\"position\":2,\"name\":\"Zr\u00f3wnowa\u017cony rozw\u00f3j\",\"item\":\"https:\\\/\\\/amerplast.com\\\/pl\\\/zrownowazony-rozwoj\\\/\"},{\"@type\":\"ListItem\",\"position\":3,\"name\":\"Historia zr\u00f3wnowa\u017conego rozwoju\"}]},{\"@type\":\"WebSite\",\"@id\":\"https:\\\/\\\/amerplast.com\\\/pl\\\/#website\",\"url\":\"https:\\\/\\\/amerplast.com\\\/pl\\\/\",\"name\":\"Amerplast\",\"description\":\"\",\"potentialAction\":[{\"@type\":\"SearchAction\",\"target\":{\"@type\":\"EntryPoint\",\"urlTemplate\":\"https:\\\/\\\/amerplast.com\\\/pl\\\/?s={search_term_string}\"},\"query-input\":{\"@type\":\"PropertyValueSpecification\",\"valueRequired\":true,\"valueName\":\"search_term_string\"}}],\"inLanguage\":\"pl-PL\"}]}<\/script>\n<!-- \/ Yoast SEO plugin. -->","yoast_head_json":{"title":"Historia zr\u00f3wnowa\u017conego rozwoju Amerplast","description":"Opowie\u015b\u0107 o zr\u00f3wnowa\u017conej podr\u00f3\u017cy firmy Amerplast od wczesnych lat 50. w kierunku gospodarki o obiegu zamkni\u0119tym opakowa\u0144 gi\u0119tkich.","robots":{"index":"index","follow":"follow","max-snippet":"max-snippet:-1","max-image-preview":"max-image-preview:large","max-video-preview":"max-video-preview:-1"},"canonical":"https:\/\/amerplast.com\/pl\/zrownowazony-rozwoj\/historia-zrownowazonego-rozwoju\/","og_locale":"pl_PL","og_type":"article","og_title":"Historia zr\u00f3wnowa\u017conego rozwoju Amerplast","og_description":"Opowie\u015b\u0107 o zr\u00f3wnowa\u017conej podr\u00f3\u017cy firmy Amerplast od wczesnych lat 50. w kierunku gospodarki o obiegu zamkni\u0119tym opakowa\u0144 gi\u0119tkich.","og_url":"https:\/\/amerplast.com\/pl\/zrownowazony-rozwoj\/historia-zrownowazonego-rozwoju\/","og_site_name":"Amerplast","article_modified_time":"2022-03-16T09:14:50+00:00","twitter_card":"summary_large_image","twitter_site":"@amerplast","schema":{"@context":"https:\/\/schema.org","@graph":[{"@type":"WebPage","@id":"https:\/\/amerplast.com\/pl\/zrownowazony-rozwoj\/historia-zrownowazonego-rozwoju\/","url":"https:\/\/amerplast.com\/pl\/zrownowazony-rozwoj\/historia-zrownowazonego-rozwoju\/","name":"Historia zr\u00f3wnowa\u017conego rozwoju Amerplast","isPartOf":{"@id":"https:\/\/amerplast.com\/pl\/#website"},"datePublished":"2021-05-27T07:04:18+00:00","dateModified":"2022-03-16T09:14:50+00:00","description":"Opowie\u015b\u0107 o zr\u00f3wnowa\u017conej podr\u00f3\u017cy firmy Amerplast od wczesnych lat 50. w kierunku gospodarki o obiegu zamkni\u0119tym opakowa\u0144 gi\u0119tkich.","breadcrumb":{"@id":"https:\/\/amerplast.com\/pl\/zrownowazony-rozwoj\/historia-zrownowazonego-rozwoju\/#breadcrumb"},"inLanguage":"pl-PL","potentialAction":[{"@type":"ReadAction","target":["https:\/\/amerplast.com\/pl\/zrownowazony-rozwoj\/historia-zrownowazonego-rozwoju\/"]}]},{"@type":"BreadcrumbList","@id":"https:\/\/amerplast.com\/pl\/zrownowazony-rozwoj\/historia-zrownowazonego-rozwoju\/#breadcrumb","itemListElement":[{"@type":"ListItem","position":1,"name":"Home","item":"https:\/\/amerplast.com\/pl\/"},{"@type":"ListItem","position":2,"name":"Zr\u00f3wnowa\u017cony rozw\u00f3j","item":"https:\/\/amerplast.com\/pl\/zrownowazony-rozwoj\/"},{"@type":"ListItem","position":3,"name":"Historia zr\u00f3wnowa\u017conego rozwoju"}]},{"@type":"WebSite","@id":"https:\/\/amerplast.com\/pl\/#website","url":"https:\/\/amerplast.com\/pl\/","name":"Amerplast","description":"","potentialAction":[{"@type":"SearchAction","target":{"@type":"EntryPoint","urlTemplate":"https:\/\/amerplast.com\/pl\/?s={search_term_string}"},"query-input":{"@type":"PropertyValueSpecification","valueRequired":true,"valueName":"search_term_string"}}],"inLanguage":"pl-PL"}]}},"_links":{"self":[{"href":"https:\/\/amerplast.com\/pl\/wp-json\/wp\/v2\/pages\/11664","targetHints":{"allow":["GET"]}}],"collection":[{"href":"https:\/\/amerplast.com\/pl\/wp-json\/wp\/v2\/pages"}],"about":[{"href":"https:\/\/amerplast.com\/pl\/wp-json\/wp\/v2\/types\/page"}],"author":[{"embeddable":true,"href":"https:\/\/amerplast.com\/pl\/wp-json\/wp\/v2\/users\/7"}],"replies":[{"embeddable":true,"href":"https:\/\/amerplast.com\/pl\/wp-json\/wp\/v2\/comments?post=11664"}],"version-history":[{"count":5,"href":"https:\/\/amerplast.com\/pl\/wp-json\/wp\/v2\/pages\/11664\/revisions"}],"predecessor-version":[{"id":13102,"href":"https:\/\/amerplast.com\/pl\/wp-json\/wp\/v2\/pages\/11664\/revisions\/13102"}],"up":[{"embeddable":true,"href":"https:\/\/amerplast.com\/pl\/wp-json\/wp\/v2\/pages\/11682"}],"wp:attachment":[{"href":"https:\/\/amerplast.com\/pl\/wp-json\/wp\/v2\/media?parent=11664"}],"curies":[{"name":"wp","href":"https:\/\/api.w.org\/{rel}","templated":true}]}}