{"id":8859,"date":"2020-04-01T11:56:11","date_gmt":"2020-04-01T08:56:11","guid":{"rendered":"https:\/\/amerplast.com\/coronavirus\/"},"modified":"2020-10-16T14:15:10","modified_gmt":"2020-10-16T11:15:10","slug":"koronavirus","status":"publish","type":"page","link":"https:\/\/amerplast.com\/fi\/koronavirus\/","title":{"rendered":"Tilannep\u00e4ivitys: Covid-19 \u2013 Toimitusjohtajan katsaus"},"content":{"rendered":"","protected":false},"excerpt":{"rendered":"","protected":false},"author":7,"featured_media":10459,"parent":0,"menu_order":0,"comment_status":"closed","ping_status":"closed","template":"","meta":{"_acf_changed":false,"footnotes":""},"class_list":["post-8859","page","type-page","status-publish","has-post-thumbnail","hentry"],"acf":[],"yoast_head":"<!-- This site is optimized with the Yoast SEO plugin v27.5 - https:\/\/yoast.com\/product\/yoast-seo-wordpress\/ -->\n<title>Tilannep\u00e4ivitys: Covid-19 \u2013 Toimitusjohtajan katsaus<\/title>\n<meta name=\"description\" content=\"Covid-19-tilannep\u00e4ivitys \u2013 Toimitusjohtajan katsaus. Amerplast on ottanut k\u00e4ytt\u00f6\u00f6n lis\u00e4\u00e4 koronatoimenpiteit\u00e4.\" \/>\n<meta name=\"robots\" content=\"index, follow, max-snippet:-1, max-image-preview:large, max-video-preview:-1\" \/>\n<link rel=\"canonical\" href=\"https:\/\/amerplast.com\/fi\/koronavirus\/\" \/>\n<meta property=\"og:locale\" content=\"fi_FI\" \/>\n<meta property=\"og:type\" content=\"article\" \/>\n<meta property=\"og:title\" content=\"Tilannep\u00e4ivitys: Covid-19 \u2013 Toimitusjohtajan katsaus\" \/>\n<meta property=\"og:description\" content=\"Covid-19-tilannep\u00e4ivitys \u2013 Toimitusjohtajan katsaus. Amerplast on ottanut k\u00e4ytt\u00f6\u00f6n lis\u00e4\u00e4 koronatoimenpiteit\u00e4.\" \/>\n<meta property=\"og:url\" content=\"https:\/\/amerplast.com\/fi\/koronavirus\/\" \/>\n<meta property=\"og:site_name\" content=\"Amerplast\" \/>\n<meta property=\"article:modified_time\" content=\"2020-10-16T11:15:10+00:00\" \/>\n<meta property=\"og:image\" content=\"https:\/\/amerplast.com\/wp-content\/uploads\/2020\/10\/covid_update-01-1-scaled.jpg\" \/>\n\t<meta property=\"og:image:width\" content=\"2560\" \/>\n\t<meta property=\"og:image:height\" content=\"1590\" \/>\n\t<meta property=\"og:image:type\" content=\"image\/jpeg\" \/>\n<meta name=\"twitter:card\" content=\"summary_large_image\" \/>\n<meta name=\"twitter:site\" content=\"@amerplast\" \/>\n<script type=\"application\/ld+json\" class=\"yoast-schema-graph\">{\"@context\":\"https:\\\/\\\/schema.org\",\"@graph\":[{\"@type\":\"WebPage\",\"@id\":\"https:\\\/\\\/amerplast.com\\\/fi\\\/koronavirus\\\/\",\"url\":\"https:\\\/\\\/amerplast.com\\\/fi\\\/koronavirus\\\/\",\"name\":\"Tilannep\u00e4ivitys: Covid-19 \u2013 Toimitusjohtajan katsaus\",\"isPartOf\":{\"@id\":\"https:\\\/\\\/amerplast.com\\\/fi\\\/#website\"},\"primaryImageOfPage\":{\"@id\":\"https:\\\/\\\/amerplast.com\\\/fi\\\/koronavirus\\\/#primaryimage\"},\"image\":{\"@id\":\"https:\\\/\\\/amerplast.com\\\/fi\\\/koronavirus\\\/#primaryimage\"},\"thumbnailUrl\":\"https:\\\/\\\/amerplast.com\\\/wp-content\\\/uploads\\\/2020\\\/10\\\/covid_update-01-1-scaled.jpg\",\"datePublished\":\"2020-04-01T08:56:11+00:00\",\"dateModified\":\"2020-10-16T11:15:10+00:00\",\"description\":\"Covid-19-tilannep\u00e4ivitys \u2013 Toimitusjohtajan katsaus. Amerplast on ottanut k\u00e4ytt\u00f6\u00f6n lis\u00e4\u00e4 koronatoimenpiteit\u00e4.\",\"breadcrumb\":{\"@id\":\"https:\\\/\\\/amerplast.com\\\/fi\\\/koronavirus\\\/#breadcrumb\"},\"inLanguage\":\"fi\",\"potentialAction\":[{\"@type\":\"ReadAction\",\"target\":[\"https:\\\/\\\/amerplast.com\\\/fi\\\/koronavirus\\\/\"]}]},{\"@type\":\"ImageObject\",\"inLanguage\":\"fi\",\"@id\":\"https:\\\/\\\/amerplast.com\\\/fi\\\/koronavirus\\\/#primaryimage\",\"url\":\"https:\\\/\\\/amerplast.com\\\/wp-content\\\/uploads\\\/2020\\\/10\\\/covid_update-01-1-scaled.jpg\",\"contentUrl\":\"https:\\\/\\\/amerplast.com\\\/wp-content\\\/uploads\\\/2020\\\/10\\\/covid_update-01-1-scaled.jpg\",\"width\":2560,\"height\":1590},{\"@type\":\"BreadcrumbList\",\"@id\":\"https:\\\/\\\/amerplast.com\\\/fi\\\/koronavirus\\\/#breadcrumb\",\"itemListElement\":[{\"@type\":\"ListItem\",\"position\":1,\"name\":\"Home\",\"item\":\"https:\\\/\\\/amerplast.com\\\/fi\\\/\"},{\"@type\":\"ListItem\",\"position\":2,\"name\":\"Tilannep\u00e4ivitys: Covid-19 \u2013 Toimitusjohtajan katsaus\"}]},{\"@type\":\"WebSite\",\"@id\":\"https:\\\/\\\/amerplast.com\\\/fi\\\/#website\",\"url\":\"https:\\\/\\\/amerplast.com\\\/fi\\\/\",\"name\":\"Amerplast\",\"description\":\"\",\"potentialAction\":[{\"@type\":\"SearchAction\",\"target\":{\"@type\":\"EntryPoint\",\"urlTemplate\":\"https:\\\/\\\/amerplast.com\\\/fi\\\/?s={search_term_string}\"},\"query-input\":{\"@type\":\"PropertyValueSpecification\",\"valueRequired\":true,\"valueName\":\"search_term_string\"}}],\"inLanguage\":\"fi\"}]}<\/script>\n<!-- \/ Yoast SEO plugin. -->","yoast_head_json":{"title":"Tilannep\u00e4ivitys: Covid-19 \u2013 Toimitusjohtajan katsaus","description":"Covid-19-tilannep\u00e4ivitys \u2013 Toimitusjohtajan katsaus. Amerplast on ottanut k\u00e4ytt\u00f6\u00f6n lis\u00e4\u00e4 koronatoimenpiteit\u00e4.","robots":{"index":"index","follow":"follow","max-snippet":"max-snippet:-1","max-image-preview":"max-image-preview:large","max-video-preview":"max-video-preview:-1"},"canonical":"https:\/\/amerplast.com\/fi\/koronavirus\/","og_locale":"fi_FI","og_type":"article","og_title":"Tilannep\u00e4ivitys: Covid-19 \u2013 Toimitusjohtajan katsaus","og_description":"Covid-19-tilannep\u00e4ivitys \u2013 Toimitusjohtajan katsaus. Amerplast on ottanut k\u00e4ytt\u00f6\u00f6n lis\u00e4\u00e4 koronatoimenpiteit\u00e4.","og_url":"https:\/\/amerplast.com\/fi\/koronavirus\/","og_site_name":"Amerplast","article_modified_time":"2020-10-16T11:15:10+00:00","og_image":[{"width":2560,"height":1590,"url":"https:\/\/amerplast.com\/wp-content\/uploads\/2020\/10\/covid_update-01-1-scaled.jpg","type":"image\/jpeg"}],"twitter_card":"summary_large_image","twitter_site":"@amerplast","schema":{"@context":"https:\/\/schema.org","@graph":[{"@type":"WebPage","@id":"https:\/\/amerplast.com\/fi\/koronavirus\/","url":"https:\/\/amerplast.com\/fi\/koronavirus\/","name":"Tilannep\u00e4ivitys: Covid-19 \u2013 Toimitusjohtajan katsaus","isPartOf":{"@id":"https:\/\/amerplast.com\/fi\/#website"},"primaryImageOfPage":{"@id":"https:\/\/amerplast.com\/fi\/koronavirus\/#primaryimage"},"image":{"@id":"https:\/\/amerplast.com\/fi\/koronavirus\/#primaryimage"},"thumbnailUrl":"https:\/\/amerplast.com\/wp-content\/uploads\/2020\/10\/covid_update-01-1-scaled.jpg","datePublished":"2020-04-01T08:56:11+00:00","dateModified":"2020-10-16T11:15:10+00:00","description":"Covid-19-tilannep\u00e4ivitys \u2013 Toimitusjohtajan katsaus. Amerplast on ottanut k\u00e4ytt\u00f6\u00f6n lis\u00e4\u00e4 koronatoimenpiteit\u00e4.","breadcrumb":{"@id":"https:\/\/amerplast.com\/fi\/koronavirus\/#breadcrumb"},"inLanguage":"fi","potentialAction":[{"@type":"ReadAction","target":["https:\/\/amerplast.com\/fi\/koronavirus\/"]}]},{"@type":"ImageObject","inLanguage":"fi","@id":"https:\/\/amerplast.com\/fi\/koronavirus\/#primaryimage","url":"https:\/\/amerplast.com\/wp-content\/uploads\/2020\/10\/covid_update-01-1-scaled.jpg","contentUrl":"https:\/\/amerplast.com\/wp-content\/uploads\/2020\/10\/covid_update-01-1-scaled.jpg","width":2560,"height":1590},{"@type":"BreadcrumbList","@id":"https:\/\/amerplast.com\/fi\/koronavirus\/#breadcrumb","itemListElement":[{"@type":"ListItem","position":1,"name":"Home","item":"https:\/\/amerplast.com\/fi\/"},{"@type":"ListItem","position":2,"name":"Tilannep\u00e4ivitys: Covid-19 \u2013 Toimitusjohtajan katsaus"}]},{"@type":"WebSite","@id":"https:\/\/amerplast.com\/fi\/#website","url":"https:\/\/amerplast.com\/fi\/","name":"Amerplast","description":"","potentialAction":[{"@type":"SearchAction","target":{"@type":"EntryPoint","urlTemplate":"https:\/\/amerplast.com\/fi\/?s={search_term_string}"},"query-input":{"@type":"PropertyValueSpecification","valueRequired":true,"valueName":"search_term_string"}}],"inLanguage":"fi"}]}},"_links":{"self":[{"href":"https:\/\/amerplast.com\/fi\/wp-json\/wp\/v2\/pages\/8859","targetHints":{"allow":["GET"]}}],"collection":[{"href":"https:\/\/amerplast.com\/fi\/wp-json\/wp\/v2\/pages"}],"about":[{"href":"https:\/\/amerplast.com\/fi\/wp-json\/wp\/v2\/types\/page"}],"author":[{"embeddable":true,"href":"https:\/\/amerplast.com\/fi\/wp-json\/wp\/v2\/users\/7"}],"replies":[{"embeddable":true,"href":"https:\/\/amerplast.com\/fi\/wp-json\/wp\/v2\/comments?post=8859"}],"version-history":[{"count":5,"href":"https:\/\/amerplast.com\/fi\/wp-json\/wp\/v2\/pages\/8859\/revisions"}],"predecessor-version":[{"id":10483,"href":"https:\/\/amerplast.com\/fi\/wp-json\/wp\/v2\/pages\/8859\/revisions\/10483"}],"wp:featuredmedia":[{"embeddable":true,"href":"https:\/\/amerplast.com\/fi\/wp-json\/wp\/v2\/media\/10459"}],"wp:attachment":[{"href":"https:\/\/amerplast.com\/fi\/wp-json\/wp\/v2\/media?parent=8859"}],"curies":[{"name":"wp","href":"https:\/\/api.w.org\/{rel}","templated":true}]}}