{"id":7447,"date":"2019-04-04T14:15:48","date_gmt":"2019-04-04T11:15:48","guid":{"rendered":"https:\/\/amerplast.com\/tuotteet-pakkausratkaisut\/kaupan-pakkaukset\/amergrip\/pakastaminen\/"},"modified":"2022-03-17T14:13:08","modified_gmt":"2022-03-17T12:13:08","slug":"pakastaminen","status":"publish","type":"page","link":"https:\/\/amerplast.com\/fi\/tuotteet-pakkausratkaisut\/kaupan-pakkaukset\/amergrip\/pakastaminen\/","title":{"rendered":"Marjojen pakastaminen"},"content":{"rendered":"","protected":false},"excerpt":{"rendered":"","protected":false},"author":7,"featured_media":3915,"parent":7429,"menu_order":3,"comment_status":"closed","ping_status":"closed","template":"","meta":{"_acf_changed":false,"footnotes":""},"class_list":["post-7447","page","type-page","status-publish","has-post-thumbnail","hentry"],"acf":[],"yoast_head":"<!-- This site is optimized with the Yoast SEO plugin v27.4 - https:\/\/yoast.com\/product\/yoast-seo-wordpress\/ -->\n<title>Marjojen pakastaminen \u2013 Kuinka pakastaa marjat oikein<\/title>\n<meta name=\"description\" content=\"Katso sivuiltamme, kuinka pakastaa marjat oikein Amergrip-pusseissa, jotta maku, v\u00e4ri ja vitamiinit s\u00e4ilyv\u00e4t talven yli parhaimmillaan.\" \/>\n<meta name=\"robots\" content=\"index, follow, max-snippet:-1, max-image-preview:large, max-video-preview:-1\" \/>\n<link rel=\"canonical\" href=\"https:\/\/amerplast.com\/fi\/tuotteet-pakkausratkaisut\/kaupan-pakkaukset\/amergrip\/pakastaminen\/\" \/>\n<meta property=\"og:locale\" content=\"fi_FI\" \/>\n<meta property=\"og:type\" content=\"article\" \/>\n<meta property=\"og:title\" content=\"Marjojen pakastaminen \u2013 Kuinka pakastaa marjat oikein\" \/>\n<meta property=\"og:description\" content=\"Katso sivuiltamme, kuinka pakastaa marjat oikein Amergrip-pusseissa, jotta maku, v\u00e4ri ja vitamiinit s\u00e4ilyv\u00e4t talven yli parhaimmillaan.\" \/>\n<meta property=\"og:url\" content=\"https:\/\/amerplast.com\/fi\/tuotteet-pakkausratkaisut\/kaupan-pakkaukset\/amergrip\/pakastaminen\/\" \/>\n<meta property=\"og:site_name\" content=\"Amerplast\" \/>\n<meta property=\"article:modified_time\" content=\"2022-03-17T12:13:08+00:00\" \/>\n<meta property=\"og:image\" content=\"https:\/\/amerplast.com\/wp-content\/uploads\/2019\/04\/IMG_1109-1024x683.jpg\" \/>\n\t<meta property=\"og:image:width\" content=\"1024\" \/>\n\t<meta property=\"og:image:height\" content=\"683\" \/>\n\t<meta property=\"og:image:type\" content=\"image\/jpeg\" \/>\n<meta name=\"twitter:card\" content=\"summary_large_image\" \/>\n<meta name=\"twitter:site\" content=\"@amerplast\" \/>\n<script type=\"application\/ld+json\" class=\"yoast-schema-graph\">{\"@context\":\"https:\\\/\\\/schema.org\",\"@graph\":[{\"@type\":\"WebPage\",\"@id\":\"https:\\\/\\\/amerplast.com\\\/fi\\\/tuotteet-pakkausratkaisut\\\/kaupan-pakkaukset\\\/amergrip\\\/pakastaminen\\\/\",\"url\":\"https:\\\/\\\/amerplast.com\\\/fi\\\/tuotteet-pakkausratkaisut\\\/kaupan-pakkaukset\\\/amergrip\\\/pakastaminen\\\/\",\"name\":\"Marjojen pakastaminen \u2013 Kuinka pakastaa marjat oikein\",\"isPartOf\":{\"@id\":\"https:\\\/\\\/amerplast.com\\\/fi\\\/#website\"},\"primaryImageOfPage\":{\"@id\":\"https:\\\/\\\/amerplast.com\\\/fi\\\/tuotteet-pakkausratkaisut\\\/kaupan-pakkaukset\\\/amergrip\\\/pakastaminen\\\/#primaryimage\"},\"image\":{\"@id\":\"https:\\\/\\\/amerplast.com\\\/fi\\\/tuotteet-pakkausratkaisut\\\/kaupan-pakkaukset\\\/amergrip\\\/pakastaminen\\\/#primaryimage\"},\"thumbnailUrl\":\"https:\\\/\\\/amerplast.com\\\/wp-content\\\/uploads\\\/2019\\\/04\\\/IMG_1109.jpg\",\"datePublished\":\"2019-04-04T11:15:48+00:00\",\"dateModified\":\"2022-03-17T12:13:08+00:00\",\"description\":\"Katso sivuiltamme, kuinka pakastaa marjat oikein Amergrip-pusseissa, jotta maku, v\u00e4ri ja vitamiinit s\u00e4ilyv\u00e4t talven yli parhaimmillaan.\",\"breadcrumb\":{\"@id\":\"https:\\\/\\\/amerplast.com\\\/fi\\\/tuotteet-pakkausratkaisut\\\/kaupan-pakkaukset\\\/amergrip\\\/pakastaminen\\\/#breadcrumb\"},\"inLanguage\":\"fi\",\"potentialAction\":[{\"@type\":\"ReadAction\",\"target\":[\"https:\\\/\\\/amerplast.com\\\/fi\\\/tuotteet-pakkausratkaisut\\\/kaupan-pakkaukset\\\/amergrip\\\/pakastaminen\\\/\"]}]},{\"@type\":\"ImageObject\",\"inLanguage\":\"fi\",\"@id\":\"https:\\\/\\\/amerplast.com\\\/fi\\\/tuotteet-pakkausratkaisut\\\/kaupan-pakkaukset\\\/amergrip\\\/pakastaminen\\\/#primaryimage\",\"url\":\"https:\\\/\\\/amerplast.com\\\/wp-content\\\/uploads\\\/2019\\\/04\\\/IMG_1109.jpg\",\"contentUrl\":\"https:\\\/\\\/amerplast.com\\\/wp-content\\\/uploads\\\/2019\\\/04\\\/IMG_1109.jpg\",\"width\":5472,\"height\":3648,\"caption\":\"Amergrip Bags\"},{\"@type\":\"BreadcrumbList\",\"@id\":\"https:\\\/\\\/amerplast.com\\\/fi\\\/tuotteet-pakkausratkaisut\\\/kaupan-pakkaukset\\\/amergrip\\\/pakastaminen\\\/#breadcrumb\",\"itemListElement\":[{\"@type\":\"ListItem\",\"position\":1,\"name\":\"Home\",\"item\":\"https:\\\/\\\/amerplast.com\\\/fi\\\/\"},{\"@type\":\"ListItem\",\"position\":2,\"name\":\"Tuotteet ja pakkausratkaisut\",\"item\":\"https:\\\/\\\/amerplast.com\\\/fi\\\/tuotteet-pakkausratkaisut\\\/\"},{\"@type\":\"ListItem\",\"position\":3,\"name\":\"Kaupan pakkaukset\",\"item\":\"https:\\\/\\\/amerplast.com\\\/fi\\\/tuotteet-pakkausratkaisut\\\/kaupan-pakkaukset\\\/\"},{\"@type\":\"ListItem\",\"position\":4,\"name\":\"Amergrip\u00ae\",\"item\":\"https:\\\/\\\/amerplast.com\\\/fi\\\/tuotteet-pakkausratkaisut\\\/kaupan-pakkaukset\\\/amergrip\\\/\"},{\"@type\":\"ListItem\",\"position\":5,\"name\":\"Marjojen pakastaminen\"}]},{\"@type\":\"WebSite\",\"@id\":\"https:\\\/\\\/amerplast.com\\\/fi\\\/#website\",\"url\":\"https:\\\/\\\/amerplast.com\\\/fi\\\/\",\"name\":\"Amerplast\",\"description\":\"\",\"potentialAction\":[{\"@type\":\"SearchAction\",\"target\":{\"@type\":\"EntryPoint\",\"urlTemplate\":\"https:\\\/\\\/amerplast.com\\\/fi\\\/?s={search_term_string}\"},\"query-input\":{\"@type\":\"PropertyValueSpecification\",\"valueRequired\":true,\"valueName\":\"search_term_string\"}}],\"inLanguage\":\"fi\"}]}<\/script>\n<!-- \/ Yoast SEO plugin. -->","yoast_head_json":{"title":"Marjojen pakastaminen \u2013 Kuinka pakastaa marjat oikein","description":"Katso sivuiltamme, kuinka pakastaa marjat oikein Amergrip-pusseissa, jotta maku, v\u00e4ri ja vitamiinit s\u00e4ilyv\u00e4t talven yli parhaimmillaan.","robots":{"index":"index","follow":"follow","max-snippet":"max-snippet:-1","max-image-preview":"max-image-preview:large","max-video-preview":"max-video-preview:-1"},"canonical":"https:\/\/amerplast.com\/fi\/tuotteet-pakkausratkaisut\/kaupan-pakkaukset\/amergrip\/pakastaminen\/","og_locale":"fi_FI","og_type":"article","og_title":"Marjojen pakastaminen \u2013 Kuinka pakastaa marjat oikein","og_description":"Katso sivuiltamme, kuinka pakastaa marjat oikein Amergrip-pusseissa, jotta maku, v\u00e4ri ja vitamiinit s\u00e4ilyv\u00e4t talven yli parhaimmillaan.","og_url":"https:\/\/amerplast.com\/fi\/tuotteet-pakkausratkaisut\/kaupan-pakkaukset\/amergrip\/pakastaminen\/","og_site_name":"Amerplast","article_modified_time":"2022-03-17T12:13:08+00:00","og_image":[{"width":1024,"height":683,"url":"https:\/\/amerplast.com\/wp-content\/uploads\/2019\/04\/IMG_1109-1024x683.jpg","type":"image\/jpeg"}],"twitter_card":"summary_large_image","twitter_site":"@amerplast","schema":{"@context":"https:\/\/schema.org","@graph":[{"@type":"WebPage","@id":"https:\/\/amerplast.com\/fi\/tuotteet-pakkausratkaisut\/kaupan-pakkaukset\/amergrip\/pakastaminen\/","url":"https:\/\/amerplast.com\/fi\/tuotteet-pakkausratkaisut\/kaupan-pakkaukset\/amergrip\/pakastaminen\/","name":"Marjojen pakastaminen \u2013 Kuinka pakastaa marjat oikein","isPartOf":{"@id":"https:\/\/amerplast.com\/fi\/#website"},"primaryImageOfPage":{"@id":"https:\/\/amerplast.com\/fi\/tuotteet-pakkausratkaisut\/kaupan-pakkaukset\/amergrip\/pakastaminen\/#primaryimage"},"image":{"@id":"https:\/\/amerplast.com\/fi\/tuotteet-pakkausratkaisut\/kaupan-pakkaukset\/amergrip\/pakastaminen\/#primaryimage"},"thumbnailUrl":"https:\/\/amerplast.com\/wp-content\/uploads\/2019\/04\/IMG_1109.jpg","datePublished":"2019-04-04T11:15:48+00:00","dateModified":"2022-03-17T12:13:08+00:00","description":"Katso sivuiltamme, kuinka pakastaa marjat oikein Amergrip-pusseissa, jotta maku, v\u00e4ri ja vitamiinit s\u00e4ilyv\u00e4t talven yli parhaimmillaan.","breadcrumb":{"@id":"https:\/\/amerplast.com\/fi\/tuotteet-pakkausratkaisut\/kaupan-pakkaukset\/amergrip\/pakastaminen\/#breadcrumb"},"inLanguage":"fi","potentialAction":[{"@type":"ReadAction","target":["https:\/\/amerplast.com\/fi\/tuotteet-pakkausratkaisut\/kaupan-pakkaukset\/amergrip\/pakastaminen\/"]}]},{"@type":"ImageObject","inLanguage":"fi","@id":"https:\/\/amerplast.com\/fi\/tuotteet-pakkausratkaisut\/kaupan-pakkaukset\/amergrip\/pakastaminen\/#primaryimage","url":"https:\/\/amerplast.com\/wp-content\/uploads\/2019\/04\/IMG_1109.jpg","contentUrl":"https:\/\/amerplast.com\/wp-content\/uploads\/2019\/04\/IMG_1109.jpg","width":5472,"height":3648,"caption":"Amergrip Bags"},{"@type":"BreadcrumbList","@id":"https:\/\/amerplast.com\/fi\/tuotteet-pakkausratkaisut\/kaupan-pakkaukset\/amergrip\/pakastaminen\/#breadcrumb","itemListElement":[{"@type":"ListItem","position":1,"name":"Home","item":"https:\/\/amerplast.com\/fi\/"},{"@type":"ListItem","position":2,"name":"Tuotteet ja pakkausratkaisut","item":"https:\/\/amerplast.com\/fi\/tuotteet-pakkausratkaisut\/"},{"@type":"ListItem","position":3,"name":"Kaupan pakkaukset","item":"https:\/\/amerplast.com\/fi\/tuotteet-pakkausratkaisut\/kaupan-pakkaukset\/"},{"@type":"ListItem","position":4,"name":"Amergrip\u00ae","item":"https:\/\/amerplast.com\/fi\/tuotteet-pakkausratkaisut\/kaupan-pakkaukset\/amergrip\/"},{"@type":"ListItem","position":5,"name":"Marjojen pakastaminen"}]},{"@type":"WebSite","@id":"https:\/\/amerplast.com\/fi\/#website","url":"https:\/\/amerplast.com\/fi\/","name":"Amerplast","description":"","potentialAction":[{"@type":"SearchAction","target":{"@type":"EntryPoint","urlTemplate":"https:\/\/amerplast.com\/fi\/?s={search_term_string}"},"query-input":{"@type":"PropertyValueSpecification","valueRequired":true,"valueName":"search_term_string"}}],"inLanguage":"fi"}]}},"_links":{"self":[{"href":"https:\/\/amerplast.com\/fi\/wp-json\/wp\/v2\/pages\/7447","targetHints":{"allow":["GET"]}}],"collection":[{"href":"https:\/\/amerplast.com\/fi\/wp-json\/wp\/v2\/pages"}],"about":[{"href":"https:\/\/amerplast.com\/fi\/wp-json\/wp\/v2\/types\/page"}],"author":[{"embeddable":true,"href":"https:\/\/amerplast.com\/fi\/wp-json\/wp\/v2\/users\/7"}],"replies":[{"embeddable":true,"href":"https:\/\/amerplast.com\/fi\/wp-json\/wp\/v2\/comments?post=7447"}],"version-history":[{"count":7,"href":"https:\/\/amerplast.com\/fi\/wp-json\/wp\/v2\/pages\/7447\/revisions"}],"predecessor-version":[{"id":13136,"href":"https:\/\/amerplast.com\/fi\/wp-json\/wp\/v2\/pages\/7447\/revisions\/13136"}],"up":[{"embeddable":true,"href":"https:\/\/amerplast.com\/fi\/wp-json\/wp\/v2\/pages\/7429"}],"wp:featuredmedia":[{"embeddable":true,"href":"https:\/\/amerplast.com\/fi\/wp-json\/wp\/v2\/media\/3915"}],"wp:attachment":[{"href":"https:\/\/amerplast.com\/fi\/wp-json\/wp\/v2\/media?parent=7447"}],"curies":[{"name":"wp","href":"https:\/\/api.w.org\/{rel}","templated":true}]}}