{"id":7429,"date":"2019-04-04T10:15:09","date_gmt":"2019-04-04T07:15:09","guid":{"rendered":"https:\/\/amerplast.com\/tuotteet-pakkausratkaisut\/kaupan-pakkaukset\/amergrip\/"},"modified":"2022-03-17T14:16:16","modified_gmt":"2022-03-17T12:16:16","slug":"amergrip","status":"publish","type":"page","link":"https:\/\/amerplast.com\/fi\/tuotteet-pakkausratkaisut\/kaupan-pakkaukset\/amergrip\/","title":{"rendered":"Amergrip\u00ae"},"content":{"rendered":"","protected":false},"excerpt":{"rendered":"","protected":false},"author":7,"featured_media":3915,"parent":7265,"menu_order":0,"comment_status":"closed","ping_status":"closed","template":"","meta":{"_acf_changed":false,"footnotes":""},"class_list":["post-7429","page","type-page","status-publish","has-post-thumbnail","hentry"],"acf":[],"yoast_head":"<!-- This site is optimized with the Yoast SEO plugin v27.4 - https:\/\/yoast.com\/product\/yoast-seo-wordpress\/ -->\n<title>Amergrip\u00ae \u2013 t\u00e4ydellinen pussi s\u00e4ilytykseen ja pakastukseen<\/title>\n<meta name=\"description\" content=\"Valitse kest\u00e4v\u00e4 ja k\u00e4tev\u00e4 Amergrip \u2013 uudelleensuljettava ja kierr\u00e4tett\u00e4v\u00e4 pussiratkaisu s\u00e4ilytykseen ja pakastukseen.\" \/>\n<meta name=\"robots\" content=\"index, follow, max-snippet:-1, max-image-preview:large, max-video-preview:-1\" \/>\n<link rel=\"canonical\" href=\"https:\/\/amerplast.com\/fi\/tuotteet-pakkausratkaisut\/kaupan-pakkaukset\/amergrip\/\" \/>\n<meta property=\"og:locale\" content=\"fi_FI\" \/>\n<meta property=\"og:type\" content=\"article\" \/>\n<meta property=\"og:title\" content=\"Amergrip\u00ae \u2013 t\u00e4ydellinen pussi s\u00e4ilytykseen ja pakastukseen\" \/>\n<meta property=\"og:description\" content=\"Valitse kest\u00e4v\u00e4 ja k\u00e4tev\u00e4 Amergrip \u2013 uudelleensuljettava ja kierr\u00e4tett\u00e4v\u00e4 pussiratkaisu s\u00e4ilytykseen ja pakastukseen.\" \/>\n<meta property=\"og:url\" content=\"https:\/\/amerplast.com\/fi\/tuotteet-pakkausratkaisut\/kaupan-pakkaukset\/amergrip\/\" \/>\n<meta property=\"og:site_name\" content=\"Amerplast\" \/>\n<meta property=\"article:modified_time\" content=\"2022-03-17T12:16:16+00:00\" \/>\n<meta property=\"og:image\" content=\"https:\/\/amerplast.com\/wp-content\/uploads\/2019\/04\/IMG_1109-1024x683.jpg\" \/>\n\t<meta property=\"og:image:width\" content=\"1024\" \/>\n\t<meta property=\"og:image:height\" content=\"683\" \/>\n\t<meta property=\"og:image:type\" content=\"image\/jpeg\" \/>\n<meta name=\"twitter:card\" content=\"summary_large_image\" \/>\n<meta name=\"twitter:site\" content=\"@amerplast\" \/>\n<script type=\"application\/ld+json\" class=\"yoast-schema-graph\">{\"@context\":\"https:\\\/\\\/schema.org\",\"@graph\":[{\"@type\":\"WebPage\",\"@id\":\"https:\\\/\\\/amerplast.com\\\/fi\\\/tuotteet-pakkausratkaisut\\\/kaupan-pakkaukset\\\/amergrip\\\/\",\"url\":\"https:\\\/\\\/amerplast.com\\\/fi\\\/tuotteet-pakkausratkaisut\\\/kaupan-pakkaukset\\\/amergrip\\\/\",\"name\":\"Amergrip\u00ae \u2013 t\u00e4ydellinen pussi s\u00e4ilytykseen ja pakastukseen\",\"isPartOf\":{\"@id\":\"https:\\\/\\\/amerplast.com\\\/fi\\\/#website\"},\"primaryImageOfPage\":{\"@id\":\"https:\\\/\\\/amerplast.com\\\/fi\\\/tuotteet-pakkausratkaisut\\\/kaupan-pakkaukset\\\/amergrip\\\/#primaryimage\"},\"image\":{\"@id\":\"https:\\\/\\\/amerplast.com\\\/fi\\\/tuotteet-pakkausratkaisut\\\/kaupan-pakkaukset\\\/amergrip\\\/#primaryimage\"},\"thumbnailUrl\":\"https:\\\/\\\/amerplast.com\\\/wp-content\\\/uploads\\\/2019\\\/04\\\/IMG_1109.jpg\",\"datePublished\":\"2019-04-04T07:15:09+00:00\",\"dateModified\":\"2022-03-17T12:16:16+00:00\",\"description\":\"Valitse kest\u00e4v\u00e4 ja k\u00e4tev\u00e4 Amergrip \u2013 uudelleensuljettava ja kierr\u00e4tett\u00e4v\u00e4 pussiratkaisu s\u00e4ilytykseen ja pakastukseen.\",\"breadcrumb\":{\"@id\":\"https:\\\/\\\/amerplast.com\\\/fi\\\/tuotteet-pakkausratkaisut\\\/kaupan-pakkaukset\\\/amergrip\\\/#breadcrumb\"},\"inLanguage\":\"fi\",\"potentialAction\":[{\"@type\":\"ReadAction\",\"target\":[\"https:\\\/\\\/amerplast.com\\\/fi\\\/tuotteet-pakkausratkaisut\\\/kaupan-pakkaukset\\\/amergrip\\\/\"]}]},{\"@type\":\"ImageObject\",\"inLanguage\":\"fi\",\"@id\":\"https:\\\/\\\/amerplast.com\\\/fi\\\/tuotteet-pakkausratkaisut\\\/kaupan-pakkaukset\\\/amergrip\\\/#primaryimage\",\"url\":\"https:\\\/\\\/amerplast.com\\\/wp-content\\\/uploads\\\/2019\\\/04\\\/IMG_1109.jpg\",\"contentUrl\":\"https:\\\/\\\/amerplast.com\\\/wp-content\\\/uploads\\\/2019\\\/04\\\/IMG_1109.jpg\",\"width\":5472,\"height\":3648,\"caption\":\"Amergrip Bags\"},{\"@type\":\"BreadcrumbList\",\"@id\":\"https:\\\/\\\/amerplast.com\\\/fi\\\/tuotteet-pakkausratkaisut\\\/kaupan-pakkaukset\\\/amergrip\\\/#breadcrumb\",\"itemListElement\":[{\"@type\":\"ListItem\",\"position\":1,\"name\":\"Home\",\"item\":\"https:\\\/\\\/amerplast.com\\\/fi\\\/\"},{\"@type\":\"ListItem\",\"position\":2,\"name\":\"Tuotteet ja pakkausratkaisut\",\"item\":\"https:\\\/\\\/amerplast.com\\\/fi\\\/tuotteet-pakkausratkaisut\\\/\"},{\"@type\":\"ListItem\",\"position\":3,\"name\":\"Kaupan pakkaukset\",\"item\":\"https:\\\/\\\/amerplast.com\\\/fi\\\/tuotteet-pakkausratkaisut\\\/kaupan-pakkaukset\\\/\"},{\"@type\":\"ListItem\",\"position\":4,\"name\":\"Amergrip\u00ae\"}]},{\"@type\":\"WebSite\",\"@id\":\"https:\\\/\\\/amerplast.com\\\/fi\\\/#website\",\"url\":\"https:\\\/\\\/amerplast.com\\\/fi\\\/\",\"name\":\"Amerplast\",\"description\":\"\",\"potentialAction\":[{\"@type\":\"SearchAction\",\"target\":{\"@type\":\"EntryPoint\",\"urlTemplate\":\"https:\\\/\\\/amerplast.com\\\/fi\\\/?s={search_term_string}\"},\"query-input\":{\"@type\":\"PropertyValueSpecification\",\"valueRequired\":true,\"valueName\":\"search_term_string\"}}],\"inLanguage\":\"fi\"}]}<\/script>\n<!-- \/ Yoast SEO plugin. -->","yoast_head_json":{"title":"Amergrip\u00ae \u2013 t\u00e4ydellinen pussi s\u00e4ilytykseen ja pakastukseen","description":"Valitse kest\u00e4v\u00e4 ja k\u00e4tev\u00e4 Amergrip \u2013 uudelleensuljettava ja kierr\u00e4tett\u00e4v\u00e4 pussiratkaisu s\u00e4ilytykseen ja pakastukseen.","robots":{"index":"index","follow":"follow","max-snippet":"max-snippet:-1","max-image-preview":"max-image-preview:large","max-video-preview":"max-video-preview:-1"},"canonical":"https:\/\/amerplast.com\/fi\/tuotteet-pakkausratkaisut\/kaupan-pakkaukset\/amergrip\/","og_locale":"fi_FI","og_type":"article","og_title":"Amergrip\u00ae \u2013 t\u00e4ydellinen pussi s\u00e4ilytykseen ja pakastukseen","og_description":"Valitse kest\u00e4v\u00e4 ja k\u00e4tev\u00e4 Amergrip \u2013 uudelleensuljettava ja kierr\u00e4tett\u00e4v\u00e4 pussiratkaisu s\u00e4ilytykseen ja pakastukseen.","og_url":"https:\/\/amerplast.com\/fi\/tuotteet-pakkausratkaisut\/kaupan-pakkaukset\/amergrip\/","og_site_name":"Amerplast","article_modified_time":"2022-03-17T12:16:16+00:00","og_image":[{"width":1024,"height":683,"url":"https:\/\/amerplast.com\/wp-content\/uploads\/2019\/04\/IMG_1109-1024x683.jpg","type":"image\/jpeg"}],"twitter_card":"summary_large_image","twitter_site":"@amerplast","schema":{"@context":"https:\/\/schema.org","@graph":[{"@type":"WebPage","@id":"https:\/\/amerplast.com\/fi\/tuotteet-pakkausratkaisut\/kaupan-pakkaukset\/amergrip\/","url":"https:\/\/amerplast.com\/fi\/tuotteet-pakkausratkaisut\/kaupan-pakkaukset\/amergrip\/","name":"Amergrip\u00ae \u2013 t\u00e4ydellinen pussi s\u00e4ilytykseen ja pakastukseen","isPartOf":{"@id":"https:\/\/amerplast.com\/fi\/#website"},"primaryImageOfPage":{"@id":"https:\/\/amerplast.com\/fi\/tuotteet-pakkausratkaisut\/kaupan-pakkaukset\/amergrip\/#primaryimage"},"image":{"@id":"https:\/\/amerplast.com\/fi\/tuotteet-pakkausratkaisut\/kaupan-pakkaukset\/amergrip\/#primaryimage"},"thumbnailUrl":"https:\/\/amerplast.com\/wp-content\/uploads\/2019\/04\/IMG_1109.jpg","datePublished":"2019-04-04T07:15:09+00:00","dateModified":"2022-03-17T12:16:16+00:00","description":"Valitse kest\u00e4v\u00e4 ja k\u00e4tev\u00e4 Amergrip \u2013 uudelleensuljettava ja kierr\u00e4tett\u00e4v\u00e4 pussiratkaisu s\u00e4ilytykseen ja pakastukseen.","breadcrumb":{"@id":"https:\/\/amerplast.com\/fi\/tuotteet-pakkausratkaisut\/kaupan-pakkaukset\/amergrip\/#breadcrumb"},"inLanguage":"fi","potentialAction":[{"@type":"ReadAction","target":["https:\/\/amerplast.com\/fi\/tuotteet-pakkausratkaisut\/kaupan-pakkaukset\/amergrip\/"]}]},{"@type":"ImageObject","inLanguage":"fi","@id":"https:\/\/amerplast.com\/fi\/tuotteet-pakkausratkaisut\/kaupan-pakkaukset\/amergrip\/#primaryimage","url":"https:\/\/amerplast.com\/wp-content\/uploads\/2019\/04\/IMG_1109.jpg","contentUrl":"https:\/\/amerplast.com\/wp-content\/uploads\/2019\/04\/IMG_1109.jpg","width":5472,"height":3648,"caption":"Amergrip Bags"},{"@type":"BreadcrumbList","@id":"https:\/\/amerplast.com\/fi\/tuotteet-pakkausratkaisut\/kaupan-pakkaukset\/amergrip\/#breadcrumb","itemListElement":[{"@type":"ListItem","position":1,"name":"Home","item":"https:\/\/amerplast.com\/fi\/"},{"@type":"ListItem","position":2,"name":"Tuotteet ja pakkausratkaisut","item":"https:\/\/amerplast.com\/fi\/tuotteet-pakkausratkaisut\/"},{"@type":"ListItem","position":3,"name":"Kaupan pakkaukset","item":"https:\/\/amerplast.com\/fi\/tuotteet-pakkausratkaisut\/kaupan-pakkaukset\/"},{"@type":"ListItem","position":4,"name":"Amergrip\u00ae"}]},{"@type":"WebSite","@id":"https:\/\/amerplast.com\/fi\/#website","url":"https:\/\/amerplast.com\/fi\/","name":"Amerplast","description":"","potentialAction":[{"@type":"SearchAction","target":{"@type":"EntryPoint","urlTemplate":"https:\/\/amerplast.com\/fi\/?s={search_term_string}"},"query-input":{"@type":"PropertyValueSpecification","valueRequired":true,"valueName":"search_term_string"}}],"inLanguage":"fi"}]}},"_links":{"self":[{"href":"https:\/\/amerplast.com\/fi\/wp-json\/wp\/v2\/pages\/7429","targetHints":{"allow":["GET"]}}],"collection":[{"href":"https:\/\/amerplast.com\/fi\/wp-json\/wp\/v2\/pages"}],"about":[{"href":"https:\/\/amerplast.com\/fi\/wp-json\/wp\/v2\/types\/page"}],"author":[{"embeddable":true,"href":"https:\/\/amerplast.com\/fi\/wp-json\/wp\/v2\/users\/7"}],"replies":[{"embeddable":true,"href":"https:\/\/amerplast.com\/fi\/wp-json\/wp\/v2\/comments?post=7429"}],"version-history":[{"count":9,"href":"https:\/\/amerplast.com\/fi\/wp-json\/wp\/v2\/pages\/7429\/revisions"}],"predecessor-version":[{"id":13140,"href":"https:\/\/amerplast.com\/fi\/wp-json\/wp\/v2\/pages\/7429\/revisions\/13140"}],"up":[{"embeddable":true,"href":"https:\/\/amerplast.com\/fi\/wp-json\/wp\/v2\/pages\/7265"}],"wp:featuredmedia":[{"embeddable":true,"href":"https:\/\/amerplast.com\/fi\/wp-json\/wp\/v2\/media\/3915"}],"wp:attachment":[{"href":"https:\/\/amerplast.com\/fi\/wp-json\/wp\/v2\/media?parent=7429"}],"curies":[{"name":"wp","href":"https:\/\/api.w.org\/{rel}","templated":true}]}}