{"id":7381,"date":"2019-03-29T13:58:54","date_gmt":"2019-03-29T11:58:54","guid":{"rendered":"https:\/\/amerplast.com\/suvi-harju\/"},"modified":"2021-10-12T14:48:35","modified_gmt":"2021-10-12T11:48:35","slug":"suvi-maatta","status":"publish","type":"page","link":"https:\/\/amerplast.com\/fi\/suvi-maatta\/","title":{"rendered":"Suvi M\u00e4\u00e4tt\u00e4"},"content":{"rendered":"","protected":false},"excerpt":{"rendered":"","protected":false},"author":7,"featured_media":5235,"parent":0,"menu_order":0,"comment_status":"closed","ping_status":"closed","template":"","meta":{"_acf_changed":false,"footnotes":""},"class_list":["post-7381","page","type-page","status-publish","has-post-thumbnail","hentry"],"acf":[],"yoast_head":"<!-- This site is optimized with the Yoast SEO plugin v27.2 - https:\/\/yoast.com\/product\/yoast-seo-wordpress\/ -->\n<title>Amerplast uratarinat - Suvi<\/title>\n<meta name=\"description\" content=\"Uratarina R&amp;D Engineer Suvin urasta Amerplastin tutkimus- ja kehitysosastolla.\" \/>\n<meta name=\"robots\" content=\"index, follow, max-snippet:-1, max-image-preview:large, max-video-preview:-1\" \/>\n<link rel=\"canonical\" href=\"https:\/\/amerplast.com\/fi\/suvi-maatta\/\" \/>\n<meta property=\"og:locale\" content=\"fi_FI\" \/>\n<meta property=\"og:type\" content=\"article\" \/>\n<meta property=\"og:title\" content=\"Amerplast uratarinat - Suvi\" \/>\n<meta property=\"og:description\" content=\"Uratarina R&amp;D Engineer Suvin urasta Amerplastin tutkimus- ja kehitysosastolla.\" \/>\n<meta property=\"og:url\" content=\"https:\/\/amerplast.com\/fi\/suvi-maatta\/\" \/>\n<meta property=\"og:site_name\" content=\"Amerplast\" \/>\n<meta property=\"article:modified_time\" content=\"2021-10-12T11:48:35+00:00\" \/>\n<meta property=\"og:image\" content=\"https:\/\/amerplast.com\/wp-content\/uploads\/2019\/07\/suvi_harju_featured_image-01.jpg\" \/>\n\t<meta property=\"og:image:width\" content=\"4167\" \/>\n\t<meta property=\"og:image:height\" content=\"2588\" \/>\n\t<meta property=\"og:image:type\" content=\"image\/jpeg\" \/>\n<meta name=\"twitter:card\" content=\"summary_large_image\" \/>\n<meta name=\"twitter:site\" content=\"@amerplast\" \/>\n<script type=\"application\/ld+json\" class=\"yoast-schema-graph\">{\"@context\":\"https:\/\/schema.org\",\"@graph\":[{\"@type\":\"WebPage\",\"@id\":\"https:\/\/amerplast.com\/fi\/suvi-maatta\/\",\"url\":\"https:\/\/amerplast.com\/fi\/suvi-maatta\/\",\"name\":\"Amerplast uratarinat - Suvi\",\"isPartOf\":{\"@id\":\"https:\/\/amerplast.com\/fi\/#website\"},\"primaryImageOfPage\":{\"@id\":\"https:\/\/amerplast.com\/fi\/suvi-maatta\/#primaryimage\"},\"image\":{\"@id\":\"https:\/\/amerplast.com\/fi\/suvi-maatta\/#primaryimage\"},\"thumbnailUrl\":\"https:\/\/amerplast.com\/wp-content\/uploads\/2019\/07\/suvi_harju_featured_image-01.jpg\",\"datePublished\":\"2019-03-29T11:58:54+00:00\",\"dateModified\":\"2021-10-12T11:48:35+00:00\",\"description\":\"Uratarina R&D Engineer Suvin urasta Amerplastin tutkimus- ja kehitysosastolla.\",\"breadcrumb\":{\"@id\":\"https:\/\/amerplast.com\/fi\/suvi-maatta\/#breadcrumb\"},\"inLanguage\":\"fi\",\"potentialAction\":[{\"@type\":\"ReadAction\",\"target\":[\"https:\/\/amerplast.com\/fi\/suvi-maatta\/\"]}]},{\"@type\":\"ImageObject\",\"inLanguage\":\"fi\",\"@id\":\"https:\/\/amerplast.com\/fi\/suvi-maatta\/#primaryimage\",\"url\":\"https:\/\/amerplast.com\/wp-content\/uploads\/2019\/07\/suvi_harju_featured_image-01.jpg\",\"contentUrl\":\"https:\/\/amerplast.com\/wp-content\/uploads\/2019\/07\/suvi_harju_featured_image-01.jpg\",\"width\":4167,\"height\":2588},{\"@type\":\"BreadcrumbList\",\"@id\":\"https:\/\/amerplast.com\/fi\/suvi-maatta\/#breadcrumb\",\"itemListElement\":[{\"@type\":\"ListItem\",\"position\":1,\"name\":\"Home\",\"item\":\"https:\/\/amerplast.com\/fi\/\"},{\"@type\":\"ListItem\",\"position\":2,\"name\":\"Suvi M\u00e4\u00e4tt\u00e4\"}]},{\"@type\":\"WebSite\",\"@id\":\"https:\/\/amerplast.com\/fi\/#website\",\"url\":\"https:\/\/amerplast.com\/fi\/\",\"name\":\"Amerplast\",\"description\":\"\",\"potentialAction\":[{\"@type\":\"SearchAction\",\"target\":{\"@type\":\"EntryPoint\",\"urlTemplate\":\"https:\/\/amerplast.com\/fi\/?s={search_term_string}\"},\"query-input\":{\"@type\":\"PropertyValueSpecification\",\"valueRequired\":true,\"valueName\":\"search_term_string\"}}],\"inLanguage\":\"fi\"}]}<\/script>\n<!-- \/ Yoast SEO plugin. -->","yoast_head_json":{"title":"Amerplast uratarinat - Suvi","description":"Uratarina R&D Engineer Suvin urasta Amerplastin tutkimus- ja kehitysosastolla.","robots":{"index":"index","follow":"follow","max-snippet":"max-snippet:-1","max-image-preview":"max-image-preview:large","max-video-preview":"max-video-preview:-1"},"canonical":"https:\/\/amerplast.com\/fi\/suvi-maatta\/","og_locale":"fi_FI","og_type":"article","og_title":"Amerplast uratarinat - Suvi","og_description":"Uratarina R&D Engineer Suvin urasta Amerplastin tutkimus- ja kehitysosastolla.","og_url":"https:\/\/amerplast.com\/fi\/suvi-maatta\/","og_site_name":"Amerplast","article_modified_time":"2021-10-12T11:48:35+00:00","og_image":[{"width":4167,"height":2588,"url":"https:\/\/amerplast.com\/wp-content\/uploads\/2019\/07\/suvi_harju_featured_image-01.jpg","type":"image\/jpeg"}],"twitter_card":"summary_large_image","twitter_site":"@amerplast","schema":{"@context":"https:\/\/schema.org","@graph":[{"@type":"WebPage","@id":"https:\/\/amerplast.com\/fi\/suvi-maatta\/","url":"https:\/\/amerplast.com\/fi\/suvi-maatta\/","name":"Amerplast uratarinat - Suvi","isPartOf":{"@id":"https:\/\/amerplast.com\/fi\/#website"},"primaryImageOfPage":{"@id":"https:\/\/amerplast.com\/fi\/suvi-maatta\/#primaryimage"},"image":{"@id":"https:\/\/amerplast.com\/fi\/suvi-maatta\/#primaryimage"},"thumbnailUrl":"https:\/\/amerplast.com\/wp-content\/uploads\/2019\/07\/suvi_harju_featured_image-01.jpg","datePublished":"2019-03-29T11:58:54+00:00","dateModified":"2021-10-12T11:48:35+00:00","description":"Uratarina R&D Engineer Suvin urasta Amerplastin tutkimus- ja kehitysosastolla.","breadcrumb":{"@id":"https:\/\/amerplast.com\/fi\/suvi-maatta\/#breadcrumb"},"inLanguage":"fi","potentialAction":[{"@type":"ReadAction","target":["https:\/\/amerplast.com\/fi\/suvi-maatta\/"]}]},{"@type":"ImageObject","inLanguage":"fi","@id":"https:\/\/amerplast.com\/fi\/suvi-maatta\/#primaryimage","url":"https:\/\/amerplast.com\/wp-content\/uploads\/2019\/07\/suvi_harju_featured_image-01.jpg","contentUrl":"https:\/\/amerplast.com\/wp-content\/uploads\/2019\/07\/suvi_harju_featured_image-01.jpg","width":4167,"height":2588},{"@type":"BreadcrumbList","@id":"https:\/\/amerplast.com\/fi\/suvi-maatta\/#breadcrumb","itemListElement":[{"@type":"ListItem","position":1,"name":"Home","item":"https:\/\/amerplast.com\/fi\/"},{"@type":"ListItem","position":2,"name":"Suvi M\u00e4\u00e4tt\u00e4"}]},{"@type":"WebSite","@id":"https:\/\/amerplast.com\/fi\/#website","url":"https:\/\/amerplast.com\/fi\/","name":"Amerplast","description":"","potentialAction":[{"@type":"SearchAction","target":{"@type":"EntryPoint","urlTemplate":"https:\/\/amerplast.com\/fi\/?s={search_term_string}"},"query-input":{"@type":"PropertyValueSpecification","valueRequired":true,"valueName":"search_term_string"}}],"inLanguage":"fi"}]}},"_links":{"self":[{"href":"https:\/\/amerplast.com\/fi\/wp-json\/wp\/v2\/pages\/7381","targetHints":{"allow":["GET"]}}],"collection":[{"href":"https:\/\/amerplast.com\/fi\/wp-json\/wp\/v2\/pages"}],"about":[{"href":"https:\/\/amerplast.com\/fi\/wp-json\/wp\/v2\/types\/page"}],"author":[{"embeddable":true,"href":"https:\/\/amerplast.com\/fi\/wp-json\/wp\/v2\/users\/7"}],"replies":[{"embeddable":true,"href":"https:\/\/amerplast.com\/fi\/wp-json\/wp\/v2\/comments?post=7381"}],"version-history":[{"count":6,"href":"https:\/\/amerplast.com\/fi\/wp-json\/wp\/v2\/pages\/7381\/revisions"}],"predecessor-version":[{"id":11828,"href":"https:\/\/amerplast.com\/fi\/wp-json\/wp\/v2\/pages\/7381\/revisions\/11828"}],"wp:featuredmedia":[{"embeddable":true,"href":"https:\/\/amerplast.com\/fi\/wp-json\/wp\/v2\/media\/5235"}],"wp:attachment":[{"href":"https:\/\/amerplast.com\/fi\/wp-json\/wp\/v2\/media?parent=7381"}],"curies":[{"name":"wp","href":"https:\/\/api.w.org\/{rel}","templated":true}]}}