{"id":7303,"date":"2019-02-06T12:12:50","date_gmt":"2019-02-06T10:12:50","guid":{"rendered":"https:\/\/amerplast.com\/tuotteet-pakkausratkaisut\/solutions-features\/"},"modified":"2019-12-19T14:21:43","modified_gmt":"2019-12-19T12:21:43","slug":"ratkaisut-formaatit","status":"publish","type":"page","link":"https:\/\/amerplast.com\/fi\/tuotteet-pakkausratkaisut\/ratkaisut-formaatit\/","title":{"rendered":"Pakkausratkaisut ja -formaatit"},"content":{"rendered":"","protected":false},"excerpt":{"rendered":"","protected":false},"author":7,"featured_media":2865,"parent":7199,"menu_order":0,"comment_status":"closed","ping_status":"closed","template":"","meta":{"_acf_changed":false,"footnotes":""},"class_list":["post-7303","page","type-page","status-publish","has-post-thumbnail","hentry"],"acf":[],"yoast_head":"<!-- This site is optimized with the Yoast SEO plugin v27.4 - https:\/\/yoast.com\/product\/yoast-seo-wordpress\/ -->\n<title>Pakkausratkaisut ja -formaatit \u2013 Aina t\u00e4ydellinen pakkaus tuotteellesi<\/title>\n<meta name=\"description\" content=\"Valmistamiimme joustopakkauksiin on valittavissa lukemattomia ominaisuuksia sek\u00e4 formaatteja ja takaamme, ett\u00e4 l\u00f6yd\u00e4mme oikeat ratkaisut tuotteillesi.\" \/>\n<meta name=\"robots\" content=\"index, follow, max-snippet:-1, max-image-preview:large, max-video-preview:-1\" \/>\n<link rel=\"canonical\" href=\"https:\/\/amerplast.com\/fi\/tuotteet-pakkausratkaisut\/ratkaisut-formaatit\/\" \/>\n<meta property=\"og:locale\" content=\"fi_FI\" \/>\n<meta property=\"og:type\" content=\"article\" \/>\n<meta property=\"og:title\" content=\"Pakkausratkaisut ja -formaatit \u2013 Aina t\u00e4ydellinen pakkaus tuotteellesi\" \/>\n<meta property=\"og:description\" content=\"Valmistamiimme joustopakkauksiin on valittavissa lukemattomia ominaisuuksia sek\u00e4 formaatteja ja takaamme, ett\u00e4 l\u00f6yd\u00e4mme oikeat ratkaisut tuotteillesi.\" \/>\n<meta property=\"og:url\" content=\"https:\/\/amerplast.com\/fi\/tuotteet-pakkausratkaisut\/ratkaisut-formaatit\/\" \/>\n<meta property=\"og:site_name\" content=\"Amerplast\" \/>\n<meta property=\"article:modified_time\" content=\"2019-12-19T12:21:43+00:00\" \/>\n<meta property=\"og:image\" content=\"https:\/\/amerplast.com\/wp-content\/uploads\/2019\/02\/solutions_and_features_2-01.jpg\" \/>\n\t<meta property=\"og:image:width\" content=\"4167\" \/>\n\t<meta property=\"og:image:height\" content=\"2588\" \/>\n\t<meta property=\"og:image:type\" content=\"image\/jpeg\" \/>\n<meta name=\"twitter:card\" content=\"summary_large_image\" \/>\n<meta name=\"twitter:site\" content=\"@amerplast\" \/>\n<script type=\"application\/ld+json\" class=\"yoast-schema-graph\">{\"@context\":\"https:\\\/\\\/schema.org\",\"@graph\":[{\"@type\":\"WebPage\",\"@id\":\"https:\\\/\\\/amerplast.com\\\/fi\\\/tuotteet-pakkausratkaisut\\\/ratkaisut-formaatit\\\/\",\"url\":\"https:\\\/\\\/amerplast.com\\\/fi\\\/tuotteet-pakkausratkaisut\\\/ratkaisut-formaatit\\\/\",\"name\":\"Pakkausratkaisut ja -formaatit \u2013 Aina t\u00e4ydellinen pakkaus tuotteellesi\",\"isPartOf\":{\"@id\":\"https:\\\/\\\/amerplast.com\\\/fi\\\/#website\"},\"primaryImageOfPage\":{\"@id\":\"https:\\\/\\\/amerplast.com\\\/fi\\\/tuotteet-pakkausratkaisut\\\/ratkaisut-formaatit\\\/#primaryimage\"},\"image\":{\"@id\":\"https:\\\/\\\/amerplast.com\\\/fi\\\/tuotteet-pakkausratkaisut\\\/ratkaisut-formaatit\\\/#primaryimage\"},\"thumbnailUrl\":\"https:\\\/\\\/amerplast.com\\\/wp-content\\\/uploads\\\/2019\\\/02\\\/solutions_and_features_2-01.jpg\",\"datePublished\":\"2019-02-06T10:12:50+00:00\",\"dateModified\":\"2019-12-19T12:21:43+00:00\",\"description\":\"Valmistamiimme joustopakkauksiin on valittavissa lukemattomia ominaisuuksia sek\u00e4 formaatteja ja takaamme, ett\u00e4 l\u00f6yd\u00e4mme oikeat ratkaisut tuotteillesi.\",\"breadcrumb\":{\"@id\":\"https:\\\/\\\/amerplast.com\\\/fi\\\/tuotteet-pakkausratkaisut\\\/ratkaisut-formaatit\\\/#breadcrumb\"},\"inLanguage\":\"fi\",\"potentialAction\":[{\"@type\":\"ReadAction\",\"target\":[\"https:\\\/\\\/amerplast.com\\\/fi\\\/tuotteet-pakkausratkaisut\\\/ratkaisut-formaatit\\\/\"]}]},{\"@type\":\"ImageObject\",\"inLanguage\":\"fi\",\"@id\":\"https:\\\/\\\/amerplast.com\\\/fi\\\/tuotteet-pakkausratkaisut\\\/ratkaisut-formaatit\\\/#primaryimage\",\"url\":\"https:\\\/\\\/amerplast.com\\\/wp-content\\\/uploads\\\/2019\\\/02\\\/solutions_and_features_2-01.jpg\",\"contentUrl\":\"https:\\\/\\\/amerplast.com\\\/wp-content\\\/uploads\\\/2019\\\/02\\\/solutions_and_features_2-01.jpg\",\"width\":4167,\"height\":2588,\"caption\":\"Solutions and Features\"},{\"@type\":\"BreadcrumbList\",\"@id\":\"https:\\\/\\\/amerplast.com\\\/fi\\\/tuotteet-pakkausratkaisut\\\/ratkaisut-formaatit\\\/#breadcrumb\",\"itemListElement\":[{\"@type\":\"ListItem\",\"position\":1,\"name\":\"Home\",\"item\":\"https:\\\/\\\/amerplast.com\\\/fi\\\/\"},{\"@type\":\"ListItem\",\"position\":2,\"name\":\"Tuotteet ja pakkausratkaisut\",\"item\":\"https:\\\/\\\/amerplast.com\\\/fi\\\/tuotteet-pakkausratkaisut\\\/\"},{\"@type\":\"ListItem\",\"position\":3,\"name\":\"Pakkausratkaisut ja -formaatit\"}]},{\"@type\":\"WebSite\",\"@id\":\"https:\\\/\\\/amerplast.com\\\/fi\\\/#website\",\"url\":\"https:\\\/\\\/amerplast.com\\\/fi\\\/\",\"name\":\"Amerplast\",\"description\":\"\",\"potentialAction\":[{\"@type\":\"SearchAction\",\"target\":{\"@type\":\"EntryPoint\",\"urlTemplate\":\"https:\\\/\\\/amerplast.com\\\/fi\\\/?s={search_term_string}\"},\"query-input\":{\"@type\":\"PropertyValueSpecification\",\"valueRequired\":true,\"valueName\":\"search_term_string\"}}],\"inLanguage\":\"fi\"}]}<\/script>\n<!-- \/ Yoast SEO plugin. -->","yoast_head_json":{"title":"Pakkausratkaisut ja -formaatit \u2013 Aina t\u00e4ydellinen pakkaus tuotteellesi","description":"Valmistamiimme joustopakkauksiin on valittavissa lukemattomia ominaisuuksia sek\u00e4 formaatteja ja takaamme, ett\u00e4 l\u00f6yd\u00e4mme oikeat ratkaisut tuotteillesi.","robots":{"index":"index","follow":"follow","max-snippet":"max-snippet:-1","max-image-preview":"max-image-preview:large","max-video-preview":"max-video-preview:-1"},"canonical":"https:\/\/amerplast.com\/fi\/tuotteet-pakkausratkaisut\/ratkaisut-formaatit\/","og_locale":"fi_FI","og_type":"article","og_title":"Pakkausratkaisut ja -formaatit \u2013 Aina t\u00e4ydellinen pakkaus tuotteellesi","og_description":"Valmistamiimme joustopakkauksiin on valittavissa lukemattomia ominaisuuksia sek\u00e4 formaatteja ja takaamme, ett\u00e4 l\u00f6yd\u00e4mme oikeat ratkaisut tuotteillesi.","og_url":"https:\/\/amerplast.com\/fi\/tuotteet-pakkausratkaisut\/ratkaisut-formaatit\/","og_site_name":"Amerplast","article_modified_time":"2019-12-19T12:21:43+00:00","og_image":[{"width":4167,"height":2588,"url":"https:\/\/amerplast.com\/wp-content\/uploads\/2019\/02\/solutions_and_features_2-01.jpg","type":"image\/jpeg"}],"twitter_card":"summary_large_image","twitter_site":"@amerplast","schema":{"@context":"https:\/\/schema.org","@graph":[{"@type":"WebPage","@id":"https:\/\/amerplast.com\/fi\/tuotteet-pakkausratkaisut\/ratkaisut-formaatit\/","url":"https:\/\/amerplast.com\/fi\/tuotteet-pakkausratkaisut\/ratkaisut-formaatit\/","name":"Pakkausratkaisut ja -formaatit \u2013 Aina t\u00e4ydellinen pakkaus tuotteellesi","isPartOf":{"@id":"https:\/\/amerplast.com\/fi\/#website"},"primaryImageOfPage":{"@id":"https:\/\/amerplast.com\/fi\/tuotteet-pakkausratkaisut\/ratkaisut-formaatit\/#primaryimage"},"image":{"@id":"https:\/\/amerplast.com\/fi\/tuotteet-pakkausratkaisut\/ratkaisut-formaatit\/#primaryimage"},"thumbnailUrl":"https:\/\/amerplast.com\/wp-content\/uploads\/2019\/02\/solutions_and_features_2-01.jpg","datePublished":"2019-02-06T10:12:50+00:00","dateModified":"2019-12-19T12:21:43+00:00","description":"Valmistamiimme joustopakkauksiin on valittavissa lukemattomia ominaisuuksia sek\u00e4 formaatteja ja takaamme, ett\u00e4 l\u00f6yd\u00e4mme oikeat ratkaisut tuotteillesi.","breadcrumb":{"@id":"https:\/\/amerplast.com\/fi\/tuotteet-pakkausratkaisut\/ratkaisut-formaatit\/#breadcrumb"},"inLanguage":"fi","potentialAction":[{"@type":"ReadAction","target":["https:\/\/amerplast.com\/fi\/tuotteet-pakkausratkaisut\/ratkaisut-formaatit\/"]}]},{"@type":"ImageObject","inLanguage":"fi","@id":"https:\/\/amerplast.com\/fi\/tuotteet-pakkausratkaisut\/ratkaisut-formaatit\/#primaryimage","url":"https:\/\/amerplast.com\/wp-content\/uploads\/2019\/02\/solutions_and_features_2-01.jpg","contentUrl":"https:\/\/amerplast.com\/wp-content\/uploads\/2019\/02\/solutions_and_features_2-01.jpg","width":4167,"height":2588,"caption":"Solutions and Features"},{"@type":"BreadcrumbList","@id":"https:\/\/amerplast.com\/fi\/tuotteet-pakkausratkaisut\/ratkaisut-formaatit\/#breadcrumb","itemListElement":[{"@type":"ListItem","position":1,"name":"Home","item":"https:\/\/amerplast.com\/fi\/"},{"@type":"ListItem","position":2,"name":"Tuotteet ja pakkausratkaisut","item":"https:\/\/amerplast.com\/fi\/tuotteet-pakkausratkaisut\/"},{"@type":"ListItem","position":3,"name":"Pakkausratkaisut ja -formaatit"}]},{"@type":"WebSite","@id":"https:\/\/amerplast.com\/fi\/#website","url":"https:\/\/amerplast.com\/fi\/","name":"Amerplast","description":"","potentialAction":[{"@type":"SearchAction","target":{"@type":"EntryPoint","urlTemplate":"https:\/\/amerplast.com\/fi\/?s={search_term_string}"},"query-input":{"@type":"PropertyValueSpecification","valueRequired":true,"valueName":"search_term_string"}}],"inLanguage":"fi"}]}},"_links":{"self":[{"href":"https:\/\/amerplast.com\/fi\/wp-json\/wp\/v2\/pages\/7303","targetHints":{"allow":["GET"]}}],"collection":[{"href":"https:\/\/amerplast.com\/fi\/wp-json\/wp\/v2\/pages"}],"about":[{"href":"https:\/\/amerplast.com\/fi\/wp-json\/wp\/v2\/types\/page"}],"author":[{"embeddable":true,"href":"https:\/\/amerplast.com\/fi\/wp-json\/wp\/v2\/users\/7"}],"replies":[{"embeddable":true,"href":"https:\/\/amerplast.com\/fi\/wp-json\/wp\/v2\/comments?post=7303"}],"version-history":[{"count":5,"href":"https:\/\/amerplast.com\/fi\/wp-json\/wp\/v2\/pages\/7303\/revisions"}],"predecessor-version":[{"id":8015,"href":"https:\/\/amerplast.com\/fi\/wp-json\/wp\/v2\/pages\/7303\/revisions\/8015"}],"up":[{"embeddable":true,"href":"https:\/\/amerplast.com\/fi\/wp-json\/wp\/v2\/pages\/7199"}],"wp:featuredmedia":[{"embeddable":true,"href":"https:\/\/amerplast.com\/fi\/wp-json\/wp\/v2\/media\/2865"}],"wp:attachment":[{"href":"https:\/\/amerplast.com\/fi\/wp-json\/wp\/v2\/media?parent=7303"}],"curies":[{"name":"wp","href":"https:\/\/api.w.org\/{rel}","templated":true}]}}