{"id":7251,"date":"2018-12-13T16:21:09","date_gmt":"2018-12-13T14:21:09","guid":{"rendered":"https:\/\/amerplast.com\/amerplast-yrityksena\/tietoa-meista\/research-development\/"},"modified":"2019-12-17T10:20:06","modified_gmt":"2019-12-17T08:20:06","slug":"tutkimus-tuotekehitys","status":"publish","type":"page","link":"https:\/\/amerplast.com\/fi\/amerplast-yrityksena\/tietoa-meista\/tutkimus-tuotekehitys\/","title":{"rendered":"Tutkimus ja tuotekehitys"},"content":{"rendered":"","protected":false},"excerpt":{"rendered":"","protected":false},"author":7,"featured_media":1461,"parent":6733,"menu_order":0,"comment_status":"closed","ping_status":"closed","template":"","meta":{"_acf_changed":false,"footnotes":""},"class_list":["post-7251","page","type-page","status-publish","has-post-thumbnail","hentry"],"acf":[],"yoast_head":"<!-- This site is optimized with the Yoast SEO plugin v27.4 - https:\/\/yoast.com\/product\/yoast-seo-wordpress\/ -->\n<title>Tutkimus ja tuotekehitys \u2013 Ammattitaitoinen tuotekehitysosasto<\/title>\n<meta name=\"description\" content=\"Amerplastilla on oma, eritt\u00e4in osaavasta ja kokeneesta henkil\u00f6st\u00f6st\u00e4 koostuva tutkimus- ja tuotekehitysosasto Suomessa ja Puolassa.\" \/>\n<meta name=\"robots\" content=\"index, follow, max-snippet:-1, max-image-preview:large, max-video-preview:-1\" \/>\n<link rel=\"canonical\" href=\"https:\/\/amerplast.com\/fi\/amerplast-yrityksena\/tietoa-meista\/tutkimus-tuotekehitys\/\" \/>\n<meta property=\"og:locale\" content=\"fi_FI\" \/>\n<meta property=\"og:type\" content=\"article\" \/>\n<meta property=\"og:title\" content=\"Tutkimus ja tuotekehitys \u2013 Ammattitaitoinen tuotekehitysosasto\" \/>\n<meta property=\"og:description\" content=\"Amerplastilla on oma, eritt\u00e4in osaavasta ja kokeneesta henkil\u00f6st\u00f6st\u00e4 koostuva tutkimus- ja tuotekehitysosasto Suomessa ja Puolassa.\" \/>\n<meta property=\"og:url\" content=\"https:\/\/amerplast.com\/fi\/amerplast-yrityksena\/tietoa-meista\/tutkimus-tuotekehitys\/\" \/>\n<meta property=\"og:site_name\" content=\"Amerplast\" \/>\n<meta property=\"article:modified_time\" content=\"2019-12-17T08:20:06+00:00\" \/>\n<meta property=\"og:image\" content=\"https:\/\/amerplast.com\/wp-content\/uploads\/2019\/01\/RnD-01.jpg\" \/>\n\t<meta property=\"og:image:width\" content=\"4167\" \/>\n\t<meta property=\"og:image:height\" content=\"2309\" \/>\n\t<meta property=\"og:image:type\" content=\"image\/jpeg\" \/>\n<meta name=\"twitter:card\" content=\"summary_large_image\" \/>\n<meta name=\"twitter:site\" content=\"@amerplast\" \/>\n<script type=\"application\/ld+json\" class=\"yoast-schema-graph\">{\"@context\":\"https:\\\/\\\/schema.org\",\"@graph\":[{\"@type\":\"WebPage\",\"@id\":\"https:\\\/\\\/amerplast.com\\\/fi\\\/amerplast-yrityksena\\\/tietoa-meista\\\/tutkimus-tuotekehitys\\\/\",\"url\":\"https:\\\/\\\/amerplast.com\\\/fi\\\/amerplast-yrityksena\\\/tietoa-meista\\\/tutkimus-tuotekehitys\\\/\",\"name\":\"Tutkimus ja tuotekehitys \u2013 Ammattitaitoinen tuotekehitysosasto\",\"isPartOf\":{\"@id\":\"https:\\\/\\\/amerplast.com\\\/fi\\\/#website\"},\"primaryImageOfPage\":{\"@id\":\"https:\\\/\\\/amerplast.com\\\/fi\\\/amerplast-yrityksena\\\/tietoa-meista\\\/tutkimus-tuotekehitys\\\/#primaryimage\"},\"image\":{\"@id\":\"https:\\\/\\\/amerplast.com\\\/fi\\\/amerplast-yrityksena\\\/tietoa-meista\\\/tutkimus-tuotekehitys\\\/#primaryimage\"},\"thumbnailUrl\":\"https:\\\/\\\/amerplast.com\\\/wp-content\\\/uploads\\\/2019\\\/01\\\/RnD-01.jpg\",\"datePublished\":\"2018-12-13T14:21:09+00:00\",\"dateModified\":\"2019-12-17T08:20:06+00:00\",\"description\":\"Amerplastilla on oma, eritt\u00e4in osaavasta ja kokeneesta henkil\u00f6st\u00f6st\u00e4 koostuva tutkimus- ja tuotekehitysosasto Suomessa ja Puolassa.\",\"breadcrumb\":{\"@id\":\"https:\\\/\\\/amerplast.com\\\/fi\\\/amerplast-yrityksena\\\/tietoa-meista\\\/tutkimus-tuotekehitys\\\/#breadcrumb\"},\"inLanguage\":\"fi\",\"potentialAction\":[{\"@type\":\"ReadAction\",\"target\":[\"https:\\\/\\\/amerplast.com\\\/fi\\\/amerplast-yrityksena\\\/tietoa-meista\\\/tutkimus-tuotekehitys\\\/\"]}]},{\"@type\":\"ImageObject\",\"inLanguage\":\"fi\",\"@id\":\"https:\\\/\\\/amerplast.com\\\/fi\\\/amerplast-yrityksena\\\/tietoa-meista\\\/tutkimus-tuotekehitys\\\/#primaryimage\",\"url\":\"https:\\\/\\\/amerplast.com\\\/wp-content\\\/uploads\\\/2019\\\/01\\\/RnD-01.jpg\",\"contentUrl\":\"https:\\\/\\\/amerplast.com\\\/wp-content\\\/uploads\\\/2019\\\/01\\\/RnD-01.jpg\",\"width\":4167,\"height\":2309,\"caption\":\"Research development\"},{\"@type\":\"BreadcrumbList\",\"@id\":\"https:\\\/\\\/amerplast.com\\\/fi\\\/amerplast-yrityksena\\\/tietoa-meista\\\/tutkimus-tuotekehitys\\\/#breadcrumb\",\"itemListElement\":[{\"@type\":\"ListItem\",\"position\":1,\"name\":\"Home\",\"item\":\"https:\\\/\\\/amerplast.com\\\/fi\\\/\"},{\"@type\":\"ListItem\",\"position\":2,\"name\":\"Amerplast yrityksen\u00e4\",\"item\":\"https:\\\/\\\/amerplast.com\\\/fi\\\/amerplast-yrityksena\\\/\"},{\"@type\":\"ListItem\",\"position\":3,\"name\":\"Tietoa meist\u00e4\",\"item\":\"https:\\\/\\\/amerplast.com\\\/fi\\\/amerplast-yrityksena\\\/tietoa-meista\\\/\"},{\"@type\":\"ListItem\",\"position\":4,\"name\":\"Tutkimus ja tuotekehitys\"}]},{\"@type\":\"WebSite\",\"@id\":\"https:\\\/\\\/amerplast.com\\\/fi\\\/#website\",\"url\":\"https:\\\/\\\/amerplast.com\\\/fi\\\/\",\"name\":\"Amerplast\",\"description\":\"\",\"potentialAction\":[{\"@type\":\"SearchAction\",\"target\":{\"@type\":\"EntryPoint\",\"urlTemplate\":\"https:\\\/\\\/amerplast.com\\\/fi\\\/?s={search_term_string}\"},\"query-input\":{\"@type\":\"PropertyValueSpecification\",\"valueRequired\":true,\"valueName\":\"search_term_string\"}}],\"inLanguage\":\"fi\"}]}<\/script>\n<!-- \/ Yoast SEO plugin. -->","yoast_head_json":{"title":"Tutkimus ja tuotekehitys \u2013 Ammattitaitoinen tuotekehitysosasto","description":"Amerplastilla on oma, eritt\u00e4in osaavasta ja kokeneesta henkil\u00f6st\u00f6st\u00e4 koostuva tutkimus- ja tuotekehitysosasto Suomessa ja Puolassa.","robots":{"index":"index","follow":"follow","max-snippet":"max-snippet:-1","max-image-preview":"max-image-preview:large","max-video-preview":"max-video-preview:-1"},"canonical":"https:\/\/amerplast.com\/fi\/amerplast-yrityksena\/tietoa-meista\/tutkimus-tuotekehitys\/","og_locale":"fi_FI","og_type":"article","og_title":"Tutkimus ja tuotekehitys \u2013 Ammattitaitoinen tuotekehitysosasto","og_description":"Amerplastilla on oma, eritt\u00e4in osaavasta ja kokeneesta henkil\u00f6st\u00f6st\u00e4 koostuva tutkimus- ja tuotekehitysosasto Suomessa ja Puolassa.","og_url":"https:\/\/amerplast.com\/fi\/amerplast-yrityksena\/tietoa-meista\/tutkimus-tuotekehitys\/","og_site_name":"Amerplast","article_modified_time":"2019-12-17T08:20:06+00:00","og_image":[{"width":4167,"height":2309,"url":"https:\/\/amerplast.com\/wp-content\/uploads\/2019\/01\/RnD-01.jpg","type":"image\/jpeg"}],"twitter_card":"summary_large_image","twitter_site":"@amerplast","schema":{"@context":"https:\/\/schema.org","@graph":[{"@type":"WebPage","@id":"https:\/\/amerplast.com\/fi\/amerplast-yrityksena\/tietoa-meista\/tutkimus-tuotekehitys\/","url":"https:\/\/amerplast.com\/fi\/amerplast-yrityksena\/tietoa-meista\/tutkimus-tuotekehitys\/","name":"Tutkimus ja tuotekehitys \u2013 Ammattitaitoinen tuotekehitysosasto","isPartOf":{"@id":"https:\/\/amerplast.com\/fi\/#website"},"primaryImageOfPage":{"@id":"https:\/\/amerplast.com\/fi\/amerplast-yrityksena\/tietoa-meista\/tutkimus-tuotekehitys\/#primaryimage"},"image":{"@id":"https:\/\/amerplast.com\/fi\/amerplast-yrityksena\/tietoa-meista\/tutkimus-tuotekehitys\/#primaryimage"},"thumbnailUrl":"https:\/\/amerplast.com\/wp-content\/uploads\/2019\/01\/RnD-01.jpg","datePublished":"2018-12-13T14:21:09+00:00","dateModified":"2019-12-17T08:20:06+00:00","description":"Amerplastilla on oma, eritt\u00e4in osaavasta ja kokeneesta henkil\u00f6st\u00f6st\u00e4 koostuva tutkimus- ja tuotekehitysosasto Suomessa ja Puolassa.","breadcrumb":{"@id":"https:\/\/amerplast.com\/fi\/amerplast-yrityksena\/tietoa-meista\/tutkimus-tuotekehitys\/#breadcrumb"},"inLanguage":"fi","potentialAction":[{"@type":"ReadAction","target":["https:\/\/amerplast.com\/fi\/amerplast-yrityksena\/tietoa-meista\/tutkimus-tuotekehitys\/"]}]},{"@type":"ImageObject","inLanguage":"fi","@id":"https:\/\/amerplast.com\/fi\/amerplast-yrityksena\/tietoa-meista\/tutkimus-tuotekehitys\/#primaryimage","url":"https:\/\/amerplast.com\/wp-content\/uploads\/2019\/01\/RnD-01.jpg","contentUrl":"https:\/\/amerplast.com\/wp-content\/uploads\/2019\/01\/RnD-01.jpg","width":4167,"height":2309,"caption":"Research development"},{"@type":"BreadcrumbList","@id":"https:\/\/amerplast.com\/fi\/amerplast-yrityksena\/tietoa-meista\/tutkimus-tuotekehitys\/#breadcrumb","itemListElement":[{"@type":"ListItem","position":1,"name":"Home","item":"https:\/\/amerplast.com\/fi\/"},{"@type":"ListItem","position":2,"name":"Amerplast yrityksen\u00e4","item":"https:\/\/amerplast.com\/fi\/amerplast-yrityksena\/"},{"@type":"ListItem","position":3,"name":"Tietoa meist\u00e4","item":"https:\/\/amerplast.com\/fi\/amerplast-yrityksena\/tietoa-meista\/"},{"@type":"ListItem","position":4,"name":"Tutkimus ja tuotekehitys"}]},{"@type":"WebSite","@id":"https:\/\/amerplast.com\/fi\/#website","url":"https:\/\/amerplast.com\/fi\/","name":"Amerplast","description":"","potentialAction":[{"@type":"SearchAction","target":{"@type":"EntryPoint","urlTemplate":"https:\/\/amerplast.com\/fi\/?s={search_term_string}"},"query-input":{"@type":"PropertyValueSpecification","valueRequired":true,"valueName":"search_term_string"}}],"inLanguage":"fi"}]}},"_links":{"self":[{"href":"https:\/\/amerplast.com\/fi\/wp-json\/wp\/v2\/pages\/7251","targetHints":{"allow":["GET"]}}],"collection":[{"href":"https:\/\/amerplast.com\/fi\/wp-json\/wp\/v2\/pages"}],"about":[{"href":"https:\/\/amerplast.com\/fi\/wp-json\/wp\/v2\/types\/page"}],"author":[{"embeddable":true,"href":"https:\/\/amerplast.com\/fi\/wp-json\/wp\/v2\/users\/7"}],"replies":[{"embeddable":true,"href":"https:\/\/amerplast.com\/fi\/wp-json\/wp\/v2\/comments?post=7251"}],"version-history":[{"count":3,"href":"https:\/\/amerplast.com\/fi\/wp-json\/wp\/v2\/pages\/7251\/revisions"}],"predecessor-version":[{"id":7487,"href":"https:\/\/amerplast.com\/fi\/wp-json\/wp\/v2\/pages\/7251\/revisions\/7487"}],"up":[{"embeddable":true,"href":"https:\/\/amerplast.com\/fi\/wp-json\/wp\/v2\/pages\/6733"}],"wp:featuredmedia":[{"embeddable":true,"href":"https:\/\/amerplast.com\/fi\/wp-json\/wp\/v2\/media\/1461"}],"wp:attachment":[{"href":"https:\/\/amerplast.com\/fi\/wp-json\/wp\/v2\/media?parent=7251"}],"curies":[{"name":"wp","href":"https:\/\/api.w.org\/{rel}","templated":true}]}}