{"id":7083,"date":"2019-04-03T14:27:51","date_gmt":"2019-04-03T11:27:51","guid":{"rendered":"https:\/\/amerplast.com\/info-package\/"},"modified":"2019-12-19T14:46:18","modified_gmt":"2019-12-19T12:46:18","slug":"tietopaketti","status":"publish","type":"page","link":"https:\/\/amerplast.com\/fi\/tietopaketti\/","title":{"rendered":"Tietopaketti"},"content":{"rendered":"","protected":false},"excerpt":{"rendered":"","protected":false},"author":7,"featured_media":3853,"parent":0,"menu_order":0,"comment_status":"closed","ping_status":"closed","template":"","meta":{"_acf_changed":false,"footnotes":""},"class_list":["post-7083","page","type-page","status-publish","has-post-thumbnail","hentry"],"acf":[],"yoast_head":"<!-- This site is optimized with the Yoast SEO plugin v27.4 - https:\/\/yoast.com\/product\/yoast-seo-wordpress\/ -->\n<title>Tietopaketti pakkauksista \u2013 Muovi- ja joustopakkaukset<\/title>\n<meta name=\"description\" content=\"Yleist\u00e4 tietoa muoveista ja joustopakkauksista, niihin liittyv\u00e4\u00e4 sanastoa, tietoa ymp\u00e4rist\u00f6vaikutuksista sek\u00e4 muovin kierr\u00e4tyksest\u00e4 ja kiertotaloudesta.\" \/>\n<meta name=\"robots\" content=\"index, follow, max-snippet:-1, max-image-preview:large, max-video-preview:-1\" \/>\n<link rel=\"canonical\" href=\"https:\/\/amerplast.com\/fi\/tietopaketti\/\" \/>\n<meta property=\"og:locale\" content=\"fi_FI\" \/>\n<meta property=\"og:type\" content=\"article\" \/>\n<meta property=\"og:title\" content=\"Tietopaketti pakkauksista \u2013 Muovi- ja joustopakkaukset\" \/>\n<meta property=\"og:description\" content=\"Yleist\u00e4 tietoa muoveista ja joustopakkauksista, niihin liittyv\u00e4\u00e4 sanastoa, tietoa ymp\u00e4rist\u00f6vaikutuksista sek\u00e4 muovin kierr\u00e4tyksest\u00e4 ja kiertotaloudesta.\" \/>\n<meta property=\"og:url\" content=\"https:\/\/amerplast.com\/fi\/tietopaketti\/\" \/>\n<meta property=\"og:site_name\" content=\"Amerplast\" \/>\n<meta property=\"article:modified_time\" content=\"2019-12-19T12:46:18+00:00\" \/>\n<meta property=\"og:image\" content=\"https:\/\/amerplast.com\/wp-content\/uploads\/2019\/04\/granules-01.jpg\" \/>\n\t<meta property=\"og:image:width\" content=\"4167\" \/>\n\t<meta property=\"og:image:height\" content=\"2588\" \/>\n\t<meta property=\"og:image:type\" content=\"image\/jpeg\" \/>\n<meta name=\"twitter:card\" content=\"summary_large_image\" \/>\n<meta name=\"twitter:site\" content=\"@amerplast\" \/>\n<script type=\"application\/ld+json\" class=\"yoast-schema-graph\">{\"@context\":\"https:\\\/\\\/schema.org\",\"@graph\":[{\"@type\":\"WebPage\",\"@id\":\"https:\\\/\\\/amerplast.com\\\/fi\\\/tietopaketti\\\/\",\"url\":\"https:\\\/\\\/amerplast.com\\\/fi\\\/tietopaketti\\\/\",\"name\":\"Tietopaketti pakkauksista \u2013 Muovi- ja joustopakkaukset\",\"isPartOf\":{\"@id\":\"https:\\\/\\\/amerplast.com\\\/fi\\\/#website\"},\"primaryImageOfPage\":{\"@id\":\"https:\\\/\\\/amerplast.com\\\/fi\\\/tietopaketti\\\/#primaryimage\"},\"image\":{\"@id\":\"https:\\\/\\\/amerplast.com\\\/fi\\\/tietopaketti\\\/#primaryimage\"},\"thumbnailUrl\":\"https:\\\/\\\/amerplast.com\\\/wp-content\\\/uploads\\\/2019\\\/04\\\/granules-01.jpg\",\"datePublished\":\"2019-04-03T11:27:51+00:00\",\"dateModified\":\"2019-12-19T12:46:18+00:00\",\"description\":\"Yleist\u00e4 tietoa muoveista ja joustopakkauksista, niihin liittyv\u00e4\u00e4 sanastoa, tietoa ymp\u00e4rist\u00f6vaikutuksista sek\u00e4 muovin kierr\u00e4tyksest\u00e4 ja kiertotaloudesta.\",\"breadcrumb\":{\"@id\":\"https:\\\/\\\/amerplast.com\\\/fi\\\/tietopaketti\\\/#breadcrumb\"},\"inLanguage\":\"fi\",\"potentialAction\":[{\"@type\":\"ReadAction\",\"target\":[\"https:\\\/\\\/amerplast.com\\\/fi\\\/tietopaketti\\\/\"]}]},{\"@type\":\"ImageObject\",\"inLanguage\":\"fi\",\"@id\":\"https:\\\/\\\/amerplast.com\\\/fi\\\/tietopaketti\\\/#primaryimage\",\"url\":\"https:\\\/\\\/amerplast.com\\\/wp-content\\\/uploads\\\/2019\\\/04\\\/granules-01.jpg\",\"contentUrl\":\"https:\\\/\\\/amerplast.com\\\/wp-content\\\/uploads\\\/2019\\\/04\\\/granules-01.jpg\",\"width\":4167,\"height\":2588,\"caption\":\"Granules\"},{\"@type\":\"BreadcrumbList\",\"@id\":\"https:\\\/\\\/amerplast.com\\\/fi\\\/tietopaketti\\\/#breadcrumb\",\"itemListElement\":[{\"@type\":\"ListItem\",\"position\":1,\"name\":\"Home\",\"item\":\"https:\\\/\\\/amerplast.com\\\/fi\\\/\"},{\"@type\":\"ListItem\",\"position\":2,\"name\":\"Tietopaketti\"}]},{\"@type\":\"WebSite\",\"@id\":\"https:\\\/\\\/amerplast.com\\\/fi\\\/#website\",\"url\":\"https:\\\/\\\/amerplast.com\\\/fi\\\/\",\"name\":\"Amerplast\",\"description\":\"\",\"potentialAction\":[{\"@type\":\"SearchAction\",\"target\":{\"@type\":\"EntryPoint\",\"urlTemplate\":\"https:\\\/\\\/amerplast.com\\\/fi\\\/?s={search_term_string}\"},\"query-input\":{\"@type\":\"PropertyValueSpecification\",\"valueRequired\":true,\"valueName\":\"search_term_string\"}}],\"inLanguage\":\"fi\"}]}<\/script>\n<!-- \/ Yoast SEO plugin. -->","yoast_head_json":{"title":"Tietopaketti pakkauksista \u2013 Muovi- ja joustopakkaukset","description":"Yleist\u00e4 tietoa muoveista ja joustopakkauksista, niihin liittyv\u00e4\u00e4 sanastoa, tietoa ymp\u00e4rist\u00f6vaikutuksista sek\u00e4 muovin kierr\u00e4tyksest\u00e4 ja kiertotaloudesta.","robots":{"index":"index","follow":"follow","max-snippet":"max-snippet:-1","max-image-preview":"max-image-preview:large","max-video-preview":"max-video-preview:-1"},"canonical":"https:\/\/amerplast.com\/fi\/tietopaketti\/","og_locale":"fi_FI","og_type":"article","og_title":"Tietopaketti pakkauksista \u2013 Muovi- ja joustopakkaukset","og_description":"Yleist\u00e4 tietoa muoveista ja joustopakkauksista, niihin liittyv\u00e4\u00e4 sanastoa, tietoa ymp\u00e4rist\u00f6vaikutuksista sek\u00e4 muovin kierr\u00e4tyksest\u00e4 ja kiertotaloudesta.","og_url":"https:\/\/amerplast.com\/fi\/tietopaketti\/","og_site_name":"Amerplast","article_modified_time":"2019-12-19T12:46:18+00:00","og_image":[{"width":4167,"height":2588,"url":"https:\/\/amerplast.com\/wp-content\/uploads\/2019\/04\/granules-01.jpg","type":"image\/jpeg"}],"twitter_card":"summary_large_image","twitter_site":"@amerplast","schema":{"@context":"https:\/\/schema.org","@graph":[{"@type":"WebPage","@id":"https:\/\/amerplast.com\/fi\/tietopaketti\/","url":"https:\/\/amerplast.com\/fi\/tietopaketti\/","name":"Tietopaketti pakkauksista \u2013 Muovi- ja joustopakkaukset","isPartOf":{"@id":"https:\/\/amerplast.com\/fi\/#website"},"primaryImageOfPage":{"@id":"https:\/\/amerplast.com\/fi\/tietopaketti\/#primaryimage"},"image":{"@id":"https:\/\/amerplast.com\/fi\/tietopaketti\/#primaryimage"},"thumbnailUrl":"https:\/\/amerplast.com\/wp-content\/uploads\/2019\/04\/granules-01.jpg","datePublished":"2019-04-03T11:27:51+00:00","dateModified":"2019-12-19T12:46:18+00:00","description":"Yleist\u00e4 tietoa muoveista ja joustopakkauksista, niihin liittyv\u00e4\u00e4 sanastoa, tietoa ymp\u00e4rist\u00f6vaikutuksista sek\u00e4 muovin kierr\u00e4tyksest\u00e4 ja kiertotaloudesta.","breadcrumb":{"@id":"https:\/\/amerplast.com\/fi\/tietopaketti\/#breadcrumb"},"inLanguage":"fi","potentialAction":[{"@type":"ReadAction","target":["https:\/\/amerplast.com\/fi\/tietopaketti\/"]}]},{"@type":"ImageObject","inLanguage":"fi","@id":"https:\/\/amerplast.com\/fi\/tietopaketti\/#primaryimage","url":"https:\/\/amerplast.com\/wp-content\/uploads\/2019\/04\/granules-01.jpg","contentUrl":"https:\/\/amerplast.com\/wp-content\/uploads\/2019\/04\/granules-01.jpg","width":4167,"height":2588,"caption":"Granules"},{"@type":"BreadcrumbList","@id":"https:\/\/amerplast.com\/fi\/tietopaketti\/#breadcrumb","itemListElement":[{"@type":"ListItem","position":1,"name":"Home","item":"https:\/\/amerplast.com\/fi\/"},{"@type":"ListItem","position":2,"name":"Tietopaketti"}]},{"@type":"WebSite","@id":"https:\/\/amerplast.com\/fi\/#website","url":"https:\/\/amerplast.com\/fi\/","name":"Amerplast","description":"","potentialAction":[{"@type":"SearchAction","target":{"@type":"EntryPoint","urlTemplate":"https:\/\/amerplast.com\/fi\/?s={search_term_string}"},"query-input":{"@type":"PropertyValueSpecification","valueRequired":true,"valueName":"search_term_string"}}],"inLanguage":"fi"}]}},"_links":{"self":[{"href":"https:\/\/amerplast.com\/fi\/wp-json\/wp\/v2\/pages\/7083","targetHints":{"allow":["GET"]}}],"collection":[{"href":"https:\/\/amerplast.com\/fi\/wp-json\/wp\/v2\/pages"}],"about":[{"href":"https:\/\/amerplast.com\/fi\/wp-json\/wp\/v2\/types\/page"}],"author":[{"embeddable":true,"href":"https:\/\/amerplast.com\/fi\/wp-json\/wp\/v2\/users\/7"}],"replies":[{"embeddable":true,"href":"https:\/\/amerplast.com\/fi\/wp-json\/wp\/v2\/comments?post=7083"}],"version-history":[{"count":5,"href":"https:\/\/amerplast.com\/fi\/wp-json\/wp\/v2\/pages\/7083\/revisions"}],"predecessor-version":[{"id":8043,"href":"https:\/\/amerplast.com\/fi\/wp-json\/wp\/v2\/pages\/7083\/revisions\/8043"}],"wp:featuredmedia":[{"embeddable":true,"href":"https:\/\/amerplast.com\/fi\/wp-json\/wp\/v2\/media\/3853"}],"wp:attachment":[{"href":"https:\/\/amerplast.com\/fi\/wp-json\/wp\/v2\/media?parent=7083"}],"curies":[{"name":"wp","href":"https:\/\/api.w.org\/{rel}","templated":true}]}}