{"id":7031,"date":"2019-02-08T09:19:14","date_gmt":"2019-02-08T07:19:14","guid":{"rendered":"https:\/\/amerplast.com\/elintarvikepakkaukset-etiketit\/fresh-produce-packaging\/"},"modified":"2022-05-16T14:11:30","modified_gmt":"2022-05-16T11:11:30","slug":"tuoretuotepakkaukset","status":"publish","type":"page","link":"https:\/\/amerplast.com\/fi\/tuotteet-pakkausratkaisut\/elintarvikepakkaukset-etiketit\/tuoretuotepakkaukset\/","title":{"rendered":"Tuoretuotepakkaukset"},"content":{"rendered":"","protected":false},"excerpt":{"rendered":"","protected":false},"author":7,"featured_media":2547,"parent":6991,"menu_order":0,"comment_status":"closed","ping_status":"closed","template":"","meta":{"_acf_changed":false,"footnotes":""},"class_list":["post-7031","page","type-page","status-publish","has-post-thumbnail","hentry"],"acf":[],"yoast_head":"<!-- This site is optimized with the Yoast SEO plugin v27.4 - https:\/\/yoast.com\/product\/yoast-seo-wordpress\/ -->\n<title>Tuoretuotepakkaukset \u2013 Ruoka vain maistuu paremmalta tuoreena<\/title>\n<meta name=\"description\" content=\"Amerplastin tuoretuotepakkauksien ansiosta kuluttajat p\u00e4\u00e4sev\u00e4t nauttimaan sadosta parhaimmillaan, koska ruoka yksinkertaisesti maistuu paremmalta tuoreena.\" \/>\n<meta name=\"robots\" content=\"index, follow, max-snippet:-1, max-image-preview:large, max-video-preview:-1\" \/>\n<link rel=\"canonical\" href=\"https:\/\/amerplast.com\/fi\/tuotteet-pakkausratkaisut\/elintarvikepakkaukset-etiketit\/tuoretuotepakkaukset\/\" \/>\n<meta property=\"og:locale\" content=\"fi_FI\" \/>\n<meta property=\"og:type\" content=\"article\" \/>\n<meta property=\"og:title\" content=\"Tuoretuotepakkaukset \u2013 Ruoka vain maistuu paremmalta tuoreena\" \/>\n<meta property=\"og:description\" content=\"Amerplastin tuoretuotepakkauksien ansiosta kuluttajat p\u00e4\u00e4sev\u00e4t nauttimaan sadosta parhaimmillaan, koska ruoka yksinkertaisesti maistuu paremmalta tuoreena.\" \/>\n<meta property=\"og:url\" content=\"https:\/\/amerplast.com\/fi\/tuotteet-pakkausratkaisut\/elintarvikepakkaukset-etiketit\/tuoretuotepakkaukset\/\" \/>\n<meta property=\"og:site_name\" content=\"Amerplast\" \/>\n<meta property=\"article:modified_time\" content=\"2022-05-16T11:11:30+00:00\" \/>\n<meta property=\"og:image\" content=\"https:\/\/amerplast.com\/wp-content\/uploads\/2019\/02\/Fresh_produce_packaging-01.jpg\" \/>\n\t<meta property=\"og:image:width\" content=\"4167\" \/>\n\t<meta property=\"og:image:height\" content=\"2588\" \/>\n\t<meta property=\"og:image:type\" content=\"image\/jpeg\" \/>\n<meta name=\"twitter:card\" content=\"summary_large_image\" \/>\n<meta name=\"twitter:site\" content=\"@amerplast\" \/>\n<script type=\"application\/ld+json\" class=\"yoast-schema-graph\">{\"@context\":\"https:\\\/\\\/schema.org\",\"@graph\":[{\"@type\":\"WebPage\",\"@id\":\"https:\\\/\\\/amerplast.com\\\/fi\\\/tuotteet-pakkausratkaisut\\\/elintarvikepakkaukset-etiketit\\\/tuoretuotepakkaukset\\\/\",\"url\":\"https:\\\/\\\/amerplast.com\\\/fi\\\/tuotteet-pakkausratkaisut\\\/elintarvikepakkaukset-etiketit\\\/tuoretuotepakkaukset\\\/\",\"name\":\"Tuoretuotepakkaukset \u2013 Ruoka vain maistuu paremmalta tuoreena\",\"isPartOf\":{\"@id\":\"https:\\\/\\\/amerplast.com\\\/fi\\\/#website\"},\"primaryImageOfPage\":{\"@id\":\"https:\\\/\\\/amerplast.com\\\/fi\\\/tuotteet-pakkausratkaisut\\\/elintarvikepakkaukset-etiketit\\\/tuoretuotepakkaukset\\\/#primaryimage\"},\"image\":{\"@id\":\"https:\\\/\\\/amerplast.com\\\/fi\\\/tuotteet-pakkausratkaisut\\\/elintarvikepakkaukset-etiketit\\\/tuoretuotepakkaukset\\\/#primaryimage\"},\"thumbnailUrl\":\"https:\\\/\\\/amerplast.com\\\/wp-content\\\/uploads\\\/2019\\\/02\\\/Fresh_produce_packaging-01.jpg\",\"datePublished\":\"2019-02-08T07:19:14+00:00\",\"dateModified\":\"2022-05-16T11:11:30+00:00\",\"description\":\"Amerplastin tuoretuotepakkauksien ansiosta kuluttajat p\u00e4\u00e4sev\u00e4t nauttimaan sadosta parhaimmillaan, koska ruoka yksinkertaisesti maistuu paremmalta tuoreena.\",\"breadcrumb\":{\"@id\":\"https:\\\/\\\/amerplast.com\\\/fi\\\/tuotteet-pakkausratkaisut\\\/elintarvikepakkaukset-etiketit\\\/tuoretuotepakkaukset\\\/#breadcrumb\"},\"inLanguage\":\"fi\",\"potentialAction\":[{\"@type\":\"ReadAction\",\"target\":[\"https:\\\/\\\/amerplast.com\\\/fi\\\/tuotteet-pakkausratkaisut\\\/elintarvikepakkaukset-etiketit\\\/tuoretuotepakkaukset\\\/\"]}]},{\"@type\":\"ImageObject\",\"inLanguage\":\"fi\",\"@id\":\"https:\\\/\\\/amerplast.com\\\/fi\\\/tuotteet-pakkausratkaisut\\\/elintarvikepakkaukset-etiketit\\\/tuoretuotepakkaukset\\\/#primaryimage\",\"url\":\"https:\\\/\\\/amerplast.com\\\/wp-content\\\/uploads\\\/2019\\\/02\\\/Fresh_produce_packaging-01.jpg\",\"contentUrl\":\"https:\\\/\\\/amerplast.com\\\/wp-content\\\/uploads\\\/2019\\\/02\\\/Fresh_produce_packaging-01.jpg\",\"width\":4167,\"height\":2588,\"caption\":\"Fresh Produce Packaging\"},{\"@type\":\"BreadcrumbList\",\"@id\":\"https:\\\/\\\/amerplast.com\\\/fi\\\/tuotteet-pakkausratkaisut\\\/elintarvikepakkaukset-etiketit\\\/tuoretuotepakkaukset\\\/#breadcrumb\",\"itemListElement\":[{\"@type\":\"ListItem\",\"position\":1,\"name\":\"Home\",\"item\":\"https:\\\/\\\/amerplast.com\\\/fi\\\/\"},{\"@type\":\"ListItem\",\"position\":2,\"name\":\"Tuotteet ja pakkausratkaisut\",\"item\":\"https:\\\/\\\/amerplast.com\\\/fi\\\/tuotteet-pakkausratkaisut\\\/\"},{\"@type\":\"ListItem\",\"position\":3,\"name\":\"Elintarvikepakkaukset ja etiketit\",\"item\":\"https:\\\/\\\/amerplast.com\\\/fi\\\/tuotteet-pakkausratkaisut\\\/elintarvikepakkaukset-etiketit\\\/\"},{\"@type\":\"ListItem\",\"position\":4,\"name\":\"Tuoretuotepakkaukset\"}]},{\"@type\":\"WebSite\",\"@id\":\"https:\\\/\\\/amerplast.com\\\/fi\\\/#website\",\"url\":\"https:\\\/\\\/amerplast.com\\\/fi\\\/\",\"name\":\"Amerplast\",\"description\":\"\",\"potentialAction\":[{\"@type\":\"SearchAction\",\"target\":{\"@type\":\"EntryPoint\",\"urlTemplate\":\"https:\\\/\\\/amerplast.com\\\/fi\\\/?s={search_term_string}\"},\"query-input\":{\"@type\":\"PropertyValueSpecification\",\"valueRequired\":true,\"valueName\":\"search_term_string\"}}],\"inLanguage\":\"fi\"}]}<\/script>\n<!-- \/ Yoast SEO plugin. -->","yoast_head_json":{"title":"Tuoretuotepakkaukset \u2013 Ruoka vain maistuu paremmalta tuoreena","description":"Amerplastin tuoretuotepakkauksien ansiosta kuluttajat p\u00e4\u00e4sev\u00e4t nauttimaan sadosta parhaimmillaan, koska ruoka yksinkertaisesti maistuu paremmalta tuoreena.","robots":{"index":"index","follow":"follow","max-snippet":"max-snippet:-1","max-image-preview":"max-image-preview:large","max-video-preview":"max-video-preview:-1"},"canonical":"https:\/\/amerplast.com\/fi\/tuotteet-pakkausratkaisut\/elintarvikepakkaukset-etiketit\/tuoretuotepakkaukset\/","og_locale":"fi_FI","og_type":"article","og_title":"Tuoretuotepakkaukset \u2013 Ruoka vain maistuu paremmalta tuoreena","og_description":"Amerplastin tuoretuotepakkauksien ansiosta kuluttajat p\u00e4\u00e4sev\u00e4t nauttimaan sadosta parhaimmillaan, koska ruoka yksinkertaisesti maistuu paremmalta tuoreena.","og_url":"https:\/\/amerplast.com\/fi\/tuotteet-pakkausratkaisut\/elintarvikepakkaukset-etiketit\/tuoretuotepakkaukset\/","og_site_name":"Amerplast","article_modified_time":"2022-05-16T11:11:30+00:00","og_image":[{"width":4167,"height":2588,"url":"https:\/\/amerplast.com\/wp-content\/uploads\/2019\/02\/Fresh_produce_packaging-01.jpg","type":"image\/jpeg"}],"twitter_card":"summary_large_image","twitter_site":"@amerplast","schema":{"@context":"https:\/\/schema.org","@graph":[{"@type":"WebPage","@id":"https:\/\/amerplast.com\/fi\/tuotteet-pakkausratkaisut\/elintarvikepakkaukset-etiketit\/tuoretuotepakkaukset\/","url":"https:\/\/amerplast.com\/fi\/tuotteet-pakkausratkaisut\/elintarvikepakkaukset-etiketit\/tuoretuotepakkaukset\/","name":"Tuoretuotepakkaukset \u2013 Ruoka vain maistuu paremmalta tuoreena","isPartOf":{"@id":"https:\/\/amerplast.com\/fi\/#website"},"primaryImageOfPage":{"@id":"https:\/\/amerplast.com\/fi\/tuotteet-pakkausratkaisut\/elintarvikepakkaukset-etiketit\/tuoretuotepakkaukset\/#primaryimage"},"image":{"@id":"https:\/\/amerplast.com\/fi\/tuotteet-pakkausratkaisut\/elintarvikepakkaukset-etiketit\/tuoretuotepakkaukset\/#primaryimage"},"thumbnailUrl":"https:\/\/amerplast.com\/wp-content\/uploads\/2019\/02\/Fresh_produce_packaging-01.jpg","datePublished":"2019-02-08T07:19:14+00:00","dateModified":"2022-05-16T11:11:30+00:00","description":"Amerplastin tuoretuotepakkauksien ansiosta kuluttajat p\u00e4\u00e4sev\u00e4t nauttimaan sadosta parhaimmillaan, koska ruoka yksinkertaisesti maistuu paremmalta tuoreena.","breadcrumb":{"@id":"https:\/\/amerplast.com\/fi\/tuotteet-pakkausratkaisut\/elintarvikepakkaukset-etiketit\/tuoretuotepakkaukset\/#breadcrumb"},"inLanguage":"fi","potentialAction":[{"@type":"ReadAction","target":["https:\/\/amerplast.com\/fi\/tuotteet-pakkausratkaisut\/elintarvikepakkaukset-etiketit\/tuoretuotepakkaukset\/"]}]},{"@type":"ImageObject","inLanguage":"fi","@id":"https:\/\/amerplast.com\/fi\/tuotteet-pakkausratkaisut\/elintarvikepakkaukset-etiketit\/tuoretuotepakkaukset\/#primaryimage","url":"https:\/\/amerplast.com\/wp-content\/uploads\/2019\/02\/Fresh_produce_packaging-01.jpg","contentUrl":"https:\/\/amerplast.com\/wp-content\/uploads\/2019\/02\/Fresh_produce_packaging-01.jpg","width":4167,"height":2588,"caption":"Fresh Produce Packaging"},{"@type":"BreadcrumbList","@id":"https:\/\/amerplast.com\/fi\/tuotteet-pakkausratkaisut\/elintarvikepakkaukset-etiketit\/tuoretuotepakkaukset\/#breadcrumb","itemListElement":[{"@type":"ListItem","position":1,"name":"Home","item":"https:\/\/amerplast.com\/fi\/"},{"@type":"ListItem","position":2,"name":"Tuotteet ja pakkausratkaisut","item":"https:\/\/amerplast.com\/fi\/tuotteet-pakkausratkaisut\/"},{"@type":"ListItem","position":3,"name":"Elintarvikepakkaukset ja etiketit","item":"https:\/\/amerplast.com\/fi\/tuotteet-pakkausratkaisut\/elintarvikepakkaukset-etiketit\/"},{"@type":"ListItem","position":4,"name":"Tuoretuotepakkaukset"}]},{"@type":"WebSite","@id":"https:\/\/amerplast.com\/fi\/#website","url":"https:\/\/amerplast.com\/fi\/","name":"Amerplast","description":"","potentialAction":[{"@type":"SearchAction","target":{"@type":"EntryPoint","urlTemplate":"https:\/\/amerplast.com\/fi\/?s={search_term_string}"},"query-input":{"@type":"PropertyValueSpecification","valueRequired":true,"valueName":"search_term_string"}}],"inLanguage":"fi"}]}},"_links":{"self":[{"href":"https:\/\/amerplast.com\/fi\/wp-json\/wp\/v2\/pages\/7031","targetHints":{"allow":["GET"]}}],"collection":[{"href":"https:\/\/amerplast.com\/fi\/wp-json\/wp\/v2\/pages"}],"about":[{"href":"https:\/\/amerplast.com\/fi\/wp-json\/wp\/v2\/types\/page"}],"author":[{"embeddable":true,"href":"https:\/\/amerplast.com\/fi\/wp-json\/wp\/v2\/users\/7"}],"replies":[{"embeddable":true,"href":"https:\/\/amerplast.com\/fi\/wp-json\/wp\/v2\/comments?post=7031"}],"version-history":[{"count":7,"href":"https:\/\/amerplast.com\/fi\/wp-json\/wp\/v2\/pages\/7031\/revisions"}],"predecessor-version":[{"id":13438,"href":"https:\/\/amerplast.com\/fi\/wp-json\/wp\/v2\/pages\/7031\/revisions\/13438"}],"up":[{"embeddable":true,"href":"https:\/\/amerplast.com\/fi\/wp-json\/wp\/v2\/pages\/6991"}],"wp:featuredmedia":[{"embeddable":true,"href":"https:\/\/amerplast.com\/fi\/wp-json\/wp\/v2\/media\/2547"}],"wp:attachment":[{"href":"https:\/\/amerplast.com\/fi\/wp-json\/wp\/v2\/media?parent=7031"}],"curies":[{"name":"wp","href":"https:\/\/api.w.org\/{rel}","templated":true}]}}