{"id":6917,"date":"2018-11-20T15:03:09","date_gmt":"2018-11-20T13:03:09","guid":{"rendered":"https:\/\/amerplast.com\/amerplast-yrityksena\/contact-us\/"},"modified":"2024-02-22T16:09:11","modified_gmt":"2024-02-22T14:09:11","slug":"yhteystiedot","status":"publish","type":"page","link":"https:\/\/amerplast.com\/fi\/amerplast-yrityksena\/yhteystiedot\/","title":{"rendered":"Yhteystiedot"},"content":{"rendered":"","protected":false},"excerpt":{"rendered":"","protected":false},"author":7,"featured_media":0,"parent":6895,"menu_order":0,"comment_status":"closed","ping_status":"closed","template":"","meta":{"_acf_changed":false,"footnotes":""},"class_list":["post-6917","page","type-page","status-publish","hentry"],"acf":[],"yoast_head":"<!-- This site is optimized with the Yoast SEO plugin v27.4 - https:\/\/yoast.com\/product\/yoast-seo-wordpress\/ -->\n<title>Yhteystiedot \u2013 Yhteytesi joustopakkausten asiantuntijoihin<\/title>\n<meta name=\"description\" content=\"Kun haet kilpailuetua, tehokkuutta pakkauslinjoille tai ymp\u00e4rist\u00f6yst\u00e4v\u00e4llisi\u00e4 joustopakkauksia, ota yhteytt\u00e4 asiantuntijoihimme.\" \/>\n<meta name=\"robots\" content=\"index, follow, max-snippet:-1, max-image-preview:large, max-video-preview:-1\" \/>\n<link rel=\"canonical\" href=\"https:\/\/amerplast.com\/fi\/amerplast-yrityksena\/yhteystiedot\/\" \/>\n<meta property=\"og:locale\" content=\"fi_FI\" \/>\n<meta property=\"og:type\" content=\"article\" \/>\n<meta property=\"og:title\" content=\"Yhteystiedot \u2013 Yhteytesi joustopakkausten asiantuntijoihin\" \/>\n<meta property=\"og:description\" content=\"Kun haet kilpailuetua, tehokkuutta pakkauslinjoille tai ymp\u00e4rist\u00f6yst\u00e4v\u00e4llisi\u00e4 joustopakkauksia, ota yhteytt\u00e4 asiantuntijoihimme.\" \/>\n<meta property=\"og:url\" content=\"https:\/\/amerplast.com\/fi\/amerplast-yrityksena\/yhteystiedot\/\" \/>\n<meta property=\"og:site_name\" content=\"Amerplast\" \/>\n<meta property=\"article:modified_time\" content=\"2024-02-22T14:09:11+00:00\" \/>\n<meta name=\"twitter:card\" content=\"summary_large_image\" \/>\n<meta name=\"twitter:site\" content=\"@amerplast\" \/>\n<meta name=\"twitter:label1\" content=\"Arvioitu lukuaika\" \/>\n\t<meta name=\"twitter:data1\" content=\"2 minuuttia\" \/>\n<script type=\"application\/ld+json\" class=\"yoast-schema-graph\">{\"@context\":\"https:\\\/\\\/schema.org\",\"@graph\":[{\"@type\":\"WebPage\",\"@id\":\"https:\\\/\\\/amerplast.com\\\/fi\\\/amerplast-yrityksena\\\/yhteystiedot\\\/\",\"url\":\"https:\\\/\\\/amerplast.com\\\/fi\\\/amerplast-yrityksena\\\/yhteystiedot\\\/\",\"name\":\"Yhteystiedot \u2013 Yhteytesi joustopakkausten asiantuntijoihin\",\"isPartOf\":{\"@id\":\"https:\\\/\\\/amerplast.com\\\/fi\\\/#website\"},\"datePublished\":\"2018-11-20T13:03:09+00:00\",\"dateModified\":\"2024-02-22T14:09:11+00:00\",\"description\":\"Kun haet kilpailuetua, tehokkuutta pakkauslinjoille tai ymp\u00e4rist\u00f6yst\u00e4v\u00e4llisi\u00e4 joustopakkauksia, ota yhteytt\u00e4 asiantuntijoihimme.\",\"breadcrumb\":{\"@id\":\"https:\\\/\\\/amerplast.com\\\/fi\\\/amerplast-yrityksena\\\/yhteystiedot\\\/#breadcrumb\"},\"inLanguage\":\"fi\",\"potentialAction\":[{\"@type\":\"ReadAction\",\"target\":[\"https:\\\/\\\/amerplast.com\\\/fi\\\/amerplast-yrityksena\\\/yhteystiedot\\\/\"]}]},{\"@type\":\"BreadcrumbList\",\"@id\":\"https:\\\/\\\/amerplast.com\\\/fi\\\/amerplast-yrityksena\\\/yhteystiedot\\\/#breadcrumb\",\"itemListElement\":[{\"@type\":\"ListItem\",\"position\":1,\"name\":\"Home\",\"item\":\"https:\\\/\\\/amerplast.com\\\/fi\\\/\"},{\"@type\":\"ListItem\",\"position\":2,\"name\":\"Amerplast yrityksen\u00e4\",\"item\":\"https:\\\/\\\/amerplast.com\\\/fi\\\/amerplast-yrityksena\\\/\"},{\"@type\":\"ListItem\",\"position\":3,\"name\":\"Yhteystiedot\"}]},{\"@type\":\"WebSite\",\"@id\":\"https:\\\/\\\/amerplast.com\\\/fi\\\/#website\",\"url\":\"https:\\\/\\\/amerplast.com\\\/fi\\\/\",\"name\":\"Amerplast\",\"description\":\"\",\"potentialAction\":[{\"@type\":\"SearchAction\",\"target\":{\"@type\":\"EntryPoint\",\"urlTemplate\":\"https:\\\/\\\/amerplast.com\\\/fi\\\/?s={search_term_string}\"},\"query-input\":{\"@type\":\"PropertyValueSpecification\",\"valueRequired\":true,\"valueName\":\"search_term_string\"}}],\"inLanguage\":\"fi\"}]}<\/script>\n<!-- \/ Yoast SEO plugin. -->","yoast_head_json":{"title":"Yhteystiedot \u2013 Yhteytesi joustopakkausten asiantuntijoihin","description":"Kun haet kilpailuetua, tehokkuutta pakkauslinjoille tai ymp\u00e4rist\u00f6yst\u00e4v\u00e4llisi\u00e4 joustopakkauksia, ota yhteytt\u00e4 asiantuntijoihimme.","robots":{"index":"index","follow":"follow","max-snippet":"max-snippet:-1","max-image-preview":"max-image-preview:large","max-video-preview":"max-video-preview:-1"},"canonical":"https:\/\/amerplast.com\/fi\/amerplast-yrityksena\/yhteystiedot\/","og_locale":"fi_FI","og_type":"article","og_title":"Yhteystiedot \u2013 Yhteytesi joustopakkausten asiantuntijoihin","og_description":"Kun haet kilpailuetua, tehokkuutta pakkauslinjoille tai ymp\u00e4rist\u00f6yst\u00e4v\u00e4llisi\u00e4 joustopakkauksia, ota yhteytt\u00e4 asiantuntijoihimme.","og_url":"https:\/\/amerplast.com\/fi\/amerplast-yrityksena\/yhteystiedot\/","og_site_name":"Amerplast","article_modified_time":"2024-02-22T14:09:11+00:00","twitter_card":"summary_large_image","twitter_site":"@amerplast","twitter_misc":{"Arvioitu lukuaika":"2 minuuttia"},"schema":{"@context":"https:\/\/schema.org","@graph":[{"@type":"WebPage","@id":"https:\/\/amerplast.com\/fi\/amerplast-yrityksena\/yhteystiedot\/","url":"https:\/\/amerplast.com\/fi\/amerplast-yrityksena\/yhteystiedot\/","name":"Yhteystiedot \u2013 Yhteytesi joustopakkausten asiantuntijoihin","isPartOf":{"@id":"https:\/\/amerplast.com\/fi\/#website"},"datePublished":"2018-11-20T13:03:09+00:00","dateModified":"2024-02-22T14:09:11+00:00","description":"Kun haet kilpailuetua, tehokkuutta pakkauslinjoille tai ymp\u00e4rist\u00f6yst\u00e4v\u00e4llisi\u00e4 joustopakkauksia, ota yhteytt\u00e4 asiantuntijoihimme.","breadcrumb":{"@id":"https:\/\/amerplast.com\/fi\/amerplast-yrityksena\/yhteystiedot\/#breadcrumb"},"inLanguage":"fi","potentialAction":[{"@type":"ReadAction","target":["https:\/\/amerplast.com\/fi\/amerplast-yrityksena\/yhteystiedot\/"]}]},{"@type":"BreadcrumbList","@id":"https:\/\/amerplast.com\/fi\/amerplast-yrityksena\/yhteystiedot\/#breadcrumb","itemListElement":[{"@type":"ListItem","position":1,"name":"Home","item":"https:\/\/amerplast.com\/fi\/"},{"@type":"ListItem","position":2,"name":"Amerplast yrityksen\u00e4","item":"https:\/\/amerplast.com\/fi\/amerplast-yrityksena\/"},{"@type":"ListItem","position":3,"name":"Yhteystiedot"}]},{"@type":"WebSite","@id":"https:\/\/amerplast.com\/fi\/#website","url":"https:\/\/amerplast.com\/fi\/","name":"Amerplast","description":"","potentialAction":[{"@type":"SearchAction","target":{"@type":"EntryPoint","urlTemplate":"https:\/\/amerplast.com\/fi\/?s={search_term_string}"},"query-input":{"@type":"PropertyValueSpecification","valueRequired":true,"valueName":"search_term_string"}}],"inLanguage":"fi"}]}},"_links":{"self":[{"href":"https:\/\/amerplast.com\/fi\/wp-json\/wp\/v2\/pages\/6917","targetHints":{"allow":["GET"]}}],"collection":[{"href":"https:\/\/amerplast.com\/fi\/wp-json\/wp\/v2\/pages"}],"about":[{"href":"https:\/\/amerplast.com\/fi\/wp-json\/wp\/v2\/types\/page"}],"author":[{"embeddable":true,"href":"https:\/\/amerplast.com\/fi\/wp-json\/wp\/v2\/users\/7"}],"replies":[{"embeddable":true,"href":"https:\/\/amerplast.com\/fi\/wp-json\/wp\/v2\/comments?post=6917"}],"version-history":[{"count":11,"href":"https:\/\/amerplast.com\/fi\/wp-json\/wp\/v2\/pages\/6917\/revisions"}],"predecessor-version":[{"id":33626,"href":"https:\/\/amerplast.com\/fi\/wp-json\/wp\/v2\/pages\/6917\/revisions\/33626"}],"up":[{"embeddable":true,"href":"https:\/\/amerplast.com\/fi\/wp-json\/wp\/v2\/pages\/6895"}],"wp:attachment":[{"href":"https:\/\/amerplast.com\/fi\/wp-json\/wp\/v2\/media?parent=6917"}],"curies":[{"name":"wp","href":"https:\/\/api.w.org\/{rel}","templated":true}]}}