{"id":6895,"date":"2018-11-13T15:29:28","date_gmt":"2018-11-13T13:29:28","guid":{"rendered":"https:\/\/amerplast.com\/company\/"},"modified":"2021-11-22T14:18:35","modified_gmt":"2021-11-22T12:18:35","slug":"amerplast-yrityksena","status":"publish","type":"page","link":"https:\/\/amerplast.com\/fi\/amerplast-yrityksena\/","title":{"rendered":"Amerplast yrityksen\u00e4"},"content":{"rendered":"","protected":false},"excerpt":{"rendered":"","protected":false},"author":7,"featured_media":1403,"parent":0,"menu_order":0,"comment_status":"closed","ping_status":"closed","template":"","meta":{"_acf_changed":false,"footnotes":""},"class_list":["post-6895","page","type-page","status-publish","has-post-thumbnail","hentry"],"acf":[],"yoast_head":"<!-- This site is optimized with the Yoast SEO plugin v27.4 - https:\/\/yoast.com\/product\/yoast-seo-wordpress\/ -->\n<title>Amerplast - eurooppalainen joustopakkauskumppani<\/title>\n<meta name=\"description\" content=\"Amerplast on eurooppalainen joustopakkauskumppani, joka kasvaa yhdess\u00e4 asiakkaidensa kanssa ja luo kest\u00e4v\u00e4\u00e4 muovipakkausten tulevaisuutta.\" \/>\n<meta name=\"robots\" content=\"index, follow, max-snippet:-1, max-image-preview:large, max-video-preview:-1\" \/>\n<link rel=\"canonical\" href=\"https:\/\/amerplast.com\/fi\/amerplast-yrityksena\/\" \/>\n<meta property=\"og:locale\" content=\"fi_FI\" \/>\n<meta property=\"og:type\" content=\"article\" \/>\n<meta property=\"og:title\" content=\"Amerplast - eurooppalainen joustopakkauskumppani\" \/>\n<meta property=\"og:description\" content=\"Amerplast on eurooppalainen joustopakkauskumppani, joka kasvaa yhdess\u00e4 asiakkaidensa kanssa ja luo kest\u00e4v\u00e4\u00e4 muovipakkausten tulevaisuutta.\" \/>\n<meta property=\"og:url\" content=\"https:\/\/amerplast.com\/fi\/amerplast-yrityksena\/\" \/>\n<meta property=\"og:site_name\" content=\"Amerplast\" \/>\n<meta property=\"article:modified_time\" content=\"2021-11-22T12:18:35+00:00\" \/>\n<meta property=\"og:image\" content=\"https:\/\/amerplast.com\/wp-content\/uploads\/2019\/01\/earth-01-1-1024x771.jpg\" \/>\n\t<meta property=\"og:image:width\" content=\"1024\" \/>\n\t<meta property=\"og:image:height\" content=\"771\" \/>\n\t<meta property=\"og:image:type\" content=\"image\/jpeg\" \/>\n<meta name=\"twitter:card\" content=\"summary_large_image\" \/>\n<meta name=\"twitter:site\" content=\"@amerplast\" \/>\n<script type=\"application\/ld+json\" class=\"yoast-schema-graph\">{\"@context\":\"https:\\\/\\\/schema.org\",\"@graph\":[{\"@type\":\"WebPage\",\"@id\":\"https:\\\/\\\/amerplast.com\\\/fi\\\/amerplast-yrityksena\\\/\",\"url\":\"https:\\\/\\\/amerplast.com\\\/fi\\\/amerplast-yrityksena\\\/\",\"name\":\"Amerplast - eurooppalainen joustopakkauskumppani\",\"isPartOf\":{\"@id\":\"https:\\\/\\\/amerplast.com\\\/fi\\\/#website\"},\"primaryImageOfPage\":{\"@id\":\"https:\\\/\\\/amerplast.com\\\/fi\\\/amerplast-yrityksena\\\/#primaryimage\"},\"image\":{\"@id\":\"https:\\\/\\\/amerplast.com\\\/fi\\\/amerplast-yrityksena\\\/#primaryimage\"},\"thumbnailUrl\":\"https:\\\/\\\/amerplast.com\\\/wp-content\\\/uploads\\\/2019\\\/01\\\/earth-01-1.jpg\",\"datePublished\":\"2018-11-13T13:29:28+00:00\",\"dateModified\":\"2021-11-22T12:18:35+00:00\",\"description\":\"Amerplast on eurooppalainen joustopakkauskumppani, joka kasvaa yhdess\u00e4 asiakkaidensa kanssa ja luo kest\u00e4v\u00e4\u00e4 muovipakkausten tulevaisuutta.\",\"breadcrumb\":{\"@id\":\"https:\\\/\\\/amerplast.com\\\/fi\\\/amerplast-yrityksena\\\/#breadcrumb\"},\"inLanguage\":\"fi\",\"potentialAction\":[{\"@type\":\"ReadAction\",\"target\":[\"https:\\\/\\\/amerplast.com\\\/fi\\\/amerplast-yrityksena\\\/\"]}]},{\"@type\":\"ImageObject\",\"inLanguage\":\"fi\",\"@id\":\"https:\\\/\\\/amerplast.com\\\/fi\\\/amerplast-yrityksena\\\/#primaryimage\",\"url\":\"https:\\\/\\\/amerplast.com\\\/wp-content\\\/uploads\\\/2019\\\/01\\\/earth-01-1.jpg\",\"contentUrl\":\"https:\\\/\\\/amerplast.com\\\/wp-content\\\/uploads\\\/2019\\\/01\\\/earth-01-1.jpg\",\"width\":4167,\"height\":3136,\"caption\":\"Company\"},{\"@type\":\"BreadcrumbList\",\"@id\":\"https:\\\/\\\/amerplast.com\\\/fi\\\/amerplast-yrityksena\\\/#breadcrumb\",\"itemListElement\":[{\"@type\":\"ListItem\",\"position\":1,\"name\":\"Home\",\"item\":\"https:\\\/\\\/amerplast.com\\\/fi\\\/\"},{\"@type\":\"ListItem\",\"position\":2,\"name\":\"Amerplast yrityksen\u00e4\"}]},{\"@type\":\"WebSite\",\"@id\":\"https:\\\/\\\/amerplast.com\\\/fi\\\/#website\",\"url\":\"https:\\\/\\\/amerplast.com\\\/fi\\\/\",\"name\":\"Amerplast\",\"description\":\"\",\"potentialAction\":[{\"@type\":\"SearchAction\",\"target\":{\"@type\":\"EntryPoint\",\"urlTemplate\":\"https:\\\/\\\/amerplast.com\\\/fi\\\/?s={search_term_string}\"},\"query-input\":{\"@type\":\"PropertyValueSpecification\",\"valueRequired\":true,\"valueName\":\"search_term_string\"}}],\"inLanguage\":\"fi\"}]}<\/script>\n<!-- \/ Yoast SEO plugin. -->","yoast_head_json":{"title":"Amerplast - eurooppalainen joustopakkauskumppani","description":"Amerplast on eurooppalainen joustopakkauskumppani, joka kasvaa yhdess\u00e4 asiakkaidensa kanssa ja luo kest\u00e4v\u00e4\u00e4 muovipakkausten tulevaisuutta.","robots":{"index":"index","follow":"follow","max-snippet":"max-snippet:-1","max-image-preview":"max-image-preview:large","max-video-preview":"max-video-preview:-1"},"canonical":"https:\/\/amerplast.com\/fi\/amerplast-yrityksena\/","og_locale":"fi_FI","og_type":"article","og_title":"Amerplast - eurooppalainen joustopakkauskumppani","og_description":"Amerplast on eurooppalainen joustopakkauskumppani, joka kasvaa yhdess\u00e4 asiakkaidensa kanssa ja luo kest\u00e4v\u00e4\u00e4 muovipakkausten tulevaisuutta.","og_url":"https:\/\/amerplast.com\/fi\/amerplast-yrityksena\/","og_site_name":"Amerplast","article_modified_time":"2021-11-22T12:18:35+00:00","og_image":[{"width":1024,"height":771,"url":"https:\/\/amerplast.com\/wp-content\/uploads\/2019\/01\/earth-01-1-1024x771.jpg","type":"image\/jpeg"}],"twitter_card":"summary_large_image","twitter_site":"@amerplast","schema":{"@context":"https:\/\/schema.org","@graph":[{"@type":"WebPage","@id":"https:\/\/amerplast.com\/fi\/amerplast-yrityksena\/","url":"https:\/\/amerplast.com\/fi\/amerplast-yrityksena\/","name":"Amerplast - eurooppalainen joustopakkauskumppani","isPartOf":{"@id":"https:\/\/amerplast.com\/fi\/#website"},"primaryImageOfPage":{"@id":"https:\/\/amerplast.com\/fi\/amerplast-yrityksena\/#primaryimage"},"image":{"@id":"https:\/\/amerplast.com\/fi\/amerplast-yrityksena\/#primaryimage"},"thumbnailUrl":"https:\/\/amerplast.com\/wp-content\/uploads\/2019\/01\/earth-01-1.jpg","datePublished":"2018-11-13T13:29:28+00:00","dateModified":"2021-11-22T12:18:35+00:00","description":"Amerplast on eurooppalainen joustopakkauskumppani, joka kasvaa yhdess\u00e4 asiakkaidensa kanssa ja luo kest\u00e4v\u00e4\u00e4 muovipakkausten tulevaisuutta.","breadcrumb":{"@id":"https:\/\/amerplast.com\/fi\/amerplast-yrityksena\/#breadcrumb"},"inLanguage":"fi","potentialAction":[{"@type":"ReadAction","target":["https:\/\/amerplast.com\/fi\/amerplast-yrityksena\/"]}]},{"@type":"ImageObject","inLanguage":"fi","@id":"https:\/\/amerplast.com\/fi\/amerplast-yrityksena\/#primaryimage","url":"https:\/\/amerplast.com\/wp-content\/uploads\/2019\/01\/earth-01-1.jpg","contentUrl":"https:\/\/amerplast.com\/wp-content\/uploads\/2019\/01\/earth-01-1.jpg","width":4167,"height":3136,"caption":"Company"},{"@type":"BreadcrumbList","@id":"https:\/\/amerplast.com\/fi\/amerplast-yrityksena\/#breadcrumb","itemListElement":[{"@type":"ListItem","position":1,"name":"Home","item":"https:\/\/amerplast.com\/fi\/"},{"@type":"ListItem","position":2,"name":"Amerplast yrityksen\u00e4"}]},{"@type":"WebSite","@id":"https:\/\/amerplast.com\/fi\/#website","url":"https:\/\/amerplast.com\/fi\/","name":"Amerplast","description":"","potentialAction":[{"@type":"SearchAction","target":{"@type":"EntryPoint","urlTemplate":"https:\/\/amerplast.com\/fi\/?s={search_term_string}"},"query-input":{"@type":"PropertyValueSpecification","valueRequired":true,"valueName":"search_term_string"}}],"inLanguage":"fi"}]}},"_links":{"self":[{"href":"https:\/\/amerplast.com\/fi\/wp-json\/wp\/v2\/pages\/6895","targetHints":{"allow":["GET"]}}],"collection":[{"href":"https:\/\/amerplast.com\/fi\/wp-json\/wp\/v2\/pages"}],"about":[{"href":"https:\/\/amerplast.com\/fi\/wp-json\/wp\/v2\/types\/page"}],"author":[{"embeddable":true,"href":"https:\/\/amerplast.com\/fi\/wp-json\/wp\/v2\/users\/7"}],"replies":[{"embeddable":true,"href":"https:\/\/amerplast.com\/fi\/wp-json\/wp\/v2\/comments?post=6895"}],"version-history":[{"count":9,"href":"https:\/\/amerplast.com\/fi\/wp-json\/wp\/v2\/pages\/6895\/revisions"}],"predecessor-version":[{"id":11958,"href":"https:\/\/amerplast.com\/fi\/wp-json\/wp\/v2\/pages\/6895\/revisions\/11958"}],"wp:featuredmedia":[{"embeddable":true,"href":"https:\/\/amerplast.com\/fi\/wp-json\/wp\/v2\/media\/1403"}],"wp:attachment":[{"href":"https:\/\/amerplast.com\/fi\/wp-json\/wp\/v2\/media?parent=6895"}],"curies":[{"name":"wp","href":"https:\/\/api.w.org\/{rel}","templated":true}]}}