{"id":6805,"date":"2019-08-30T13:54:06","date_gmt":"2019-08-30T10:54:06","guid":{"rendered":"https:\/\/amerplast.com\/application-thank-you\/"},"modified":"2019-12-09T15:04:47","modified_gmt":"2019-12-09T13:04:47","slug":"kiitos-hakemuksestasi","status":"publish","type":"page","link":"https:\/\/amerplast.com\/fi\/kiitos-hakemuksestasi\/","title":{"rendered":"Kiitos hakemuksestasi"},"content":{"rendered":"","protected":false},"excerpt":{"rendered":"","protected":false},"author":7,"featured_media":0,"parent":0,"menu_order":0,"comment_status":"closed","ping_status":"closed","template":"","meta":{"_acf_changed":false,"footnotes":""},"class_list":["post-6805","page","type-page","status-publish","hentry"],"acf":[],"yoast_head":"<!-- This site is optimized with the Yoast SEO plugin v27.5 - https:\/\/yoast.com\/product\/yoast-seo-wordpress\/ -->\n<title>Kiitos hakemuksestasi - Amerplast<\/title>\n<meta name=\"description\" content=\"Hakemuksesi on vastaanotettu ja se k\u00e4sitell\u00e4\u00e4n rekrytointiprosessimme mukaisesti.\" \/>\n<meta name=\"robots\" content=\"index, follow, max-snippet:-1, max-image-preview:large, max-video-preview:-1\" \/>\n<link rel=\"canonical\" href=\"https:\/\/amerplast.com\/fi\/kiitos-hakemuksestasi\/\" \/>\n<meta property=\"og:locale\" content=\"fi_FI\" \/>\n<meta property=\"og:type\" content=\"article\" \/>\n<meta property=\"og:title\" content=\"Kiitos hakemuksestasi - Amerplast\" \/>\n<meta property=\"og:description\" content=\"Hakemuksesi on vastaanotettu ja se k\u00e4sitell\u00e4\u00e4n rekrytointiprosessimme mukaisesti.\" \/>\n<meta property=\"og:url\" content=\"https:\/\/amerplast.com\/fi\/kiitos-hakemuksestasi\/\" \/>\n<meta property=\"og:site_name\" content=\"Amerplast\" \/>\n<meta property=\"article:modified_time\" content=\"2019-12-09T13:04:47+00:00\" \/>\n<meta name=\"twitter:card\" content=\"summary_large_image\" \/>\n<meta name=\"twitter:site\" content=\"@amerplast\" \/>\n<script type=\"application\/ld+json\" class=\"yoast-schema-graph\">{\"@context\":\"https:\\\/\\\/schema.org\",\"@graph\":[{\"@type\":\"WebPage\",\"@id\":\"https:\\\/\\\/amerplast.com\\\/fi\\\/kiitos-hakemuksestasi\\\/\",\"url\":\"https:\\\/\\\/amerplast.com\\\/fi\\\/kiitos-hakemuksestasi\\\/\",\"name\":\"Kiitos hakemuksestasi - Amerplast\",\"isPartOf\":{\"@id\":\"https:\\\/\\\/amerplast.com\\\/fi\\\/#website\"},\"datePublished\":\"2019-08-30T10:54:06+00:00\",\"dateModified\":\"2019-12-09T13:04:47+00:00\",\"description\":\"Hakemuksesi on vastaanotettu ja se k\u00e4sitell\u00e4\u00e4n rekrytointiprosessimme mukaisesti.\",\"breadcrumb\":{\"@id\":\"https:\\\/\\\/amerplast.com\\\/fi\\\/kiitos-hakemuksestasi\\\/#breadcrumb\"},\"inLanguage\":\"fi\",\"potentialAction\":[{\"@type\":\"ReadAction\",\"target\":[\"https:\\\/\\\/amerplast.com\\\/fi\\\/kiitos-hakemuksestasi\\\/\"]}]},{\"@type\":\"BreadcrumbList\",\"@id\":\"https:\\\/\\\/amerplast.com\\\/fi\\\/kiitos-hakemuksestasi\\\/#breadcrumb\",\"itemListElement\":[{\"@type\":\"ListItem\",\"position\":1,\"name\":\"Home\",\"item\":\"https:\\\/\\\/amerplast.com\\\/fi\\\/\"},{\"@type\":\"ListItem\",\"position\":2,\"name\":\"Kiitos hakemuksestasi\"}]},{\"@type\":\"WebSite\",\"@id\":\"https:\\\/\\\/amerplast.com\\\/fi\\\/#website\",\"url\":\"https:\\\/\\\/amerplast.com\\\/fi\\\/\",\"name\":\"Amerplast\",\"description\":\"\",\"potentialAction\":[{\"@type\":\"SearchAction\",\"target\":{\"@type\":\"EntryPoint\",\"urlTemplate\":\"https:\\\/\\\/amerplast.com\\\/fi\\\/?s={search_term_string}\"},\"query-input\":{\"@type\":\"PropertyValueSpecification\",\"valueRequired\":true,\"valueName\":\"search_term_string\"}}],\"inLanguage\":\"fi\"}]}<\/script>\n<!-- \/ Yoast SEO plugin. -->","yoast_head_json":{"title":"Kiitos hakemuksestasi - Amerplast","description":"Hakemuksesi on vastaanotettu ja se k\u00e4sitell\u00e4\u00e4n rekrytointiprosessimme mukaisesti.","robots":{"index":"index","follow":"follow","max-snippet":"max-snippet:-1","max-image-preview":"max-image-preview:large","max-video-preview":"max-video-preview:-1"},"canonical":"https:\/\/amerplast.com\/fi\/kiitos-hakemuksestasi\/","og_locale":"fi_FI","og_type":"article","og_title":"Kiitos hakemuksestasi - Amerplast","og_description":"Hakemuksesi on vastaanotettu ja se k\u00e4sitell\u00e4\u00e4n rekrytointiprosessimme mukaisesti.","og_url":"https:\/\/amerplast.com\/fi\/kiitos-hakemuksestasi\/","og_site_name":"Amerplast","article_modified_time":"2019-12-09T13:04:47+00:00","twitter_card":"summary_large_image","twitter_site":"@amerplast","schema":{"@context":"https:\/\/schema.org","@graph":[{"@type":"WebPage","@id":"https:\/\/amerplast.com\/fi\/kiitos-hakemuksestasi\/","url":"https:\/\/amerplast.com\/fi\/kiitos-hakemuksestasi\/","name":"Kiitos hakemuksestasi - Amerplast","isPartOf":{"@id":"https:\/\/amerplast.com\/fi\/#website"},"datePublished":"2019-08-30T10:54:06+00:00","dateModified":"2019-12-09T13:04:47+00:00","description":"Hakemuksesi on vastaanotettu ja se k\u00e4sitell\u00e4\u00e4n rekrytointiprosessimme mukaisesti.","breadcrumb":{"@id":"https:\/\/amerplast.com\/fi\/kiitos-hakemuksestasi\/#breadcrumb"},"inLanguage":"fi","potentialAction":[{"@type":"ReadAction","target":["https:\/\/amerplast.com\/fi\/kiitos-hakemuksestasi\/"]}]},{"@type":"BreadcrumbList","@id":"https:\/\/amerplast.com\/fi\/kiitos-hakemuksestasi\/#breadcrumb","itemListElement":[{"@type":"ListItem","position":1,"name":"Home","item":"https:\/\/amerplast.com\/fi\/"},{"@type":"ListItem","position":2,"name":"Kiitos hakemuksestasi"}]},{"@type":"WebSite","@id":"https:\/\/amerplast.com\/fi\/#website","url":"https:\/\/amerplast.com\/fi\/","name":"Amerplast","description":"","potentialAction":[{"@type":"SearchAction","target":{"@type":"EntryPoint","urlTemplate":"https:\/\/amerplast.com\/fi\/?s={search_term_string}"},"query-input":{"@type":"PropertyValueSpecification","valueRequired":true,"valueName":"search_term_string"}}],"inLanguage":"fi"}]}},"_links":{"self":[{"href":"https:\/\/amerplast.com\/fi\/wp-json\/wp\/v2\/pages\/6805","targetHints":{"allow":["GET"]}}],"collection":[{"href":"https:\/\/amerplast.com\/fi\/wp-json\/wp\/v2\/pages"}],"about":[{"href":"https:\/\/amerplast.com\/fi\/wp-json\/wp\/v2\/types\/page"}],"author":[{"embeddable":true,"href":"https:\/\/amerplast.com\/fi\/wp-json\/wp\/v2\/users\/7"}],"replies":[{"embeddable":true,"href":"https:\/\/amerplast.com\/fi\/wp-json\/wp\/v2\/comments?post=6805"}],"version-history":[{"count":2,"href":"https:\/\/amerplast.com\/fi\/wp-json\/wp\/v2\/pages\/6805\/revisions"}],"predecessor-version":[{"id":10667,"href":"https:\/\/amerplast.com\/fi\/wp-json\/wp\/v2\/pages\/6805\/revisions\/10667"}],"wp:attachment":[{"href":"https:\/\/amerplast.com\/fi\/wp-json\/wp\/v2\/media?parent=6805"}],"curies":[{"name":"wp","href":"https:\/\/api.w.org\/{rel}","templated":true}]}}