{"id":11658,"date":"2021-05-21T14:32:51","date_gmt":"2021-05-21T11:32:51","guid":{"rendered":"https:\/\/amerplast.com\/sustainability\/"},"modified":"2021-09-15T13:03:42","modified_gmt":"2021-09-15T10:03:42","slug":"yritysvastuu","status":"publish","type":"page","link":"https:\/\/amerplast.com\/fi\/yritysvastuu\/","title":{"rendered":"Yritysvastuu"},"content":{"rendered":"","protected":false},"excerpt":{"rendered":"","protected":false},"author":7,"featured_media":11390,"parent":0,"menu_order":0,"comment_status":"closed","ping_status":"closed","template":"","meta":{"_acf_changed":false,"footnotes":""},"class_list":["post-11658","page","type-page","status-publish","has-post-thumbnail","hentry"],"acf":[],"yoast_head":"<!-- This site is optimized with the Yoast SEO plugin v27.2 - https:\/\/yoast.com\/product\/yoast-seo-wordpress\/ -->\n<title>Amerplastin vastuullisuusstrategia \u2013 kohti joustopakkausten kiertotaloutta<\/title>\n<meta name=\"description\" content=\"Amerplastilla on t\u00e4rke\u00e4 rooli suunnann\u00e4ytt\u00e4j\u00e4 joustopakkausteollisuuden muutoksessa ymp\u00e4rist\u00f6n kannalta kest\u00e4v\u00e4mm\u00e4ksi liiketoiminnaksi.\" \/>\n<meta name=\"robots\" content=\"index, follow, max-snippet:-1, max-image-preview:large, max-video-preview:-1\" \/>\n<link rel=\"canonical\" href=\"https:\/\/amerplast.com\/fi\/yritysvastuu\/\" \/>\n<meta property=\"og:locale\" content=\"fi_FI\" \/>\n<meta property=\"og:type\" content=\"article\" \/>\n<meta property=\"og:title\" content=\"Amerplastin vastuullisuusstrategia \u2013 kohti joustopakkausten kiertotaloutta\" \/>\n<meta property=\"og:description\" content=\"Amerplastilla on t\u00e4rke\u00e4 rooli suunnann\u00e4ytt\u00e4j\u00e4 joustopakkausteollisuuden muutoksessa ymp\u00e4rist\u00f6n kannalta kest\u00e4v\u00e4mm\u00e4ksi liiketoiminnaksi.\" \/>\n<meta property=\"og:url\" content=\"https:\/\/amerplast.com\/fi\/yritysvastuu\/\" \/>\n<meta property=\"og:site_name\" content=\"Amerplast\" \/>\n<meta property=\"article:modified_time\" content=\"2021-09-15T10:03:42+00:00\" \/>\n<meta property=\"og:image\" content=\"https:\/\/amerplast.com\/wp-content\/uploads\/2021\/05\/Amerplast-sust_paakuva2-1024x347.png\" \/>\n\t<meta property=\"og:image:width\" content=\"1024\" \/>\n\t<meta property=\"og:image:height\" content=\"347\" \/>\n\t<meta property=\"og:image:type\" content=\"image\/png\" \/>\n<meta name=\"twitter:card\" content=\"summary_large_image\" \/>\n<meta name=\"twitter:site\" content=\"@amerplast\" \/>\n<script type=\"application\/ld+json\" class=\"yoast-schema-graph\">{\"@context\":\"https:\/\/schema.org\",\"@graph\":[{\"@type\":\"WebPage\",\"@id\":\"https:\/\/amerplast.com\/fi\/yritysvastuu\/\",\"url\":\"https:\/\/amerplast.com\/fi\/yritysvastuu\/\",\"name\":\"Amerplastin vastuullisuusstrategia \u2013 kohti joustopakkausten kiertotaloutta\",\"isPartOf\":{\"@id\":\"https:\/\/amerplast.com\/fi\/#website\"},\"primaryImageOfPage\":{\"@id\":\"https:\/\/amerplast.com\/fi\/yritysvastuu\/#primaryimage\"},\"image\":{\"@id\":\"https:\/\/amerplast.com\/fi\/yritysvastuu\/#primaryimage\"},\"thumbnailUrl\":\"https:\/\/amerplast.com\/wp-content\/uploads\/2021\/05\/Amerplast-sust_paakuva2.png\",\"datePublished\":\"2021-05-21T11:32:51+00:00\",\"dateModified\":\"2021-09-15T10:03:42+00:00\",\"description\":\"Amerplastilla on t\u00e4rke\u00e4 rooli suunnann\u00e4ytt\u00e4j\u00e4 joustopakkausteollisuuden muutoksessa ymp\u00e4rist\u00f6n kannalta kest\u00e4v\u00e4mm\u00e4ksi liiketoiminnaksi.\",\"breadcrumb\":{\"@id\":\"https:\/\/amerplast.com\/fi\/yritysvastuu\/#breadcrumb\"},\"inLanguage\":\"fi\",\"potentialAction\":[{\"@type\":\"ReadAction\",\"target\":[\"https:\/\/amerplast.com\/fi\/yritysvastuu\/\"]}]},{\"@type\":\"ImageObject\",\"inLanguage\":\"fi\",\"@id\":\"https:\/\/amerplast.com\/fi\/yritysvastuu\/#primaryimage\",\"url\":\"https:\/\/amerplast.com\/wp-content\/uploads\/2021\/05\/Amerplast-sust_paakuva2.png\",\"contentUrl\":\"https:\/\/amerplast.com\/wp-content\/uploads\/2021\/05\/Amerplast-sust_paakuva2.png\",\"width\":1920,\"height\":650},{\"@type\":\"BreadcrumbList\",\"@id\":\"https:\/\/amerplast.com\/fi\/yritysvastuu\/#breadcrumb\",\"itemListElement\":[{\"@type\":\"ListItem\",\"position\":1,\"name\":\"Home\",\"item\":\"https:\/\/amerplast.com\/fi\/\"},{\"@type\":\"ListItem\",\"position\":2,\"name\":\"Yritysvastuu\"}]},{\"@type\":\"WebSite\",\"@id\":\"https:\/\/amerplast.com\/fi\/#website\",\"url\":\"https:\/\/amerplast.com\/fi\/\",\"name\":\"Amerplast\",\"description\":\"\",\"potentialAction\":[{\"@type\":\"SearchAction\",\"target\":{\"@type\":\"EntryPoint\",\"urlTemplate\":\"https:\/\/amerplast.com\/fi\/?s={search_term_string}\"},\"query-input\":{\"@type\":\"PropertyValueSpecification\",\"valueRequired\":true,\"valueName\":\"search_term_string\"}}],\"inLanguage\":\"fi\"}]}<\/script>\n<!-- \/ Yoast SEO plugin. -->","yoast_head_json":{"title":"Amerplastin vastuullisuusstrategia \u2013 kohti joustopakkausten kiertotaloutta","description":"Amerplastilla on t\u00e4rke\u00e4 rooli suunnann\u00e4ytt\u00e4j\u00e4 joustopakkausteollisuuden muutoksessa ymp\u00e4rist\u00f6n kannalta kest\u00e4v\u00e4mm\u00e4ksi liiketoiminnaksi.","robots":{"index":"index","follow":"follow","max-snippet":"max-snippet:-1","max-image-preview":"max-image-preview:large","max-video-preview":"max-video-preview:-1"},"canonical":"https:\/\/amerplast.com\/fi\/yritysvastuu\/","og_locale":"fi_FI","og_type":"article","og_title":"Amerplastin vastuullisuusstrategia \u2013 kohti joustopakkausten kiertotaloutta","og_description":"Amerplastilla on t\u00e4rke\u00e4 rooli suunnann\u00e4ytt\u00e4j\u00e4 joustopakkausteollisuuden muutoksessa ymp\u00e4rist\u00f6n kannalta kest\u00e4v\u00e4mm\u00e4ksi liiketoiminnaksi.","og_url":"https:\/\/amerplast.com\/fi\/yritysvastuu\/","og_site_name":"Amerplast","article_modified_time":"2021-09-15T10:03:42+00:00","og_image":[{"width":1024,"height":347,"url":"https:\/\/amerplast.com\/wp-content\/uploads\/2021\/05\/Amerplast-sust_paakuva2-1024x347.png","type":"image\/png"}],"twitter_card":"summary_large_image","twitter_site":"@amerplast","schema":{"@context":"https:\/\/schema.org","@graph":[{"@type":"WebPage","@id":"https:\/\/amerplast.com\/fi\/yritysvastuu\/","url":"https:\/\/amerplast.com\/fi\/yritysvastuu\/","name":"Amerplastin vastuullisuusstrategia \u2013 kohti joustopakkausten kiertotaloutta","isPartOf":{"@id":"https:\/\/amerplast.com\/fi\/#website"},"primaryImageOfPage":{"@id":"https:\/\/amerplast.com\/fi\/yritysvastuu\/#primaryimage"},"image":{"@id":"https:\/\/amerplast.com\/fi\/yritysvastuu\/#primaryimage"},"thumbnailUrl":"https:\/\/amerplast.com\/wp-content\/uploads\/2021\/05\/Amerplast-sust_paakuva2.png","datePublished":"2021-05-21T11:32:51+00:00","dateModified":"2021-09-15T10:03:42+00:00","description":"Amerplastilla on t\u00e4rke\u00e4 rooli suunnann\u00e4ytt\u00e4j\u00e4 joustopakkausteollisuuden muutoksessa ymp\u00e4rist\u00f6n kannalta kest\u00e4v\u00e4mm\u00e4ksi liiketoiminnaksi.","breadcrumb":{"@id":"https:\/\/amerplast.com\/fi\/yritysvastuu\/#breadcrumb"},"inLanguage":"fi","potentialAction":[{"@type":"ReadAction","target":["https:\/\/amerplast.com\/fi\/yritysvastuu\/"]}]},{"@type":"ImageObject","inLanguage":"fi","@id":"https:\/\/amerplast.com\/fi\/yritysvastuu\/#primaryimage","url":"https:\/\/amerplast.com\/wp-content\/uploads\/2021\/05\/Amerplast-sust_paakuva2.png","contentUrl":"https:\/\/amerplast.com\/wp-content\/uploads\/2021\/05\/Amerplast-sust_paakuva2.png","width":1920,"height":650},{"@type":"BreadcrumbList","@id":"https:\/\/amerplast.com\/fi\/yritysvastuu\/#breadcrumb","itemListElement":[{"@type":"ListItem","position":1,"name":"Home","item":"https:\/\/amerplast.com\/fi\/"},{"@type":"ListItem","position":2,"name":"Yritysvastuu"}]},{"@type":"WebSite","@id":"https:\/\/amerplast.com\/fi\/#website","url":"https:\/\/amerplast.com\/fi\/","name":"Amerplast","description":"","potentialAction":[{"@type":"SearchAction","target":{"@type":"EntryPoint","urlTemplate":"https:\/\/amerplast.com\/fi\/?s={search_term_string}"},"query-input":{"@type":"PropertyValueSpecification","valueRequired":true,"valueName":"search_term_string"}}],"inLanguage":"fi"}]}},"_links":{"self":[{"href":"https:\/\/amerplast.com\/fi\/wp-json\/wp\/v2\/pages\/11658","targetHints":{"allow":["GET"]}}],"collection":[{"href":"https:\/\/amerplast.com\/fi\/wp-json\/wp\/v2\/pages"}],"about":[{"href":"https:\/\/amerplast.com\/fi\/wp-json\/wp\/v2\/types\/page"}],"author":[{"embeddable":true,"href":"https:\/\/amerplast.com\/fi\/wp-json\/wp\/v2\/users\/7"}],"replies":[{"embeddable":true,"href":"https:\/\/amerplast.com\/fi\/wp-json\/wp\/v2\/comments?post=11658"}],"version-history":[{"count":3,"href":"https:\/\/amerplast.com\/fi\/wp-json\/wp\/v2\/pages\/11658\/revisions"}],"predecessor-version":[{"id":11693,"href":"https:\/\/amerplast.com\/fi\/wp-json\/wp\/v2\/pages\/11658\/revisions\/11693"}],"wp:featuredmedia":[{"embeddable":true,"href":"https:\/\/amerplast.com\/fi\/wp-json\/wp\/v2\/media\/11390"}],"wp:attachment":[{"href":"https:\/\/amerplast.com\/fi\/wp-json\/wp\/v2\/media?parent=11658"}],"curies":[{"name":"wp","href":"https:\/\/api.w.org\/{rel}","templated":true}]}}