{"id":11650,"date":"2021-06-02T10:32:56","date_gmt":"2021-06-02T07:32:56","guid":{"rendered":"https:\/\/amerplast.com\/sustainable-operations\/"},"modified":"2024-02-29T10:05:32","modified_gmt":"2024-02-29T08:05:32","slug":"vastuulliset-toiminnot","status":"publish","type":"page","link":"https:\/\/amerplast.com\/fi\/yritysvastuu\/vastuulliset-toiminnot\/","title":{"rendered":"Vastuulliset toiminnot"},"content":{"rendered":"","protected":false},"excerpt":{"rendered":"","protected":false},"author":7,"featured_media":11399,"parent":11658,"menu_order":0,"comment_status":"closed","ping_status":"closed","template":"","meta":{"_acf_changed":false,"footnotes":""},"class_list":["post-11650","page","type-page","status-publish","has-post-thumbnail","hentry"],"acf":[],"yoast_head":"<!-- This site is optimized with the Yoast SEO plugin v27.4 - https:\/\/yoast.com\/product\/yoast-seo-wordpress\/ -->\n<title>Amerplastin vastuulliset toiminnot<\/title>\n<meta name=\"description\" content=\"Toimintamme vastuullisuus rakentuu kolmen tukijalan varaan: kiertotalous, kasvihuonekaasup\u00e4\u00e4st\u00f6jen minimointi ja vastuullinen hankinta.\" \/>\n<meta name=\"robots\" content=\"index, follow, max-snippet:-1, max-image-preview:large, max-video-preview:-1\" \/>\n<link rel=\"canonical\" href=\"https:\/\/amerplast.com\/fi\/yritysvastuu\/vastuulliset-toiminnot\/\" \/>\n<meta property=\"og:locale\" content=\"fi_FI\" \/>\n<meta property=\"og:type\" content=\"article\" \/>\n<meta property=\"og:title\" content=\"Amerplastin vastuulliset toiminnot\" \/>\n<meta property=\"og:description\" content=\"Toimintamme vastuullisuus rakentuu kolmen tukijalan varaan: kiertotalous, kasvihuonekaasup\u00e4\u00e4st\u00f6jen minimointi ja vastuullinen hankinta.\" \/>\n<meta property=\"og:url\" content=\"https:\/\/amerplast.com\/fi\/yritysvastuu\/vastuulliset-toiminnot\/\" \/>\n<meta property=\"og:site_name\" content=\"Amerplast\" \/>\n<meta property=\"article:modified_time\" content=\"2024-02-29T08:05:32+00:00\" \/>\n<meta property=\"og:image\" content=\"https:\/\/amerplast.com\/wp-content\/uploads\/2021\/05\/Amerplast-sust_paakuva4.png\" \/>\n\t<meta property=\"og:image:width\" content=\"1920\" \/>\n\t<meta property=\"og:image:height\" content=\"650\" \/>\n\t<meta property=\"og:image:type\" content=\"image\/png\" \/>\n<meta name=\"twitter:card\" content=\"summary_large_image\" \/>\n<meta name=\"twitter:site\" content=\"@amerplast\" \/>\n<meta name=\"twitter:label1\" content=\"Arvioitu lukuaika\" \/>\n\t<meta name=\"twitter:data1\" content=\"2 minuuttia\" \/>\n<script type=\"application\/ld+json\" class=\"yoast-schema-graph\">{\"@context\":\"https:\\\/\\\/schema.org\",\"@graph\":[{\"@type\":\"WebPage\",\"@id\":\"https:\\\/\\\/amerplast.com\\\/fi\\\/yritysvastuu\\\/vastuulliset-toiminnot\\\/\",\"url\":\"https:\\\/\\\/amerplast.com\\\/fi\\\/yritysvastuu\\\/vastuulliset-toiminnot\\\/\",\"name\":\"Amerplastin vastuulliset toiminnot\",\"isPartOf\":{\"@id\":\"https:\\\/\\\/amerplast.com\\\/fi\\\/#website\"},\"primaryImageOfPage\":{\"@id\":\"https:\\\/\\\/amerplast.com\\\/fi\\\/yritysvastuu\\\/vastuulliset-toiminnot\\\/#primaryimage\"},\"image\":{\"@id\":\"https:\\\/\\\/amerplast.com\\\/fi\\\/yritysvastuu\\\/vastuulliset-toiminnot\\\/#primaryimage\"},\"thumbnailUrl\":\"https:\\\/\\\/amerplast.com\\\/wp-content\\\/uploads\\\/2021\\\/05\\\/Amerplast-sust_paakuva4.png\",\"datePublished\":\"2021-06-02T07:32:56+00:00\",\"dateModified\":\"2024-02-29T08:05:32+00:00\",\"description\":\"Toimintamme vastuullisuus rakentuu kolmen tukijalan varaan: kiertotalous, kasvihuonekaasup\u00e4\u00e4st\u00f6jen minimointi ja vastuullinen hankinta.\",\"breadcrumb\":{\"@id\":\"https:\\\/\\\/amerplast.com\\\/fi\\\/yritysvastuu\\\/vastuulliset-toiminnot\\\/#breadcrumb\"},\"inLanguage\":\"fi\",\"potentialAction\":[{\"@type\":\"ReadAction\",\"target\":[\"https:\\\/\\\/amerplast.com\\\/fi\\\/yritysvastuu\\\/vastuulliset-toiminnot\\\/\"]}]},{\"@type\":\"ImageObject\",\"inLanguage\":\"fi\",\"@id\":\"https:\\\/\\\/amerplast.com\\\/fi\\\/yritysvastuu\\\/vastuulliset-toiminnot\\\/#primaryimage\",\"url\":\"https:\\\/\\\/amerplast.com\\\/wp-content\\\/uploads\\\/2021\\\/05\\\/Amerplast-sust_paakuva4.png\",\"contentUrl\":\"https:\\\/\\\/amerplast.com\\\/wp-content\\\/uploads\\\/2021\\\/05\\\/Amerplast-sust_paakuva4.png\",\"width\":1920,\"height\":650},{\"@type\":\"BreadcrumbList\",\"@id\":\"https:\\\/\\\/amerplast.com\\\/fi\\\/yritysvastuu\\\/vastuulliset-toiminnot\\\/#breadcrumb\",\"itemListElement\":[{\"@type\":\"ListItem\",\"position\":1,\"name\":\"Home\",\"item\":\"https:\\\/\\\/amerplast.com\\\/fi\\\/\"},{\"@type\":\"ListItem\",\"position\":2,\"name\":\"Yritysvastuu\",\"item\":\"https:\\\/\\\/amerplast.com\\\/fi\\\/yritysvastuu\\\/\"},{\"@type\":\"ListItem\",\"position\":3,\"name\":\"Vastuulliset toiminnot\"}]},{\"@type\":\"WebSite\",\"@id\":\"https:\\\/\\\/amerplast.com\\\/fi\\\/#website\",\"url\":\"https:\\\/\\\/amerplast.com\\\/fi\\\/\",\"name\":\"Amerplast\",\"description\":\"\",\"potentialAction\":[{\"@type\":\"SearchAction\",\"target\":{\"@type\":\"EntryPoint\",\"urlTemplate\":\"https:\\\/\\\/amerplast.com\\\/fi\\\/?s={search_term_string}\"},\"query-input\":{\"@type\":\"PropertyValueSpecification\",\"valueRequired\":true,\"valueName\":\"search_term_string\"}}],\"inLanguage\":\"fi\"}]}<\/script>\n<!-- \/ Yoast SEO plugin. -->","yoast_head_json":{"title":"Amerplastin vastuulliset toiminnot","description":"Toimintamme vastuullisuus rakentuu kolmen tukijalan varaan: kiertotalous, kasvihuonekaasup\u00e4\u00e4st\u00f6jen minimointi ja vastuullinen hankinta.","robots":{"index":"index","follow":"follow","max-snippet":"max-snippet:-1","max-image-preview":"max-image-preview:large","max-video-preview":"max-video-preview:-1"},"canonical":"https:\/\/amerplast.com\/fi\/yritysvastuu\/vastuulliset-toiminnot\/","og_locale":"fi_FI","og_type":"article","og_title":"Amerplastin vastuulliset toiminnot","og_description":"Toimintamme vastuullisuus rakentuu kolmen tukijalan varaan: kiertotalous, kasvihuonekaasup\u00e4\u00e4st\u00f6jen minimointi ja vastuullinen hankinta.","og_url":"https:\/\/amerplast.com\/fi\/yritysvastuu\/vastuulliset-toiminnot\/","og_site_name":"Amerplast","article_modified_time":"2024-02-29T08:05:32+00:00","og_image":[{"width":1920,"height":650,"url":"https:\/\/amerplast.com\/wp-content\/uploads\/2021\/05\/Amerplast-sust_paakuva4.png","type":"image\/png"}],"twitter_card":"summary_large_image","twitter_site":"@amerplast","twitter_misc":{"Arvioitu lukuaika":"2 minuuttia"},"schema":{"@context":"https:\/\/schema.org","@graph":[{"@type":"WebPage","@id":"https:\/\/amerplast.com\/fi\/yritysvastuu\/vastuulliset-toiminnot\/","url":"https:\/\/amerplast.com\/fi\/yritysvastuu\/vastuulliset-toiminnot\/","name":"Amerplastin vastuulliset toiminnot","isPartOf":{"@id":"https:\/\/amerplast.com\/fi\/#website"},"primaryImageOfPage":{"@id":"https:\/\/amerplast.com\/fi\/yritysvastuu\/vastuulliset-toiminnot\/#primaryimage"},"image":{"@id":"https:\/\/amerplast.com\/fi\/yritysvastuu\/vastuulliset-toiminnot\/#primaryimage"},"thumbnailUrl":"https:\/\/amerplast.com\/wp-content\/uploads\/2021\/05\/Amerplast-sust_paakuva4.png","datePublished":"2021-06-02T07:32:56+00:00","dateModified":"2024-02-29T08:05:32+00:00","description":"Toimintamme vastuullisuus rakentuu kolmen tukijalan varaan: kiertotalous, kasvihuonekaasup\u00e4\u00e4st\u00f6jen minimointi ja vastuullinen hankinta.","breadcrumb":{"@id":"https:\/\/amerplast.com\/fi\/yritysvastuu\/vastuulliset-toiminnot\/#breadcrumb"},"inLanguage":"fi","potentialAction":[{"@type":"ReadAction","target":["https:\/\/amerplast.com\/fi\/yritysvastuu\/vastuulliset-toiminnot\/"]}]},{"@type":"ImageObject","inLanguage":"fi","@id":"https:\/\/amerplast.com\/fi\/yritysvastuu\/vastuulliset-toiminnot\/#primaryimage","url":"https:\/\/amerplast.com\/wp-content\/uploads\/2021\/05\/Amerplast-sust_paakuva4.png","contentUrl":"https:\/\/amerplast.com\/wp-content\/uploads\/2021\/05\/Amerplast-sust_paakuva4.png","width":1920,"height":650},{"@type":"BreadcrumbList","@id":"https:\/\/amerplast.com\/fi\/yritysvastuu\/vastuulliset-toiminnot\/#breadcrumb","itemListElement":[{"@type":"ListItem","position":1,"name":"Home","item":"https:\/\/amerplast.com\/fi\/"},{"@type":"ListItem","position":2,"name":"Yritysvastuu","item":"https:\/\/amerplast.com\/fi\/yritysvastuu\/"},{"@type":"ListItem","position":3,"name":"Vastuulliset toiminnot"}]},{"@type":"WebSite","@id":"https:\/\/amerplast.com\/fi\/#website","url":"https:\/\/amerplast.com\/fi\/","name":"Amerplast","description":"","potentialAction":[{"@type":"SearchAction","target":{"@type":"EntryPoint","urlTemplate":"https:\/\/amerplast.com\/fi\/?s={search_term_string}"},"query-input":{"@type":"PropertyValueSpecification","valueRequired":true,"valueName":"search_term_string"}}],"inLanguage":"fi"}]}},"_links":{"self":[{"href":"https:\/\/amerplast.com\/fi\/wp-json\/wp\/v2\/pages\/11650","targetHints":{"allow":["GET"]}}],"collection":[{"href":"https:\/\/amerplast.com\/fi\/wp-json\/wp\/v2\/pages"}],"about":[{"href":"https:\/\/amerplast.com\/fi\/wp-json\/wp\/v2\/types\/page"}],"author":[{"embeddable":true,"href":"https:\/\/amerplast.com\/fi\/wp-json\/wp\/v2\/users\/7"}],"replies":[{"embeddable":true,"href":"https:\/\/amerplast.com\/fi\/wp-json\/wp\/v2\/comments?post=11650"}],"version-history":[{"count":8,"href":"https:\/\/amerplast.com\/fi\/wp-json\/wp\/v2\/pages\/11650\/revisions"}],"predecessor-version":[{"id":34470,"href":"https:\/\/amerplast.com\/fi\/wp-json\/wp\/v2\/pages\/11650\/revisions\/34470"}],"up":[{"embeddable":true,"href":"https:\/\/amerplast.com\/fi\/wp-json\/wp\/v2\/pages\/11658"}],"wp:featuredmedia":[{"embeddable":true,"href":"https:\/\/amerplast.com\/fi\/wp-json\/wp\/v2\/media\/11399"}],"wp:attachment":[{"href":"https:\/\/amerplast.com\/fi\/wp-json\/wp\/v2\/media?parent=11650"}],"curies":[{"name":"wp","href":"https:\/\/api.w.org\/{rel}","templated":true}]}}