{"id":11642,"date":"2021-05-27T10:04:18","date_gmt":"2021-05-27T07:04:18","guid":{"rendered":"https:\/\/amerplast.com\/sustainability-story\/"},"modified":"2022-03-16T11:15:46","modified_gmt":"2022-03-16T09:15:46","slug":"vastuullisuuden-askeleet","status":"publish","type":"page","link":"https:\/\/amerplast.com\/fi\/yritysvastuu\/vastuullisuuden-askeleet\/","title":{"rendered":"Vastuullisuuden askeleet"},"content":{"rendered":"","protected":false},"excerpt":{"rendered":"","protected":false},"author":7,"featured_media":0,"parent":11658,"menu_order":0,"comment_status":"closed","ping_status":"closed","template":"","meta":{"_acf_changed":false,"footnotes":""},"class_list":["post-11642","page","type-page","status-publish","hentry"],"acf":[],"yoast_head":"<!-- This site is optimized with the Yoast SEO plugin v27.4 - https:\/\/yoast.com\/product\/yoast-seo-wordpress\/ -->\n<title>Vastuullisuuden askeleet \u2013 kiertotalouden edell\u00e4k\u00e4vij\u00e4ksi<\/title>\n<meta name=\"description\" content=\"Amerplastin ensimm\u00e4iset vastuullisuuden askeleet kohti joustopakkausten kiertotaloutta otettiin jo melkein 30 vuotta sitten.\" \/>\n<meta name=\"robots\" content=\"index, follow, max-snippet:-1, max-image-preview:large, max-video-preview:-1\" \/>\n<link rel=\"canonical\" href=\"https:\/\/amerplast.com\/fi\/yritysvastuu\/vastuullisuuden-askeleet\/\" \/>\n<meta property=\"og:locale\" content=\"fi_FI\" \/>\n<meta property=\"og:type\" content=\"article\" \/>\n<meta property=\"og:title\" content=\"Vastuullisuuden askeleet \u2013 kiertotalouden edell\u00e4k\u00e4vij\u00e4ksi\" \/>\n<meta property=\"og:description\" content=\"Amerplastin ensimm\u00e4iset vastuullisuuden askeleet kohti joustopakkausten kiertotaloutta otettiin jo melkein 30 vuotta sitten.\" \/>\n<meta property=\"og:url\" content=\"https:\/\/amerplast.com\/fi\/yritysvastuu\/vastuullisuuden-askeleet\/\" \/>\n<meta property=\"og:site_name\" content=\"Amerplast\" \/>\n<meta property=\"article:modified_time\" content=\"2022-03-16T09:15:46+00:00\" \/>\n<meta name=\"twitter:card\" content=\"summary_large_image\" \/>\n<meta name=\"twitter:site\" content=\"@amerplast\" \/>\n<script type=\"application\/ld+json\" class=\"yoast-schema-graph\">{\"@context\":\"https:\\\/\\\/schema.org\",\"@graph\":[{\"@type\":\"WebPage\",\"@id\":\"https:\\\/\\\/amerplast.com\\\/fi\\\/yritysvastuu\\\/vastuullisuuden-askeleet\\\/\",\"url\":\"https:\\\/\\\/amerplast.com\\\/fi\\\/yritysvastuu\\\/vastuullisuuden-askeleet\\\/\",\"name\":\"Vastuullisuuden askeleet \u2013 kiertotalouden edell\u00e4k\u00e4vij\u00e4ksi\",\"isPartOf\":{\"@id\":\"https:\\\/\\\/amerplast.com\\\/fi\\\/#website\"},\"datePublished\":\"2021-05-27T07:04:18+00:00\",\"dateModified\":\"2022-03-16T09:15:46+00:00\",\"description\":\"Amerplastin ensimm\u00e4iset vastuullisuuden askeleet kohti joustopakkausten kiertotaloutta otettiin jo melkein 30 vuotta sitten.\",\"breadcrumb\":{\"@id\":\"https:\\\/\\\/amerplast.com\\\/fi\\\/yritysvastuu\\\/vastuullisuuden-askeleet\\\/#breadcrumb\"},\"inLanguage\":\"fi\",\"potentialAction\":[{\"@type\":\"ReadAction\",\"target\":[\"https:\\\/\\\/amerplast.com\\\/fi\\\/yritysvastuu\\\/vastuullisuuden-askeleet\\\/\"]}]},{\"@type\":\"BreadcrumbList\",\"@id\":\"https:\\\/\\\/amerplast.com\\\/fi\\\/yritysvastuu\\\/vastuullisuuden-askeleet\\\/#breadcrumb\",\"itemListElement\":[{\"@type\":\"ListItem\",\"position\":1,\"name\":\"Home\",\"item\":\"https:\\\/\\\/amerplast.com\\\/fi\\\/\"},{\"@type\":\"ListItem\",\"position\":2,\"name\":\"Yritysvastuu\",\"item\":\"https:\\\/\\\/amerplast.com\\\/fi\\\/yritysvastuu\\\/\"},{\"@type\":\"ListItem\",\"position\":3,\"name\":\"Vastuullisuuden askeleet\"}]},{\"@type\":\"WebSite\",\"@id\":\"https:\\\/\\\/amerplast.com\\\/fi\\\/#website\",\"url\":\"https:\\\/\\\/amerplast.com\\\/fi\\\/\",\"name\":\"Amerplast\",\"description\":\"\",\"potentialAction\":[{\"@type\":\"SearchAction\",\"target\":{\"@type\":\"EntryPoint\",\"urlTemplate\":\"https:\\\/\\\/amerplast.com\\\/fi\\\/?s={search_term_string}\"},\"query-input\":{\"@type\":\"PropertyValueSpecification\",\"valueRequired\":true,\"valueName\":\"search_term_string\"}}],\"inLanguage\":\"fi\"}]}<\/script>\n<!-- \/ Yoast SEO plugin. -->","yoast_head_json":{"title":"Vastuullisuuden askeleet \u2013 kiertotalouden edell\u00e4k\u00e4vij\u00e4ksi","description":"Amerplastin ensimm\u00e4iset vastuullisuuden askeleet kohti joustopakkausten kiertotaloutta otettiin jo melkein 30 vuotta sitten.","robots":{"index":"index","follow":"follow","max-snippet":"max-snippet:-1","max-image-preview":"max-image-preview:large","max-video-preview":"max-video-preview:-1"},"canonical":"https:\/\/amerplast.com\/fi\/yritysvastuu\/vastuullisuuden-askeleet\/","og_locale":"fi_FI","og_type":"article","og_title":"Vastuullisuuden askeleet \u2013 kiertotalouden edell\u00e4k\u00e4vij\u00e4ksi","og_description":"Amerplastin ensimm\u00e4iset vastuullisuuden askeleet kohti joustopakkausten kiertotaloutta otettiin jo melkein 30 vuotta sitten.","og_url":"https:\/\/amerplast.com\/fi\/yritysvastuu\/vastuullisuuden-askeleet\/","og_site_name":"Amerplast","article_modified_time":"2022-03-16T09:15:46+00:00","twitter_card":"summary_large_image","twitter_site":"@amerplast","schema":{"@context":"https:\/\/schema.org","@graph":[{"@type":"WebPage","@id":"https:\/\/amerplast.com\/fi\/yritysvastuu\/vastuullisuuden-askeleet\/","url":"https:\/\/amerplast.com\/fi\/yritysvastuu\/vastuullisuuden-askeleet\/","name":"Vastuullisuuden askeleet \u2013 kiertotalouden edell\u00e4k\u00e4vij\u00e4ksi","isPartOf":{"@id":"https:\/\/amerplast.com\/fi\/#website"},"datePublished":"2021-05-27T07:04:18+00:00","dateModified":"2022-03-16T09:15:46+00:00","description":"Amerplastin ensimm\u00e4iset vastuullisuuden askeleet kohti joustopakkausten kiertotaloutta otettiin jo melkein 30 vuotta sitten.","breadcrumb":{"@id":"https:\/\/amerplast.com\/fi\/yritysvastuu\/vastuullisuuden-askeleet\/#breadcrumb"},"inLanguage":"fi","potentialAction":[{"@type":"ReadAction","target":["https:\/\/amerplast.com\/fi\/yritysvastuu\/vastuullisuuden-askeleet\/"]}]},{"@type":"BreadcrumbList","@id":"https:\/\/amerplast.com\/fi\/yritysvastuu\/vastuullisuuden-askeleet\/#breadcrumb","itemListElement":[{"@type":"ListItem","position":1,"name":"Home","item":"https:\/\/amerplast.com\/fi\/"},{"@type":"ListItem","position":2,"name":"Yritysvastuu","item":"https:\/\/amerplast.com\/fi\/yritysvastuu\/"},{"@type":"ListItem","position":3,"name":"Vastuullisuuden askeleet"}]},{"@type":"WebSite","@id":"https:\/\/amerplast.com\/fi\/#website","url":"https:\/\/amerplast.com\/fi\/","name":"Amerplast","description":"","potentialAction":[{"@type":"SearchAction","target":{"@type":"EntryPoint","urlTemplate":"https:\/\/amerplast.com\/fi\/?s={search_term_string}"},"query-input":{"@type":"PropertyValueSpecification","valueRequired":true,"valueName":"search_term_string"}}],"inLanguage":"fi"}]}},"_links":{"self":[{"href":"https:\/\/amerplast.com\/fi\/wp-json\/wp\/v2\/pages\/11642","targetHints":{"allow":["GET"]}}],"collection":[{"href":"https:\/\/amerplast.com\/fi\/wp-json\/wp\/v2\/pages"}],"about":[{"href":"https:\/\/amerplast.com\/fi\/wp-json\/wp\/v2\/types\/page"}],"author":[{"embeddable":true,"href":"https:\/\/amerplast.com\/fi\/wp-json\/wp\/v2\/users\/7"}],"replies":[{"embeddable":true,"href":"https:\/\/amerplast.com\/fi\/wp-json\/wp\/v2\/comments?post=11642"}],"version-history":[{"count":5,"href":"https:\/\/amerplast.com\/fi\/wp-json\/wp\/v2\/pages\/11642\/revisions"}],"predecessor-version":[{"id":13103,"href":"https:\/\/amerplast.com\/fi\/wp-json\/wp\/v2\/pages\/11642\/revisions\/13103"}],"up":[{"embeddable":true,"href":"https:\/\/amerplast.com\/fi\/wp-json\/wp\/v2\/pages\/11658"}],"wp:attachment":[{"href":"https:\/\/amerplast.com\/fi\/wp-json\/wp\/v2\/media?parent=11642"}],"curies":[{"name":"wp","href":"https:\/\/api.w.org\/{rel}","templated":true}]}}